{"id":2407,"date":"2020-02-04T13:07:09","date_gmt":"2020-02-04T12:07:09","guid":{"rendered":"http:\/\/semmelweis.hu\/oralis-diagnosztika\/?page_id=2407"},"modified":"2026-01-19T12:34:40","modified_gmt":"2026-01-19T11:34:40","slug":"general-and-dental-radiology-ii","status":"publish","type":"page","link":"https:\/\/semmelweis.hu\/oralis-diagnosztika\/en\/education\/general-and-dental-radiology-ii\/","title":{"rendered":"General and dental radiology II."},"content":{"rendered":"<p style=\"text-align: center\"><strong>2025\/2026. 2<sup>nd<\/sup> semester<\/strong><\/p>\n<p style=\"text-align: center\"><strong>4<sup>th<\/sup> year students<\/strong><\/p>\n<table width=\"604\">\n<tbody>\n<tr>\n<td width=\"62\">\n<p><strong>Weeks<\/strong><\/p>\n<\/td>\n<td width=\"212\">\n<p><strong>Title<\/strong><\/p>\n<\/td>\n<td width=\"179\">\n<p><strong>Presenter<\/strong><\/p>\n<\/td>\n<td width=\"150\">\n<p><strong>Weeks<\/strong><\/p>\n<\/td>\n<\/tr>\n<tr>\n<td width=\"62\">\n<p>1<\/p>\n<\/td>\n<td width=\"212\">\n<p>Panoramic modality overview<\/p>\n<\/td>\n<td width=\"179\">\n<p>Dr. Vecsei, B\u00e1lint<\/p>\n<\/td>\n<td width=\"150\">\n<p>2nd February-<\/p>\n<\/td>\n<\/tr>\n<tr>\n<td width=\"62\">\n<p>2<\/p>\n<\/td>\n<td width=\"212\">\n<p>Panoramic anatomy of hard tissues<\/p>\n<\/td>\n<td width=\"179\">\n<p>Dr. Szab\u00f3, Viktor<\/p>\n<\/td>\n<td width=\"150\">\n<p>9th February-<\/p>\n<\/td>\n<\/tr>\n<tr>\n<td width=\"62\">\n<p>3<\/p>\n<\/td>\n<td width=\"212\">\n<p>Panoramic anatomy of soft tissues<\/p>\n<\/td>\n<td width=\"179\">\n<p>Dr. Dob\u00f3 Nagy, Csaba<\/p>\n<\/td>\n<td width=\"150\">\n<p>16th February-<\/p>\n<\/td>\n<\/tr>\n<tr>\n<td width=\"62\">\n<p>4<\/p>\n<\/td>\n<td width=\"212\">\n<p>Interpretation of panoramic imaging, errors on panoramic radiographs.<\/p>\n<\/td>\n<td width=\"179\">\n<p>Dr. Dob\u00f3 Nagy, Csaba<\/p>\n<\/td>\n<td width=\"150\">\n<p>23rd February-<\/p>\n<\/td>\n<\/tr>\n<tr>\n<td width=\"62\">\n<p>5<\/p>\n<\/td>\n<td width=\"212\">\n<p>Periapical lesions and periodontal diseases<\/p>\n<\/td>\n<td width=\"179\">\n<p>Dr. Dob\u00f3 Nagy, Csaba<\/p>\n<\/td>\n<td width=\"150\">\n<p>2nd March-<\/p>\n<\/td>\n<\/tr>\n<tr>\n<td width=\"62\">\n<p>6<\/p>\n<\/td>\n<td width=\"212\">\n<p>Anomalies and developmental disorders<\/p>\n<\/td>\n<td width=\"179\">\n<p>Dr. Szab\u00f3, Bence<\/p>\n<\/td>\n<td width=\"150\">\n<p>9th March-<\/p>\n<\/td>\n<\/tr>\n<tr>\n<td width=\"62\">\n<p>7<\/p>\n<\/td>\n<td width=\"212\">\n<p>Odontogenic and non-odontogenic cysts<\/p>\n<\/td>\n<td width=\"179\">\n<p>Dr. Dob\u00f3 Nagy, Csaba<\/p>\n<\/td>\n<td width=\"150\">\n<p>16th March-<\/p>\n<\/td>\n<\/tr>\n<tr>\n<td width=\"62\">\n<p>8<\/p>\n<\/td>\n<td width=\"212\">\n<p>Selective case studies<\/p>\n<\/td>\n<td width=\"179\">\n<p>Dr. Szab\u00f3, Viktor<\/p>\n<\/td>\n<td width=\"150\">\n<p>23rd March-<\/p>\n<\/td>\n<\/tr>\n<tr>\n<td width=\"62\">\n<p>9<\/p>\n<\/td>\n<td width=\"212\">\n<p><strong>1. Midterm\u00a0\u00a0\u00a0\u00a0 <\/strong><\/p>\n<\/td>\n<td width=\"179\">\n<p>Dr. Szab\u00f3, Viktor<\/p>\n<\/td>\n<td width=\"150\">\n<p>30th March-<\/p>\n<\/td>\n<\/tr>\n<tr>\n<td width=\"62\">\n<p>10<\/p>\n<\/td>\n<td width=\"212\">\n<p>Dysplasia, hypercementosis, regressive alterations of teeth<\/p>\n<\/td>\n<td width=\"179\">\n<p>Dr. Szab\u00f3, Bence<\/p>\n<\/td>\n<td width=\"150\">\n<p>6th April-<\/p>\n<\/td>\n<\/tr>\n<tr>\n<td width=\"62\">\n<p>11<\/p>\n<\/td>\n<td width=\"212\">\n<p>TMJ pathology<\/p>\n<\/td>\n<td width=\"179\">\n<p>Dr. Dob\u00f3 Nagy, Csaba<\/p>\n<\/td>\n<td width=\"150\">\n<p>13th April-<\/p>\n<\/td>\n<\/tr>\n<tr>\n<td width=\"62\">\n<p>12<\/p>\n<\/td>\n<td width=\"212\">\n<p>Pathologic disorders of paranasal sinuses<\/p>\n<\/td>\n<td width=\"179\">\n<p>Dr. Szab\u00f3, Bence<\/p>\n<\/td>\n<td width=\"150\">\n<p>20th April-<\/p>\n<\/td>\n<\/tr>\n<tr>\n<td width=\"62\">\n<p>13<\/p>\n<\/td>\n<td width=\"212\">\n<p>Incidental findings on panoramic X-ray images<\/p>\n<\/td>\n<td width=\"179\">\n<p>Dr. Szab\u00f3, Bence<\/p>\n<\/td>\n<td width=\"150\">\n<p>27th April-<\/p>\n<\/td>\n<\/tr>\n<tr>\n<td width=\"62\">\n<p>14<\/p>\n<\/td>\n<td width=\"212\">\n<p><strong>2. Midterm<\/strong><\/p>\n<\/td>\n<td width=\"179\">\n<p>Dr. Szab\u00f3, Bence<\/p>\n<\/td>\n<td width=\"150\">\n<p>4th May-<\/p>\n<\/td>\n<\/tr>\n<\/tbody>\n<\/table>\n<p>&nbsp;<\/p>\n<table>\n<tbody>\n<tr>\n<td width=\"71\">\n<p><strong>groups<\/strong><\/p>\n<\/td>\n<td width=\"180\">\n<p><strong>\u00a0date<\/strong><\/p>\n<\/td>\n<td width=\"321\">\n<p><strong>place<\/strong><\/p>\n<\/td>\n<\/tr>\n<tr>\n<td width=\"71\">\n<p>7;8;9<\/p>\n<\/td>\n<td width=\"180\">\n<p>Monday 8<sup>45<\/sup>-9<sup>30<\/sup><\/p>\n<\/td>\n<td width=\"321\">\n<p>No. 319 room at the Dental Teaching Centrum<\/p>\n<\/td>\n<\/tr>\n<tr>\n<td width=\"71\">\n<p>10;11;12<\/p>\n<\/td>\n<td width=\"180\">\n<p>Wednesday 8<sup>00<\/sup>-8<sup>45<\/sup><\/p>\n<\/td>\n<td width=\"321\">\n<p>No. 319 room at the Dental Teaching Centrum<\/p>\n<\/td>\n<\/tr>\n<tr>\n<td width=\"71\">\n<p>1;2;3<\/p>\n<\/td>\n<td width=\"180\">\n<p>Wednesday 10<sup>00<\/sup>-10<sup>45<\/sup><\/p>\n<\/td>\n<td width=\"321\">\n<p>No. 319 room at the Dental Teaching Centrum<\/p>\n<\/td>\n<\/tr>\n<tr>\n<td width=\"71\">\n<p>4;5;6<\/p>\n<\/td>\n<td width=\"180\">\n<p>Friday 12<sup>15<\/sup>-13<sup>00<\/sup><\/p>\n<\/td>\n<td width=\"321\">\n<p>No. 319 room at the Dental Teaching Centrum<\/p>\n<\/td>\n<\/tr>\n<\/tbody>\n<\/table>\n<p>&nbsp;<\/p>\n<p>Budapest, 19th January 2026<\/p>\n<p>&nbsp;<\/p>\n<p>Dr. Dob\u00f3 Nagy, Csaba<br \/>\n<em>\u00a0head of the Dept.<\/em><\/p>\n","protected":false},"excerpt":{"rendered":"<p>2025\/2026. 2nd semester 4th year students Weeks Title Presenter Weeks 1 Panoramic modality overview Dr. Vecsei, B\u00e1lint 2nd February- 2 Panoramic anatomy of hard tissues Dr. Szab\u00f3, Viktor 9th February- 3 Panoramic anatomy of soft tissues Dr. Dob\u00f3 Nagy, Csaba 16th February- 4 Interpretation of panoramic imaging, errors on panoramic radiographs. Dr. Dob\u00f3 Nagy, Csaba &hellip;<\/p>\n","protected":false},"author":126,"featured_media":0,"parent":1337,"menu_order":0,"comment_status":"closed","ping_status":"closed","template":"","meta":{"_acf_changed":false,"footnotes":""},"categories":[],"tags":[],"class_list":["post-2407","page","type-page","status-publish","hentry"],"acf":[],"_links":{"self":[{"href":"https:\/\/semmelweis.hu\/oralis-diagnosztika\/wp-json\/wp\/v2\/pages\/2407","targetHints":{"allow":["GET"]}}],"collection":[{"href":"https:\/\/semmelweis.hu\/oralis-diagnosztika\/wp-json\/wp\/v2\/pages"}],"about":[{"href":"https:\/\/semmelweis.hu\/oralis-diagnosztika\/wp-json\/wp\/v2\/types\/page"}],"author":[{"embeddable":true,"href":"https:\/\/semmelweis.hu\/oralis-diagnosztika\/wp-json\/wp\/v2\/users\/126"}],"replies":[{"embeddable":true,"href":"https:\/\/semmelweis.hu\/oralis-diagnosztika\/wp-json\/wp\/v2\/comments?post=2407"}],"version-history":[{"count":10,"href":"https:\/\/semmelweis.hu\/oralis-diagnosztika\/wp-json\/wp\/v2\/pages\/2407\/revisions"}],"predecessor-version":[{"id":3606,"href":"https:\/\/semmelweis.hu\/oralis-diagnosztika\/wp-json\/wp\/v2\/pages\/2407\/revisions\/3606"}],"up":[{"embeddable":true,"href":"https:\/\/semmelweis.hu\/oralis-diagnosztika\/wp-json\/wp\/v2\/pages\/1337"}],"wp:attachment":[{"href":"https:\/\/semmelweis.hu\/oralis-diagnosztika\/wp-json\/wp\/v2\/media?parent=2407"}],"wp:term":[{"taxonomy":"category","embeddable":true,"href":"https:\/\/semmelweis.hu\/oralis-diagnosztika\/wp-json\/wp\/v2\/categories?post=2407"},{"taxonomy":"post_tag","embeddable":true,"href":"https:\/\/semmelweis.hu\/oralis-diagnosztika\/wp-json\/wp\/v2\/tags?post=2407"}],"curies":[{"name":"wp","href":"https:\/\/api.w.org\/{rel}","templated":true}]}}