{"id":240,"date":"2012-11-14T11:19:19","date_gmt":"2012-11-14T11:19:19","guid":{"rendered":"http:\/\/semmelweis-egyetem.hu\/oralis-diagnosztika\/?page_id=240"},"modified":"2024-03-13T11:56:13","modified_gmt":"2024-03-13T10:56:13","slug":"cementtulkepzodes","status":"publish","type":"page","link":"https:\/\/semmelweis.hu\/oralis-diagnosztika\/oktatas\/radiologia\/intraoralis-rontgenkepek-elemzese\/cementtulkepzodes\/","title":{"rendered":"Cementt\u00falk\u00e9pz\u0151d\u00e9s"},"content":{"rendered":"<table border=\"0\" width=\"192\" cellspacing=\"0\" cellpadding=\"0\">\n<colgroup>\n<col span=\"3\" width=\"64\" \/><\/colgroup>\n<tbody>\n<tr>\n<td style=\"text-align: center\" width=\"64\" height=\"20\"><a href=\"https:\/\/semmelweis.hu\/oralis-diagnosztika\/files\/2012\/11\/12-1.doc\">1<\/a><\/td>\n<td style=\"text-align: center\" width=\"64\"><a href=\"https:\/\/semmelweis.hu\/oralis-diagnosztika\/files\/2012\/11\/12-2.doc\">2<\/a><\/td>\n<td style=\"text-align: center\" width=\"64\"><a href=\"https:\/\/semmelweis.hu\/oralis-diagnosztika\/files\/2012\/11\/12-3.doc\">3<\/a><\/td>\n<\/tr>\n<\/tbody>\n<\/table>\n","protected":false},"excerpt":{"rendered":"<p><a href=\"https:\/\/semmelweis.hu\/oralis-diagnosztika\/files\/2012\/11\/12-1.doc\">1<\/a><br \/>\n<a href=\"https:\/\/semmelweis.hu\/oralis-diagnosztika\/files\/2012\/11\/12-2.doc\">2<\/a><br \/>\n<a href=\"https:\/\/semmelweis.hu\/oralis-diagnosztika\/files\/2012\/11\/12-3.doc\">3<\/a><\/p>\n","protected":false},"author":126,"featured_media":0,"parent":48,"menu_order":0,"comment_status":"open","ping_status":"open","template":"","meta":{"_acf_changed":false,"footnotes":""},"categories":[],"tags":[],"class_list":["post-240","page","type-page","status-publish","hentry"],"acf":[],"_links":{"self":[{"href":"https:\/\/semmelweis.hu\/oralis-diagnosztika\/wp-json\/wp\/v2\/pages\/240","targetHints":{"allow":["GET"]}}],"collection":[{"href":"https:\/\/semmelweis.hu\/oralis-diagnosztika\/wp-json\/wp\/v2\/pages"}],"about":[{"href":"https:\/\/semmelweis.hu\/oralis-diagnosztika\/wp-json\/wp\/v2\/types\/page"}],"author":[{"embeddable":true,"href":"https:\/\/semmelweis.hu\/oralis-diagnosztika\/wp-json\/wp\/v2\/users\/126"}],"replies":[{"embeddable":true,"href":"https:\/\/semmelweis.hu\/oralis-diagnosztika\/wp-json\/wp\/v2\/comments?post=240"}],"version-history":[{"count":3,"href":"https:\/\/semmelweis.hu\/oralis-diagnosztika\/wp-json\/wp\/v2\/pages\/240\/revisions"}],"predecessor-version":[{"id":241,"href":"https:\/\/semmelweis.hu\/oralis-diagnosztika\/wp-json\/wp\/v2\/pages\/240\/revisions\/241"}],"up":[{"embeddable":true,"href":"https:\/\/semmelweis.hu\/oralis-diagnosztika\/wp-json\/wp\/v2\/pages\/48"}],"wp:attachment":[{"href":"https:\/\/semmelweis.hu\/oralis-diagnosztika\/wp-json\/wp\/v2\/media?parent=240"}],"wp:term":[{"taxonomy":"category","embeddable":true,"href":"https:\/\/semmelweis.hu\/oralis-diagnosztika\/wp-json\/wp\/v2\/categories?post=240"},{"taxonomy":"post_tag","embeddable":true,"href":"https:\/\/semmelweis.hu\/oralis-diagnosztika\/wp-json\/wp\/v2\/tags?post=240"}],"curies":[{"name":"wp","href":"https:\/\/api.w.org\/{rel}","templated":true}]}}