{"id":1982,"date":"2018-10-26T14:47:09","date_gmt":"2018-10-26T12:47:09","guid":{"rendered":"http:\/\/semmelweis.hu\/oralis-diagnosztika\/?page_id=1982"},"modified":"2021-03-03T08:53:26","modified_gmt":"2021-03-03T07:53:26","slug":"hazirend","status":"publish","type":"page","link":"https:\/\/semmelweis.hu\/oralis-diagnosztika\/betegellatas\/hazirend\/","title":{"rendered":"H\u00e1zirend"},"content":{"rendered":"<p>Az Or\u00e1lis Diagnosztikai Tansz\u00e9k h\u00e1zirendje az al\u00e1bbi linken \u00e9rhet\u0151 el:<\/p>\n<p><a href=\"https:\/\/semmelweis.hu\/oralis-diagnosztika\/files\/2018\/10\/al\u00e1\u00edrt_h\u00e1zirend_SE-FOK-ODT-2018.09.28..pdf\">https:\/\/semmelweis.hu\/oralis-diagnosztika\/files\/2018\/10\/al\u00e1\u00edrt_h\u00e1zirend_SE-FOK-ODT-2018.09.28..pdf<\/a><\/p>\n","protected":false},"excerpt":{"rendered":"<p>Az Or\u00e1lis Diagnosztikai Tansz\u00e9k h\u00e1zirendje az al\u00e1bbi linken \u00e9rhet\u0151 el:<br \/>\n<a href=\"https:\/\/semmelweis.hu\/oralis-diagnosztika\/files\/2018\/10\/al\u00e1\u00edrt_h\u00e1zirend_SE-FOK-ODT-2018.09.28..pdf\">https:\/\/semmelweis.hu\/oralis-diagnosztika\/files\/2018\/10\/al\u00e1\u00edrt_h\u00e1zirend_SE-FOK-ODT-2018.09.28..pdf<\/a><\/p>\n","protected":false},"author":126,"featured_media":0,"parent":1889,"menu_order":0,"comment_status":"closed","ping_status":"closed","template":"","meta":{"_acf_changed":false,"footnotes":""},"categories":[],"tags":[],"class_list":["post-1982","page","type-page","status-publish","hentry"],"acf":[],"_links":{"self":[{"href":"https:\/\/semmelweis.hu\/oralis-diagnosztika\/wp-json\/wp\/v2\/pages\/1982","targetHints":{"allow":["GET"]}}],"collection":[{"href":"https:\/\/semmelweis.hu\/oralis-diagnosztika\/wp-json\/wp\/v2\/pages"}],"about":[{"href":"https:\/\/semmelweis.hu\/oralis-diagnosztika\/wp-json\/wp\/v2\/types\/page"}],"author":[{"embeddable":true,"href":"https:\/\/semmelweis.hu\/oralis-diagnosztika\/wp-json\/wp\/v2\/users\/126"}],"replies":[{"embeddable":true,"href":"https:\/\/semmelweis.hu\/oralis-diagnosztika\/wp-json\/wp\/v2\/comments?post=1982"}],"version-history":[{"count":3,"href":"https:\/\/semmelweis.hu\/oralis-diagnosztika\/wp-json\/wp\/v2\/pages\/1982\/revisions"}],"predecessor-version":[{"id":2916,"href":"https:\/\/semmelweis.hu\/oralis-diagnosztika\/wp-json\/wp\/v2\/pages\/1982\/revisions\/2916"}],"up":[{"embeddable":true,"href":"https:\/\/semmelweis.hu\/oralis-diagnosztika\/wp-json\/wp\/v2\/pages\/1889"}],"wp:attachment":[{"href":"https:\/\/semmelweis.hu\/oralis-diagnosztika\/wp-json\/wp\/v2\/media?parent=1982"}],"wp:term":[{"taxonomy":"category","embeddable":true,"href":"https:\/\/semmelweis.hu\/oralis-diagnosztika\/wp-json\/wp\/v2\/categories?post=1982"},{"taxonomy":"post_tag","embeddable":true,"href":"https:\/\/semmelweis.hu\/oralis-diagnosztika\/wp-json\/wp\/v2\/tags?post=1982"}],"curies":[{"name":"wp","href":"https:\/\/api.w.org\/{rel}","templated":true}]}}