{"id":194,"date":"2012-11-14T11:07:51","date_gmt":"2012-11-14T11:07:51","guid":{"rendered":"http:\/\/semmelweis-egyetem.hu\/oralis-diagnosztika\/?page_id=194"},"modified":"2022-08-30T14:21:31","modified_gmt":"2022-08-30T12:21:31","slug":"vizsgakepek","status":"publish","type":"page","link":"https:\/\/semmelweis.hu\/oralis-diagnosztika\/oktatas\/altalanos-es-fogaszati-radiologia-ii\/vizsgakepek\/","title":{"rendered":"Vizsgak\u00e9pek"},"content":{"rendered":"<p>A 120 db vizsgak\u00e9pet tartalmaz\u00f3 f\u00e1jl let\u00f6lthet\u0151 innen: <a href=\"https:\/\/semmelweis.hu\/oralis-diagnosztika\/files\/2012\/11\/vizsgak\u00e9pek-120.ppt\">vizsgak\u00e9pek<\/a>.<\/p>\n","protected":false},"excerpt":{"rendered":"<p>A 120 db vizsgak\u00e9pet tartalmaz\u00f3 f\u00e1jl let\u00f6lthet\u0151 innen: <a href=\"https:\/\/semmelweis.hu\/oralis-diagnosztika\/files\/2012\/11\/vizsgak\u00e9pek-120.ppt\">vizsgak\u00e9pek<\/a>.<\/p>\n","protected":false},"author":126,"featured_media":0,"parent":3203,"menu_order":2,"comment_status":"open","ping_status":"open","template":"","meta":{"_acf_changed":false,"footnotes":""},"categories":[],"tags":[],"class_list":["post-194","page","type-page","status-publish","hentry"],"acf":[],"_links":{"self":[{"href":"https:\/\/semmelweis.hu\/oralis-diagnosztika\/wp-json\/wp\/v2\/pages\/194","targetHints":{"allow":["GET"]}}],"collection":[{"href":"https:\/\/semmelweis.hu\/oralis-diagnosztika\/wp-json\/wp\/v2\/pages"}],"about":[{"href":"https:\/\/semmelweis.hu\/oralis-diagnosztika\/wp-json\/wp\/v2\/types\/page"}],"author":[{"embeddable":true,"href":"https:\/\/semmelweis.hu\/oralis-diagnosztika\/wp-json\/wp\/v2\/users\/126"}],"replies":[{"embeddable":true,"href":"https:\/\/semmelweis.hu\/oralis-diagnosztika\/wp-json\/wp\/v2\/comments?post=194"}],"version-history":[{"count":4,"href":"https:\/\/semmelweis.hu\/oralis-diagnosztika\/wp-json\/wp\/v2\/pages\/194\/revisions"}],"predecessor-version":[{"id":3210,"href":"https:\/\/semmelweis.hu\/oralis-diagnosztika\/wp-json\/wp\/v2\/pages\/194\/revisions\/3210"}],"up":[{"embeddable":true,"href":"https:\/\/semmelweis.hu\/oralis-diagnosztika\/wp-json\/wp\/v2\/pages\/3203"}],"wp:attachment":[{"href":"https:\/\/semmelweis.hu\/oralis-diagnosztika\/wp-json\/wp\/v2\/media?parent=194"}],"wp:term":[{"taxonomy":"category","embeddable":true,"href":"https:\/\/semmelweis.hu\/oralis-diagnosztika\/wp-json\/wp\/v2\/categories?post=194"},{"taxonomy":"post_tag","embeddable":true,"href":"https:\/\/semmelweis.hu\/oralis-diagnosztika\/wp-json\/wp\/v2\/tags?post=194"}],"curies":[{"name":"wp","href":"https:\/\/api.w.org\/{rel}","templated":true}]}}