{"id":1923,"date":"2018-10-19T10:06:02","date_gmt":"2018-10-19T08:06:02","guid":{"rendered":"http:\/\/semmelweis.hu\/oralis-diagnosztika\/?page_id=1923"},"modified":"2025-11-27T16:43:21","modified_gmt":"2025-11-27T15:43:21","slug":"patientenversorgung","status":"publish","type":"page","link":"https:\/\/semmelweis.hu\/oralis-diagnosztika\/de\/patientenversorgung\/","title":{"rendered":"Patientenversorgung"},"content":{"rendered":"<p>Die Anmeldung erfolgt in der Patientenaufnahme im Erdgeschoss des Zahnmedizinischen Zentrum<\/p>\n<p>Bitte bringen Sie die nachfolgend aufgef\u00fchrten Unterlagen mit:<\/p>\n<ul>\n<li>g\u00fcltige Ungarische Krankenversicherungskarte<\/li>\n<li>Ihren Personalien<\/li>\n<li>Adressenkarte!<\/li>\n<\/ul>\n<p>Die Aufnahmeuntersuchung erfolgt durch den zust\u00e4ndigen Arzt des Lehrstuhls f\u00fcr Orale Diagnostik. Anhand Ihres zahngesundheitlichen Zustand bzw. geplanter Behandlung, werden Sie an die entsprechende Abteilung eingewiesen.<\/p>\n<p>Auf unserem Lehrstuhl k\u00f6nnen Sie die folgenden ambulanten fach\u00e4rztliche Praxen finden:<\/p>\n<p><strong>Abteilung f\u00fcr Orale Diagnostik und Notfall<\/strong><\/p>\n<p>zust\u00e4ndig f\u00fcr die Untersuchung und Einweisung der Patienten an anderen Fachpraxen, die bereits nicht an eine Spezialklinik eingewiesen worden, bzw. die Behandlung der Notfallpatienten mit akuten Symptome<\/p>\n<p><strong>Erreichbarkeiten der Fachpraxis:\u00a0<\/strong>3. Stock, Behandlungsraum Nr. 321<br \/>\n<strong>Telefon:<\/strong>\u00a0+36 1 459 15 00\/ 59164<br \/>\n<strong>\u00d6ffnungszeiten:<\/strong> jeweils werktags zwischen 8:00-16:00<br \/>\n<strong>Einweisung: <\/strong>nicht erforderlich<\/p>\n<p><strong>Abteilung f\u00fcr Radiologie<\/strong><\/p>\n<div>zust\u00e4ndig f\u00fcr die komplement\u00e4rzahnmedizinische-radiologische Behandlungen der ambulanten Patienten<\/div>\n<p><strong>Erreichbarkeiten der Fachpraxis:\u00a0<\/strong>3. Stock, R\u00f6ntgenraum Nr. 307<br \/>\n<strong>Telefon:<\/strong>\u00a0+36 1 459 15 00\/ 59169<br \/>\n<strong>\u00d6ffnungszeiten:<\/strong> jeweils werktags zwischen 8:00-16:00<br \/>\n<strong>Einweisung: <\/strong>erforderlich<\/p>\n<p><strong>Sektion f\u00fcr Oral Medizin<\/strong><\/p>\n<div>zust\u00e4ndig f\u00fcr die Behandlung der ambulanten Patienten mit Schleimhauterkrankungen<\/div>\n<p><strong>Erreichbarkeiten der <\/strong>3. Stock, Behandlungsraum Nr. 320<br \/>\n<strong>Telefon:<\/strong>\u00a0+36 1 459 15 00\/ 59167<br \/>\n<strong>\u00d6ffnungszeiten: <\/strong>jeweils werktags zwischen 8:00-12:00<strong><br \/>\n<\/strong><strong>Einweisung: <\/strong>nicht erforderlich<\/p>\n","protected":false},"excerpt":{"rendered":"<p>Die Anmeldung erfolgt in der Patientenaufnahme im Erdgeschoss des Zahnmedizinischen Zentrum Bitte bringen Sie die nachfolgend aufgef\u00fchrten Unterlagen mit: g\u00fcltige Ungarische Krankenversicherungskarte Ihren Personalien Adressenkarte! Die Aufnahmeuntersuchung erfolgt durch den zust\u00e4ndigen Arzt des Lehrstuhls f\u00fcr Orale Diagnostik. Anhand Ihres zahngesundheitlichen Zustand bzw. geplanter Behandlung, werden Sie an die entsprechende Abteilung eingewiesen. Auf unserem Lehrstuhl k\u00f6nnen &hellip;<\/p>\n","protected":false},"author":126,"featured_media":0,"parent":0,"menu_order":1,"comment_status":"closed","ping_status":"closed","template":"","meta":{"_acf_changed":false,"footnotes":""},"categories":[],"tags":[],"class_list":["post-1923","page","type-page","status-publish","hentry"],"acf":[],"_links":{"self":[{"href":"https:\/\/semmelweis.hu\/oralis-diagnosztika\/wp-json\/wp\/v2\/pages\/1923","targetHints":{"allow":["GET"]}}],"collection":[{"href":"https:\/\/semmelweis.hu\/oralis-diagnosztika\/wp-json\/wp\/v2\/pages"}],"about":[{"href":"https:\/\/semmelweis.hu\/oralis-diagnosztika\/wp-json\/wp\/v2\/types\/page"}],"author":[{"embeddable":true,"href":"https:\/\/semmelweis.hu\/oralis-diagnosztika\/wp-json\/wp\/v2\/users\/126"}],"replies":[{"embeddable":true,"href":"https:\/\/semmelweis.hu\/oralis-diagnosztika\/wp-json\/wp\/v2\/comments?post=1923"}],"version-history":[{"count":6,"href":"https:\/\/semmelweis.hu\/oralis-diagnosztika\/wp-json\/wp\/v2\/pages\/1923\/revisions"}],"predecessor-version":[{"id":3594,"href":"https:\/\/semmelweis.hu\/oralis-diagnosztika\/wp-json\/wp\/v2\/pages\/1923\/revisions\/3594"}],"wp:attachment":[{"href":"https:\/\/semmelweis.hu\/oralis-diagnosztika\/wp-json\/wp\/v2\/media?parent=1923"}],"wp:term":[{"taxonomy":"category","embeddable":true,"href":"https:\/\/semmelweis.hu\/oralis-diagnosztika\/wp-json\/wp\/v2\/categories?post=1923"},{"taxonomy":"post_tag","embeddable":true,"href":"https:\/\/semmelweis.hu\/oralis-diagnosztika\/wp-json\/wp\/v2\/tags?post=1923"}],"curies":[{"name":"wp","href":"https:\/\/api.w.org\/{rel}","templated":true}]}}