{"id":1919,"date":"2018-10-03T09:16:59","date_gmt":"2018-10-03T07:16:59","guid":{"rendered":"http:\/\/semmelweis.hu\/oralis-diagnosztika\/?page_id=1919"},"modified":"2023-10-13T11:44:39","modified_gmt":"2023-10-13T09:44:39","slug":"forschung","status":"publish","type":"page","link":"https:\/\/semmelweis.hu\/oralis-diagnosztika\/de\/forschung\/","title":{"rendered":"Forschung"},"content":{"rendered":"<p>Der Lehrstuhl spielt auch eine bedeutende Rolle in der Forschung, da er\u00a0einen Platz f\u00fcr Institut f\u00fcr Werkstoffwissenschaft und Werkstofftechnologie (MSRI \u2013 https:\/\/semmelweis.hu\/msri) bietet, das\u00a0in Zusammenarbeit mit Partnern wie Universit\u00e4t London, Universit\u00e4t Cambridge, Universit\u00e4t Toronto und Universit\u00e4t Hong Kong aktiv an internationalen Kooperationsprojekten einschlie\u00dflich das rationale Design von Dentalmaterialien teilnimmt.<\/p>\n<p><strong>Forschungsprojekte<\/strong><\/p>\n<p>Dr. Dob\u00f3-Nagy Csaba<\/p>\n<p style=\"text-align: right\">Endodontie, Untersuchung von moderne bildgebende Verfahren, <br \/>\nZahn\u00e4rztliche Werkstoffwissenschaft<\/p>\n<p>Dr. Gresz Veronika<\/p>\n<p style=\"text-align: right\">Expression und Lokalisation der Aquaporine in der Speicheldr\u00fcsen,\u00a0<br \/>\nBiokompatibilit\u00e4t Tests von Dentalmaterialien<\/p>\n<p>Dr. Br\u00f3dy Andrea<\/p>\n<p style=\"text-align: right\">Differentialdiagnose und Therapie von Autoimmunerkrankungen und <br \/>\nInfektionen der Mundh\u00f6hle und der Kiefern <br \/>\nsowie medikamentenbedingter Osteonekrose des Kiefers (MRONJ)<\/p>\n<p>Dr. Mensch K\u00e1roly<\/p>\n<p style=\"text-align: right\">Untersuchung der stomatoonkologischen Aspekte der oralen Gesundheit und <br \/>\nihrer Auswirkungen auf die Entwicklung systemischer Erkrankungen,<br \/>\nStomato-onkologische Pr\u00e4vention<\/p>\n<p>Dr. Szab\u00f3 Bence Tam\u00e1s<\/p>\n<p style=\"text-align: right\">Die M\u00f6glichkeiten der k\u00fcnstlichen Intelligenz in der zahn\u00e4rztlichen Radiologie<\/p>\n<p><strong>PhD Themen<\/strong><\/p>\n<p><a href=\"https:\/\/www.doktori.hu\/index.php?menuid=195&amp;lang=HU&amp;tk_ID=127504\">Charakterisierung von Dentalmaterialien f\u00fcr die klinische Anwendung<\/a><\/p>\n<p><a href=\"https:\/\/www.doktori.hu\/index.php?menuid=195&amp;lang=HU&amp;tk_ID=127507\">Vergleich von bildgebenden Verfahren\u00a0<\/a><\/p>\n<p><a href=\"https:\/\/doktori.hu\/index.php?menuid=195&amp;lang=EN&amp;tk_ID=243970\">Differentialdiagnose und Therapie von Autoimmunerkrankungen und Infektionen der Mundh\u00f6hle und der Kiefern sowie medikamentenbedingter Osteonekrose des Kiefers (MRONJ)<\/a><\/p>\n<p><a href=\"https:\/\/doktori.hu\/index.php?menuid=195&amp;tk_ID=243767&amp;lang=EN\">Untersuchung der stomatoonkologischen Aspekte der oralen Gesundheit und <br \/>\nihrer Auswirkungen auf die Entwicklung systemischer Erkrankungen<\/a><\/p>\n<p><a href=\"https:\/\/doktori.hu\/index.php?menuid=192&amp;sz_ID=15024&amp;lang=EN\">Die M\u00f6glichkeiten der k\u00fcnstlichen Intelligenz in der zahn\u00e4rztlichen Radiologie<\/a><\/p>\n<p>&nbsp;<\/p>\n","protected":false},"excerpt":{"rendered":"<p>Der Lehrstuhl spielt auch eine bedeutende Rolle in der Forschung, da er\u00a0einen Platz f\u00fcr Institut f\u00fcr Werkstoffwissenschaft und Werkstofftechnologie (MSRI \u2013 https:\/\/semmelweis.hu\/msri) bietet, das\u00a0in Zusammenarbeit mit Partnern wie Universit\u00e4t London, Universit\u00e4t Cambridge, Universit\u00e4t Toronto und Universit\u00e4t Hong Kong aktiv an internationalen Kooperationsprojekten einschlie\u00dflich das rationale Design von Dentalmaterialien teilnimmt. Forschungsprojekte Dr. Dob\u00f3-Nagy Csaba Endodontie, Untersuchung &hellip;<\/p>\n","protected":false},"author":126,"featured_media":0,"parent":0,"menu_order":3,"comment_status":"closed","ping_status":"closed","template":"","meta":{"_acf_changed":false,"footnotes":""},"categories":[],"tags":[],"class_list":["post-1919","page","type-page","status-publish","hentry"],"acf":[],"_links":{"self":[{"href":"https:\/\/semmelweis.hu\/oralis-diagnosztika\/wp-json\/wp\/v2\/pages\/1919","targetHints":{"allow":["GET"]}}],"collection":[{"href":"https:\/\/semmelweis.hu\/oralis-diagnosztika\/wp-json\/wp\/v2\/pages"}],"about":[{"href":"https:\/\/semmelweis.hu\/oralis-diagnosztika\/wp-json\/wp\/v2\/types\/page"}],"author":[{"embeddable":true,"href":"https:\/\/semmelweis.hu\/oralis-diagnosztika\/wp-json\/wp\/v2\/users\/126"}],"replies":[{"embeddable":true,"href":"https:\/\/semmelweis.hu\/oralis-diagnosztika\/wp-json\/wp\/v2\/comments?post=1919"}],"version-history":[{"count":8,"href":"https:\/\/semmelweis.hu\/oralis-diagnosztika\/wp-json\/wp\/v2\/pages\/1919\/revisions"}],"predecessor-version":[{"id":3330,"href":"https:\/\/semmelweis.hu\/oralis-diagnosztika\/wp-json\/wp\/v2\/pages\/1919\/revisions\/3330"}],"wp:attachment":[{"href":"https:\/\/semmelweis.hu\/oralis-diagnosztika\/wp-json\/wp\/v2\/media?parent=1919"}],"wp:term":[{"taxonomy":"category","embeddable":true,"href":"https:\/\/semmelweis.hu\/oralis-diagnosztika\/wp-json\/wp\/v2\/categories?post=1919"},{"taxonomy":"post_tag","embeddable":true,"href":"https:\/\/semmelweis.hu\/oralis-diagnosztika\/wp-json\/wp\/v2\/tags?post=1919"}],"curies":[{"name":"wp","href":"https:\/\/api.w.org\/{rel}","templated":true}]}}