{"id":1884,"date":"2018-09-24T08:11:59","date_gmt":"2018-09-24T06:11:59","guid":{"rendered":"http:\/\/semmelweis.hu\/oralis-diagnosztika\/?page_id=1884"},"modified":"2018-09-24T08:11:59","modified_gmt":"2018-09-24T06:11:59","slug":"oktatasi-anyagok","status":"publish","type":"page","link":"https:\/\/semmelweis.hu\/oralis-diagnosztika\/oktatas\/oralis-medicina\/oktatasi-anyagok\/","title":{"rendered":"Oktat\u00e1si anyagok"},"content":{"rendered":"<p><a href=\"https:\/\/www.kamara.fogorvos.hu\/?module=news&amp;action=getfile&amp;aid=38248\">https:\/\/www.kamara.fogorvos.hu\/?module=news&amp;action=getfile&amp;aid=38248<\/a> : Dr. Gera Istv\u00e1n: Autoimmun sz\u00e1jny\u00e1lkah\u00e1rtya-betegs\u00e9gek differenci\u00e1ldiagnosztik\u00e1ja \u00e9s ter\u00e1pi\u00e1s lehet\u0151s\u00e9gek<\/p>\n<p>&nbsp;<\/p>\n<p><a href=\"https:\/\/www.kamara.fogorvos.hu\/?module=news&amp;action=getfile&amp;aid=38114\">https:\/\/www.kamara.fogorvos.hu\/?module=news&amp;action=getfile&amp;aid=38114<\/a> : Dr. Dombi Csaba, Dr. Czegl\u00e9dy \u00c1gota, Dr. Br\u00f3dy Andrea, Dr. Gera Istv\u00e1n: Diagnosztika \u00e9s ter\u00e1pia a mindennapi fogorvosi praxisban: or\u00e1lis lichen planus<\/p>\n<p>&nbsp;<\/p>\n<p><a href=\"https:\/\/www.kamara.fogorvos.hu\/?module=news&amp;action=getfile&amp;aid=38115\">https:\/\/www.kamara.fogorvos.hu\/?module=news&amp;action=getfile&amp;aid=38115<\/a> : Dr. Dombi Csaba, Dr. Br\u00f3dy Andrea, Dr. Czegl\u00e9dy \u00c1gota: Diagnosztika \u00e9s ter\u00e1pia a mindennapi fogorvosi praxisban (Gyakrabban el\u0151fordul\u00f3 bakteri\u00e1lis fert\u0151z\u00e9sek a sz\u00e1jny\u00e1lkah\u00e1rty\u00e1n)<\/p>\n<p>&nbsp;<\/p>\n<p><a href=\"https:\/\/www.kamara.fogorvos.hu\/?module=news&amp;action=getfile&amp;aid=38344\">https:\/\/www.kamara.fogorvos.hu\/?module=news&amp;action=getfile&amp;aid=38344<\/a> : Dr. Br\u00f3dy Andrea, Dr. Czegl\u00e9dy \u00c1gota, Dr. Gera Istv\u00e1n, Dr. Dombi Csaba: Sz\u00e1j\u00fcregi gomb\u00e1s fert\u0151z\u00e9sek a mindennapi praxisban<\/p>\n<p>&nbsp;<\/p>\n<p><a href=\"https:\/\/www.kamara.fogorvos.hu\/?module=news&amp;action=getfile&amp;aid=38590\">https:\/\/www.kamara.fogorvos.hu\/?module=news&amp;action=getfile&amp;aid=38590<\/a> : Dr. Br\u00f3dy Andrea, Dr. Czegl\u00e9dy \u00c1gota, Dr. Dombi Csaba: Sziszt\u00e9m\u00e1s betegs\u00e9gekhez kapcsol\u00f3d\u00f3 sz\u00e1j\u00fcregi gombafert\u0151z\u00e9sek a fogorvosi gyakorlatban<\/p>\n<p>&nbsp;<\/p>\n<p><a href=\"https:\/\/www.kamara.fogorvos.hu\/?module=news&amp;action=getfile&amp;aid=39782\">https:\/\/www.kamara.fogorvos.hu\/?module=news&amp;action=getfile&amp;aid=39782<\/a> : Dr. Br\u00f3dy Andrea, Dr. Czegl\u00e9dy \u00c1gota, Dr. Dombi Csaba: Magasabb kock\u00e1zat\u00fa betegek a fogorvosi rendel\u0151ben<\/p>\n","protected":false},"excerpt":{"rendered":"<p><a href=\"https:\/\/www.kamara.fogorvos.hu\/?module=news&amp;action=getfile&amp;aid=38248\">https:\/\/www.kamara.fogorvos.hu\/?module=news&amp;action=getfile&amp;aid=38248<\/a> : Dr. Gera Istv\u00e1n: Autoimmun sz\u00e1jny\u00e1lkah\u00e1rtya-betegs\u00e9gek differenci\u00e1ldiagnosztik\u00e1ja \u00e9s ter\u00e1pi\u00e1s lehet\u0151s\u00e9gek &nbsp; <a href=\"https:\/\/www.kamara.fogorvos.hu\/?module=news&amp;action=getfile&amp;aid=38114\">https:\/\/www.kamara.fogorvos.hu\/?module=news&amp;action=getfile&amp;aid=38114<\/a> : Dr. Dombi Csaba, Dr. Czegl\u00e9dy \u00c1gota, Dr. Br\u00f3dy Andrea, Dr. Gera Istv\u00e1n: Diagnosztika \u00e9s ter\u00e1pia a mindennapi fogorvosi praxisban: or\u00e1lis lichen planus &nbsp; <a href=\"https:\/\/www.kamara.fogorvos.hu\/?module=news&amp;action=getfile&amp;aid=38115\">https:\/\/www.kamara.fogorvos.hu\/?module=news&amp;action=getfile&amp;aid=38115<\/a> : Dr. Dombi Csaba, Dr. Br\u00f3dy Andrea, Dr. Czegl\u00e9dy \u00c1gota: Diagnosztika \u00e9s ter\u00e1pia a mindennapi fogorvosi praxisban (Gyakrabban el\u0151fordul\u00f3 bakteri\u00e1lis &hellip;<\/p>\n","protected":false},"author":126,"featured_media":0,"parent":957,"menu_order":0,"comment_status":"closed","ping_status":"closed","template":"","meta":{"_acf_changed":false,"footnotes":""},"categories":[],"tags":[],"class_list":["post-1884","page","type-page","status-publish","hentry"],"acf":[],"_links":{"self":[{"href":"https:\/\/semmelweis.hu\/oralis-diagnosztika\/wp-json\/wp\/v2\/pages\/1884","targetHints":{"allow":["GET"]}}],"collection":[{"href":"https:\/\/semmelweis.hu\/oralis-diagnosztika\/wp-json\/wp\/v2\/pages"}],"about":[{"href":"https:\/\/semmelweis.hu\/oralis-diagnosztika\/wp-json\/wp\/v2\/types\/page"}],"author":[{"embeddable":true,"href":"https:\/\/semmelweis.hu\/oralis-diagnosztika\/wp-json\/wp\/v2\/users\/126"}],"replies":[{"embeddable":true,"href":"https:\/\/semmelweis.hu\/oralis-diagnosztika\/wp-json\/wp\/v2\/comments?post=1884"}],"version-history":[{"count":2,"href":"https:\/\/semmelweis.hu\/oralis-diagnosztika\/wp-json\/wp\/v2\/pages\/1884\/revisions"}],"predecessor-version":[{"id":1886,"href":"https:\/\/semmelweis.hu\/oralis-diagnosztika\/wp-json\/wp\/v2\/pages\/1884\/revisions\/1886"}],"up":[{"embeddable":true,"href":"https:\/\/semmelweis.hu\/oralis-diagnosztika\/wp-json\/wp\/v2\/pages\/957"}],"wp:attachment":[{"href":"https:\/\/semmelweis.hu\/oralis-diagnosztika\/wp-json\/wp\/v2\/media?parent=1884"}],"wp:term":[{"taxonomy":"category","embeddable":true,"href":"https:\/\/semmelweis.hu\/oralis-diagnosztika\/wp-json\/wp\/v2\/categories?post=1884"},{"taxonomy":"post_tag","embeddable":true,"href":"https:\/\/semmelweis.hu\/oralis-diagnosztika\/wp-json\/wp\/v2\/tags?post=1884"}],"curies":[{"name":"wp","href":"https:\/\/api.w.org\/{rel}","templated":true}]}}