{"id":1571,"date":"2017-12-06T12:33:37","date_gmt":"2017-12-06T11:33:37","guid":{"rendered":"http:\/\/semmelweis.hu\/oralis-diagnosztika\/?page_id=1571"},"modified":"2025-04-29T09:08:37","modified_gmt":"2025-04-29T07:08:37","slug":"prufungsfragen","status":"publish","type":"page","link":"https:\/\/semmelweis.hu\/oralis-diagnosztika\/de\/studium\/strahlenschutz\/prufungsfragen\/","title":{"rendered":"Pr\u00fcfungsfragen"},"content":{"rendered":"<p style=\"text-align: center\"><strong>Strahlenschutz<\/strong><\/p>\n<p style=\"text-align: center\">M\u00fcndliche Pr\u00fcfungsfragen 2024\/2025<\/p>\n<ol>\n<li>Grunds\u00e4tze des Strahlenschutzes und deren Validation<br \/>\nZellul\u00e4re Wirkungen ionisierender Strahlung<\/li>\n<\/ol>\n<p>&nbsp;<\/p>\n<ol start=\"2\">\n<li>Die wichtigsten Instrumente der Abschirmung von R\u00f6ntgen-, Gamma- und Betastrahlung angewendet im Gesundheitswesen<br \/>\nEinflussfaktoren der biologischen Wirkungen ionisierender Strahlungen<\/li>\n<\/ol>\n<p>&nbsp;<\/p>\n<ol start=\"3\">\n<li>Grundlagen der Bemessung von Abschirmungen und abgeschirmten W\u00e4nden<br \/>\nDie m\u00f6glichen Typen von Dosis-Wirkungs-Beziehungen und ihre Hauptmerkmale<\/li>\n<\/ol>\n<p>&nbsp;<\/p>\n<ol start=\"4\">\n<li>Einsatz von pers\u00f6nlicher und kollektiver Schutzausr\u00fcstung an Arbeitspl\u00e4tzen mit R\u00f6ntgenstrahlen oder radioaktivem Material<br \/>\nBeschreibung der wichtigsten Quellen nat\u00fcrlicher und k\u00fcnstlicher Strahlenbelastung<\/li>\n<\/ol>\n<p>&nbsp;<\/p>\n<ol start=\"5\">\n<li>Die Grunds\u00e4tze der Optimierung<br \/>\nBeschreiben und charakterisieren Sie die ionisierenden Strahlungen<\/li>\n<\/ol>\n<p>&nbsp;<\/p>\n<ol start=\"6\">\n<li>Implementierung der Optimierung von Strahlenschutz, Konzeption und Anwendung der Dosisbegrenzung<br \/>\nDas Konzept des LET-Werts, der Strahlungsqualit\u00e4t und der relativen biologischen Wirkungen<\/li>\n<\/ol>\n<p>&nbsp;<\/p>\n<ol start=\"7\">\n<li>Beschreiben Sie das System der ungarischen Dosisbegrenzungen<br \/>\nInterpretation der Strahlungsgewichtungsfaktoren und der \u00c4quivalentdosis<\/li>\n<\/ol>\n<p>&nbsp;<\/p>\n<ol start=\"8\">\n<li>Kategorisierung von Arbeitnehmern, die Strahlenexposition ausgesetzt sind<br \/>\nDefinition, Verwendung und Berechnung der Effektivdosis<\/li>\n<\/ol>\n<p>&nbsp;<\/p>\n<ol start=\"9\">\n<li>Klassifizierung von Arbeitsbereichen (Anforderungen an \u00dcberwachungs- und Kontrollbereiche)<br \/>\nVerwendung und Sch\u00e4tzung einer \u00c4quivalentdosis und Effektivdosis<\/li>\n<\/ol>\n<p>&nbsp;<\/p>\n<ol start=\"10\">\n<li>Der Zweck der Strahlenschutzbeschreibung und die wichtigsten inhaltlichen Anforderungen<br \/>\nEigenschaften und Hauptanwendung von Gasionisationsdetektoren<\/li>\n<\/ol>\n<p>&nbsp;<\/p>\n<ol start=\"11\">\n<li>Der Zweck von MSSZ (Sterahlenschutzregel f\u00fcr Arbeitsplatz) und seine wichtigsten inhaltlichen Anforderungen<br \/>\nPrinzip der Szintillationsdetektierung und Anwendungsm\u00f6glichkeiten<\/li>\n<\/ol>\n<p>&nbsp;<\/p>\n<ol start=\"12\">\n<li>INES-Klassifizierung und Untersuchung von au\u00dferordentlichen Ereignissen<br \/>\nFunktionsprinzip und Anwendung von Thermolumineszenz-Dosimetern<\/li>\n<\/ol>\n<p>&nbsp;<\/p>\n<ol start=\"13\">\n<li>Beschreiben Sie die wichtigsten Organisationen, die an der internationalen Regulierung beteiligt sind, sowie relevante Empfehlungen<br \/>\nFunktionsprinzip und Anwendung von Thermolumineszenz-Dosimetern<\/li>\n<\/ol>\n<p>&nbsp;<\/p>\n<ol start=\"14\">\n<li>Grunds\u00e4tze des Strahlenschutzes und deren Validation<br \/>\nPrinzip der Szintillationsdetektierung und Anwendungsm\u00f6glichkeiten<\/li>\n<\/ol>\n<p>&nbsp;<\/p>\n<ol start=\"15\">\n<li>Die wichtigsten Instrumente der Abschirmung von R\u00f6ntgen-, Gamma- und Betastrahlung angewendet im Gesundheitswesen<br \/>\nEinflussfaktoren der biologischen Wirkungen ionisierender Strahlungen<\/li>\n<\/ol>\n<p>&nbsp;<\/p>\n<ol start=\"16\">\n<li>Grundlagen der Bemessung von Abschirmungen und abgeschirmten W\u00e4nden<br \/>\nVerwendung und Sch\u00e4tzung einer \u00c4quivalentdosis und Effektivdosis<\/li>\n<\/ol>\n<p>&nbsp;<\/p>\n<ol start=\"17\">\n<li>Einsatz von pers\u00f6nlicher und kollektiver Schutzausr\u00fcstung an Arbeitspl\u00e4tzen mit R\u00f6ntgenstrahlen<br \/>\nFunktionsprinzip und Anwendung von Thermolumineszenz-Dosimetern<\/li>\n<\/ol>\n<p>&nbsp;<\/p>\n<ol start=\"18\">\n<li>Die Grunds\u00e4tze der Optimierung<br \/>\nBeschreibung der wichtigsten Quellen nat\u00fcrlicher und k\u00fcnstlicher Strahlenbelastung<\/li>\n<\/ol>\n<p>&nbsp;<\/p>\n<ol start=\"19\">\n<li>Implementierung der Optimierung von Strahlenschutz, Konzeption und Anwendung der Dosisbegrenzung<br \/>\nInterpretation der Strahlungsgewichtungsfaktoren und der \u00c4quivalentdosis<\/li>\n<\/ol>\n<p>&nbsp;<\/p>\n<ol start=\"20\">\n<li>Beschreiben Sie das System der ungarischen Dosisbegrenzungen<br \/>\nDie m\u00f6glichen Typen von Dosis-Wirkungs-Beziehungen und ihre Hauptmerkmale<\/li>\n<\/ol>\n<p>&nbsp;<\/p>\n<ol start=\"21\">\n<li>Kategorisierung von Arbeitnehmern, die Strahlenexposition ausgesetzt sind<br \/>\nEigenschaften und Hauptanwendung von Gasionisationsdetektoren<\/li>\n<\/ol>\n<p>&nbsp;<\/p>\n<ol start=\"22\">\n<li>Klassifizierung von Arbeitsbereichen (Anforderungen an \u00dcberwachungs- und Kontrollbereiche)<br \/>\nBeschreiben die wichtigsten Regeln und die pers\u00f6nliche Schutzausr\u00fcstung f\u00fcr den Patientenschutz<\/li>\n<\/ol>\n<p>&nbsp;<\/p>\n<ol start=\"23\">\n<li>Der Zweck der Strahlenschutzbeschreibung und die wichtigsten inhaltlichen Anforderungen<br \/>\nDie m\u00f6glichen Typen von Dosis-Wirkungs-Beziehungen und ihre Hauptmerkmale<\/li>\n<\/ol>\n<p>&nbsp;<\/p>\n<ol start=\"24\">\n<li>Der Zweck von MSSZ (Sterahlenschutzregel f\u00fcr Arbeitsplatz) und seine wichtigsten inhaltlichen Anforderungen<br \/>\nInterpretation der Strahlungsgewichtungsfaktoren und der \u00c4quivalentdosis<\/li>\n<\/ol>\n<p>&nbsp;<\/p>\n<ol start=\"25\">\n<li>INES-Klassifizierung und Untersuchung von au\u00dferordentlichen Ereignissen<br \/>\nVerwendung und Sch\u00e4tzung einer \u00c4quivalentdosis und Effektivdosis<\/li>\n<\/ol>\n<p>&nbsp;<\/p>\n<ol start=\"26\">\n<li>Beschreiben Sie die wichtigsten Organisationen, die an der internationalen Regulierung beteiligt sind, sowie relevante Empfehlungen<br \/>\nDefinition, Verwendung und Berechnung der Effektivdosis<\/li>\n<\/ol>\n","protected":false},"excerpt":{"rendered":"<p>Strahlenschutz M\u00fcndliche Pr\u00fcfungsfragen 2024\/2025 Grunds\u00e4tze des Strahlenschutzes und deren Validation Zellul\u00e4re Wirkungen ionisierender Strahlung &nbsp; Die wichtigsten Instrumente der Abschirmung von R\u00f6ntgen-, Gamma- und Betastrahlung angewendet im Gesundheitswesen Einflussfaktoren der biologischen Wirkungen ionisierender Strahlungen &nbsp; Grundlagen der Bemessung von Abschirmungen und abgeschirmten W\u00e4nden Die m\u00f6glichen Typen von Dosis-Wirkungs-Beziehungen und ihre Hauptmerkmale &nbsp; Einsatz von pers\u00f6nlicher &hellip;<\/p>\n","protected":false},"author":126,"featured_media":0,"parent":1438,"menu_order":0,"comment_status":"closed","ping_status":"closed","template":"","meta":{"_acf_changed":false,"footnotes":""},"categories":[],"tags":[],"class_list":["post-1571","page","type-page","status-publish","hentry"],"acf":[],"_links":{"self":[{"href":"https:\/\/semmelweis.hu\/oralis-diagnosztika\/wp-json\/wp\/v2\/pages\/1571","targetHints":{"allow":["GET"]}}],"collection":[{"href":"https:\/\/semmelweis.hu\/oralis-diagnosztika\/wp-json\/wp\/v2\/pages"}],"about":[{"href":"https:\/\/semmelweis.hu\/oralis-diagnosztika\/wp-json\/wp\/v2\/types\/page"}],"author":[{"embeddable":true,"href":"https:\/\/semmelweis.hu\/oralis-diagnosztika\/wp-json\/wp\/v2\/users\/126"}],"replies":[{"embeddable":true,"href":"https:\/\/semmelweis.hu\/oralis-diagnosztika\/wp-json\/wp\/v2\/comments?post=1571"}],"version-history":[{"count":10,"href":"https:\/\/semmelweis.hu\/oralis-diagnosztika\/wp-json\/wp\/v2\/pages\/1571\/revisions"}],"predecessor-version":[{"id":3530,"href":"https:\/\/semmelweis.hu\/oralis-diagnosztika\/wp-json\/wp\/v2\/pages\/1571\/revisions\/3530"}],"up":[{"embeddable":true,"href":"https:\/\/semmelweis.hu\/oralis-diagnosztika\/wp-json\/wp\/v2\/pages\/1438"}],"wp:attachment":[{"href":"https:\/\/semmelweis.hu\/oralis-diagnosztika\/wp-json\/wp\/v2\/media?parent=1571"}],"wp:term":[{"taxonomy":"category","embeddable":true,"href":"https:\/\/semmelweis.hu\/oralis-diagnosztika\/wp-json\/wp\/v2\/categories?post=1571"},{"taxonomy":"post_tag","embeddable":true,"href":"https:\/\/semmelweis.hu\/oralis-diagnosztika\/wp-json\/wp\/v2\/tags?post=1571"}],"curies":[{"name":"wp","href":"https:\/\/api.w.org\/{rel}","templated":true}]}}