{"id":1568,"date":"2017-12-06T12:30:28","date_gmt":"2017-12-06T11:30:28","guid":{"rendered":"http:\/\/semmelweis.hu\/oralis-diagnosztika\/?page_id=1568"},"modified":"2025-11-25T11:59:21","modified_gmt":"2025-11-25T10:59:21","slug":"tetelsor","status":"publish","type":"page","link":"https:\/\/semmelweis.hu\/oralis-diagnosztika\/oktatas\/sugarvedelem\/tetelsor\/","title":{"rendered":"T\u00e9telsor"},"content":{"rendered":"<p style=\"text-align: center\"><strong>Sz\u00f3beli vizsgak\u00e9rd\u00e9sek &#8211; \u00a02025\/2026<\/strong><\/p>\n<p><strong>\u00a0<\/strong><\/p>\n<ol>\n<li>Az ioniz\u00e1l\u00f3 sug\u00e1rz\u00e1s biol\u00f3giai hat\u00e1s\u00e1t befoly\u00e1sol\u00f3 t\u00e9nyez\u0151k<br \/>\nAz ioniz\u00e1l\u00f3 sug\u00e1rz\u00e1s sejtszint\u0171 hat\u00e1sai<\/li>\n<\/ol>\n<p>&nbsp;<\/p>\n<ol start=\"2\">\n<li>Az eg\u00e9szs\u00e9g\u00fcgyi alkalmaz\u00e1sok ter\u00fclet\u00e9n alkalmazott f\u0151bb eszk\u00f6z\u00f6k r\u00f6ntgen, gamma \u00e9s b\u00e9ta sug\u00e1rz\u00e1s \u00e1rny\u00e9kol\u00e1s\u00e1ra<br \/>\nA sug\u00e1rv\u00e9delem alapelvei \u00e9s \u00e9rv\u00e9nyes\u00edt\u00e9s\u00fck<\/li>\n<\/ol>\n<p>&nbsp;<\/p>\n<ol start=\"3\">\n<li>Ismertesse \u00e9s jellemezze az ioniz\u00e1l\u00f3 sug\u00e1rz\u00e1sokat<br \/>\nA d\u00f3zis-hat\u00e1s \u00f6sszef\u00fcgg\u00e9sek lehets\u00e9ges t\u00edpusait \u00e9s azok f\u0151bb jellemz\u0151it<\/li>\n<\/ol>\n<p>&nbsp;<\/p>\n<ol start=\"4\">\n<li>A Sug\u00e1rv\u00e9delmi Le\u00edr\u00e1s rendeltet\u00e9se, f\u0151bb tartalmi k\u00f6vetelm\u00e9nyei<br \/>\nIsmertesse a term\u00e9szetes \u00e9s mesters\u00e9ges eredet\u0171 sug\u00e1rterhel\u00e9s f\u0151bb forr\u00e1sait<\/li>\n<\/ol>\n<p>&nbsp;<\/p>\n<ol start=\"5\">\n<li>Optim\u00e1l\u00e1si alapelvek<br \/>\nV\u00e9d\u0151falak \u00e9s \u00e1rny\u00e9kol\u00e1sok m\u00e9retez\u00e9s\u00e9nek elvi alapjai<\/li>\n<\/ol>\n<p>&nbsp;<\/p>\n<ol start=\"6\">\n<li>A sug\u00e1rv\u00e9delmi optim\u00e1l\u00e1s megval\u00f3s\u00edt\u00e1sa, a d\u00f3ziskorl\u00e1toz\u00e1s fogalma \u00e9s haszn\u00e1lata<br \/>\nA LET-\u00e9rt\u00e9k, a min\u0151s\u00e9g t\u00e9nyez\u0151 \u00e9s a relat\u00edv biol\u00f3giai hat\u00e9konys\u00e1g fogalma<\/li>\n<\/ol>\n<p>&nbsp;<\/p>\n<ol start=\"7\">\n<li>Ismertesse a hazai d\u00f3ziskorl\u00e1tok rendszer\u00e9t<br \/>\nA sug\u00e1rz\u00e1si s\u00falyt\u00e9nyez\u0151 \u00e9s az egyen\u00e9rt\u00e9k d\u00f3zis \u00e9rtelmez\u00e9se<\/li>\n<\/ol>\n<p>&nbsp;<\/p>\n<ol start=\"8\">\n<li>Sug\u00e1rterhel\u00e9snek kitett munkav\u00e1llal\u00f3k kateg\u00f3ri\u00e1kba sorol\u00e1sa<br \/>\nAz effekt\u00edv d\u00f3zis fogalma, haszn\u00e1lata \u00e9s sz\u00e1m\u00edt\u00e1sa<\/li>\n<\/ol>\n<p>&nbsp;<\/p>\n<ol start=\"9\">\n<li>Munkater\u00fcletek besorol\u00e1sa \u00e9s fel\u00fcgyelete (ellen\u0151rz\u00f6tt \u00e9s fel\u00fcgyelt ter\u00fcletekre vonatkoz\u00f3 k\u00f6vetelm\u00e9nyek)<br \/>\nEgyen\u00e9rt\u00e9k \u00e9s effekt\u00edv d\u00f3zis haszn\u00e1lata \u00e9s becsl\u00e9se<\/li>\n<\/ol>\n<p>&nbsp;<\/p>\n<ol start=\"10\">\n<li>A sug\u00e1rv\u00e9delmi megb\u00edzott legfontosabb feladatai diagnosztikai munkahelyeken <br \/>\nG\u00e1zioniz\u00e1ci\u00f3s detektorok jellemz\u0151i \u00e9s f\u0151bb alkalmaz\u00e1suk<\/li>\n<\/ol>\n<p>&nbsp;<\/p>\n<ol start=\"11\">\n<li>Az MSSZ rendeltet\u00e9se, f\u0151bb tartalmi k\u00f6vetelm\u00e9nyei<br \/>\nA szcintill\u00e1ci\u00f3s detekt\u00e1l\u00e1s elve \u00e9s alkalmaz\u00e1si lehet\u0151s\u00e9gei<\/li>\n<\/ol>\n<p>&nbsp;<\/p>\n<ol start=\"12\">\n<li>Rendk\u00edv\u00fcli esem\u00e9nyek INES besorol\u00e1sa, kivizsg\u00e1l\u00e1sa.<br \/>\nA radioakt\u00edv boml\u00e1s t\u00f6rv\u00e9nye, boml\u00e1si sorok <\/li>\n<\/ol>\n<p>&nbsp;<\/p>\n<ol start=\"13\">\n<li>Ismertesse a nemzetk\u00f6zi szab\u00e1lyoz\u00e1sban szerepet j\u00e1tsz\u00f3 fontosabb szervezeteket \u00e9s vonatkoz\u00f3 legfontosabb aj\u00e1nl\u00e1saikat.<br \/>\nTermolumineszcens detektorok m\u0171k\u00f6d\u00e9si elve \u00e9s alkalmaz\u00e1suk<\/li>\n<\/ol>\n<p>&nbsp;<\/p>\n<ol start=\"14\">\n<li>A szcintill\u00e1ci\u00f3s detekt\u00e1l\u00e1s elve \u00e9s alkalmaz\u00e1si lehet\u0151s\u00e9gei<br \/>\nA sug\u00e1rv\u00e9delem alapelvei \u00e9s \u00e9rv\u00e9nyes\u00edt\u00e9s\u00fck<\/p>\n<\/li>\n<\/ol>\n<p>&nbsp;<\/p>\n<ol start=\"14\">\n<li>Az eg\u00e9szs\u00e9g\u00fcgyi alkalmaz\u00e1sok ter\u00fclet\u00e9n alkalmazott f\u0151bb eszk\u00f6z\u00f6k r\u00f6ntgen, gamma \u00e9s b\u00e9ta sug\u00e1rz\u00e1s \u00e1rny\u00e9kol\u00e1s\u00e1ra<br \/>\nAz ioniz\u00e1l\u00f3 sug\u00e1rz\u00e1s biol\u00f3giai hat\u00e1s\u00e1t befoly\u00e1sol\u00f3 t\u00e9nyez\u0151k<\/li>\n<\/ol>\n<p>&nbsp;<\/p>\n<ol start=\"16\">\n<li>V\u00e9d\u0151falak \u00e9s \u00e1rny\u00e9kol\u00e1sok m\u00e9retez\u00e9s\u00e9nek elvi alapjai<br \/>\nIsmertesse \u00e9s jellemezze az ioniz\u00e1l\u00f3 sug\u00e1rz\u00e1sokat<\/li>\n<\/ol>\n<p>&nbsp;<\/p>\n<ol start=\"17\">\n<li>Termolumineszcens detektorok m\u0171k\u00f6d\u00e9si elve \u00e9s alkalmaz\u00e1suk<br \/>\nA sug\u00e1rv\u00e9delmi megb\u00edzott legfontosabb feladatai diagnosztikai munkahelyeken\u00a0<\/li>\n<\/ol>\n<p>&nbsp;<\/p>\n<ol start=\"18\">\n<li>Egyen\u00e9rt\u00e9k \u00e9s effekt\u00edv d\u00f3zis haszn\u00e1lata \u00e9s becsl\u00e9se<br \/>\nOptim\u00e1l\u00e1si alapelvek<\/li>\n<\/ol>\n<p>&nbsp;<\/p>\n<ol start=\"19\">\n<li>A sug\u00e1rv\u00e9delmi optim\u00e1l\u00e1s megval\u00f3s\u00edt\u00e1sa, a d\u00f3ziskorl\u00e1toz\u00e1s\u00a0fogalma \u00e9s haszn\u00e1lata<br \/>\nA sug\u00e1rz\u00e1si s\u00falyt\u00e9nyez\u0151 \u00e9s az egyen\u00e9rt\u00e9k d\u00f3zis \u00e9rtelmez\u00e9se.<\/li>\n<\/ol>\n<p>&nbsp;<\/p>\n<ol start=\"20\">\n<li>Ismertesse a hazai d\u00f3ziskorl\u00e1tok rendszer\u00e9t<br \/>\nA d\u00f3zis-hat\u00e1s \u00f6sszef\u00fcgg\u00e9sek lehets\u00e9ges t\u00edpusait \u00e9s azok f\u0151bb jellemz\u0151it<\/li>\n<\/ol>\n<p>&nbsp;<\/p>\n<ol start=\"21\">\n<li>Sug\u00e1rterhel\u00e9snek kitett munkav\u00e1llal\u00f3k kateg\u00f3ri\u00e1kba sorol\u00e1sa<br \/>\nG\u00e1zioniz\u00e1ci\u00f3s detektorok jellemz\u0151i \u00e9s f\u0151bb alkalmaz\u00e1suk<\/li>\n<\/ol>\n<p>&nbsp;<\/p>\n<ol start=\"22\">\n<li>Munkater\u00fcletek besorol\u00e1sa \u00e9s fel\u00fcgyelete (ellen\u0151rz\u00f6tt \u00e9s fel\u00fcgyelt ter\u00fcletekre vonatkoz\u00f3 k\u00f6vetelm\u00e9nyek)<br \/>\nIsmertesse a p\u00e1ciens v\u00e9delm\u00e9re vonatkoz\u00f3 f\u0151bb szab\u00e1lyokat \u00e9s szem\u00e9lyi v\u00e9d\u0151eszk\u00f6z\u00f6ket<\/li>\n<\/ol>\n<p>&nbsp;<\/p>\n<ol start=\"23\">\n<li>A Sug\u00e1rv\u00e9delmi Le\u00edr\u00e1s rendeltet\u00e9se, f\u0151bb tartalmi k\u00f6vetelm\u00e9nyei<br \/>\nA d\u00f3zis-hat\u00e1s \u00f6sszef\u00fcgg\u00e9sek lehets\u00e9ges t\u00edpusait \u00e9s azok f\u0151bb jellemz\u0151it<\/li>\n<\/ol>\n<p>&nbsp;<\/p>\n<ol start=\"24\">\n<li>Az MSSZ rendeltet\u00e9se, f\u0151bb tartalmi k\u00f6vetelm\u00e9nyei<br \/>\nA sug\u00e1rz\u00e1si s\u00falyt\u00e9nyez\u0151 \u00e9s az egyen\u00e9rt\u00e9k d\u00f3zis \u00e9rtelmez\u00e9se<\/li>\n<\/ol>\n<p>&nbsp;<\/p>\n<ol start=\"25\">\n<li>Rendk\u00edv\u00fcli esem\u00e9nyek INES besorol\u00e1sa, kivizsg\u00e1l\u00e1sa<br \/>\nEgyen\u00e9rt\u00e9k \u00e9s effekt\u00edv d\u00f3zis haszn\u00e1lata \u00e9s becsl\u00e9se<\/li>\n<\/ol>\n<p>&nbsp;<\/p>\n<ol start=\"26\">\n<li>Ismertesse a nemzetk\u00f6zi szab\u00e1lyoz\u00e1sban szerepet j\u00e1tsz\u00f3 fontosabb szervezeteket \u00e9s vonatkoz\u00f3 legfontosabb aj\u00e1nl\u00e1saikat<br \/>\nAz effekt\u00edv d\u00f3zis fogalma, haszn\u00e1lata \u00e9s sz\u00e1m\u00edt\u00e1sa<\/li>\n<\/ol>\n","protected":false},"excerpt":{"rendered":"<p>Sz\u00f3beli vizsgak\u00e9rd\u00e9sek &#8211; \u00a02025\/2026 \u00a0 Az ioniz\u00e1l\u00f3 sug\u00e1rz\u00e1s biol\u00f3giai hat\u00e1s\u00e1t befoly\u00e1sol\u00f3 t\u00e9nyez\u0151k Az ioniz\u00e1l\u00f3 sug\u00e1rz\u00e1s sejtszint\u0171 hat\u00e1sai &nbsp; Az eg\u00e9szs\u00e9g\u00fcgyi alkalmaz\u00e1sok ter\u00fclet\u00e9n alkalmazott f\u0151bb eszk\u00f6z\u00f6k r\u00f6ntgen, gamma \u00e9s b\u00e9ta sug\u00e1rz\u00e1s \u00e1rny\u00e9kol\u00e1s\u00e1ra A sug\u00e1rv\u00e9delem alapelvei \u00e9s \u00e9rv\u00e9nyes\u00edt\u00e9s\u00fck &nbsp; Ismertesse \u00e9s jellemezze az ioniz\u00e1l\u00f3 sug\u00e1rz\u00e1sokat A d\u00f3zis-hat\u00e1s \u00f6sszef\u00fcgg\u00e9sek lehets\u00e9ges t\u00edpusait \u00e9s azok f\u0151bb jellemz\u0151it &nbsp; A Sug\u00e1rv\u00e9delmi &hellip;<\/p>\n","protected":false},"author":126,"featured_media":0,"parent":42,"menu_order":0,"comment_status":"closed","ping_status":"closed","template":"","meta":{"_acf_changed":false,"footnotes":""},"categories":[],"tags":[],"class_list":["post-1568","page","type-page","status-publish","hentry"],"acf":[],"_links":{"self":[{"href":"https:\/\/semmelweis.hu\/oralis-diagnosztika\/wp-json\/wp\/v2\/pages\/1568","targetHints":{"allow":["GET"]}}],"collection":[{"href":"https:\/\/semmelweis.hu\/oralis-diagnosztika\/wp-json\/wp\/v2\/pages"}],"about":[{"href":"https:\/\/semmelweis.hu\/oralis-diagnosztika\/wp-json\/wp\/v2\/types\/page"}],"author":[{"embeddable":true,"href":"https:\/\/semmelweis.hu\/oralis-diagnosztika\/wp-json\/wp\/v2\/users\/126"}],"replies":[{"embeddable":true,"href":"https:\/\/semmelweis.hu\/oralis-diagnosztika\/wp-json\/wp\/v2\/comments?post=1568"}],"version-history":[{"count":10,"href":"https:\/\/semmelweis.hu\/oralis-diagnosztika\/wp-json\/wp\/v2\/pages\/1568\/revisions"}],"predecessor-version":[{"id":3337,"href":"https:\/\/semmelweis.hu\/oralis-diagnosztika\/wp-json\/wp\/v2\/pages\/1568\/revisions\/3337"}],"up":[{"embeddable":true,"href":"https:\/\/semmelweis.hu\/oralis-diagnosztika\/wp-json\/wp\/v2\/pages\/42"}],"wp:attachment":[{"href":"https:\/\/semmelweis.hu\/oralis-diagnosztika\/wp-json\/wp\/v2\/media?parent=1568"}],"wp:term":[{"taxonomy":"category","embeddable":true,"href":"https:\/\/semmelweis.hu\/oralis-diagnosztika\/wp-json\/wp\/v2\/categories?post=1568"},{"taxonomy":"post_tag","embeddable":true,"href":"https:\/\/semmelweis.hu\/oralis-diagnosztika\/wp-json\/wp\/v2\/tags?post=1568"}],"curies":[{"name":"wp","href":"https:\/\/api.w.org\/{rel}","templated":true}]}}