{"id":1522,"date":"2017-11-29T15:02:03","date_gmt":"2017-11-29T14:02:03","guid":{"rendered":"http:\/\/semmelweis.hu\/oralis-diagnosztika\/?page_id=1522"},"modified":"2024-11-27T13:51:36","modified_gmt":"2024-11-27T12:51:36","slug":"lehrsaetze","status":"publish","type":"page","link":"https:\/\/semmelweis.hu\/oralis-diagnosztika\/de\/studium\/oral-medizin\/lehrsaetze\/","title":{"rendered":"Pr\u00fcfungsfragen"},"content":{"rendered":"<p style=\"text-align: center\"><strong>Orale Medizin II.<br \/>\nThemenkatalog 2024\/2025<\/strong><\/p>\n<p>1. Welche Arten von Effloreszenzen kommen in der Mundschleimhaut vor?<br \/>\n2. Charakteristische Ver\u00e4nderungen und Krankheiten der Lippe und Zunge.<br \/>\n3. Systemische Erkrankungen, welche mit oralen Mundschleimhautver\u00e4nderungen<br \/>\neinhergehen.<br \/>\n4. Zahn\u00e4rztliche Beziehungen von h\u00e4matologischen Erkrankungen.<br \/>\n5. Blasenbildende Erkrankungen des Immunsystems in der Mundh\u00f6hle.<br \/>\n6. Die Typen und Symptome von Lichen oris. Unterschied zwischen Lichen planus und<br \/>\nLichenoide Reaktion.<br \/>\n7. Die \u00c4tiologie von Leukoplakie. Typen, Symptome, Behandlung und Prognose.<br \/>\n8. Orale Pr\u00e4kanzerosen und der Umgang mit diesen. Signifikanz von HPV-Infekten.<br \/>\n9. Ulzerative Mundschleimhauterkrankungen.<br \/>\n10. Die Erkrankungen und Differentialdiagnose von oralen malignen Tumoren.<br \/>\n11. Erkrankungen der Mundh\u00f6hle aufgrund von viralen Infektionen.<br \/>\n12. Mykosen in der Mundh\u00f6hle.<br \/>\n13. Bakterielle Mundschleimhauterkrankungen.<br \/>\n14. Gel\u00e4ufige Erkrankungen der kleinen und gro\u00dfen Speicheldr\u00fcsen.<br \/>\n15. Risikopatienten und der Umgang mit ihnen.<br \/>\n16. Bedeutung der molekularen onkologischen Diagnostik.<br \/>\n17. Differentialdiagnostik von geschwollenen Lymphknoten.<br \/>\n18. Nebenwirkungen und Interaktion von Arzneimitteln und deren Bezug zur Mundschleimhaut.<br \/>\n19. Benigne tumor\u00f6se Ver\u00e4nderungen.<br \/>\n20. Pigmentierte L\u00e4sionen in der Mundh\u00f6hle.<br \/>\n21. Differentialdiagnostik von Aphten, apht\u00f6sen L\u00e4sionen, intraoralem Herpes simplex und Herpes Zoster.<br \/>\n22. Herderkrankungen, Herdtypen, deren Bewertung, Pathomechanismus und Aufgabe des Zahnarztes.<br \/>\n23. H\u00e4mangiom, Amalgam-Tattoo, Melanom und Naevus in der Mundh\u00f6hle.<\/p>\n","protected":false},"excerpt":{"rendered":"<p>Orale Medizin II. Themenkatalog 2024\/2025 1. Welche Arten von Effloreszenzen kommen in der Mundschleimhaut vor? 2. Charakteristische Ver\u00e4nderungen und Krankheiten der Lippe und Zunge. 3. Systemische Erkrankungen, welche mit oralen Mundschleimhautver\u00e4nderungen einhergehen. 4. Zahn\u00e4rztliche Beziehungen von h\u00e4matologischen Erkrankungen. 5. Blasenbildende Erkrankungen des Immunsystems in der Mundh\u00f6hle. 6. Die Typen und Symptome von Lichen oris. Unterschied &hellip;<\/p>\n","protected":false},"author":126,"featured_media":0,"parent":1411,"menu_order":3,"comment_status":"closed","ping_status":"closed","template":"","meta":{"_acf_changed":false,"footnotes":""},"categories":[],"tags":[],"class_list":["post-1522","page","type-page","status-publish","hentry"],"acf":[],"_links":{"self":[{"href":"https:\/\/semmelweis.hu\/oralis-diagnosztika\/wp-json\/wp\/v2\/pages\/1522","targetHints":{"allow":["GET"]}}],"collection":[{"href":"https:\/\/semmelweis.hu\/oralis-diagnosztika\/wp-json\/wp\/v2\/pages"}],"about":[{"href":"https:\/\/semmelweis.hu\/oralis-diagnosztika\/wp-json\/wp\/v2\/types\/page"}],"author":[{"embeddable":true,"href":"https:\/\/semmelweis.hu\/oralis-diagnosztika\/wp-json\/wp\/v2\/users\/126"}],"replies":[{"embeddable":true,"href":"https:\/\/semmelweis.hu\/oralis-diagnosztika\/wp-json\/wp\/v2\/comments?post=1522"}],"version-history":[{"count":10,"href":"https:\/\/semmelweis.hu\/oralis-diagnosztika\/wp-json\/wp\/v2\/pages\/1522\/revisions"}],"predecessor-version":[{"id":3497,"href":"https:\/\/semmelweis.hu\/oralis-diagnosztika\/wp-json\/wp\/v2\/pages\/1522\/revisions\/3497"}],"up":[{"embeddable":true,"href":"https:\/\/semmelweis.hu\/oralis-diagnosztika\/wp-json\/wp\/v2\/pages\/1411"}],"wp:attachment":[{"href":"https:\/\/semmelweis.hu\/oralis-diagnosztika\/wp-json\/wp\/v2\/media?parent=1522"}],"wp:term":[{"taxonomy":"category","embeddable":true,"href":"https:\/\/semmelweis.hu\/oralis-diagnosztika\/wp-json\/wp\/v2\/categories?post=1522"},{"taxonomy":"post_tag","embeddable":true,"href":"https:\/\/semmelweis.hu\/oralis-diagnosztika\/wp-json\/wp\/v2\/tags?post=1522"}],"curies":[{"name":"wp","href":"https:\/\/api.w.org\/{rel}","templated":true}]}}