{"id":1438,"date":"2017-09-14T14:19:51","date_gmt":"2017-09-14T12:19:51","guid":{"rendered":"http:\/\/semmelweis.hu\/oralis-diagnosztika\/?page_id=1438"},"modified":"2026-01-30T10:53:05","modified_gmt":"2026-01-30T09:53:05","slug":"strahlenschutz","status":"publish","type":"page","link":"https:\/\/semmelweis.hu\/oralis-diagnosztika\/de\/studium\/strahlenschutz\/","title":{"rendered":"Strahlenschutz"},"content":{"rendered":"<p style=\"text-align: center\"><strong>Strahlenschutz<\/strong><\/p>\n<p style=\"text-align: center\"><strong>2025\/2026. 2. Semester<\/strong><\/p>\n<p style=\"text-align: center\"><strong>\u00a03 Studienjahr<\/strong><\/p>\n<p style=\"text-align: center\">\u00a0<\/p>\n<table width=\"696\">\n<tbody>\n<tr>\n<td width=\"384\">\n<p><strong>Titel<\/strong><\/p>\n<\/td>\n<td width=\"179\">\n<p><strong>Sprecher<\/strong><\/p>\n<\/td>\n<td width=\"133\">\n<p><strong>Datum<\/strong><\/p>\n<\/td>\n<\/tr>\n<tr>\n<td width=\"384\">\n<p>Grundlagen der Atomphysik. Radioaktivit\u00e4t<\/p>\n<\/td>\n<td width=\"179\">\n<p>Dr. Kiss Bal\u00e1zs<\/p>\n<\/td>\n<td width=\"133\">\n<p>16. Februar<\/p>\n<\/td>\n<\/tr>\n<tr>\n<td width=\"384\">\n<p>Wechselwirkung von ionisierender Strahlung\u00a0mit Materie.\u00a0Physikalische Dosisbegriffe und die Messung der ionisierenden Strahlung<\/p>\n<\/td>\n<td width=\"179\">\n<p>Dr. Kiss Bal\u00e1zs<\/p>\n<\/td>\n<td width=\"133\">\n<p>23. Februar<\/p>\n<\/td>\n<\/tr>\n<tr>\n<td width=\"384\">\n<p>Die Grundprinzipien des Strahlenschutzes, Dosisgrenzwerte<\/p>\n<\/td>\n<td width=\"179\">\n<p>Dr. Szab\u00f3 Bence Tam\u00e1s<\/p>\n<\/td>\n<td width=\"133\">\n<p>2. M\u00e4rz<\/p>\n<\/td>\n<\/tr>\n<tr>\n<td width=\"384\">\n<p>Strahlenbiologische Kenntnisse<\/p>\n<\/td>\n<td width=\"179\">\n<p>Dr. Szab\u00f3 Bence Tam\u00e1s<\/p>\n<\/td>\n<td width=\"133\">\n<p>9. M\u00e4rz<\/p>\n<\/td>\n<\/tr>\n<tr>\n<td width=\"384\">\n<p>Strahlendosis f\u00fcr die Bev\u00f6lkerung<\/p>\n<\/td>\n<td width=\"179\">\n<p>Taba Gabriella<\/p>\n<\/td>\n<td width=\"133\">\n<p>16. M\u00e4rz<\/p>\n<\/td>\n<\/tr>\n<tr>\n<td width=\"384\">\n<p>R\u00f6ntgenraum, R\u00f6ntgenapparate<\/p>\n<\/td>\n<td width=\"179\">\n<p>Dr. Szab\u00f3 Bence Tam\u00e1s<\/p>\n<\/td>\n<td width=\"133\">\n<p>23. M\u00e4rz<\/p>\n<\/td>\n<\/tr>\n<tr>\n<td width=\"384\">\n<p>Strahlenschutz, Regelunge Gesichtpunkten<\/p>\n<\/td>\n<td width=\"179\">\n<p>Salik \u00c1d\u00e1m<\/p>\n<\/td>\n<td width=\"133\">\n<p>30. M\u00e4rz<\/p>\n<\/td>\n<\/tr>\n<tr>\n<td colspan=\"2\" width=\"563\">\n<p style=\"text-align: center\"><em>Ostermontag<\/em><\/p>\n<\/td>\n<td width=\"133\">\n<p>6. April<\/p>\n<\/td>\n<\/tr>\n<tr>\n<td width=\"384\">\n<p>Allgemeine Regeln f\u00fcr Anwendungen mit ionisierender Strahlung<\/p>\n<\/td>\n<td width=\"179\">\n<p>Salik \u00c1d\u00e1m<\/p>\n<\/td>\n<td width=\"133\">\n<p>13. April<\/p>\n<\/td>\n<\/tr>\n<tr>\n<td width=\"384\">\n<p>Gesetzgebung in Ungarn<\/p>\n<\/td>\n<td width=\"179\">\n<p>Salik \u00c1d\u00e1m<\/p>\n<\/td>\n<td width=\"133\">\n<p>20. April<\/p>\n<\/td>\n<\/tr>\n<tr>\n<td width=\"384\">\n<p>Nukleare und radiologische Unf\u00e4lle. Pr\u00e4vention und Notfallplan<\/p>\n<\/td>\n<td width=\"179\">\n<p>Salik \u00c1d\u00e1m<\/p>\n<\/td>\n<td width=\"133\">\n<p>27. April<\/p>\n<\/td>\n<\/tr>\n<tr>\n<td width=\"384\">\n<p>Strahlenschutz in der Zahnmedizin; Strahlenschutz des Patienten<\/p>\n<\/td>\n<td width=\"179\">\n<p>Dr. Szab\u00f3 Bence Tam\u00e1s<\/p>\n<\/td>\n<td width=\"133\">\n<p>4. Mai<\/p>\n<\/td>\n<\/tr>\n<tr>\n<td width=\"384\">\n<p>Medizinische Exposition<\/p>\n<\/td>\n<td width=\"179\">\n<p>Dr. Szab\u00f3 Bence Tam\u00e1s<\/p>\n<\/td>\n<td width=\"133\">\n<p>11. Mai<\/p>\n<\/td>\n<\/tr>\n<tr>\n<td width=\"384\">\n<p>Konsultation, Testpr\u00fcfung<\/p>\n<\/td>\n<td width=\"179\">\n<p>Dr. Szab\u00f3 Bence Tam\u00e1s<\/p>\n<\/td>\n<td width=\"133\">\n<p>18. Mai<\/p>\n<\/td>\n<\/tr>\n<\/tbody>\n<\/table>\n<p>&nbsp;<\/p>\n<p>Vorlesungen dauert: 11<u><sup>30<\/sup><\/u>-12<u><sup>40<\/sup><\/u>, an jedem Montag<\/p>\n<p>Ort der Vorlesung: Fej\u00e9rdy P\u00e1l Seminarraum 1. Stock, Budapest, Szentkir\u00e1lyi u. 47.<\/p>\n<p>&nbsp;<\/p>\n<p>Budapest, 12. Januar 2026<\/p>\n<p>&nbsp;<\/p>\n<p>Dr. Szab\u00f3 Bence Tam\u00e1s<br \/>\nLeiter<\/p>\n<p>&nbsp;<\/p>\n","protected":false},"excerpt":{"rendered":"<p>Strahlenschutz 2025\/2026. 2. Semester \u00a03 Studienjahr \u00a0 Titel Sprecher Datum Grundlagen der Atomphysik. Radioaktivit\u00e4t Dr. Kiss Bal\u00e1zs 16. Februar Wechselwirkung von ionisierender Strahlung\u00a0mit Materie.\u00a0Physikalische Dosisbegriffe und die Messung der ionisierenden Strahlung Dr. Kiss Bal\u00e1zs 23. Februar Die Grundprinzipien des Strahlenschutzes, Dosisgrenzwerte Dr. Szab\u00f3 Bence Tam\u00e1s 2. M\u00e4rz Strahlenbiologische Kenntnisse Dr. Szab\u00f3 Bence Tam\u00e1s 9. M\u00e4rz &hellip;<\/p>\n","protected":false},"author":126,"featured_media":0,"parent":1339,"menu_order":7,"comment_status":"closed","ping_status":"closed","template":"","meta":{"_acf_changed":false,"footnotes":""},"categories":[],"tags":[],"class_list":["post-1438","page","type-page","status-publish","hentry"],"acf":[],"_links":{"self":[{"href":"https:\/\/semmelweis.hu\/oralis-diagnosztika\/wp-json\/wp\/v2\/pages\/1438","targetHints":{"allow":["GET"]}}],"collection":[{"href":"https:\/\/semmelweis.hu\/oralis-diagnosztika\/wp-json\/wp\/v2\/pages"}],"about":[{"href":"https:\/\/semmelweis.hu\/oralis-diagnosztika\/wp-json\/wp\/v2\/types\/page"}],"author":[{"embeddable":true,"href":"https:\/\/semmelweis.hu\/oralis-diagnosztika\/wp-json\/wp\/v2\/users\/126"}],"replies":[{"embeddable":true,"href":"https:\/\/semmelweis.hu\/oralis-diagnosztika\/wp-json\/wp\/v2\/comments?post=1438"}],"version-history":[{"count":10,"href":"https:\/\/semmelweis.hu\/oralis-diagnosztika\/wp-json\/wp\/v2\/pages\/1438\/revisions"}],"predecessor-version":[{"id":3612,"href":"https:\/\/semmelweis.hu\/oralis-diagnosztika\/wp-json\/wp\/v2\/pages\/1438\/revisions\/3612"}],"up":[{"embeddable":true,"href":"https:\/\/semmelweis.hu\/oralis-diagnosztika\/wp-json\/wp\/v2\/pages\/1339"}],"wp:attachment":[{"href":"https:\/\/semmelweis.hu\/oralis-diagnosztika\/wp-json\/wp\/v2\/media?parent=1438"}],"wp:term":[{"taxonomy":"category","embeddable":true,"href":"https:\/\/semmelweis.hu\/oralis-diagnosztika\/wp-json\/wp\/v2\/categories?post=1438"},{"taxonomy":"post_tag","embeddable":true,"href":"https:\/\/semmelweis.hu\/oralis-diagnosztika\/wp-json\/wp\/v2\/tags?post=1438"}],"curies":[{"name":"wp","href":"https:\/\/api.w.org\/{rel}","templated":true}]}}