{"id":1436,"date":"2017-09-14T14:19:40","date_gmt":"2017-09-14T12:19:40","guid":{"rendered":"http:\/\/semmelweis.hu\/oralis-diagnosztika\/?page_id=1436"},"modified":"2026-01-30T10:57:49","modified_gmt":"2026-01-30T09:57:49","slug":"radiation-protection","status":"publish","type":"page","link":"https:\/\/semmelweis.hu\/oralis-diagnosztika\/en\/education\/radiation-protection\/","title":{"rendered":"Radiation Protection"},"content":{"rendered":"<p style=\"text-align: center\"><strong>Radiation Protection<\/strong><\/p>\n<p style=\"text-align: center\"><strong>2025\/2026. 2nd. semester<\/strong><\/p>\n<p style=\"text-align: center\"><strong>Third year<\/strong><\/p>\n<p style=\"text-align: center\">\u00a0<\/p>\n<table style=\"width: 695px\" width=\"696\">\n<tbody>\n<tr>\n<td style=\"width: 383px\" width=\"384\">\n<p><strong>Title<\/strong><\/p>\n<\/td>\n<td style=\"width: 180px\" width=\"180\">\n<p><strong>Lecturer<\/strong><\/p>\n<\/td>\n<td style=\"width: 132px\" width=\"132\">\n<p><strong>Date<\/strong><\/p>\n<\/td>\n<\/tr>\n<tr>\n<td style=\"width: 383px\" width=\"384\">\n<p>Atomic structure, radioactivity, ionizing radiations<\/p>\n<\/td>\n<td style=\"width: 180px\" width=\"180\">\n<p>Dr. Veres D\u00e1niel<\/p>\n<\/td>\n<td style=\"width: 132px\" width=\"132\">\n<p>18. February<\/p>\n<\/td>\n<\/tr>\n<tr>\n<td style=\"width: 383px\" width=\"384\">\n<p>Interaction of ionizing radiations with materials, dosimetry, physical dose concepts<\/p>\n<\/td>\n<td style=\"width: 180px\" width=\"180\">\n<p>Dr. Veres D\u00e1niel<\/p>\n<\/td>\n<td style=\"width: 132px\" width=\"132\">\n<p>25. February<\/p>\n<\/td>\n<\/tr>\n<tr>\n<td style=\"width: 383px\" width=\"384\">\n<p>Principles of radiation protection, dose limits<\/p>\n<\/td>\n<td style=\"width: 180px\" width=\"180\">\n<p>Dr. Vecsei B\u00e1lint<\/p>\n<\/td>\n<td style=\"width: 132px\" width=\"132\">\n<p>4. March<\/p>\n<\/td>\n<\/tr>\n<tr>\n<td style=\"width: 383px\" width=\"384\">\n<p>Public exposure<\/p>\n<\/td>\n<td style=\"width: 180px\" width=\"180\">\n<p>Taba Gabriella<\/p>\n<\/td>\n<td style=\"width: 132px\" width=\"132\">\n<p>11. March<\/p>\n<\/td>\n<\/tr>\n<tr>\n<td style=\"width: 383px\" width=\"384\">\n<p>Biological effects of the radiation<\/p>\n<\/td>\n<td style=\"width: 180px\" width=\"180\">\n<p>Dr. Szab\u00f3 Bence Tam\u00e1s<\/p>\n<\/td>\n<td style=\"width: 132px\" width=\"132\">\n<p>18. March<\/p>\n<\/td>\n<\/tr>\n<tr>\n<td style=\"width: 383px\" width=\"384\">\n<p>X-ray equipments<\/p>\n<\/td>\n<td style=\"width: 180px\" width=\"180\">\n<p>Dr. Vecsei B\u00e1lint<\/p>\n<\/td>\n<td style=\"width: 132px\" width=\"132\">\n<p>25. March<\/p>\n<\/td>\n<\/tr>\n<tr>\n<td style=\"width: 383px\" width=\"384\">\n<p>Radiation protection in dentistry<\/p>\n<\/td>\n<td style=\"width: 180px\" width=\"180\">\n<p>Dr. Szab\u00f3 Viktor<\/p>\n<\/td>\n<td style=\"width: 132px\" width=\"132\">\n<p>1. April<\/p>\n<\/td>\n<\/tr>\n<tr>\n<td style=\"width: 383px\" width=\"384\">\n<p>Radiation protection of the patients<\/p>\n<\/td>\n<td style=\"width: 180px\" width=\"180\">\n<p>Dr. Szab\u00f3 Bence Tam\u00e1s<\/p>\n<\/td>\n<td style=\"width: 132px\" width=\"132\">\n<p>8. April<\/p>\n<\/td>\n<\/tr>\n<tr>\n<td style=\"width: 383px\" width=\"384\">\n<p>Medical exposure<\/p>\n<\/td>\n<td style=\"width: 180px\" width=\"180\">\n<p>Dr. Szab\u00f3 Bence Tam\u00e1s<\/p>\n<\/td>\n<td style=\"width: 132px\" width=\"132\">\n<p>15. April<\/p>\n<\/td>\n<\/tr>\n<tr>\n<td style=\"width: 383px\" width=\"384\">\n<p>Radiation protection regulation aspects<\/p>\n<\/td>\n<td style=\"width: 180px\" width=\"180\">\n<p>Salik \u00c1d\u00e1m<\/p>\n<\/td>\n<td style=\"width: 132px\" width=\"132\">\n<p>22. April<\/p>\n<\/td>\n<\/tr>\n<tr>\n<td style=\"width: 383px\" width=\"384\">\n<p>Radiation protection legalisation in Hungary<\/p>\n<\/td>\n<td style=\"width: 180px\" width=\"180\">\n<p>Salik \u00c1d\u00e1m<\/p>\n<\/td>\n<td style=\"width: 132px\" width=\"132\">\n<p>29. April<\/p>\n<\/td>\n<\/tr>\n<tr>\n<td style=\"width: 383px\" width=\"384\">\n<p>General rules of ionizing radiation applications<\/p>\n<\/td>\n<td style=\"width: 180px\" width=\"180\">\n<p>Salik \u00c1d\u00e1m<\/p>\n<\/td>\n<td style=\"width: 132px\" width=\"132\">\n<p>6. May<\/p>\n<\/td>\n<\/tr>\n<tr>\n<td style=\"width: 383px\" width=\"384\">\n<p>Nuclear and radiological accidents. Prevention, emergency plan<\/p>\n<\/td>\n<td style=\"width: 180px\" width=\"180\">\n<p>Salik \u00c1d\u00e1m<\/p>\n<\/td>\n<td style=\"width: 132px\" width=\"132\">\n<p>13. May<\/p>\n<\/td>\n<\/tr>\n<tr>\n<td style=\"width: 383px\" width=\"384\">\n<p>Consultation, written exam<\/p>\n<\/td>\n<td style=\"width: 180px\" width=\"180\">\n<p>Dr. Szab\u00f3 Bence Tam\u00e1s<\/p>\n<\/td>\n<td style=\"width: 132px\" width=\"132\">\n<p>20. May<\/p>\n<\/td>\n<\/tr>\n<\/tbody>\n<\/table>\n<p>&nbsp;<\/p>\n<p>place of the lectures: \u00c1rk\u00f6vy hall, Budapest, Szentkir\u00e1lyi str. 47.<\/p>\n<p>date of the lectures: Wednesday 14<u><sup>45<\/sup><\/u>-16<u><sup>00<\/sup><\/u><\/p>\n<p>Budapest, 12th January 2026.<\/p>\n<p>&nbsp;<\/p>\n<p>&nbsp;<\/p>\n<p>Dr. Szab\u00f3 Bence Tam\u00e1s<br \/>\nlecturer<\/p>\n<p>&nbsp;<\/p>\n<p>&nbsp;<\/p>\n","protected":false},"excerpt":{"rendered":"<p>Radiation Protection 2025\/2026. 2nd. semester Third year \u00a0 Title Lecturer Date Atomic structure, radioactivity, ionizing radiations Dr. Veres D\u00e1niel 18. February Interaction of ionizing radiations with materials, dosimetry, physical dose concepts Dr. Veres D\u00e1niel 25. February Principles of radiation protection, dose limits Dr. Vecsei B\u00e1lint 4. March Public exposure Taba Gabriella 11. March Biological effects &hellip;<\/p>\n","protected":false},"author":126,"featured_media":0,"parent":1337,"menu_order":3,"comment_status":"closed","ping_status":"closed","template":"","meta":{"_acf_changed":false,"footnotes":""},"categories":[],"tags":[],"class_list":["post-1436","page","type-page","status-publish","hentry"],"acf":[],"_links":{"self":[{"href":"https:\/\/semmelweis.hu\/oralis-diagnosztika\/wp-json\/wp\/v2\/pages\/1436","targetHints":{"allow":["GET"]}}],"collection":[{"href":"https:\/\/semmelweis.hu\/oralis-diagnosztika\/wp-json\/wp\/v2\/pages"}],"about":[{"href":"https:\/\/semmelweis.hu\/oralis-diagnosztika\/wp-json\/wp\/v2\/types\/page"}],"author":[{"embeddable":true,"href":"https:\/\/semmelweis.hu\/oralis-diagnosztika\/wp-json\/wp\/v2\/users\/126"}],"replies":[{"embeddable":true,"href":"https:\/\/semmelweis.hu\/oralis-diagnosztika\/wp-json\/wp\/v2\/comments?post=1436"}],"version-history":[{"count":10,"href":"https:\/\/semmelweis.hu\/oralis-diagnosztika\/wp-json\/wp\/v2\/pages\/1436\/revisions"}],"predecessor-version":[{"id":3614,"href":"https:\/\/semmelweis.hu\/oralis-diagnosztika\/wp-json\/wp\/v2\/pages\/1436\/revisions\/3614"}],"up":[{"embeddable":true,"href":"https:\/\/semmelweis.hu\/oralis-diagnosztika\/wp-json\/wp\/v2\/pages\/1337"}],"wp:attachment":[{"href":"https:\/\/semmelweis.hu\/oralis-diagnosztika\/wp-json\/wp\/v2\/media?parent=1436"}],"wp:term":[{"taxonomy":"category","embeddable":true,"href":"https:\/\/semmelweis.hu\/oralis-diagnosztika\/wp-json\/wp\/v2\/categories?post=1436"},{"taxonomy":"post_tag","embeddable":true,"href":"https:\/\/semmelweis.hu\/oralis-diagnosztika\/wp-json\/wp\/v2\/tags?post=1436"}],"curies":[{"name":"wp","href":"https:\/\/api.w.org\/{rel}","templated":true}]}}