{"id":1411,"date":"2017-09-14T14:04:38","date_gmt":"2017-09-14T12:04:38","guid":{"rendered":"http:\/\/semmelweis.hu\/oralis-diagnosztika\/?page_id=1411"},"modified":"2025-08-29T16:20:42","modified_gmt":"2025-08-29T14:20:42","slug":"oral-medizin","status":"publish","type":"page","link":"https:\/\/semmelweis.hu\/oralis-diagnosztika\/de\/studium\/oral-medizin\/","title":{"rendered":"Orale Medizin"},"content":{"rendered":"<p>&nbsp;<\/p>\n<table width=\"633\">\n<tbody>\n<tr>\n<td style=\"text-align: center\" colspan=\"3\" width=\"633\"><\/p>\n<p><strong>Oralmedizin Vorlesungen<\/strong><\/p>\n<\/td>\n<\/tr>\n<tr>\n<td style=\"text-align: center\" colspan=\"3\" width=\"633\">\n<p><strong>2025-2026. 1. Semester V. Jahrgang<\/strong><\/p>\n<\/td>\n<\/tr>\n<tr>\n<td style=\"text-align: center\" colspan=\"3\" width=\"633\">\n<p><strong>FOK-OC Seminarsaal<\/strong><\/p>\n<\/td>\n<\/tr>\n<tr>\n<td style=\"text-align: center\" colspan=\"3\" width=\"633\">\n<p><strong>Mittwoch, 11:00-11:45<\/strong><\/p>\n<\/td>\n<\/tr>\n<tr>\n<td width=\"102\">\n<p>09.03.2025.<\/p>\n<\/td>\n<td width=\"370\">\n<p>Gegenstand und Bedeutung der Oralmedizin. Der Ablauf der Patientenuntersuchung. Effloreszenzen an der Mundschleimhaut<\/p>\n<\/td>\n<td width=\"161\">\n<p>Dr. Gresz Veronika<\/p>\n<\/td>\n<\/tr>\n<tr>\n<td width=\"102\">\n<p>09.10.2025.<\/p>\n<\/td>\n<td width=\"370\">\n<p>Orale Infektionen I \u2013 bakterielle Infektionen<\/p>\n<\/td>\n<td width=\"161\">\n<p>Dr. Mensch K\u00e1roly<\/p>\n<\/td>\n<\/tr>\n<tr>\n<td width=\"102\">\n<p>09.17.2025.<\/p>\n<\/td>\n<td width=\"370\">\n<p>Orale Infektionen II \u2013 Pilzinfektionen<\/p>\n<\/td>\n<td width=\"161\">\n<p>Dr. Mensch K\u00e1roly<\/p>\n<\/td>\n<\/tr>\n<tr>\n<td width=\"102\">\n<p>09.24.2025.<\/p>\n<\/td>\n<td width=\"370\">\n<p>Orale Infektionen III \u2013 Virusinfektionen<\/p>\n<\/td>\n<td width=\"161\">\n<p>Dr. Mensch K\u00e1roly<\/p>\n<\/td>\n<\/tr>\n<tr>\n<td width=\"102\">\n<p>10.01.2025.<\/p>\n<\/td>\n<td width=\"370\">\n<p>Immunologische Erkrankungen der Mundschleimhaut<\/p>\n<\/td>\n<td width=\"161\">\n<p>Dr. Gresz Veronika<\/p>\n<\/td>\n<\/tr>\n<tr>\n<td width=\"102\">\n<p>10.08.2025.<\/p>\n<p>&nbsp;<\/p>\n<\/td>\n<td width=\"370\">\n<p>Orale Manifestationen systemischer Erkrankungen<\/p>\n<\/td>\n<td width=\"161\">\n<p>Dr. Gresz Veronika<\/p>\n<\/td>\n<\/tr>\n<tr>\n<td width=\"102\">\n<p>10.15.2025.<\/p>\n<\/td>\n<td width=\"370\">\n<p>Erkrankungen der Speicheldr\u00fcsen \u00a0\u00a0\u00a0\u00a0\u00a0\u00a0\u00a0\u00a0\u00a0\u00a0\u00a0\u00a0\u00a0\u00a0\u00a0\u00a0\u00a0\u00a0\u00a0\u00a0\u00a0\u00a0\u00a0\u00a0\u00a0\u00a0\u00a0\u00a0\u00a0\u00a0<\/p>\n<\/td>\n<td width=\"161\">\n<p>Dr. Gresz Veronika<\/p>\n<\/td>\n<\/tr>\n<tr>\n<td width=\"102\">\n<p>10.22.2025.<\/p>\n<\/td>\n<td width=\"370\">\n<p>Orale Pr\u00e4kanzerosen und deren Differenzialdiagnose. Die Bedeutung von HPV in der \u00c4tiologie von Mundkrebs. Prim\u00e4re, sekund\u00e4re und terti\u00e4re Pr\u00e4vention von oralen Tumoren<\/p>\n<\/td>\n<td width=\"161\">\n<p>Dr. Mensch K\u00e1roly<\/p>\n<\/td>\n<\/tr>\n<tr>\n<td width=\"102\">\n<p>10.29..2024.<\/p>\n<\/td>\n<td width=\"370\">\n<p>Gutartigee Tumoren der Mundh\u00f6hle<\/p>\n<\/td>\n<td width=\"161\">\n<p>Dr. Mensch K\u00e1roly<\/p>\n<\/td>\n<\/tr>\n<tr>\n<td width=\"102\">\n<p>11.05.2025.<\/p>\n<\/td>\n<td width=\"370\">\n<p>B\u00f6sartige Tumoren der Mundh\u00f6hle<\/p>\n<\/td>\n<td width=\"161\">\n<p>Dr. Mensch K\u00e1roly<\/p>\n<\/td>\n<\/tr>\n<tr>\n<td width=\"102\">\n<p>11.12.2025.<\/p>\n<\/td>\n<td width=\"370\">\n<p>Entwicklungsst\u00f6rungen und genetische St\u00f6rungen. Seltene Erkrankungen im orofazialen Bereich<\/p>\n<\/td>\n<td width=\"161\">\n<p>Dr. Gresz Veronika<\/p>\n<\/td>\n<\/tr>\n<tr>\n<td width=\"102\">\n<p>11.19.2025.<\/p>\n<\/td>\n<td width=\"370\">\n<p><span data-olk-copy-source=\"MessageBody\">Medikamentenassoziierte orale Ver\u00e4nderungen<\/span><\/p>\n<\/td>\n<td width=\"161\">\n<p>Dr. Bukovszky Botond<\/p>\n<\/td>\n<\/tr>\n<tr>\n<td width=\"102\">\n<p>11.26.2025.<\/p>\n<\/td>\n<td width=\"370\">\n<p>Wei\u00dfe L\u00e4sionen der Mundschleimhaut und ihre Differentialdiagnostik<\/p>\n<\/td>\n<td width=\"161\">\n<p>Dr. Bukovszky Botond<\/p>\n<\/td>\n<\/tr>\n<tr>\n<td width=\"102\">\n<p>12.03.2025.<\/p>\n<\/td>\n<td width=\"370\">\n<p>Erkrankungen der Lippe und Zunge &#8211; interaktive Diagnostik<\/p>\n<\/td>\n<td width=\"161\">\n<p>Dr. Gresz Veronika<\/p>\n<\/td>\n<\/tr>\n<\/tbody>\n<\/table>\n<p>&nbsp;<\/p>\n","protected":false},"excerpt":{"rendered":"<p>&nbsp; Oralmedizin Vorlesungen 2025-2026. 1. Semester V. Jahrgang FOK-OC Seminarsaal Mittwoch, 11:00-11:45 09.03.2025. Gegenstand und Bedeutung der Oralmedizin. Der Ablauf der Patientenuntersuchung. Effloreszenzen an der Mundschleimhaut Dr. Gresz Veronika 09.10.2025. Orale Infektionen I \u2013 bakterielle Infektionen Dr. Mensch K\u00e1roly 09.17.2025. Orale Infektionen II \u2013 Pilzinfektionen Dr. Mensch K\u00e1roly 09.24.2025. Orale Infektionen III \u2013 Virusinfektionen Dr. &hellip;<\/p>\n","protected":false},"author":126,"featured_media":0,"parent":1339,"menu_order":6,"comment_status":"closed","ping_status":"closed","template":"","meta":{"_acf_changed":false,"footnotes":""},"categories":[],"tags":[],"class_list":["post-1411","page","type-page","status-publish","hentry"],"acf":[],"_links":{"self":[{"href":"https:\/\/semmelweis.hu\/oralis-diagnosztika\/wp-json\/wp\/v2\/pages\/1411","targetHints":{"allow":["GET"]}}],"collection":[{"href":"https:\/\/semmelweis.hu\/oralis-diagnosztika\/wp-json\/wp\/v2\/pages"}],"about":[{"href":"https:\/\/semmelweis.hu\/oralis-diagnosztika\/wp-json\/wp\/v2\/types\/page"}],"author":[{"embeddable":true,"href":"https:\/\/semmelweis.hu\/oralis-diagnosztika\/wp-json\/wp\/v2\/users\/126"}],"replies":[{"embeddable":true,"href":"https:\/\/semmelweis.hu\/oralis-diagnosztika\/wp-json\/wp\/v2\/comments?post=1411"}],"version-history":[{"count":10,"href":"https:\/\/semmelweis.hu\/oralis-diagnosztika\/wp-json\/wp\/v2\/pages\/1411\/revisions"}],"predecessor-version":[{"id":3570,"href":"https:\/\/semmelweis.hu\/oralis-diagnosztika\/wp-json\/wp\/v2\/pages\/1411\/revisions\/3570"}],"up":[{"embeddable":true,"href":"https:\/\/semmelweis.hu\/oralis-diagnosztika\/wp-json\/wp\/v2\/pages\/1339"}],"wp:attachment":[{"href":"https:\/\/semmelweis.hu\/oralis-diagnosztika\/wp-json\/wp\/v2\/media?parent=1411"}],"wp:term":[{"taxonomy":"category","embeddable":true,"href":"https:\/\/semmelweis.hu\/oralis-diagnosztika\/wp-json\/wp\/v2\/categories?post=1411"},{"taxonomy":"post_tag","embeddable":true,"href":"https:\/\/semmelweis.hu\/oralis-diagnosztika\/wp-json\/wp\/v2\/tags?post=1411"}],"curies":[{"name":"wp","href":"https:\/\/api.w.org\/{rel}","templated":true}]}}