{"id":1409,"date":"2017-09-14T14:04:02","date_gmt":"2017-09-14T12:04:02","guid":{"rendered":"http:\/\/semmelweis.hu\/oralis-diagnosztika\/?page_id=1409"},"modified":"2025-08-28T14:51:47","modified_gmt":"2025-08-28T12:51:47","slug":"oral-medicine","status":"publish","type":"page","link":"https:\/\/semmelweis.hu\/oralis-diagnosztika\/en\/education\/oral-medicine\/","title":{"rendered":"Oral Medicine"},"content":{"rendered":"<table style=\"width: 100%\" width=\"100%\">\n<tbody>\n<tr>\n<td style=\"width: 145.966%;text-align: center\" colspan=\"3\" width=\"590\"><strong><span style=\"font-size: 14pt\">Oral medicine lectures<\/span><\/strong><\/td>\n<\/tr>\n<tr>\n<td style=\"width: 145.966%;text-align: center\" colspan=\"3\" width=\"590\"><strong><span style=\"font-size: 14pt\">2025-2026. autumn semester, 5. year<\/span><\/strong><\/td>\n<\/tr>\n<tr>\n<td style=\"width: 145.966%;text-align: center\" colspan=\"3\" width=\"590\"><strong><span style=\"font-size: 14pt\">FOK OC Varga-Balogh<\/span><\/strong><\/td>\n<\/tr>\n<tr>\n<td style=\"width: 145.966%;text-align: center\" colspan=\"3\" width=\"590\"><strong><span style=\"font-size: 14pt\">Tuesday 13.45-14.30<\/span><\/strong><\/td>\n<\/tr>\n<tr>\n<td style=\"width: 16.723%\" width=\"99\">\u00a0<\/td>\n<td style=\"width: 66.6791%\" width=\"356\">\u00a0<\/td>\n<td style=\"width: 62.5639%\" width=\"135\">\u00a0<\/td>\n<\/tr>\n<tr>\n<td style=\"width: 16.723%\" width=\"99\"><span style=\"font-size: 14pt\">2025.09.02<\/span><\/td>\n<td style=\"width: 66.6791%\" width=\"356\"><span style=\"font-size: 14pt\">Introduction. The aim and importance of Oral Medicine. Examination of the patient. Basic signs of the diseases on the oral mucosa<\/span><\/td>\n<td style=\"width: 62.5639%\" width=\"135\"><span style=\"font-size: 14pt\">Prof. Dr. Dob\u00f3 Nagy, Csaba<\/span><\/td>\n<\/tr>\n<tr>\n<td style=\"width: 16.723%\" width=\"99\"><span style=\"font-size: 14pt\">2025.09.09<\/span><\/td>\n<td style=\"width: 66.6791%\" width=\"356\"><span style=\"font-size: 14pt\">Oral infections I \u2013 fungal infections<\/span><\/td>\n<td style=\"width: 62.5639%\" width=\"135\"><span style=\"font-size: 14pt\">Dr. Br\u00f3dy, Andrea<\/span><\/td>\n<\/tr>\n<tr>\n<td style=\"width: 16.723%\" width=\"99\"><span style=\"font-size: 14pt\">2025.09.16<\/span><\/td>\n<td style=\"width: 66.6791%\" width=\"356\"><span style=\"font-size: 14pt\">Oral infections II \u2013 bacterial and viral infections<\/span><\/td>\n<td style=\"width: 62.5639%\" width=\"135\"><span style=\"font-size: 14pt\">Dr. Br\u00f3dy, Andrea<\/span><\/td>\n<\/tr>\n<tr>\n<td style=\"width: 16.723%\" width=\"99\"><span style=\"font-size: 14pt\">2025.09.23<\/span><\/td>\n<td style=\"width: 66.6791%\" width=\"356\"><span style=\"font-size: 14pt\">Malignant tumors of the maxillofacial region<\/span><\/td>\n<td style=\"width: 62.5639%\" width=\"135\"><span style=\"font-size: 14pt\">Dr. Simonffy, L\u00e1szl\u00f3<\/span><\/td>\n<\/tr>\n<tr>\n<td style=\"width: 16.723%\" width=\"99\"><span style=\"font-size: 14pt\">2025.09.30<\/span><\/td>\n<td style=\"width: 66.6791%\" width=\"356\"><span style=\"font-size: 14pt\">Immune-based diseases of the oral mucosa<\/span><\/td>\n<td style=\"width: 62.5639%\" width=\"135\"><span style=\"font-size: 14pt\">Dr. Horv\u00e1th, D\u00e1niel<\/span><\/td>\n<\/tr>\n<tr>\n<td style=\"width: 16.723%\" width=\"99\"><span style=\"font-size: 14pt\">2025.10.07<\/span><\/td>\n<td style=\"width: 66.6791%\" width=\"356\"><span style=\"font-size: 14pt\">\u00a0Oral manifestations of systemic diseases.<\/span><\/td>\n<td style=\"width: 62.5639%\" width=\"135\"><span style=\"font-size: 14pt\">Dr. Br\u00f3dy, Andrea<\/span><\/td>\n<\/tr>\n<tr>\n<td style=\"width: 16.723%\" width=\"99\"><span style=\"font-size: 14pt\">2025.10.14<\/span><\/td>\n<td style=\"width: 66.6791%\" width=\"356\"><span style=\"font-size: 14pt\">Oral manifestations of hematologic diseases<\/span><\/td>\n<td style=\"width: 62.5639%\" width=\"135\"><span style=\"font-size: 14pt\">Dr. V\u00e1lyi, P\u00e9ter<\/span><\/td>\n<\/tr>\n<tr>\n<td style=\"width: 16.723%\" width=\"99\"><span style=\"font-size: 14pt\">2025.10.21<\/span><\/td>\n<td style=\"width: 66.6791%\" width=\"356\"><span style=\"font-size: 14pt\">Diseases of salivary glands<\/span><\/td>\n<td style=\"width: 62.5639%\" width=\"135\"><span style=\"font-size: 14pt\">Dr. Gresz, Veronika<\/span><\/td>\n<\/tr>\n<tr>\n<td style=\"width: 16.723%\" width=\"99\"><span style=\"font-size: 14pt\">2025.10.28<\/span><\/td>\n<td style=\"width: 66.6791%\" width=\"356\"><span style=\"font-size: 14pt\">Developmental and genetic. Rare diseases in the maxillofacial region<\/span><\/td>\n<td style=\"width: 62.5639%\" width=\"135\"><span style=\"font-size: 14pt\">Dr. V\u00e1lyi, P\u00e9ter<\/span><\/td>\n<\/tr>\n<tr>\n<td style=\"width: 16.723%\" width=\"99\"><span style=\"font-size: 14pt\">2025.11.04<\/span><\/td>\n<td style=\"width: 66.6791%\" width=\"356\"><span style=\"font-size: 14pt\">Precancerous states and lesions (potentially malignant lesions) Role of the HPV in the etiology of malignant tumors of the oral and maxillofacial region. Prevention of the oral cancer.<\/span><\/td>\n<td style=\"width: 62.5639%\" width=\"135\"><span style=\"font-size: 14pt\">Dr. Mensch, K\u00e1roly<\/span><\/td>\n<\/tr>\n<tr>\n<td style=\"width: 16.723%\" width=\"99\"><span style=\"font-size: 14pt\">2025.11.11<\/span><\/td>\n<td style=\"width: 66.6791%\" width=\"356\"><span style=\"font-size: 14pt\">The importance of molecular oncology diagnostics in the successful treatment of oral tumors<\/span><\/td>\n<td style=\"width: 62.5639%\" width=\"135\"><span style=\"font-size: 14pt\">Prof. Dr. T\u00edm\u00e1r, J\u00f3zsef<\/span><\/td>\n<\/tr>\n<tr>\n<td style=\"width: 16.723%\" width=\"99\"><span style=\"font-size: 14pt\">2025.11.18<\/span><\/td>\n<td style=\"width: 66.6791%\" width=\"356\"><span style=\"font-size: 14pt\">Clinical differencial diagnosis of white lesions of the oral mucosa<\/span><\/td>\n<td style=\"width: 62.5639%\" width=\"135\"><span style=\"font-size: 14pt\">Dr. Horv\u00e1th, D\u00e1niel<\/span><\/td>\n<\/tr>\n<tr>\n<td style=\"width: 16.723%\" width=\"99\"><span style=\"font-size: 14pt\">2025.11.25<\/span><\/td>\n<td style=\"width: 66.6791%\" width=\"356\"><span style=\"font-size: 14pt\">White lesions of the oral mucosa and their differential diagnostics<\/span><\/td>\n<td style=\"width: 62.5639%\" width=\"135\"><span style=\"font-size: 14pt\">Dr. Scheich, B\u00e1lint<\/span><\/td>\n<\/tr>\n<tr>\n<td style=\"width: 16.723%\" width=\"99\"><span style=\"font-size: 14pt\">2025.12.02<\/span><\/td>\n<td style=\"width: 66.6791%\" width=\"356\"><span style=\"font-size: 14pt\">Diseases of the lip and tongue. Interactive differential diagnostics<\/span><\/td>\n<td style=\"width: 62.5639%\" width=\"135\"><span style=\"font-size: 14pt\">Dr. Br\u00f3dy, Andrea<\/span><\/td>\n<\/tr>\n<\/tbody>\n<\/table>\n<p>&nbsp;<\/p>\n","protected":false},"excerpt":{"rendered":"<p>Oral medicine lectures 2025-2026. autumn semester, 5. year FOK OC Varga-Balogh Tuesday 13.45-14.30 \u00a0 \u00a0 \u00a0 2025.09.02 Introduction. The aim and importance of Oral Medicine. Examination of the patient. Basic signs of the diseases on the oral mucosa Prof. Dr. Dob\u00f3 Nagy, Csaba 2025.09.09 Oral infections I \u2013 fungal infections Dr. Br\u00f3dy, Andrea 2025.09.16 Oral &hellip;<\/p>\n","protected":false},"author":126,"featured_media":0,"parent":1337,"menu_order":1,"comment_status":"closed","ping_status":"closed","template":"","meta":{"_acf_changed":false,"footnotes":""},"categories":[],"tags":[],"class_list":["post-1409","page","type-page","status-publish","hentry"],"acf":[],"_links":{"self":[{"href":"https:\/\/semmelweis.hu\/oralis-diagnosztika\/wp-json\/wp\/v2\/pages\/1409","targetHints":{"allow":["GET"]}}],"collection":[{"href":"https:\/\/semmelweis.hu\/oralis-diagnosztika\/wp-json\/wp\/v2\/pages"}],"about":[{"href":"https:\/\/semmelweis.hu\/oralis-diagnosztika\/wp-json\/wp\/v2\/types\/page"}],"author":[{"embeddable":true,"href":"https:\/\/semmelweis.hu\/oralis-diagnosztika\/wp-json\/wp\/v2\/users\/126"}],"replies":[{"embeddable":true,"href":"https:\/\/semmelweis.hu\/oralis-diagnosztika\/wp-json\/wp\/v2\/comments?post=1409"}],"version-history":[{"count":10,"href":"https:\/\/semmelweis.hu\/oralis-diagnosztika\/wp-json\/wp\/v2\/pages\/1409\/revisions"}],"predecessor-version":[{"id":3302,"href":"https:\/\/semmelweis.hu\/oralis-diagnosztika\/wp-json\/wp\/v2\/pages\/1409\/revisions\/3302"}],"up":[{"embeddable":true,"href":"https:\/\/semmelweis.hu\/oralis-diagnosztika\/wp-json\/wp\/v2\/pages\/1337"}],"wp:attachment":[{"href":"https:\/\/semmelweis.hu\/oralis-diagnosztika\/wp-json\/wp\/v2\/media?parent=1409"}],"wp:term":[{"taxonomy":"category","embeddable":true,"href":"https:\/\/semmelweis.hu\/oralis-diagnosztika\/wp-json\/wp\/v2\/categories?post=1409"},{"taxonomy":"post_tag","embeddable":true,"href":"https:\/\/semmelweis.hu\/oralis-diagnosztika\/wp-json\/wp\/v2\/tags?post=1409"}],"curies":[{"name":"wp","href":"https:\/\/api.w.org\/{rel}","templated":true}]}}