{"id":1399,"date":"2017-09-14T13:54:36","date_gmt":"2017-09-14T11:54:36","guid":{"rendered":"http:\/\/semmelweis.hu\/oralis-diagnosztika\/?page_id=1399"},"modified":"2026-01-30T12:53:21","modified_gmt":"2026-01-30T11:53:21","slug":"oraldiagnostik","status":"publish","type":"page","link":"https:\/\/semmelweis.hu\/oralis-diagnosztika\/de\/studium\/oraldiagnostik\/","title":{"rendered":"Orale Diagnostik"},"content":{"rendered":"<table>\n<tbody>\n<tr>\n<td style=\"text-align: center\" colspan=\"3\" width=\"581\">\n<p><strong>Oraldiagnostik-Vorlesungen<\/strong><\/p>\n<\/td>\n<\/tr>\n<tr>\n<td style=\"text-align: center\" colspan=\"3\" width=\"581\">\n<p><strong>2025-26. II. Semester 3. Jahresgang<\/strong><\/p>\n<\/td>\n<\/tr>\n<tr>\n<td style=\"text-align: center\" colspan=\"3\" width=\"581\">\n<p><strong>FOK OC Seminarraum (1. Stock)<\/strong><\/p>\n<\/td>\n<\/tr>\n<tr>\n<td style=\"text-align: center\" colspan=\"3\" width=\"581\">\n<p><strong>Montag 10.30-11.15<\/strong><\/p>\n<\/td>\n<\/tr>\n<tr>\n<td width=\"98\">\n<p>2026.02.16.<\/p>\n<\/td>\n<td width=\"322\">\n<p>Einf\u00fchrung in die Oraldiagnostik. Die Anamnese.<\/p>\n<\/td>\n<td width=\"160\">\n<p>Dr. Gresz, Veronika<\/p>\n<\/td>\n<\/tr>\n<tr>\n<td width=\"98\">\n<p>2026.02.23.<\/p>\n<\/td>\n<td width=\"322\">\n<p>Die Bedeutung der Beurteilung des allgemeinen Gesundheitszustandes, Risikopatienten<\/p>\n<\/td>\n<td width=\"160\">\n<p>Dr. Mensch, K\u00e1roly<\/p>\n<\/td>\n<\/tr>\n<tr>\n<td width=\"98\">\n<p>2026.03.02.<\/p>\n<\/td>\n<td width=\"322\">\n<p>Zahn\u00e4rztliche Untersuchung (Extra- und Intaoral), Dokumentation<\/p>\n<\/td>\n<td width=\"160\">\n<p>Dr. Horv\u00e1th, D\u00e1niel<\/p>\n<\/td>\n<\/tr>\n<tr>\n<td width=\"98\">\n<p>2026.03.09.<\/p>\n<\/td>\n<td width=\"322\">\n<p>Kariesdiagnostik. Methoden, Instrumenten. Differenzialdiagnose der Zahnerkrankungen.<\/p>\n<\/td>\n<td width=\"160\">\n<p>Dr. Gresz, Veronika<\/p>\n<\/td>\n<\/tr>\n<tr>\n<td width=\"98\">\n<p>2026.03.16.<\/p>\n<\/td>\n<td width=\"322\">\n<p>Endodontische Diagnostik und Notfalleingriffe.<\/p>\n<\/td>\n<td width=\"160\">\n<p>Dr. Szab\u00f3, Bence<\/p>\n<\/td>\n<\/tr>\n<tr>\n<td width=\"98\">\n<p>2026.03.23.<\/p>\n<\/td>\n<td width=\"322\">\n<p>Einfluss oraler entz\u00fcndlicher Erkrankungen auf die systemischen Zust\u00e4nde; Fokalinfektionen<\/p>\n<\/td>\n<td width=\"160\">\n<p>Dr. V\u00e9gh, \u00c1d\u00e1m<\/p>\n<\/td>\n<\/tr>\n<tr>\n<td width=\"98\">\n<p>2026.03.30.<\/p>\n<\/td>\n<td width=\"322\">\n<p>Untersuchungsmethoden des Periodontiums<\/p>\n<\/td>\n<td width=\"160\">\n<p>Dr. D\u0151ri, Ferenc<\/p>\n<\/td>\n<\/tr>\n<tr>\n<td width=\"98\">\n<p>2026.04.13.<\/p>\n<\/td>\n<td width=\"322\">\n<p>Folgen des Zahnverlusts, Klassifikation nach F\u00e1bi\u00e1n-Fej\u00e9rdy<\/p>\n<\/td>\n<td width=\"160\">\n<p>Dr. Mensch, K\u00e1roly<\/p>\n<\/td>\n<\/tr>\n<tr>\n<td width=\"98\">\n<p>2026.04.20.<\/p>\n<\/td>\n<td width=\"322\">\n<p>Diagnostik der Kiefergelenkerkrankungen \u00a0und Malokklusionen und deren Behandlungsm\u00f6glichkeiten<\/p>\n<\/td>\n<td width=\"160\">\n<p>Dr. Schmidt, P\u00e9ter<\/p>\n<\/td>\n<\/tr>\n<tr>\n<td width=\"98\">\n<p>2026.04.27.<\/p>\n<\/td>\n<td width=\"322\">\n<p>Kieferorthop\u00e4dische Diagnostik und Behandlungsplan.<\/p>\n<\/td>\n<td width=\"160\">\n<p>Dr. Gresz, Veronika<\/p>\n<\/td>\n<\/tr>\n<tr>\n<td width=\"98\">\n<p>2026.05.04.<\/p>\n<\/td>\n<td width=\"322\">\n<p>Diagnostik der Speicheldr\u00fcsen<\/p>\n<\/td>\n<td width=\"160\">\n<p>Dr. Gresz, Veronika<\/p>\n<\/td>\n<\/tr>\n<tr>\n<td width=\"98\">\n<p>2026.05.11.<\/p>\n<\/td>\n<td width=\"322\">\n<p>Diagnostische Untersuchung von den alten Patienten<\/p>\n<\/td>\n<td width=\"160\">\n<p>Dr. Mensch, K\u00e1roly<\/p>\n<\/td>\n<\/tr>\n<tr>\n<td width=\"98\">\n<p>2026.05.18.<\/p>\n<\/td>\n<td width=\"322\">\n<p>Differenzialdiagnostik des Schmerzens in der zahn\u00e4rztlichen Praxis.<\/p>\n<\/td>\n<td width=\"160\">\n<p>Dr. Gresz Veronika<\/p>\n<\/td>\n<\/tr>\n<\/tbody>\n<\/table>\n","protected":false},"excerpt":{"rendered":"<p>Oraldiagnostik-Vorlesungen 2025-26. II. Semester 3. Jahresgang FOK OC Seminarraum (1. Stock) Montag 10.30-11.15 2026.02.16. Einf\u00fchrung in die Oraldiagnostik. Die Anamnese. Dr. Gresz, Veronika 2026.02.23. Die Bedeutung der Beurteilung des allgemeinen Gesundheitszustandes, Risikopatienten Dr. Mensch, K\u00e1roly 2026.03.02. Zahn\u00e4rztliche Untersuchung (Extra- und Intaoral), Dokumentation Dr. Horv\u00e1th, D\u00e1niel 2026.03.09. Kariesdiagnostik. Methoden, Instrumenten. Differenzialdiagnose der Zahnerkrankungen. Dr. Gresz, Veronika &hellip;<\/p>\n","protected":false},"author":126,"featured_media":0,"parent":1339,"menu_order":5,"comment_status":"closed","ping_status":"closed","template":"","meta":{"_acf_changed":false,"footnotes":""},"categories":[],"tags":[],"class_list":["post-1399","page","type-page","status-publish","hentry"],"acf":[],"_links":{"self":[{"href":"https:\/\/semmelweis.hu\/oralis-diagnosztika\/wp-json\/wp\/v2\/pages\/1399","targetHints":{"allow":["GET"]}}],"collection":[{"href":"https:\/\/semmelweis.hu\/oralis-diagnosztika\/wp-json\/wp\/v2\/pages"}],"about":[{"href":"https:\/\/semmelweis.hu\/oralis-diagnosztika\/wp-json\/wp\/v2\/types\/page"}],"author":[{"embeddable":true,"href":"https:\/\/semmelweis.hu\/oralis-diagnosztika\/wp-json\/wp\/v2\/users\/126"}],"replies":[{"embeddable":true,"href":"https:\/\/semmelweis.hu\/oralis-diagnosztika\/wp-json\/wp\/v2\/comments?post=1399"}],"version-history":[{"count":10,"href":"https:\/\/semmelweis.hu\/oralis-diagnosztika\/wp-json\/wp\/v2\/pages\/1399\/revisions"}],"predecessor-version":[{"id":3615,"href":"https:\/\/semmelweis.hu\/oralis-diagnosztika\/wp-json\/wp\/v2\/pages\/1399\/revisions\/3615"}],"up":[{"embeddable":true,"href":"https:\/\/semmelweis.hu\/oralis-diagnosztika\/wp-json\/wp\/v2\/pages\/1339"}],"wp:attachment":[{"href":"https:\/\/semmelweis.hu\/oralis-diagnosztika\/wp-json\/wp\/v2\/media?parent=1399"}],"wp:term":[{"taxonomy":"category","embeddable":true,"href":"https:\/\/semmelweis.hu\/oralis-diagnosztika\/wp-json\/wp\/v2\/categories?post=1399"},{"taxonomy":"post_tag","embeddable":true,"href":"https:\/\/semmelweis.hu\/oralis-diagnosztika\/wp-json\/wp\/v2\/tags?post=1399"}],"curies":[{"name":"wp","href":"https:\/\/api.w.org\/{rel}","templated":true}]}}