{"id":1395,"date":"2017-09-14T13:52:46","date_gmt":"2017-09-14T11:52:46","guid":{"rendered":"http:\/\/semmelweis.hu\/oralis-diagnosztika\/?page_id=1395"},"modified":"2026-01-30T12:55:37","modified_gmt":"2026-01-30T11:55:37","slug":"oral-diagnostics","status":"publish","type":"page","link":"https:\/\/semmelweis.hu\/oralis-diagnosztika\/en\/education\/oral-diagnostics\/","title":{"rendered":"Oral Diagnostics"},"content":{"rendered":"<table>\n<tbody>\n<tr>\n<td style=\"text-align: center\" colspan=\"4\" width=\"587\">\n<p><strong>Oral Diagnostics Lectures<\/strong><\/p>\n<\/td>\n<\/tr>\n<tr>\n<td style=\"text-align: center\" colspan=\"4\" width=\"587\">\n<p><strong>Spring semester 2026. 3d year<\/strong><\/p>\n<\/td>\n<\/tr>\n<tr>\n<td style=\"text-align: center\" colspan=\"4\" width=\"587\">\n<p><strong>\u00c1rk\u00f6vy lecture hall<\/strong><\/p>\n<\/td>\n<\/tr>\n<tr>\n<td style=\"text-align: center\" colspan=\"4\" width=\"587\">\n<p><strong>Monday 14.00-14.45<\/strong><\/p>\n<\/td>\n<\/tr>\n<tr>\n<td width=\"104\">\n<p>2026.02.16.<\/p>\n<\/td>\n<td width=\"322\">\n<p>Introduction to the oral diagnostics I<\/p>\n<p>Dental materials and instruments<\/p>\n<\/td>\n<td width=\"160\">\n<p>Dr. V\u00e1lyi, P\u00e9ter<\/p>\n<\/td>\n<td width=\"1\">\n<p>&nbsp;<\/p>\n<\/td>\n<\/tr>\n<tr>\n<td width=\"104\">\n<p>2026.02.23.<\/p>\n<\/td>\n<td width=\"322\">\n<p>Introduction to the oral diagnostics II.<\/p>\n<p>Patient history, risky patient, Communication in the dental office<\/p>\n<\/td>\n<td width=\"160\">\n<p>Dr. Br\u00f3dy, Andrea<\/p>\n<\/td>\n<td width=\"1\">\n<p>&nbsp;<\/p>\n<\/td>\n<\/tr>\n<tr>\n<td width=\"104\">\n<p>2026.03.02.<\/p>\n<\/td>\n<td width=\"322\">\n<p>Extraoral and intraoral examination Stomato-oncological screening<\/p>\n<\/td>\n<td width=\"160\">\n<p>Dr. Horv\u00e1th, D\u00e1niel<\/p>\n<\/td>\n<td width=\"1\">\n<p>&nbsp;<\/p>\n<\/td>\n<\/tr>\n<tr>\n<td width=\"104\">\n<p>2026.03.09.<\/p>\n<\/td>\n<td width=\"322\">\n<p>Detection and diagnosis of the carious lesions. Non-carious lesions of the tooth<\/p>\n<\/td>\n<td width=\"160\">\n<p>Dr. K\u0151hidai, Zs\u00f3fia<\/p>\n<\/td>\n<td width=\"1\">\n<p>&nbsp;<\/p>\n<\/td>\n<\/tr>\n<tr>\n<td width=\"104\">\n<p>2026.03.16.<\/p>\n<\/td>\n<td width=\"322\">\n<p>Principles of endodontic diagnostics<\/p>\n<\/td>\n<td width=\"160\">\n<p>Dr. Dob\u00f3 Nagy, Csaba<\/p>\n<\/td>\n<td width=\"1\">\n<p>&nbsp;<\/p>\n<\/td>\n<\/tr>\n<tr>\n<td width=\"104\">\n<p>2026.03.23.<\/p>\n<\/td>\n<td width=\"322\">\n<p>Examination methods in the periodontology<\/p>\n<\/td>\n<td width=\"160\">\n<p>Dr. V\u00e1lyi, P\u00e9ter<\/p>\n<\/td>\n<td width=\"1\">\n<p>&nbsp;<\/p>\n<\/td>\n<\/tr>\n<tr>\n<td width=\"104\">\n<p>2026.03.30.<\/p>\n<\/td>\n<td width=\"322\">\n<p>Evaluation of the edentulous patient. Fundamental principles of prosthetic therapy<\/p>\n<\/td>\n<td width=\"160\">\n<p><em>Dr. Ambrus, Szilvia<\/em><\/p>\n<\/td>\n<td width=\"1\">\n<p>&nbsp;<\/p>\n<\/td>\n<\/tr>\n<tr>\n<td width=\"104\">\n<p><strong>2026.04.06<\/strong>.<\/p>\n<\/td>\n<td width=\"322\">\n<p><strong>Easter Monday<\/strong><\/p>\n<\/td>\n<td width=\"160\">\n<p><em>\u00a0<\/em><\/p>\n<\/td>\n<td width=\"1\">\n<p>&nbsp;<\/p>\n<\/td>\n<\/tr>\n<tr>\n<td width=\"104\">\n<p>2026.04.13<\/p>\n<\/td>\n<td width=\"322\">\n<p>Diagnosis and treatment of temporomandibular disorders<\/p>\n<\/td>\n<td width=\"160\">\n<p><em>Dr. J\u00e1sz, M\u00e1t\u00e9<\/em><\/p>\n<\/td>\n<td width=\"1\">\n<p>&nbsp;<\/p>\n<\/td>\n<\/tr>\n<tr>\n<td width=\"104\">\n<p>2026.04.20.<\/p>\n<\/td>\n<td width=\"322\">\n<p>Physiology and diagnostics of salivary glands<\/p>\n<\/td>\n<td width=\"160\">\n<p>Dr. Gresz, Veronika<\/p>\n<\/td>\n<td width=\"1\">\n<p>&nbsp;<\/p>\n<\/td>\n<\/tr>\n<tr>\n<td width=\"104\">\n<p>2026.04.27.<\/p>\n<\/td>\n<td width=\"322\">\n<p>Orthodontic diagnostics<\/p>\n<\/td>\n<td width=\"160\">\n<p>Dr. Gresz, Veronika<\/p>\n<\/td>\n<td width=\"1\">\n<p>&nbsp;<\/p>\n<\/td>\n<\/tr>\n<tr>\n<td width=\"104\">\n<p>2026.05.04.<\/p>\n<\/td>\n<td width=\"322\">\n<p>Influence of oral inflammatory diseases on the systemic conditions<\/p>\n<\/td>\n<td width=\"160\">\n<p>Dr. V\u00e9gh, \u00c1d\u00e1m<\/p>\n<\/td>\n<td width=\"1\">\n<p>&nbsp;<\/p>\n<\/td>\n<\/tr>\n<tr>\n<td width=\"104\">\n<p>2026.05.11<\/p>\n<\/td>\n<td width=\"322\">\n<p>Oral diagnostic evaluation of the elderly patient<\/p>\n<\/td>\n<td width=\"160\">\n<p>Dr. Mensch, K\u00e1roly<\/p>\n<\/td>\n<td width=\"1\">\n<p>&nbsp;<\/p>\n<\/td>\n<\/tr>\n<tr>\n<td width=\"104\">\n<p>2026.05.18.<\/p>\n<\/td>\n<td width=\"322\">\n<p>Pain assessment in the oral diagnostics<\/p>\n<\/td>\n<td width=\"160\">\n<p>Dr. Dob\u00f3 Nagy, Csaba<\/p>\n<\/td>\n<td width=\"1\">\n<p>&nbsp;<\/p>\n<\/td>\n<\/tr>\n<\/tbody>\n<\/table>\n<p>&nbsp;<\/p>\n<p>&nbsp;<\/p>\n","protected":false},"excerpt":{"rendered":"<p>Oral Diagnostics Lectures Spring semester 2026. 3d year \u00c1rk\u00f6vy lecture hall Monday 14.00-14.45 2026.02.16. Introduction to the oral diagnostics I Dental materials and instruments Dr. V\u00e1lyi, P\u00e9ter &nbsp; 2026.02.23. Introduction to the oral diagnostics II. Patient history, risky patient, Communication in the dental office Dr. Br\u00f3dy, Andrea &nbsp; 2026.03.02. Extraoral and intraoral examination Stomato-oncological screening &hellip;<\/p>\n","protected":false},"author":126,"featured_media":0,"parent":1337,"menu_order":0,"comment_status":"closed","ping_status":"closed","template":"","meta":{"_acf_changed":false,"footnotes":""},"categories":[],"tags":[],"class_list":["post-1395","page","type-page","status-publish","hentry"],"acf":[],"_links":{"self":[{"href":"https:\/\/semmelweis.hu\/oralis-diagnosztika\/wp-json\/wp\/v2\/pages\/1395","targetHints":{"allow":["GET"]}}],"collection":[{"href":"https:\/\/semmelweis.hu\/oralis-diagnosztika\/wp-json\/wp\/v2\/pages"}],"about":[{"href":"https:\/\/semmelweis.hu\/oralis-diagnosztika\/wp-json\/wp\/v2\/types\/page"}],"author":[{"embeddable":true,"href":"https:\/\/semmelweis.hu\/oralis-diagnosztika\/wp-json\/wp\/v2\/users\/126"}],"replies":[{"embeddable":true,"href":"https:\/\/semmelweis.hu\/oralis-diagnosztika\/wp-json\/wp\/v2\/comments?post=1395"}],"version-history":[{"count":11,"href":"https:\/\/semmelweis.hu\/oralis-diagnosztika\/wp-json\/wp\/v2\/pages\/1395\/revisions"}],"predecessor-version":[{"id":3618,"href":"https:\/\/semmelweis.hu\/oralis-diagnosztika\/wp-json\/wp\/v2\/pages\/1395\/revisions\/3618"}],"up":[{"embeddable":true,"href":"https:\/\/semmelweis.hu\/oralis-diagnosztika\/wp-json\/wp\/v2\/pages\/1337"}],"wp:attachment":[{"href":"https:\/\/semmelweis.hu\/oralis-diagnosztika\/wp-json\/wp\/v2\/media?parent=1395"}],"wp:term":[{"taxonomy":"category","embeddable":true,"href":"https:\/\/semmelweis.hu\/oralis-diagnosztika\/wp-json\/wp\/v2\/categories?post=1395"},{"taxonomy":"post_tag","embeddable":true,"href":"https:\/\/semmelweis.hu\/oralis-diagnosztika\/wp-json\/wp\/v2\/tags?post=1395"}],"curies":[{"name":"wp","href":"https:\/\/api.w.org\/{rel}","templated":true}]}}