{"id":1334,"date":"2017-07-03T15:33:29","date_gmt":"2017-07-03T13:33:29","guid":{"rendered":"http:\/\/semmelweis.hu\/oralis-diagnosztika\/?page_id=1334"},"modified":"2025-11-27T16:40:05","modified_gmt":"2025-11-27T15:40:05","slug":"allgemeine-informationen","status":"publish","type":"page","link":"https:\/\/semmelweis.hu\/oralis-diagnosztika\/de\/allgemeine-informationen\/","title":{"rendered":"\u00dcber die Klinik"},"content":{"rendered":"<p>Die Klinik f\u00fcr Orale Diagnostik ist eine der j\u00fcngsten Kliniken der Zahnmedizinischen Fakult\u00e4t. Die Selbstst\u00e4ndige Radiologische Abteilung wurde 2003 am Miksz\u00e1th-K\u00e1lm\u00e1n-Platz gegr\u00fcndet, gefolgt von der Abteilung f\u00fcr Orale Diagnostik im Jahr 2007, zeitgleich mit dem Umzug der Fakult\u00e4t in das neue Geb\u00e4ude.<\/p>\n<p>Seit 2011 ist die integrierte Einheit im dritten Stock aktiv an einem breiten Spektrum zahn\u00e4rztlicher diagnostischer T\u00e4tigkeiten, an der Notfallversorgung und an der prim\u00e4ren zahn\u00e4rztlichen Behandlung beteiligt. Mit einem hochqualifizierten, in mehreren Bereichen der Zahnmedizin erfahrenen Team bietet die Klinik anspruchsvolle zahn\u00e4rztliche Diagnostik auf hohem Niveau. Die gemeinsame Unterbringung von zahn\u00e4rztlicher Diagnostik und Notfallversorgung erm\u00f6glicht die Behandlung neuer Patienten und Notf\u00e4lle an einem einzigen Standort. Nach der Erstdiagnose werden die Patienten entweder vor Ort behandelt oder zur weiteren Versorgung an eine spezialisierte Klinik \u00fcberwiesen.<\/p>\n<p>Die Klinik verf\u00fcgt zudem \u00fcber ein dento-alveol\u00e4res chirurgisches Profil, und das qualifizierte \u00c4rzteteam f\u00fchrt Implantationen mit modernen Techniken und Methoden durch. Die Radiologische Abteilung ist mit zwei Panorama-R\u00f6ntgenger\u00e4ten, f\u00fcnf intraoralen R\u00f6ntgenanlagen sowie digitalen intraoralen Sensoren ausgestattet, die die Digitalisierung von Bildaufnahmen erm\u00f6glichen. Alle Computer sind mit einem PACS-R\u00f6ntgensystem ausgestattet, das mit s\u00e4mtlichen Kliniken vernetzt ist. Dadurch k\u00f6nnen Patientenaufnahmen sofort eingesehen werden, was die Patientenverwaltung beschleunigt und die Forschungsarbeit unterst\u00fctzt. Die dreidimensionale DVT verbessert die Qualit\u00e4t der zahn\u00e4rztlichen Diagnostik erheblich, und die 3D-Technik ist auch f\u00fcr die Planung zahn\u00e4rztlicher Implantationen von gro\u00dfem Nutzen. Die Abteilung f\u00fcr Orale Medizin bietet jeden Vormittag Fachsprechstunden f\u00fcr Patienten mit oder ohne \u00dcberweisung an. Die Klinik arbeitet eng mit ihren Partnerkliniken zusammen und gew\u00e4hrleistet eine kontinuierliche Kommunikation.<\/p>\n<p>Zu den an der Klinik unterrichteten F\u00e4chern geh\u00f6rt die Orale Diagnostik als integratives Fach im f\u00fcnften Semester mit 14 Theorie- und 28 Praxisstunden. Ziel des Kurses ist es, den Studierenden Anwendungsm\u00f6glichkeiten und klinische Nutzung diagnostischer Verfahren zu vermitteln, die bereits bekannt sind oder im Rahmen des Faches erlernt werden. Das Fach Orale Medizin ist im neunten Semester mit einer w\u00f6chentlichen Vorlesung vertreten, w\u00e4hrend der praktische Unterricht durch 14 Stunden im f\u00fcnften Semester in die Praxis der Orale Diagnostik integriert ist und sich auf die fr\u00fche Erkennung und Diagnose oraler Ver\u00e4nderungen konzentriert. Die Allgemeine und Zahn\u00e4rztliche Radiologie ist ein zweisemestriges Fach mit 14 Theorie- und 42 Praxisstunden. Die Studierenden erwerben Grundlagen der pathologischen und klinischen R\u00f6ntgendiagnostik, allgemeine radiologische Kenntnisse, die normale r\u00f6ntgenanatomische Struktur, das Erkennen pathologischer R\u00f6ntgenbefunde sowie die r\u00f6ntgenologischen Aspekte zahn\u00e4rztlicher Eingriffe. Dem radiologischen Unterricht geht der einsemestrige Kurs Strahlenschutz voraus. Der erfolgreiche Abschluss verleiht den Studierenden ein beh\u00f6rdliches Zertifikat, das ihnen erlaubt, eigenst\u00e4ndig R\u00f6ntgenaufnahmen ihrer Patienten anzufertigen \u2013 ein landesweit einzigartiges Privileg. Wahlf\u00e4cher behandeln spezielle Themen wie Mundh\u00f6hlenkarzinome. In enger Zusammenarbeit mit der Medizinischen und der Pharmazeutischen Fakult\u00e4t organisiert die Klinik zudem das Fach \u201eInstrumente der Nanotechnologie\u201c. Wir haben ein Ausbildungsnetz entwickelt, das den Erwartungen und Bed\u00fcrfnissen der Zahnmedizinstudierenden des 21. Jahrhunderts entspricht. Die Anwendung der 3D-Diagnostik und neuer Behandlungsstuhl-Technologien er\u00f6ffnet neue Perspektiven in der Lehre.<\/p>\n<p>Die Mitarbeiter der Klinik ver\u00f6ffentlichen regelm\u00e4\u00dfig in nationalen und internationalen zahnmedizinischen Fachzeitschriften. Dar\u00fcber hinaus spielt die Klinik eine bedeutende Rolle in der Forschung, da sie das Materialwissenschaftliche Forschungsinstitut (MSRI) beherbergt, das aktiv an internationalen Kooperationsprojekten teilnimmt, unter anderem an der rationalen Entwicklung dentaler Materialien, in Zusammenarbeit mit Partnern wie den Universit\u00e4ten London und Cambridge, der Universit\u00e4t Toronto sowie der Universit\u00e4t Hongkong.<\/p>\n","protected":false},"excerpt":{"rendered":"<p>Der Lehrtstuhl f\u00fcr Orale Diagnostik ist eine der j\u00fcngsten Abteilung in der Fakult\u00e4t f\u00fcr Zahnmedizin. Es wurde durch die Entschlie\u00dfung des Universit\u00e4tsrates im Jahr 2011 durch die Verschmelzung der Selbstst\u00e4ndigen Abteilung f\u00fcr Radiologie, der Abteilung f\u00fcr Orale Diagnostik und der Abteilung f\u00fcr Dentoalveol\u00e4re Chirurgie gegr\u00fcndet.<\/p>\n","protected":false},"author":126,"featured_media":2202,"parent":0,"menu_order":0,"comment_status":"closed","ping_status":"closed","template":"","meta":{"_acf_changed":false,"footnotes":""},"categories":[],"tags":[],"class_list":["post-1334","page","type-page","status-publish","has-post-thumbnail","hentry"],"acf":[],"_links":{"self":[{"href":"https:\/\/semmelweis.hu\/oralis-diagnosztika\/wp-json\/wp\/v2\/pages\/1334","targetHints":{"allow":["GET"]}}],"collection":[{"href":"https:\/\/semmelweis.hu\/oralis-diagnosztika\/wp-json\/wp\/v2\/pages"}],"about":[{"href":"https:\/\/semmelweis.hu\/oralis-diagnosztika\/wp-json\/wp\/v2\/types\/page"}],"author":[{"embeddable":true,"href":"https:\/\/semmelweis.hu\/oralis-diagnosztika\/wp-json\/wp\/v2\/users\/126"}],"replies":[{"embeddable":true,"href":"https:\/\/semmelweis.hu\/oralis-diagnosztika\/wp-json\/wp\/v2\/comments?post=1334"}],"version-history":[{"count":8,"href":"https:\/\/semmelweis.hu\/oralis-diagnosztika\/wp-json\/wp\/v2\/pages\/1334\/revisions"}],"predecessor-version":[{"id":3591,"href":"https:\/\/semmelweis.hu\/oralis-diagnosztika\/wp-json\/wp\/v2\/pages\/1334\/revisions\/3591"}],"wp:featuredmedia":[{"embeddable":true,"href":"https:\/\/semmelweis.hu\/oralis-diagnosztika\/wp-json\/wp\/v2\/media\/2202"}],"wp:attachment":[{"href":"https:\/\/semmelweis.hu\/oralis-diagnosztika\/wp-json\/wp\/v2\/media?parent=1334"}],"wp:term":[{"taxonomy":"category","embeddable":true,"href":"https:\/\/semmelweis.hu\/oralis-diagnosztika\/wp-json\/wp\/v2\/categories?post=1334"},{"taxonomy":"post_tag","embeddable":true,"href":"https:\/\/semmelweis.hu\/oralis-diagnosztika\/wp-json\/wp\/v2\/tags?post=1334"}],"curies":[{"name":"wp","href":"https:\/\/api.w.org\/{rel}","templated":true}]}}