{"id":1322,"date":"2017-06-26T12:48:13","date_gmt":"2017-06-26T10:48:13","guid":{"rendered":"http:\/\/semmelweis.hu\/oralis-diagnosztika\/?page_id=1322"},"modified":"2023-10-13T11:39:13","modified_gmt":"2023-10-13T09:39:13","slug":"kutatas","status":"publish","type":"page","link":"https:\/\/semmelweis.hu\/oralis-diagnosztika\/kutatas\/","title":{"rendered":"Kutat\u00e1s"},"content":{"rendered":"<p>A tansz\u00e9k a kutat\u00e1s ter\u00e9n is jelent\u0151s szerepet v\u00e1llal, hisz helyet ad az Anyagtudom\u00e1nyi Kutat\u00f3k\u00f6zpontnak (MSRI &#8211; <a href=\"https:\/\/semmelweis.hu\/msri\">https:\/\/semmelweis.hu\/msri<\/a>), amely akt\u00edvan r\u00e9szt vesz nemzetk\u00f6zi kollabor\u00e1ns projektekben, bele\u00e9rtve a fog\u00e1szati anyagok racion\u00e1lis tervez\u00e9s\u00e9t, olyan partnerekkel egy\u00fcttm\u0171k\u00f6dve, mint a Londoni \u00e9s Cambridgei Egyetem, a Toront\u00f3i Egyetem \u00e9s a Hong Kongi Egyetem.<\/p>\n<p><strong>Kutat\u00e1si projektek<\/strong><\/p>\n<p>Dr. Dob\u00f3-Nagy Csaba<\/p>\n<p style=\"text-align: right\">endodontia, modern k\u00e9palkot\u00f3k vizsg\u00e1lata, fog\u00e1szati anyagtan<\/p>\n<p>Dr. Gresz Veronika<\/p>\n<p style=\"text-align: right\">aquaporinok expressz\u00f3ja \u00e9s lokaliz\u00e1ci\u00f3ja a ny\u00e1lmirigyekben; fog\u00e1szati anyagok biokompatibilit\u00e1s\u00e1nak vizsg\u00e1lata<\/p>\n<p>Dr. Br\u00f3dy Andrea<\/p>\n<p style=\"text-align: right\">a sz\u00e1j\u00fcreget \u00e9s az \u00e1llcsontokat \u00e9rint\u0151 autoimmun betegs\u00e9gek, fert\u0151z\u00e9sek, \u00e9s az \u00e1llcsontok gy\u00f3gyszer okozta elhal\u00e1s\u00e1nak (MRONJ) differenci\u00e1l diagnosztik\u00e1ja \u00e9s ter\u00e1pi\u00e1ja<\/p>\n<p>Dr. Mensch K\u00e1roly<\/p>\n<p style=\"text-align: right\">az or\u00e1lis eg\u00e9szs\u00e9g stomato-onkol\u00f3giai vonatkoz\u00e1sainak \u00e9s <br \/>\na sziszt\u00e9m\u00e1s betegs\u00e9gek kialakul\u00e1s\u00e1ban gyakorolt hat\u00e1sainak vizsg\u00e1lata<br \/>\nstomato-onkol\u00f3giai prevenci\u00f3<\/p>\n<p>Dr. Szab\u00f3 Bence Tam\u00e1s<\/p>\n<p style=\"text-align: right\">mesters\u00e9ges intelligencia alkalmaz\u00e1s\u00e1nak lehet\u0151s\u00e9gei a fog\u00e1szati radiol\u00f3gi\u00e1ban<\/p>\n<p><strong>PhD t\u00e9m\u00e1k<\/strong><\/p>\n<table style=\"width: 99.2632%\" width=\"53%\">\n<tbody>\n<tr>\n<td style=\"width: 100%\">\n<p><a href=\"https:\/\/www.doktori.hu\/index.php?menuid=195&amp;lang=HU&amp;tk_ID=127504\">Fog\u00e1szati anyagok jellemz\u00e9se a klinikai alkalmaz\u00e1s \u00e9rdek\u00e9ben<\/a><\/p>\n<\/td>\n<\/tr>\n<tr>\n<td style=\"width: 100%\">\n<p><a href=\"https:\/\/www.doktori.hu\/index.php?menuid=195&amp;lang=HU&amp;tk_ID=127507\">K\u00e9palkot\u00f3 elj\u00e1r\u00e1sok \u00f6sszehasonl\u00edt\u00e1sa<\/a><\/p>\n<\/td>\n<\/tr>\n<tr>\n<td style=\"width: 100%\">\n<p><a href=\"https:\/\/doktori.hu\/index.php?menuid=195&amp;lang=HU&amp;tk_ID=243970\">A sz\u00e1j\u00fcreget \u00e9s az \u00e1llcsontokat \u00e9rint\u0151 autoimmun betegs\u00e9gek, fert\u0151z\u00e9sek, \u00e9s az \u00e1llcsontok gy\u00f3gyszer okozta elhal\u00e1s\u00e1nak (MRONJ) differenci\u00e1l diagnosztik\u00e1ja \u00e9s ter\u00e1pi\u00e1ja.<\/a><\/p>\n<\/td>\n<\/tr>\n<tr>\n<td style=\"width: 100%\">\n<p><a href=\"https:\/\/semmelweis.hu\/oralis-diagnosztika\/files\/2023\/10\/kutatasitervMK.docx\">A sz\u00e1jhigi\u00e9nia szt\u00f3ma-onkol\u00f3giai vonatkoz\u00e1sainak \u00e9s azok sziszt\u00e9m\u00e1s betegs\u00e9gek kialakul\u00e1s\u00e1ra gyakorolt hat\u00e1sainak vizsg\u00e1lata<\/a><\/p>\n<\/td>\n<\/tr>\n<tr>\n<td style=\"width: 100%\">\n<p><a href=\"https:\/\/doktori.hu\/index.php?menuid=192&amp;lang=HU&amp;sz_ID=15024\">A mesters\u00e9ges intelligencia alkalmaz\u00e1s\u00e1nak lehet\u0151s\u00e9gei a fog\u00e1szati radiol\u00f3gi\u00e1ban<\/a><\/p>\n<\/td>\n<\/tr>\n<\/tbody>\n<\/table>\n<p>&nbsp;<\/p>\n<p><strong>TDK t\u00e9m\u00e1k<\/strong><\/p>\n<p>Aktu\u00e1lis TDK t\u00e9mavezet\u0151k \u00e9s TDK t\u00e9m\u00e1k:<\/p>\n<table style=\"width: 99.5956%;height: 240px\" width=\"326\">\n<tbody>\n<tr style=\"height: 30px\">\n<td style=\"width: 46.8944%;height: 30px\" width=\"155\">Dr. Br\u00f3dy Andrea<\/td>\n<td style=\"width: 194.33%;height: 30px\" width=\"171\">Lichen ruber planus \u00e9s lichenoid l\u00e9zi\u00f3k vizsg\u00e1lata<\/td>\n<\/tr>\n<tr style=\"height: 30px\">\n<td style=\"width: 46.8944%;height: 30px\">Dr. Dob\u00f3-Nagy Csaba<\/td>\n<td style=\"width: 194.33%;height: 30px\">Dentin vastags\u00e1gm\u00e9r\u0151 vizsg\u00e1lata\u00a0<\/td>\n<\/tr>\n<tr style=\"height: 30px\">\n<td style=\"width: 46.8944%;height: 30px\">Dr. Mensch K\u00e1roly<\/td>\n<td style=\"width: 194.33%;height: 30px\">NNTP-t haszn\u00e1l\u00f3 p\u00e1ciensek sz\u00e1j\u00fcregi \u00e1llapot\u00e1nok \u00e9s or\u00e1lis HPV statusanak vizsg\u00e1lata<\/td>\n<\/tr>\n<tr style=\"height: 30px\">\n<td style=\"width: 46.8944%;height: 30px\">Dr. Gresz Veronika<\/td>\n<td style=\"width: 194.33%;height: 30px\">Transzlaci\u00f3s ortodonciai kutat\u00e1sok<\/td>\n<\/tr>\n<tr style=\"height: 30px\">\n<td style=\"width: 46.8944%;height: 30px\">Dr. Simonffy L\u00e1szl\u00f3<\/td>\n<td style=\"width: 194.33%;height: 30px\">Dentogen sinusitisek diagnosztik\u00e1ja \u00e9s kezel\u00e9si lehet\u0151s\u00e9gei<\/td>\n<\/tr>\n<tr style=\"height: 30px\">\n<td style=\"width: 46.8944%;height: 30px\">Dr. Szab\u00f3 Bence Tam\u00e1s<\/td>\n<td style=\"width: 194.33%;height: 30px\">Mesters\u00e9ges intelligencia megb\u00edzhat\u00f3s\u00e1g\u00e1nak vizsg\u00e1lata a fog\u00e1szati radiol\u00f3gi\u00e1ban<\/td>\n<\/tr>\n<tr style=\"height: 30px\">\n<td style=\"width: 46.8944%;height: 30px\">Dr. V\u00e1lyi P\u00e9ter<\/td>\n<td style=\"width: 194.33%;height: 30px\">A gingiva hyperplasia epidemiol\u00f3gi\u00e1ja \u00e9s prevenci\u00f3ja a Ca-csatorna blokkol\u00f3 gy\u00f3gyszert szed\u0151k k\u00f6r\u00e9ben<\/td>\n<\/tr>\n<tr style=\"height: 30px\">\n<td style=\"width: 46.8944%;height: 30px\">Dr. V\u00e1lyi P\u00e9ter<\/td>\n<td style=\"width: 194.33%;height: 30px\">A gingiva hyperplasia epidemiol\u00f3gi\u00e1ja \u00e9s prevenci\u00f3ja a Ca-csatorna blokkol\u00f3 gy\u00f3gyszert szed\u0151k k\u00f6r\u00e9ben<\/td>\n<\/tr>\n<\/tbody>\n<\/table>\n<p>\nA <span style=\"font-size: 1rem\">TDK t\u00e9m\u00e1k<\/span><span style=\"font-size: 1rem\"> teljes list\u00e1ja a\u00a0 az al\u00e1bbi honlapon \u00e9rhet\u0151 el:\u00a0<br \/>\n<\/span><a href=\"https:\/\/semmelweis.hu\/tdk\/oralis-diagnosztikai-tanszek-2\/\">https:\/\/semmelweis.hu\/tdk\/oralis-diagnosztikai-tanszek-2\/<\/a><\/p>\n<p>&nbsp;<\/p>\n","protected":false},"excerpt":{"rendered":"<p>A tansz\u00e9k a kutat\u00e1s ter\u00e9n is jelent\u0151s szerepet v\u00e1llal, hisz helyet ad az Anyagtudom\u00e1nyi Kutat\u00f3k\u00f6zpontnak (MSRI &#8211; <a href=\"https:\/\/semmelweis.hu\/msri\">https:\/\/semmelweis.hu\/msri<\/a> ), amely akt\u00edvan r\u00e9szt vesz nemzetk\u00f6zi kollabor\u00e1ns projektekben, bele\u00e9rtve a fog\u00e1szati anyagok racion\u00e1lis tervez\u00e9s\u00e9t, olyan partnerekkel egy\u00fcttm\u0171k\u00f6dve, mint a Londoni \u00e9s Cambridgei Egyetem, a Toront\u00f3i Egyetem \u00e9s a Hong Kongi Egyetem. Kutat\u00e1si projektek Dr. Dob\u00f3-Nagy Csaba endodontia, modern &hellip;<\/p>\n","protected":false},"author":126,"featured_media":0,"parent":0,"menu_order":4,"comment_status":"closed","ping_status":"closed","template":"","meta":{"_acf_changed":false,"footnotes":""},"categories":[],"tags":[],"class_list":["post-1322","page","type-page","status-publish","hentry"],"acf":[],"_links":{"self":[{"href":"https:\/\/semmelweis.hu\/oralis-diagnosztika\/wp-json\/wp\/v2\/pages\/1322","targetHints":{"allow":["GET"]}}],"collection":[{"href":"https:\/\/semmelweis.hu\/oralis-diagnosztika\/wp-json\/wp\/v2\/pages"}],"about":[{"href":"https:\/\/semmelweis.hu\/oralis-diagnosztika\/wp-json\/wp\/v2\/types\/page"}],"author":[{"embeddable":true,"href":"https:\/\/semmelweis.hu\/oralis-diagnosztika\/wp-json\/wp\/v2\/users\/126"}],"replies":[{"embeddable":true,"href":"https:\/\/semmelweis.hu\/oralis-diagnosztika\/wp-json\/wp\/v2\/comments?post=1322"}],"version-history":[{"count":10,"href":"https:\/\/semmelweis.hu\/oralis-diagnosztika\/wp-json\/wp\/v2\/pages\/1322\/revisions"}],"predecessor-version":[{"id":3327,"href":"https:\/\/semmelweis.hu\/oralis-diagnosztika\/wp-json\/wp\/v2\/pages\/1322\/revisions\/3327"}],"wp:attachment":[{"href":"https:\/\/semmelweis.hu\/oralis-diagnosztika\/wp-json\/wp\/v2\/media?parent=1322"}],"wp:term":[{"taxonomy":"category","embeddable":true,"href":"https:\/\/semmelweis.hu\/oralis-diagnosztika\/wp-json\/wp\/v2\/categories?post=1322"},{"taxonomy":"post_tag","embeddable":true,"href":"https:\/\/semmelweis.hu\/oralis-diagnosztika\/wp-json\/wp\/v2\/tags?post=1322"}],"curies":[{"name":"wp","href":"https:\/\/api.w.org\/{rel}","templated":true}]}}