{"id":1296,"date":"2017-05-17T12:43:58","date_gmt":"2017-05-17T10:43:58","guid":{"rendered":"http:\/\/semmelweis.hu\/oralis-diagnosztika\/?page_id=1296"},"modified":"2025-12-01T12:23:47","modified_gmt":"2025-12-01T11:23:47","slug":"tantargyleirasok","status":"publish","type":"page","link":"https:\/\/semmelweis.hu\/oralis-diagnosztika\/oktatas\/tantargyleirasok\/","title":{"rendered":"Tant\u00e1rgyak k\u00f6vetelm\u00e9nyrendszere"},"content":{"rendered":"<p>Az oktatott t\u00e1rgyak k\u00f6vetelm\u00e9nyrendszere:<\/p>\n<p><a href=\"https:\/\/semmelweis.hu\/oralis-diagnosztika\/files\/2024\/01\/Magyar-Altalanos-es-fogaszati-radiologia-I.pdf\">\u00c1ltal\u00e1nos \u00e9s fog\u00e1szati radiol\u00f3gia I.<\/a><br \/>\n<a href=\"https:\/\/semmelweis.hu\/oralis-diagnosztika\/files\/2024\/01\/Magyar-Altalanos-es-fogaszati-radiologia-II.pdf\">\u00c1ltal\u00e1nos \u00e9s fog\u00e1szati radiol\u00f3gia II.<\/a><br \/>\n<a href=\"https:\/\/semmelweis.hu\/oralis-diagnosztika\/files\/2024\/01\/scanned-SZABVAL-Magyar-Mesterseges-intelligencia-a-fogaszati-radiologiaban-2024.pdf\">Mesters\u00e9ges intelligencia a fog\u00e1szati radiol\u00f3gi\u00e1ban<\/a><br \/>\n<a href=\"https:\/\/semmelweis.hu\/oralis-diagnosztika\/files\/2024\/01\/FOKOODT244_1M-Magyar-Oralis-Medicina-I.pdf\">Or\u00e1lis medicina I.<\/a><br \/>\n<a href=\"https:\/\/semmelweis.hu\/oralis-diagnosztika\/files\/2024\/01\/FOKOODT244_2M-Magyar-Oralis-Medicina-II.pdf\">Or\u00e1lis medicina II.<\/a><br \/>\n<a href=\"https:\/\/semmelweis.hu\/oralis-diagnosztika\/files\/2022\/05\/Magyar-Oralis-Diagnosztika.pdf\">Or\u00e1lis diagnosztika<\/a><br \/>\n<a href=\"https:\/\/semmelweis.hu\/oralis-diagnosztika\/files\/2024\/02\/SZABVAL-Magyar-Problemaorientalt-fogorvosi-diagnosztika-\u2014-feladatmegoldas-a-fogorvoslasban.pdf\">Probl\u00e9maorient\u00e1lt fogorvosi diagnosztika \u2014 feladatmegold\u00e1s a fogorvosl\u00e1sban<\/a><br \/>\n<a href=\"https:\/\/semmelweis.hu\/oralis-diagnosztika\/files\/2024\/01\/Magyar-Sugarvedelmi-ismeretek.pdf\">Sug\u00e1rv\u00e9delmi ismeretek<\/a><br \/>\n<a href=\"https:\/\/semmelweis.hu\/oralis-diagnosztika\/files\/2024\/02\/SZABVAL-Magyar-Szajuregi-rakszures-I..pdf\">Sz\u00e1j\u00fcregi r\u00e1ksz\u0171r\u00e9s I.<\/a><\/p>\n","protected":false},"excerpt":{"rendered":"<p>Az oktatott t\u00e1rgyak k\u00f6vetelm\u00e9nyrendszere:<br \/>\n<a href=\"https:\/\/semmelweis.hu\/oralis-diagnosztika\/files\/2024\/01\/Magyar-Altalanos-es-fogaszati-radiologia-I.pdf\">\u00c1ltal\u00e1nos \u00e9s fog\u00e1szati radiol\u00f3gia I.<\/a><br \/>\n<a href=\"https:\/\/semmelweis.hu\/oralis-diagnosztika\/files\/2024\/01\/Magyar-Altalanos-es-fogaszati-radiologia-II.pdf\">\u00c1ltal\u00e1nos \u00e9s fog\u00e1szati radiol\u00f3gia II.<\/a><br \/>\n<a href=\"https:\/\/semmelweis.hu\/oralis-diagnosztika\/files\/2024\/01\/scanned-SZABVAL-Magyar-Mesterseges-intelligencia-a-fogaszati-radiologiaban-2024.pdf\">Mesters\u00e9ges intelligencia a fog\u00e1szati radiol\u00f3gi\u00e1ban<\/a><br \/>\n<a href=\"https:\/\/semmelweis.hu\/oralis-diagnosztika\/files\/2024\/01\/FOKOODT244_1M-Magyar-Oralis-Medicina-I.pdf\">Or\u00e1lis medicina I.<\/a><br \/>\n<a href=\"https:\/\/semmelweis.hu\/oralis-diagnosztika\/files\/2024\/01\/FOKOODT244_2M-Magyar-Oralis-Medicina-II.pdf\">Or\u00e1lis medicina II.<\/a><br \/>\n<a href=\"https:\/\/semmelweis.hu\/oralis-diagnosztika\/files\/2022\/05\/Magyar-Oralis-Diagnosztika.pdf\">Or\u00e1lis diagnosztika<\/a><br \/>\n<a href=\"https:\/\/semmelweis.hu\/oralis-diagnosztika\/files\/2024\/02\/SZABVAL-Magyar-Problemaorientalt-fogorvosi-diagnosztika-\u2014-feladatmegoldas-a-fogorvoslasban.pdf\">Probl\u00e9maorient\u00e1lt fogorvosi diagnosztika \u2014 feladatmegold\u00e1s a fogorvosl\u00e1sban<\/a><br \/>\n<a href=\"https:\/\/semmelweis.hu\/oralis-diagnosztika\/files\/2024\/01\/Magyar-Sugarvedelmi-ismeretek.pdf\">Sug\u00e1rv\u00e9delmi ismeretek<\/a><br \/>\n<a href=\"https:\/\/semmelweis.hu\/oralis-diagnosztika\/files\/2024\/02\/SZABVAL-Magyar-Szajuregi-rakszures-I..pdf\">Sz\u00e1j\u00fcregi r\u00e1ksz\u0171r\u00e9s I.<\/a><\/p>\n","protected":false},"author":126,"featured_media":0,"parent":29,"menu_order":0,"comment_status":"closed","ping_status":"closed","template":"","meta":{"_acf_changed":false,"footnotes":""},"categories":[],"tags":[],"class_list":["post-1296","page","type-page","status-publish","hentry"],"acf":[],"_links":{"self":[{"href":"https:\/\/semmelweis.hu\/oralis-diagnosztika\/wp-json\/wp\/v2\/pages\/1296","targetHints":{"allow":["GET"]}}],"collection":[{"href":"https:\/\/semmelweis.hu\/oralis-diagnosztika\/wp-json\/wp\/v2\/pages"}],"about":[{"href":"https:\/\/semmelweis.hu\/oralis-diagnosztika\/wp-json\/wp\/v2\/types\/page"}],"author":[{"embeddable":true,"href":"https:\/\/semmelweis.hu\/oralis-diagnosztika\/wp-json\/wp\/v2\/users\/126"}],"replies":[{"embeddable":true,"href":"https:\/\/semmelweis.hu\/oralis-diagnosztika\/wp-json\/wp\/v2\/comments?post=1296"}],"version-history":[{"count":10,"href":"https:\/\/semmelweis.hu\/oralis-diagnosztika\/wp-json\/wp\/v2\/pages\/1296\/revisions"}],"predecessor-version":[{"id":3600,"href":"https:\/\/semmelweis.hu\/oralis-diagnosztika\/wp-json\/wp\/v2\/pages\/1296\/revisions\/3600"}],"up":[{"embeddable":true,"href":"https:\/\/semmelweis.hu\/oralis-diagnosztika\/wp-json\/wp\/v2\/pages\/29"}],"wp:attachment":[{"href":"https:\/\/semmelweis.hu\/oralis-diagnosztika\/wp-json\/wp\/v2\/media?parent=1296"}],"wp:term":[{"taxonomy":"category","embeddable":true,"href":"https:\/\/semmelweis.hu\/oralis-diagnosztika\/wp-json\/wp\/v2\/categories?post=1296"},{"taxonomy":"post_tag","embeddable":true,"href":"https:\/\/semmelweis.hu\/oralis-diagnosztika\/wp-json\/wp\/v2\/tags?post=1296"}],"curies":[{"name":"wp","href":"https:\/\/api.w.org\/{rel}","templated":true}]}}