{"id":1169,"date":"2017-02-16T12:39:59","date_gmt":"2017-02-16T11:39:59","guid":{"rendered":"http:\/\/semmelweis.hu\/oralis-diagnosztika\/?page_id=1169"},"modified":"2024-02-12T08:56:33","modified_gmt":"2024-02-12T07:56:33","slug":"szabadon-valaszthato-targyak","status":"publish","type":"page","link":"https:\/\/semmelweis.hu\/oralis-diagnosztika\/oktatas\/szabadon-valaszthato-targyak\/","title":{"rendered":"Szabadon v\u00e1laszthat\u00f3 t\u00e1rgyak"},"content":{"rendered":"<div><a href=\"https:\/\/semmelweis.hu\/oralis-diagnosztika\/files\/2024\/02\/SZABVAL-Magyar-Problemaorientalt-fogorvosi-diagnosztika-\u2014-feladatmegoldas-a-fogorvoslasban.pdf\">Probl\u00e9maorient\u00e1lt fogorvosi diagnosztika<\/a><\/div>\n<div><a href=\"https:\/\/semmelweis.hu\/oralis-diagnosztika\/files\/2024\/02\/SZABVAL-Magyar-Szajuregi-rakszures-I..pdf\">Sz\u00e1j\u00fcregi r\u00e1ksz\u0171r\u00e9s I.<\/a><\/div>\n<div>\u00a0<\/div>\n<div style=\"text-align: left\"><a href=\"https:\/\/semmelweis.hu\/oralis-diagnosztika\/files\/2024\/01\/scanned-SZABVAL-Magyar-Mesterseges-intelligencia-a-fogaszati-radiologiaban-2024.pdf\">Mesters\u00e9ges intelligencia a fog\u00e1szati radiol\u00f3gi\u00e1ban (FOSVODT336_1M)<\/a><br \/>\n2023\/2024. tavaszi szemeszter<\/div>\n<div><strong id=\"yui_3_18_1_1_1706536971142_911\"><span id=\"yui_3_18_1_1_1706536971142_910\">2024. febru\u00e1r 7-t\u0151l szerd\u00e1nk\u00e9nt 14:00-15:30-ig Or\u00e1lis Diagnosztikai Tansz\u00e9k szemin\u00e1rium term\u00e9ben<\/span><\/strong><\/div>\n<div style=\"text-align: left\">MOODLE link: <br \/>\nhttps:\/\/itc.semmelweis.hu\/moodle\/course\/view.php?id=6448<\/div>\n","protected":false},"excerpt":{"rendered":"<p><a href=\"https:\/\/semmelweis.hu\/oralis-diagnosztika\/files\/2024\/02\/SZABVAL-Magyar-Problemaorientalt-fogorvosi-diagnosztika-\u2014-feladatmegoldas-a-fogorvoslasban.pdf\">Probl\u00e9maorient\u00e1lt fogorvosi diagnosztika<\/a><br \/>\n<a href=\"https:\/\/semmelweis.hu\/oralis-diagnosztika\/files\/2024\/02\/SZABVAL-Magyar-Szajuregi-rakszures-I..pdf\">Sz\u00e1j\u00fcregi r\u00e1ksz\u0171r\u00e9s I.<\/a><br \/>\n\u00a0<br \/>\n<a href=\"https:\/\/semmelweis.hu\/oralis-diagnosztika\/files\/2024\/01\/scanned-SZABVAL-Magyar-Mesterseges-intelligencia-a-fogaszati-radiologiaban-2024.pdf\">Mesters\u00e9ges intelligencia a fog\u00e1szati radiol\u00f3gi\u00e1ban (FOSVODT336_1M)<\/a><br \/>\n2023\/2024. tavaszi szemeszter<br \/>\n2024. febru\u00e1r 7-t\u0151l szerd\u00e1nk\u00e9nt 14:00-15:30-ig Or\u00e1lis Diagnosztikai Tansz\u00e9k szemin\u00e1rium term\u00e9ben<br \/>\nMOODLE link:<br \/>\nhttps:\/\/itc.semmelweis.hu\/moodle\/course\/view.php?id=6448<\/p>\n","protected":false},"author":126,"featured_media":0,"parent":29,"menu_order":5,"comment_status":"closed","ping_status":"closed","template":"","meta":{"_acf_changed":false,"footnotes":""},"categories":[],"tags":[],"class_list":["post-1169","page","type-page","status-publish","hentry"],"acf":[],"_links":{"self":[{"href":"https:\/\/semmelweis.hu\/oralis-diagnosztika\/wp-json\/wp\/v2\/pages\/1169","targetHints":{"allow":["GET"]}}],"collection":[{"href":"https:\/\/semmelweis.hu\/oralis-diagnosztika\/wp-json\/wp\/v2\/pages"}],"about":[{"href":"https:\/\/semmelweis.hu\/oralis-diagnosztika\/wp-json\/wp\/v2\/types\/page"}],"author":[{"embeddable":true,"href":"https:\/\/semmelweis.hu\/oralis-diagnosztika\/wp-json\/wp\/v2\/users\/126"}],"replies":[{"embeddable":true,"href":"https:\/\/semmelweis.hu\/oralis-diagnosztika\/wp-json\/wp\/v2\/comments?post=1169"}],"version-history":[{"count":10,"href":"https:\/\/semmelweis.hu\/oralis-diagnosztika\/wp-json\/wp\/v2\/pages\/1169\/revisions"}],"predecessor-version":[{"id":3381,"href":"https:\/\/semmelweis.hu\/oralis-diagnosztika\/wp-json\/wp\/v2\/pages\/1169\/revisions\/3381"}],"up":[{"embeddable":true,"href":"https:\/\/semmelweis.hu\/oralis-diagnosztika\/wp-json\/wp\/v2\/pages\/29"}],"wp:attachment":[{"href":"https:\/\/semmelweis.hu\/oralis-diagnosztika\/wp-json\/wp\/v2\/media?parent=1169"}],"wp:term":[{"taxonomy":"category","embeddable":true,"href":"https:\/\/semmelweis.hu\/oralis-diagnosztika\/wp-json\/wp\/v2\/categories?post=1169"},{"taxonomy":"post_tag","embeddable":true,"href":"https:\/\/semmelweis.hu\/oralis-diagnosztika\/wp-json\/wp\/v2\/tags?post=1169"}],"curies":[{"name":"wp","href":"https:\/\/api.w.org\/{rel}","templated":true}]}}