{"id":1086,"date":"2016-11-15T18:16:56","date_gmt":"2016-11-15T17:16:56","guid":{"rendered":"http:\/\/semmelweis.hu\/oralis-diagnosztika\/?page_id=1086"},"modified":"2024-11-27T13:50:32","modified_gmt":"2024-11-27T12:50:32","slug":"tetelsor-oralis-medicina","status":"publish","type":"page","link":"https:\/\/semmelweis.hu\/oralis-diagnosztika\/oktatas\/oralis-medicina\/tetelsor-oralis-medicina\/","title":{"rendered":"T\u00e9telsor"},"content":{"rendered":"<p style=\"text-align: center\"><strong>Oralis Medicina II. t\u00e9telsor 2024\/25<br \/>\n(FOKOODT244_2M)<br \/>\n<\/strong><\/p>\n<p>&nbsp;<\/p>\n<ol>\n<li>A sz\u00e1jny\u00e1lkah\u00e1rty\u00e1n el\u0151fordul\u00f3 elemi jelens\u00e9gek<\/li>\n<li>Az ajkak \u00e9s a nyelv jellegzetes elv\u00e1ltoz\u00e1sai, betegs\u00e9gei.<\/li>\n<li>Sziszt\u00e9m\u00e1s betegs\u00e9gek sz\u00e1j\u00fcregi t\u00fcnetei.<\/li>\n<li>A v\u00e9rk\u00e9pz\u0151rendszeri betegs\u00e9gek sz\u00e1j\u00fcregi vonatkoz\u00e1sai.<\/li>\n<li>Sz\u00e1j\u00fcregi h\u00f3lyagk\u00e9pz\u0151d\u00e9ssel j\u00e1r\u00f3 immunrendszeri betegs\u00e9gek.<\/li>\n<li>Lichen oris t\u00edpusai, kezel\u00e9se, progn\u00f3zisa. Mi a k\u00fcl\u00f6nbs\u00e9g a lichenoid reakci\u00f3 \u00e9s a lichen ruber planus k\u00f6z\u00f6tt?<\/li>\n<li>Leukoplakia etiol\u00f3gi\u00e1ja, t\u00edpusai, kezel\u00e9se, progn\u00f3zisa.<\/li>\n<li>Sz\u00e1j\u00fcregi precancerosisok \u00e9s a vel\u00fck kapcsolatos teend\u0151k. HPV fert\u0151z\u00e9s jelent\u0151s\u00e9ge.<\/li>\n<li>Fek\u00e9lyk\u00e9pz\u0151d\u00e9ssel j\u00e1r\u00f3 sz\u00e1jbetegs\u00e9gek.<\/li>\n<li>A malignus sz\u00e1j\u00fcregi daganatok felismer\u00e9se, differenci\u00e1l diagnosztik\u00e1ja. A gyakorl\u00f3 fogorvos feladatai.<\/li>\n<li>V\u00edrusok okozta sz\u00e1jbetegs\u00e9gek.<\/li>\n<li>Gomb\u00e1k okozta sz\u00e1jbetegs\u00e9gek.<\/li>\n<li>A sz\u00e1jny\u00e1lkah\u00e1rtya bakteri\u00e1lis betegs\u00e9gei.<\/li>\n<li>A kis- \u00e9s nagy ny\u00e1lmirigyek gyakoribb betegs\u00e9gei.<\/li>\n<li>Magasabb rizik\u00f3j\u00fa betegek \u00e9s ell\u00e1t\u00e1suk.<\/li>\n<li>A molekul\u00e1ris onkol\u00f3giai diagnosztika jelent\u0151s\u00e9ge.<\/li>\n<li>Nyirokcsom\u00f3 duzzanatok differenci\u00e1l diagnosztik\u00e1ja.<\/li>\n<li>Gy\u00f3gyszer mell\u00e9khat\u00e1sok \u00e9s interakci\u00f3k sz\u00e1j\u00fcregi vonatkoz\u00e1sai.<\/li>\n<li>Sz\u00e1j\u00fcregi benignus daganatok.<\/li>\n<li>Sz\u00e1j\u00fcregi pigment\u00e1lt l\u00e9zi\u00f3k.<\/li>\n<li>Milyen jellemz\u0151k alapj\u00e1n k\u00fcl\u00f6n\u00edthetj\u00fck el egym\u00e1st\u00f3l az apht\u00e1t, az aphthosus l\u00e9zi\u00f3kat, az intraor\u00e1lis herpest simplexet \u00e9s a herpes zostert?<\/li>\n<li>A g\u00f3cbetegs\u00e9g. G\u00f3c t\u00edpusai, \u00e9rt\u00e9kel\u00e9se, g\u00f3cbetegs\u00e9g patomechanizmusai, a fogorvos feladatai.<\/li>\n<\/ol>\n","protected":false},"excerpt":{"rendered":"<p>Oralis Medicina II. t\u00e9telsor 2024\/25 (FOKOODT244_2M) &nbsp; A sz\u00e1jny\u00e1lkah\u00e1rty\u00e1n el\u0151fordul\u00f3 elemi jelens\u00e9gek Az ajkak \u00e9s a nyelv jellegzetes elv\u00e1ltoz\u00e1sai, betegs\u00e9gei. Sziszt\u00e9m\u00e1s betegs\u00e9gek sz\u00e1j\u00fcregi t\u00fcnetei. A v\u00e9rk\u00e9pz\u0151rendszeri betegs\u00e9gek sz\u00e1j\u00fcregi vonatkoz\u00e1sai. Sz\u00e1j\u00fcregi h\u00f3lyagk\u00e9pz\u0151d\u00e9ssel j\u00e1r\u00f3 immunrendszeri betegs\u00e9gek. Lichen oris t\u00edpusai, kezel\u00e9se, progn\u00f3zisa. Mi a k\u00fcl\u00f6nbs\u00e9g a lichenoid reakci\u00f3 \u00e9s a lichen ruber planus k\u00f6z\u00f6tt? Leukoplakia etiol\u00f3gi\u00e1ja, t\u00edpusai, kezel\u00e9se, &hellip;<\/p>\n","protected":false},"author":126,"featured_media":0,"parent":957,"menu_order":3,"comment_status":"closed","ping_status":"closed","template":"","meta":{"_acf_changed":false,"footnotes":""},"categories":[],"tags":[],"class_list":["post-1086","page","type-page","status-publish","hentry"],"acf":[],"_links":{"self":[{"href":"https:\/\/semmelweis.hu\/oralis-diagnosztika\/wp-json\/wp\/v2\/pages\/1086","targetHints":{"allow":["GET"]}}],"collection":[{"href":"https:\/\/semmelweis.hu\/oralis-diagnosztika\/wp-json\/wp\/v2\/pages"}],"about":[{"href":"https:\/\/semmelweis.hu\/oralis-diagnosztika\/wp-json\/wp\/v2\/types\/page"}],"author":[{"embeddable":true,"href":"https:\/\/semmelweis.hu\/oralis-diagnosztika\/wp-json\/wp\/v2\/users\/126"}],"replies":[{"embeddable":true,"href":"https:\/\/semmelweis.hu\/oralis-diagnosztika\/wp-json\/wp\/v2\/comments?post=1086"}],"version-history":[{"count":10,"href":"https:\/\/semmelweis.hu\/oralis-diagnosztika\/wp-json\/wp\/v2\/pages\/1086\/revisions"}],"predecessor-version":[{"id":3495,"href":"https:\/\/semmelweis.hu\/oralis-diagnosztika\/wp-json\/wp\/v2\/pages\/1086\/revisions\/3495"}],"up":[{"embeddable":true,"href":"https:\/\/semmelweis.hu\/oralis-diagnosztika\/wp-json\/wp\/v2\/pages\/957"}],"wp:attachment":[{"href":"https:\/\/semmelweis.hu\/oralis-diagnosztika\/wp-json\/wp\/v2\/media?parent=1086"}],"wp:term":[{"taxonomy":"category","embeddable":true,"href":"https:\/\/semmelweis.hu\/oralis-diagnosztika\/wp-json\/wp\/v2\/categories?post=1086"},{"taxonomy":"post_tag","embeddable":true,"href":"https:\/\/semmelweis.hu\/oralis-diagnosztika\/wp-json\/wp\/v2\/tags?post=1086"}],"curies":[{"name":"wp","href":"https:\/\/api.w.org\/{rel}","templated":true}]}}