{"id":6,"date":"2012-02-04T15:08:31","date_gmt":"2012-02-04T15:08:31","guid":{"rendered":"http:\/\/semmelweis-egyetem.hu\/oralbiologia\/?page_id=6"},"modified":"2023-05-30T15:50:52","modified_gmt":"2023-05-30T13:50:52","slug":"altalanos-informaciok","status":"publish","type":"page","link":"https:\/\/semmelweis.hu\/oralbiologia\/altalanos-informaciok\/","title":{"rendered":"R\u00f3lunk"},"content":{"rendered":"<p style=\"text-align: left;\">Az Or\u00e1lbiol\u00f3giai Tansz\u00e9k a Fogorvostudom\u00e1nyi Kar egyetlen elm\u00e9leti\/preklinikai szervezeti egys\u00e9ge. A Tansz\u00e9k alap\u00edt\u00e1si \u00e9ve 1989. Jogel\u0151dje a Semmelweis Orvostudom\u00e1nyi Egyetem Fogorvostudom\u00e1nyi Kar\u00e1nak Or\u00e1lbiol\u00f3giai Csoportja, amely a K\u00f3r\u00e9lettani Int\u00e9zet fogorvos v\u00e9gzetts\u00e9g\u0171 oktat\u00f3ib\u00f3l alakult 1978-ban. Az Or\u00e1lbiol\u00f3giai Csoport 1989-ben tansz\u00e9kk\u00e9 alakult, vezet\u00e9s\u00e9re Dr. Zelles Tivadar kapott megb\u00edz\u00e1st. Nagy megtiszteltet\u00e9s volt a Tansz\u00e9k sz\u00e1m\u00e1ra, hogy Dr. H\u00e1rsing L\u00e1szl\u00f3 professzor \u00far \u00e9s\u00a0 Dr. B\u00e1n\u00f3czy Jol\u00e1n professzor asszony, a FOK kor\u00e1bbi d\u00e9k\u00e1nja, nyugd\u00edjba vonul\u00e1suk ut\u00e1n, emeritus, illetve emerita professzork\u00e9nt az Or\u00e1lbiol\u00f3giai Tansz\u00e9ken k\u00edv\u00e1ntak dolgozni. A Tansz\u00e9k vezet\u00e9s\u00e9t el\u0151bb 2002-ben Dr. Varga G\u00e1bor, majd 2021 febru\u00e1rj\u00e1ban Dr. Zsembery \u00c1kos vette \u00e1t. Alapvet\u0151 c\u00e9lunk tov\u00e1bbra is a Tansz\u00e9k \u00e1ltal oktatott Or\u00e1lis Biol\u00f3gia \u00e9s az \u00c1ltal\u00e1nos \u00e9s Or\u00e1lis Patofiziol\u00f3gia akkredit\u00e1lt tananyag\u00e1nak korszer\u0171 oktat\u00e1sa, fejleszt\u00e9se, a Zelles professzor tansz\u00e9kvezet\u00e9se alatt el\u00e9rt szakmai sz\u00ednvonal fenntart\u00e1sa. Az Or\u00e1lbiol\u00f3giai Tansz\u00e9k oktat\u00f3g\u00e1rd\u00e1j\u00e1nak nagy szakmai tapasztalata \u00e9s oktat\u00f3i elhivatotts\u00e1ga mindezekhez j\u00f3 alapot biztos\u00edt.<\/p>\n<p style=\"text-align: left;\">Az or\u00e1lis biol\u00f3gia a sz\u00e1j\u00fcreg \u00e9s a sz\u00e1j\u00fcreghez funkcion\u00e1lisan kapcsol\u00f3d\u00f3 szervek, sz\u00f6vetek m\u0171k\u00f6d\u00e9s\u00e9vel, azok egym\u00e1sra hat\u00e1s\u00e1val, valamint a test m\u00e1s szerveihez, szervrendszereihez val\u00f3 viszony\u00e1val foglalkozik mind eg\u00e9szs\u00e9ges \u00e1llapotban, mind betegs\u00e9gben. Az Or\u00e1lis Biol\u00f3gia, mint tant\u00e1rgy a magyar orvosegyetemeken az 1980-as \u00e9vek elej\u00e9n, egyetem\u00fcnk\u00f6n 1982-ben ker\u00fclt be a fogorvosk\u00e9pz\u00e9s curriculum\u00e1ba. A Tansz\u00e9k oktat\u00f3i az angolsz\u00e1sz, illetve a skandin\u00e1v fogorvosk\u00e9pz\u00e9si hagyom\u00e1nyok alapj\u00e1n dolgozt\u00e1k ki a tant\u00e1rgy elm\u00e9leti \u00e9s gyakorlati tanterv\u00e9t.<\/p>\n<p style=\"text-align: left;\">Az Or\u00e1lbiol\u00f3giai Tansz\u00e9k l\u00e9trej\u00f6tt\u00e9nek c\u00e9lja a fogorvosk\u00e9pz\u00e9s szempontj\u00e1b\u00f3l az volt, hogy oktat\u00f3munk\u00e1j\u00e1val hidat \u00e9p\u00edtsen az elm\u00e9leti alapt\u00e1rgyak \u00e9s a fogorvosi klinikai t\u00e1rgyak k\u00f6z\u00f6tt, s \u00edgy alapj\u00e1t k\u00e9pezze annak az orvosbiol\u00f3giai tud\u00e1snak, amelyre a klinikai tant\u00e1rgyak t\u00e1maszkodhatnak, majd a tudom\u00e1nyosan megalapozott fogorvosi gyakorlat alapulhat. Az oktat\u00e1si c\u00e9l megval\u00f3s\u00edt\u00e1sa mellett ugyanolyan jelent\u0151s\u00e9ggel b\u00edrt az a t\u00e9ny, hogy a Tansz\u00e9k l\u00e9trej\u00f6tt\u00e9vel az Egyetem Fogorvostudom\u00e1nyi Kara egy olyan kutat\u00f3b\u00e1zist kapott, amely nemcsak az alaptudom\u00e1nyi kutat\u00e1st, de a klinikai kutat\u00e1sok korszer\u0171 m\u0171vel\u00e9s\u00e9t is igyekszik szolg\u00e1lni. Tansz\u00e9k\u00fcnk jelenleg azon dolgozik, hogy a Kar klinik\u00e1ival t\u00f6rt\u00e9n\u0151 rendszeres szakmai egyeztet\u00e9sek r\u00e9v\u00e9n a fogorvostudom\u00e1nyban relev\u00e1ns, f\u0151leg transzl\u00e1ci\u00f3s kutat\u00e1si lehet\u0151s\u00e9geket\/ig\u00e9nyeket felder\u00edtse, \u00e9s ezeknek teret adjon. Erre alapozva, hasonl\u00f3 szeml\u00e9letet k\u00edv\u00e1nunk er\u0151s\u00edteni az oktat\u00e1sban is.<\/p>\n<p style=\"text-align: left;\">A Tansz\u00e9ken foly\u00f3 kutat\u00e1si lehet\u0151s\u00e9gek nagym\u00e9rt\u00e9kben hozz\u00e1j\u00e1rultak ahhoz, hogy kor\u00e1bban az aspir\u00e1nsk\u00e9pz\u00e9sben, jelenleg a fogorvosi PhD k\u00e9pz\u00e9sben meghat\u00e1roz\u00f3 szerepet t\u00f6lts\u00f6n be az \u201eor\u00e1lbiol\u00f3giai iskola\u201d. Fontos feladat, hogy a tansz\u00e9k tapasztalt oktat\u00f3i \u00e9s kutat\u00f3i saj\u00e1t kutat\u00e1si projektjeikkel kibontakozhassanak, saj\u00e1t jogon kutat\u00e1si p\u00e1ly\u00e1zatokat nyerjenek \u00e9s vezessenek, de t\u00e1mogatjuk fiatal kutat\u00f3ink, hallgat\u00f3ink \u00f6n\u00e1ll\u00f3 kutat\u00e1si kezdem\u00e9nyez\u00e9seit is.<\/p>\n<p style=\"text-align: left;\">A Tansz\u00e9k volt di\u00e1kk\u00f6r\u00f6sei, aspir\u00e1nsai k\u00f6z\u00fcl sz\u00e1mosan ker\u00fcltek a Kar klinik\u00e1ira oktat\u00f3nak, a tan\u00e1rseg\u00e9dt\u0151l a tansz\u00e9kvezet\u0151 egyetemi tan\u00e1rig emelkedve a szakmai rangl\u00e9tr\u00e1n. Az Or\u00e1lbiol\u00f3giai Tansz\u00e9ken foly\u00f3 kutat\u00f3munk\u00e1t t\u00f6bb mint k\u00e9t \u00e9vtizede folyamatos \u00e9s jelent\u0151s hazai \u00e9s nemzetk\u00f6zi kutat\u00e1si t\u00e1mogat\u00e1sok seg\u00edtik. A kutat\u00e1sokhoz sz\u00fcks\u00e9ges eszk\u00f6z\u00f6k rendelkez\u00e9sre \u00e1llnak egyr\u00e9szt az Or\u00e1lbiol\u00f3giai Tansz\u00e9ken, m\u00e1sr\u00e9szt egyetemen bel\u00fcli, hazai \u00e9s nemzetk\u00f6zi egy\u00fcttm\u0171k\u00f6d\u00e9sek keret\u00e9ben. A programjaink anyagi h\u00e1tter\u00e9nek tov\u00e1bbi biztos\u00edt\u00e1s\u00e1hoz jelenleg a legfontosabbak az NKFIH alap- \u00e9s alkalmazott t\u00e1mogat\u00e1sai.<\/p>\n<p style=\"text-align: left;\">A tansz\u00e9k oktat\u00f3i akt\u00edvan r\u00e9szt vesznek mind a nemzetk\u00f6zi fogorvosi szakmai t\u00e1rsas\u00e1gok (IADR, ORCA stb.), mind a nemzetk\u00f6zi fogorvosk\u00e9pz\u00e9si t\u00e1rsas\u00e1g (ADEE) munk\u00e1j\u00e1ban.<\/p>\n","protected":false},"excerpt":{"rendered":"<p>Az Or\u00e1lbiol\u00f3giai Tansz\u00e9k a Fogorvostudom\u00e1nyi Kar egyetlen elm\u00e9leti\/preklinikai szervezeti egys\u00e9ge. A Tansz\u00e9k alap\u00edt\u00e1si \u00e9ve 1989. Alapvet\u0151 c\u00e9lunk a Tansz\u00e9k \u00e1ltal oktatott Or\u00e1lis Biol\u00f3gia \u00e9s az \u00c1ltal\u00e1nos \u00e9s Or\u00e1lis Patofiziol\u00f3gia akkredit\u00e1lt tananyag\u00e1nak korszer\u0171 oktat\u00e1sa, fejleszt\u00e9se.<\/p>\n<p>Az or\u00e1lis biol\u00f3gia a sz\u00e1j\u00fcreg \u00e9s a sz\u00e1j\u00fcreghez funkcion\u00e1lisan kapcsol\u00f3d\u00f3 szervek, sz\u00f6vetek m\u0171k\u00f6d\u00e9s\u00e9vel, azok egym\u00e1sra hat\u00e1s\u00e1val, valamint a test m\u00e1s szerveihez, szervrendszereihez val\u00f3 viszony\u00e1val foglalkozik mind eg\u00e9szs\u00e9ges \u00e1llapotban, mind betegs\u00e9gben.<\/p>\n","protected":false},"author":109,"featured_media":3083,"parent":0,"menu_order":0,"comment_status":"open","ping_status":"open","template":"","meta":{"_acf_changed":false,"footnotes":""},"categories":[],"tags":[],"class_list":["post-6","page","type-page","status-publish","has-post-thumbnail","hentry"],"acf":[],"_links":{"self":[{"href":"https:\/\/semmelweis.hu\/oralbiologia\/wp-json\/wp\/v2\/pages\/6","targetHints":{"allow":["GET"]}}],"collection":[{"href":"https:\/\/semmelweis.hu\/oralbiologia\/wp-json\/wp\/v2\/pages"}],"about":[{"href":"https:\/\/semmelweis.hu\/oralbiologia\/wp-json\/wp\/v2\/types\/page"}],"author":[{"embeddable":true,"href":"https:\/\/semmelweis.hu\/oralbiologia\/wp-json\/wp\/v2\/users\/109"}],"replies":[{"embeddable":true,"href":"https:\/\/semmelweis.hu\/oralbiologia\/wp-json\/wp\/v2\/comments?post=6"}],"version-history":[{"count":11,"href":"https:\/\/semmelweis.hu\/oralbiologia\/wp-json\/wp\/v2\/pages\/6\/revisions"}],"predecessor-version":[{"id":3252,"href":"https:\/\/semmelweis.hu\/oralbiologia\/wp-json\/wp\/v2\/pages\/6\/revisions\/3252"}],"wp:featuredmedia":[{"embeddable":true,"href":"https:\/\/semmelweis.hu\/oralbiologia\/wp-json\/wp\/v2\/media\/3083"}],"wp:attachment":[{"href":"https:\/\/semmelweis.hu\/oralbiologia\/wp-json\/wp\/v2\/media?parent=6"}],"wp:term":[{"taxonomy":"category","embeddable":true,"href":"https:\/\/semmelweis.hu\/oralbiologia\/wp-json\/wp\/v2\/categories?post=6"},{"taxonomy":"post_tag","embeddable":true,"href":"https:\/\/semmelweis.hu\/oralbiologia\/wp-json\/wp\/v2\/tags?post=6"}],"curies":[{"name":"wp","href":"https:\/\/api.w.org\/{rel}","templated":true}]}}