{"id":39,"date":"2012-09-20T07:58:22","date_gmt":"2012-09-20T07:58:22","guid":{"rendered":"http:\/\/semmelweis-egyetem.hu\/oralbiologia\/?page_id=39"},"modified":"2025-09-09T11:28:27","modified_gmt":"2025-09-09T09:28:27","slug":"munkatarsak","status":"publish","type":"page","link":"https:\/\/semmelweis.hu\/oralbiologia\/munkatarsak\/","title":{"rendered":"Munkat\u00e1rsak"},"content":{"rendered":"<table class=\"bottom-border\" style=\"width: 100.368%;height: 668px\" width=\"100%\">\n<tbody>\n<tr style=\"height: 33px\">\n<td style=\"height: 33px;width: 40.1225%\" width=\"40%\"><strong>Tansz\u00e9kvezet\u0151:<\/strong><\/td>\n<td style=\"height: 33px;width: 87.2059%\" width=\"60%\"><a href=\"https:\/\/semmelweis.hu\/telefonkonyv\/?emp_id=11420\"><strong>Dr. Zsembery \u00c1kos egyetemi docens<\/strong><\/a><\/td>\n<td style=\"height: 33px\">\u00a0<\/td>\n<td style=\"height: 33px\">\u00a0<\/td>\n<\/tr>\n<tr style=\"height: 33px\">\n<td style=\"height: 33px;width: 40.1225%\">\u00a0<\/td>\n<td style=\"height: 33px;width: 87.2059%\">\u00a0<\/td>\n<td style=\"height: 33px\">\u00a0<\/td>\n<td style=\"height: 33px\">\u00a0<\/td>\n<\/tr>\n<tr style=\"height: 33px\">\n<td style=\"height: 33px;width: 40.1225%\">Egyetemi tan\u00e1r:<\/td>\n<td style=\"height: 33px;width: 87.2059%\"><a href=\"https:\/\/semmelweis.hu\/telefonkonyv\/?emp_id=218\">Prof. Dr. Varga G\u00e1bor<\/a><\/td>\n<td style=\"height: 33px\">\u00a0<\/td>\n<td style=\"height: 33px\">\u00a0<\/td>\n<\/tr>\n<tr style=\"height: 152px\">\n<td style=\"height: 106px;width: 40.1225%\">Egyetemi docens:<\/td>\n<td style=\"height: 106px;width: 87.2059%\">\n<p><a href=\"https:\/\/semmelweis.hu\/telefonkonyv\/?emp_id=19204\">Dr. K\u00f6les L\u00e1szl\u00f3<\/a> tanulm\u00e1nyi felel\u0151s ( n\u00e9met \u00e9s \u00c1ltal\u00e1nos \u00e9s Or\u00e1lis Patofiziol\u00f3gia magyar)<br \/>\n<a href=\"https:\/\/semmelweis.hu\/telefonkonyv\/?emp_id=19203\">Dr. Zelles Tibor<\/a><br \/>\n<a href=\"https:\/\/semmelweis.hu\/telefonkonyv\/?emp_id=6820\">Dr. Blazsek J\u00f3zsef (ny.)<\/a><\/p>\n<\/td>\n<td style=\"height: 106px\">\u00a0<\/td>\n<td style=\"height: 106px\">\u00a0<\/td>\n<\/tr>\n<tr style=\"height: 87px\">\n<td style=\"height: 63px;width: 40.1225%\" rowspan=\"2\">Egyetemi tan\u00e1rseg\u00e9d:\u00a0<\/td>\n<td style=\"height: 63px;width: 87.2059%\" rowspan=\"2\">\n<p><a href=\"https:\/\/semmelweis.hu\/telefonkonyv\/?emp_id=5398\">Dr. K\u00e1d\u00e1r Krist\u00f3f<\/a> tanulm\u00e1nyi felel\u0151s (angol \u00e9s Or\u00e1lbiol\u00f3gia magyar)<br \/>\n<a href=\"https:\/\/semmelweis.hu\/telefonkonyv\/?emp_id=8082\">Dr. Farkasdi S\u00e1ndor<\/a><\/p>\n<\/td>\n<td style=\"height: 53px\">\u00a0<\/td>\n<td style=\"height: 53px\">\u00a0<\/td>\n<\/tr>\n<tr style=\"height: 98px\">\n<td style=\"width: 40.1225%;height: 10px\">\u00a0<\/td>\n<td style=\"width: 87.2059%;height: 10px\">\u00a0<\/td>\n<\/tr>\n<tr style=\"height: 33px\">\n<td style=\"width: 40.1225%;height: 33px\">Tudom\u00e1nyos f\u0151munkat\u00e1rs:<\/td>\n<td style=\"width: 87.2059%;height: 33px\"><a href=\"https:\/\/semmelweis.hu\/telefonkonyv\/?emp_id=5929\">Dr. F\u00f6ldes Anna<\/a><\/td>\n<td style=\"height: 33px\">\u00a0<\/td>\n<td style=\"height: 33px\">\u00a0<\/td>\n<\/tr>\n<tr style=\"height: 53px\">\n<td style=\"width: 40.1225%;height: 53px\">Tudom\u00e1nyos munkat\u00e1rs:<\/td>\n<td style=\"width: 87.2059%;height: 53px\">\n<p><a href=\"https:\/\/semmelweis.hu\/telefonkonyv\/?emp_id=17894\">Dr. Szepesy Judit<\/a><\/p>\n<\/td>\n<td style=\"height: 53px\">\u00a0<\/td>\n<td style=\"height: 53px\">\u00a0<\/td>\n<\/tr>\n<tr style=\"height: 53px\">\n<td style=\"width: 40.1225%;height: 53px\">Kutat\u00e1si munkat\u00e1rs:<\/td>\n<td style=\"width: 87.2059%;height: 53px\">\n<p><a href=\"https:\/\/semmelweis.hu\/telefonkonyv\/?emp_id=25650\">Dr. Acs\u00e1dy Szilvia<\/a><\/p>\n<\/td>\n<td style=\"height: 53px\">\u00a0<\/td>\n<td style=\"height: 53px\">\u00a0<\/td>\n<\/tr>\n<tr style=\"height: 153px\">\n<td style=\"height: 46px;width: 40.1225%\">Tudom\u00e1nyos seg\u00e9dmunkat\u00e1rs:<\/td>\n<td style=\"height: 46px;width: 87.2059%\">\n<p><a href=\"https:\/\/semmelweis.hu\/telefonkonyv\/?emp_id=8079\">Dr. R\u00e1cz R\u00f3bert<\/a><\/p>\n<p><a href=\"https:\/\/semmelweis.hu\/telefonkonyv\/?emp_id=17892\">Humli Vikt\u00f3ria<\/a><\/p>\n<\/td>\n<td style=\"height: 46px\">\u00a0<\/td>\n<td style=\"height: 46px\">\u00a0<\/td>\n<\/tr>\n<tr style=\"height: 53px\">\n<td style=\"width: 40.1225%;height: 53px\">\u00d3raad\u00f3 oktat\u00f3:<\/td>\n<td style=\"width: 87.2059%;height: 53px\">\n<p><a href=\"https:\/\/semmelweis.hu\/telefonkonyv\/?emp_id=22000\">Dr. Ker\u00e9mi Be\u00e1ta<\/a><\/p>\n<\/td>\n<td style=\"height: 53px\">\u00a0<\/td>\n<td style=\"height: 53px\">\u00a0<\/td>\n<\/tr>\n<tr style=\"height: 53px\">\n<td style=\"width: 40.1225%;height: 53px\">Szakmai tan\u00e1csad\u00f3:<\/td>\n<td style=\"width: 87.2059%;height: 53px\">\n<p><a href=\"https:\/\/semmelweis.hu\/telefonkonyv\/?emp_id=17896\">Dr. Szombath Dezs\u0151<\/a><\/p>\n<\/td>\n<td style=\"height: 53px\">\u00a0<\/td>\n<td style=\"height: 53px\">\u00a0<\/td>\n<\/tr>\n<tr style=\"height: 33px\">\n<td style=\"height: 33px;width: 40.1225%\">PhD hallgat\u00f3:<\/td>\n<td style=\"height: 33px;width: 87.2059%\">Alex Schulze Wenning<\/td>\n<td style=\"height: 33px\">\u00a0<\/td>\n<td style=\"height: 33px\">\u00a0<\/td>\n<\/tr>\n<tr style=\"height: 33px\">\n<td style=\"height: 33px;width: 40.1225%\">Labor asszisztens:<\/td>\n<td style=\"height: 33px;width: 87.2059%\"><a href=\"https:\/\/semmelweis.hu\/telefonkonyv\/?emp_id=23115\">Medgyes R\u00e9ka<\/a><\/td>\n<td style=\"height: 33px\">\u00a0<\/td>\n<td style=\"height: 33px\">\u00a0<\/td>\n<\/tr>\n<tr style=\"height: 33px\">\n<td style=\"height: 10px;width: 40.1225%\">Titk\u00e1rs\u00e1gvezet\u0151:<\/td>\n<td style=\"height: 10px;width: 87.2059%\"><a href=\"https:\/\/semmelweis.hu\/telefonkonyv\/?emp_id=18157\">Cs\u00f6r\u00f6gi G\u00e1born\u00e9 Ildik\u00f3<\/a><\/td>\n<td style=\"height: 10px\">\u00a0<\/td>\n<td style=\"height: 10px\">\u00a0<\/td>\n<\/tr>\n<tr style=\"height: 33px\">\n<td style=\"height: 33px;width: 40.1225%\">Gazdas\u00e1gi \u00fcgyint\u00e9z\u0151:<\/td>\n<td style=\"height: 33px;width: 87.2059%\"><a href=\"https:\/\/semmelweis.hu\/telefonkonyv?act=mt&amp;inst_id=90&amp;emp_id=19202\" target=\"_new\" rel=\"noopener\">B\u00e1n Vivien <\/a><\/td>\n<td style=\"height: 33px\">\u00a0<\/td>\n<td style=\"height: 33px\">\u00a0<\/td>\n<\/tr>\n<\/tbody>\n<\/table>\n<p>&nbsp;<\/p>\n<p><a class=\"btn btn-secondary\" href=\"https:\/\/semmelweis.hu\/telefonkonyv\/?inst_id=90\" target=\"_blank\" rel=\"noopener\">Tov\u00e1bb az online telefonk\u00f6nyvh\u00f6z<\/a><\/p>\n","protected":false},"excerpt":{"rendered":"<p>Tansz\u00e9kvezet\u0151: <a href=\"https:\/\/semmelweis.hu\/telefonkonyv\/?emp_id=11420\">Dr. Zsembery \u00c1kos egyetemi docens<\/a> \u00a0 \u00a0 \u00a0 \u00a0 \u00a0 \u00a0 Egyetemi tan\u00e1r: <a href=\"https:\/\/semmelweis.hu\/telefonkonyv\/?emp_id=218\">Prof. Dr. Varga G\u00e1bor<\/a> \u00a0 \u00a0 Egyetemi docens: <a href=\"https:\/\/semmelweis.hu\/telefonkonyv\/?emp_id=19204\">Dr. K\u00f6les L\u00e1szl\u00f3<\/a> tanulm\u00e1nyi felel\u0151s ( n\u00e9met \u00e9s \u00c1ltal\u00e1nos \u00e9s Or\u00e1lis Patofiziol\u00f3gia magyar) <a href=\"https:\/\/semmelweis.hu\/telefonkonyv\/?emp_id=19203\">Dr. Zelles Tibor<\/a> <a href=\"https:\/\/semmelweis.hu\/telefonkonyv\/?emp_id=6820\">Dr. Blazsek J\u00f3zsef (ny.)<\/a> \u00a0 \u00a0 Egyetemi tan\u00e1rseg\u00e9d:\u00a0 <a href=\"https:\/\/semmelweis.hu\/telefonkonyv\/?emp_id=5398\">Dr. K\u00e1d\u00e1r Krist\u00f3f<\/a> tanulm\u00e1nyi felel\u0151s (angol \u00e9s Or\u00e1lbiol\u00f3gia magyar) <a href=\"https:\/\/semmelweis.hu\/telefonkonyv\/?emp_id=8082\">Dr. Farkasdi S\u00e1ndor<\/a> \u00a0 \u00a0 \u00a0 \u00a0 Tudom\u00e1nyos f\u0151munkat\u00e1rs: <a href=\"https:\/\/semmelweis.hu\/telefonkonyv\/?emp_id=5929\">Dr. F\u00f6ldes Anna<\/a> \u00a0 \u00a0 Tudom\u00e1nyos munkat\u00e1rs: <a href=\"https:\/\/semmelweis.hu\/telefonkonyv\/?emp_id=17894\">Dr. Szepesy Judit<\/a> \u00a0 \u00a0 Kutat\u00e1si munkat\u00e1rs: <a href=\"https:\/\/semmelweis.hu\/telefonkonyv\/?emp_id=25650\">Dr. Acs\u00e1dy Szilvia<\/a> \u00a0 \u00a0 Tudom\u00e1nyos seg\u00e9dmunkat\u00e1rs: <a href=\"https:\/\/semmelweis.hu\/telefonkonyv\/?emp_id=8079\">Dr. R\u00e1cz R\u00f3bert<\/a> <a href=\"https:\/\/semmelweis.hu\/telefonkonyv\/?emp_id=17892\">Humli Vikt\u00f3ria<\/a> \u00a0 \u00a0 \u00d3raad\u00f3 oktat\u00f3: &hellip;<\/p>\n","protected":false},"author":12,"featured_media":0,"parent":0,"menu_order":4,"comment_status":"closed","ping_status":"closed","template":"","meta":{"_acf_changed":false,"footnotes":""},"categories":[],"tags":[],"class_list":["post-39","page","type-page","status-publish","hentry"],"acf":[],"_links":{"self":[{"href":"https:\/\/semmelweis.hu\/oralbiologia\/wp-json\/wp\/v2\/pages\/39","targetHints":{"allow":["GET"]}}],"collection":[{"href":"https:\/\/semmelweis.hu\/oralbiologia\/wp-json\/wp\/v2\/pages"}],"about":[{"href":"https:\/\/semmelweis.hu\/oralbiologia\/wp-json\/wp\/v2\/types\/page"}],"author":[{"embeddable":true,"href":"https:\/\/semmelweis.hu\/oralbiologia\/wp-json\/wp\/v2\/users\/12"}],"replies":[{"embeddable":true,"href":"https:\/\/semmelweis.hu\/oralbiologia\/wp-json\/wp\/v2\/comments?post=39"}],"version-history":[{"count":12,"href":"https:\/\/semmelweis.hu\/oralbiologia\/wp-json\/wp\/v2\/pages\/39\/revisions"}],"predecessor-version":[{"id":3312,"href":"https:\/\/semmelweis.hu\/oralbiologia\/wp-json\/wp\/v2\/pages\/39\/revisions\/3312"}],"wp:attachment":[{"href":"https:\/\/semmelweis.hu\/oralbiologia\/wp-json\/wp\/v2\/media?parent=39"}],"wp:term":[{"taxonomy":"category","embeddable":true,"href":"https:\/\/semmelweis.hu\/oralbiologia\/wp-json\/wp\/v2\/categories?post=39"},{"taxonomy":"post_tag","embeddable":true,"href":"https:\/\/semmelweis.hu\/oralbiologia\/wp-json\/wp\/v2\/tags?post=39"}],"curies":[{"name":"wp","href":"https:\/\/api.w.org\/{rel}","templated":true}]}}