{"id":3256,"date":"2025-03-05T13:47:24","date_gmt":"2025-03-05T12:47:24","guid":{"rendered":"https:\/\/semmelweis.hu\/oralbiologia\/?page_id=3256"},"modified":"2025-12-02T10:50:52","modified_gmt":"2025-12-02T09:50:52","slug":"semmelweis-study","status":"publish","type":"page","link":"https:\/\/semmelweis.hu\/oralbiologia\/semmelweis-study\/","title":{"rendered":"Semmelweis Study"},"content":{"rendered":"<p style=\"text-align: center\"><strong>A vizsg\u00e1latr\u00f3l:<\/strong><\/p>\n<p style=\"text-align: center\"><span style=\"font-size: 12pt\">Vegyen r\u00e9szt ingyenes sz\u00e1j\u00fcregi \u00e9s fog\u00e1szati sz\u0171r\u00e9sen a Semmelweis Study keret\u00e9ben, ahol korszer\u0171 eszk\u00f6z\u00f6kkel, k\u00f6zt\u00fck a ViziLite PRO l\u00e1mp\u00e1val vizsg\u00e1ljuk a ny\u00e1lkah\u00e1rtya elv\u00e1ltoz\u00e1sokat. A f\u00e1jdalommentes <\/span><span style=\"font-size: 12pt\">felm\u00e9r\u00e9s sor\u00e1n teljes k\u00e9pet adunk fogai \u00e9s sz\u00e1j\u00fcrege \u00e1llapot\u00e1r\u00f3l, \u00e9s szem\u00e9lyre szabott tan\u00e1csokat is kap.<\/span><\/p>\n<p style=\"text-align: center\"><strong>Az adatkezel\u00e9sr\u0151l:<\/strong><\/p>\n<p style=\"text-align: center\"><span style=\"font-size: 12pt\">A kutat\u00e1sban r\u00e9sztvev\u0151k Semmelweis Study\u00a0<a href=\"https:\/\/semmelweis.hu\/oralbiologia\/files\/2025\/11\/Adatkezelesi-tajekoztato.pdf\">Adatkezel\u00e9si T\u00e1j\u00e9koztat\u00f3<\/a> dokumentum alapj\u00e1n t\u00e1j\u00e9koz\u00f3dhatnak r\u00e9szletesen.<\/span><\/p>\n<p style=\"text-align: center\"><span style=\"font-size: 12pt\"><strong>Az NNGYK \u00e1ltal ki\u00e1ll\u00edtott szakmai \u00e9s kutat\u00e1si enged\u00e9ly\u00fcnk sz\u00e1ma: <a href=\"https:\/\/semmelweis.hu\/oralbiologia\/files\/2025\/10\/KVO_58445_SE-kutataseng_alairt.pdf\">NNGYK\/58445-7\/2025<\/a><\/strong><\/span><\/p>\n<p style=\"text-align: center\"><strong>Az id\u0151pontfoglal\u00e1sr\u00f3l:<\/strong><\/p>\n<p style=\"text-align: center\"><span style=\"font-size: 12pt\"><strong>A Semmelweis Study dolgoz\u00f3i kutat\u00e1sban az egyetem 25. \u00e9let\u00e9v\u00e9t bet\u00f6lt\u00f6tt munkav\u00e1llal\u00f3i vehetnek r\u00e9szt.<br \/>\n<\/strong><\/span><span style=\"font-size: 12pt\">Ezen az oldalon tud id\u0151pontot foglalni a kutat\u00e1s keret\u00e9ben v\u00e9gzett sz\u00e1j\u00fcregi \u00e1llapotfelm\u00e9r\u00e9sre.\u00a0<br \/>\n<\/span><span style=\"font-size: 12pt\">A vizsg\u00e1latra el\u0151zetes felk\u00e9sz\u00fcl\u00e9s nem sz\u00fcks\u00e9ges.<br \/>\n<strong><span style=\"color: #339966\">Az \u00d6n \u00e1ltal v\u00e1lasztott id\u0151pontr\u00f3l visszaigazol\u00f3 levelet fog kapni az \u00d6n \u00e1ltal megadott e-mail c\u00edmre, melyben sz\u00fcks\u00e9ges eset\u00e9n m\u00f3dos\u00edthatja is az id\u0151pontot.\u00a0 K\u00c9RJ\u00dcK ELLEN\u0150RIZZE A SPAM MAPP\u00c1T, EL\u0150FORDULHAT ODA \u00c9RKEZIK EL\u0150SZ\u00d6R.<\/span><\/strong><\/span><\/p>\n<p style=\"text-align: center\"><span style=\"font-size: 12pt\">K\u00e9rd\u00e9s eset\u00e9n k\u00e9rj\u00fck, keresse koll\u00e9g\u00e1nkat az al\u00e1bbi sz\u00e1mok valamelyik\u00e9n: <br \/>\n<\/span><span style=\"font-size: 12pt\">+3620 825 8733 vagy +3620 670 1045<br \/>\nAmennyiben e-mailben szeretne id\u0151pontot foglalni, k\u00e9rj\u00fck, az al\u00e1bbi c\u00edmre \u00edrjon: idopontfoglalas.szajureg@semmelweis.hu<br \/>\n<\/span><\/p>\n<p style=\"text-align: center\"><span style=\"font-size: 12pt;color: #ff0000\">A lefoglalt vizsg\u00e1lati id\u0151pont esetleges m\u00f3dos\u00edt\u00e1sakor k\u00e9rj\u00fck, legyen tekintettel a felm\u00e9r\u00e9st v\u00e9gz\u0151 koll\u00e9g\u00e1ink szoros id\u0151beoszt\u00e1s\u00e1ra. A m\u00f3dos\u00edt\u00e1st lehet\u0151leg 3-4 nappal az id\u0151pont el\u0151tt tegye meg.<\/span><\/p>\n<p style=\"text-align: center\"><strong>A vizsg\u00e1lat id\u0151tartama kb. 1 \u00f3ra.\u00a0<\/strong><\/p>\n<p style=\"text-align: center\"><strong>K\u00e9rj\u00fck, a vizsg\u00e1latra hozza el mag\u00e1val TAJ k\u00e1rty\u00e1j\u00e1t!<\/strong><\/p>\n<p style=\"text-align: center\"><strong>Id\u0151pontfoglal\u00e1shoz k\u00e9rj\u00fck g\u00f6rgessen lejjebb!<\/strong><\/p>\n<p style=\"text-align: center\"><iframe loading=\"lazy\" src=\"https:\/\/outlook.office.com\/owa\/calendar\/Szjregillapotfelmrs@unisemmelweis.onmicrosoft.com\/bookings\/?ismsaljsauthenabled\" width=\"60%\" height=\"1870px\"><span data-mce-type=\"bookmark\" style=\"width: 0px;overflow: hidden;line-height: 0\" class=\"mce_SELRES_start\">\ufeff<\/span><\/iframe><\/p>\n","protected":false},"excerpt":{"rendered":"<p>A vizsg\u00e1latr\u00f3l: Vegyen r\u00e9szt ingyenes sz\u00e1j\u00fcregi \u00e9s fog\u00e1szati sz\u0171r\u00e9sen a Semmelweis Study keret\u00e9ben, ahol korszer\u0171 eszk\u00f6z\u00f6kkel, k\u00f6zt\u00fck a ViziLite PRO l\u00e1mp\u00e1val vizsg\u00e1ljuk a ny\u00e1lkah\u00e1rtya elv\u00e1ltoz\u00e1sokat. A f\u00e1jdalommentes felm\u00e9r\u00e9s sor\u00e1n teljes k\u00e9pet adunk fogai \u00e9s sz\u00e1j\u00fcrege \u00e1llapot\u00e1r\u00f3l, \u00e9s szem\u00e9lyre szabott tan\u00e1csokat is kap. Az adatkezel\u00e9sr\u0151l: A kutat\u00e1sban r\u00e9sztvev\u0151k Semmelweis Study\u00a0 <a href=\"https:\/\/semmelweis.hu\/oralbiologia\/files\/2025\/11\/Adatkezelesi-tajekoztato.pdf\">Adatkezel\u00e9si T\u00e1j\u00e9koztat\u00f3<\/a> dokumentum alapj\u00e1n t\u00e1j\u00e9koz\u00f3dhatnak r\u00e9szletesen. Az NNGYK &hellip;<\/p>\n","protected":false},"author":102212,"featured_media":0,"parent":0,"menu_order":0,"comment_status":"closed","ping_status":"closed","template":"","meta":{"_acf_changed":false,"footnotes":""},"categories":[],"tags":[],"class_list":["post-3256","page","type-page","status-publish","hentry"],"acf":[],"_links":{"self":[{"href":"https:\/\/semmelweis.hu\/oralbiologia\/wp-json\/wp\/v2\/pages\/3256","targetHints":{"allow":["GET"]}}],"collection":[{"href":"https:\/\/semmelweis.hu\/oralbiologia\/wp-json\/wp\/v2\/pages"}],"about":[{"href":"https:\/\/semmelweis.hu\/oralbiologia\/wp-json\/wp\/v2\/types\/page"}],"author":[{"embeddable":true,"href":"https:\/\/semmelweis.hu\/oralbiologia\/wp-json\/wp\/v2\/users\/102212"}],"replies":[{"embeddable":true,"href":"https:\/\/semmelweis.hu\/oralbiologia\/wp-json\/wp\/v2\/comments?post=3256"}],"version-history":[{"count":10,"href":"https:\/\/semmelweis.hu\/oralbiologia\/wp-json\/wp\/v2\/pages\/3256\/revisions"}],"predecessor-version":[{"id":3335,"href":"https:\/\/semmelweis.hu\/oralbiologia\/wp-json\/wp\/v2\/pages\/3256\/revisions\/3335"}],"wp:attachment":[{"href":"https:\/\/semmelweis.hu\/oralbiologia\/wp-json\/wp\/v2\/media?parent=3256"}],"wp:term":[{"taxonomy":"category","embeddable":true,"href":"https:\/\/semmelweis.hu\/oralbiologia\/wp-json\/wp\/v2\/categories?post=3256"},{"taxonomy":"post_tag","embeddable":true,"href":"https:\/\/semmelweis.hu\/oralbiologia\/wp-json\/wp\/v2\/tags?post=3256"}],"curies":[{"name":"wp","href":"https:\/\/api.w.org\/{rel}","templated":true}]}}