{"id":3044,"date":"2023-05-30T11:56:25","date_gmt":"2023-05-30T09:56:25","guid":{"rendered":"https:\/\/semmelweis.hu\/oralbiologia\/?page_id=3044"},"modified":"2025-11-04T15:56:31","modified_gmt":"2025-11-04T14:56:31","slug":"deutsch","status":"publish","type":"page","link":"https:\/\/semmelweis.hu\/oralbiologia\/deutsch\/","title":{"rendered":"Deutsch"},"content":{"rendered":"<h1>FAKULT\u00c4T F\u00dcR ZAHNMEDIZIN<\/h1>\n<p>Die Fakult\u00e4t f\u00fcr Zahnmedizin bildet jedes Jahr mehr Zahn\u00e4rzte aus als alle drei anderen ungarischen Zahnschulen zusammen; \u00dcber zwei Drittel der praktizierenden Zahn\u00e4rzte in Ungarn erhielten ihr Diplom und ihre Facharztausbildung an der Fakult\u00e4t f\u00fcr Zahnmedizin der Semmelweis-Universit\u00e4t.<\/p>\n<p>Die Fakult\u00e4t wurde 1955 offiziell an der Medizinischen Universit\u00e4t Budapest (heute Semmelweis-Universit\u00e4t) von Professor K\u00e1roly Balogh gegr\u00fcndet, der als erster Dekan fungierte.<\/p>\n<p>Der derzeitige Dekan ist Dr. G\u00e1bor Gerber, D.M.D., Ph.D.<\/p>\n<p>&nbsp;<\/p>\n<div class=\"responsive-tabs\">\n<h2 class=\"tabtitle\">Orale Biologie<\/h2>\n<div class=\"tabcontent\">\n\n<ul>\n<li><a href=\"https:\/\/semmelweis.hu\/oralbiologia\/files\/2025\/03\/OraleBiologie_Themenkatalog-2023.pdf\">Studienfachbeschreibung 2023\/2024<\/a><\/li>\n<\/ul>\n\n<\/div><h2 class=\"tabtitle\">Pathophysiologie<\/h2>\n<div class=\"tabcontent\">\n\n<ul>\n<li><a href=\"https:\/\/semmelweis.hu\/oralbiologia\/files\/2025\/03\/Themenkatalog_Pathophysiologie_2024.pdf\">Studienfachbeschreibung 2023\/2024<\/a><\/li>\n<\/ul>\n<p><strong>Ausf\u00fchrliche, w\u00f6chentlich aktualisierte Bildungsinformationen und<\/strong><br \/>\n<strong>Lehrmaterialien finden Sie in Moodle.<\/strong><\/p>\n\n<\/div><h2 class=\"tabtitle\">Chronische Parodontalerkrankung und systemische Krankheiten<\/h2>\n<div class=\"tabcontent\">\n\n<div class=\"page\" title=\"Page 1\">\n<div class=\"section\">\n<div class=\"layoutArea\">\n<div class=\"column\">\n<ul>\n<li><a href=\"https:\/\/semmelweis.hu\/oralbiologia\/files\/2023\/09\/Parodontalis-szisztemas-kurzus-NEMET.pdf\">Chronische Parodontalerkrankung und systemische Krankheiten 2023\/24<\/a><\/li>\n<\/ul>\n<\/div>\n<\/div>\n<\/div>\n<\/div>\n\n<\/div><h2 class=\"tabtitle\">OMHV <\/h2>\n<div class=\"tabcontent\">\n\n<ul>\n<li style=\"list-style-type: none\">\n<ul>\n<li><a href=\"https:\/\/semmelweis.hu\/oralbiologia\/files\/2025\/11\/Oralbiologie_Aktionsplan_2025.pdf\">Aktionsplan 2025 &#8211; Orale Biologie<\/a><\/li>\n<li><a href=\"https:\/\/semmelweis.hu\/oralbiologia\/files\/2025\/03\/Pathophysiologie_Aktionsplan_2025.pdf\">Aktionsplan 2025 &#8211; Pathophysiologie<\/a><\/li>\n<li><a href=\"https:\/\/semmelweis.hu\/oralbiologia\/files\/2024\/12\/Oralbiologie_Aktionsplan_2024.pdf\">Aktionsplan 2024<\/a><\/li>\n<li><a href=\"https:\/\/semmelweis.hu\/oralbiologia\/files\/2025\/03\/Orale-Biologie-FOKOOBT249_1N-subject.pdf\">Studentische Evaluation der Lehre 2023<\/a><\/li>\n<li><a href=\"https:\/\/semmelweis.hu\/oralbiologia\/files\/2025\/03\/Orale-Biologie-FOKOOBT249_1N-practical.pdf\">Studentische Evaluation der Lehre 2023 &#8211; praktika<\/a><\/li>\n<\/ul>\n<\/li>\n<\/ul>\n<p>&nbsp;<\/p>\n","protected":false},"excerpt":{"rendered":"<p>FAKULT\u00c4T F\u00dcR ZAHNMEDIZIN Die Fakult\u00e4t f\u00fcr Zahnmedizin bildet jedes Jahr mehr Zahn\u00e4rzte aus als alle drei anderen ungarischen Zahnschulen zusammen; \u00dcber zwei Drittel der praktizierenden Zahn\u00e4rzte in Ungarn erhielten ihr Diplom und ihre Facharztausbildung an der Fakult\u00e4t f\u00fcr Zahnmedizin der Semmelweis-Universit\u00e4t. Die Fakult\u00e4t wurde 1955 offiziell an der Medizinischen Universit\u00e4t Budapest (heute Semmelweis-Universit\u00e4t) von Professor &hellip;<\/p>\n","protected":false},"author":102212,"featured_media":0,"parent":0,"menu_order":8,"comment_status":"closed","ping_status":"closed","template":"","meta":{"_acf_changed":false,"footnotes":""},"categories":[],"tags":[],"class_list":["post-3044","page","type-page","status-publish","hentry"],"acf":[],"_links":{"self":[{"href":"https:\/\/semmelweis.hu\/oralbiologia\/wp-json\/wp\/v2\/pages\/3044","targetHints":{"allow":["GET"]}}],"collection":[{"href":"https:\/\/semmelweis.hu\/oralbiologia\/wp-json\/wp\/v2\/pages"}],"about":[{"href":"https:\/\/semmelweis.hu\/oralbiologia\/wp-json\/wp\/v2\/types\/page"}],"author":[{"embeddable":true,"href":"https:\/\/semmelweis.hu\/oralbiologia\/wp-json\/wp\/v2\/users\/102212"}],"replies":[{"embeddable":true,"href":"https:\/\/semmelweis.hu\/oralbiologia\/wp-json\/wp\/v2\/comments?post=3044"}],"version-history":[{"count":10,"href":"https:\/\/semmelweis.hu\/oralbiologia\/wp-json\/wp\/v2\/pages\/3044\/revisions"}],"predecessor-version":[{"id":3325,"href":"https:\/\/semmelweis.hu\/oralbiologia\/wp-json\/wp\/v2\/pages\/3044\/revisions\/3325"}],"wp:attachment":[{"href":"https:\/\/semmelweis.hu\/oralbiologia\/wp-json\/wp\/v2\/media?parent=3044"}],"wp:term":[{"taxonomy":"category","embeddable":true,"href":"https:\/\/semmelweis.hu\/oralbiologia\/wp-json\/wp\/v2\/categories?post=3044"},{"taxonomy":"post_tag","embeddable":true,"href":"https:\/\/semmelweis.hu\/oralbiologia\/wp-json\/wp\/v2\/tags?post=3044"}],"curies":[{"name":"wp","href":"https:\/\/api.w.org\/{rel}","templated":true}]}}