{"id":2857,"date":"2023-05-15T12:05:46","date_gmt":"2023-05-15T10:05:46","guid":{"rendered":"https:\/\/semmelweis.hu\/oralbiologia\/?page_id=2857"},"modified":"2023-05-30T11:08:56","modified_gmt":"2023-05-30T09:08:56","slug":"kurzusok","status":"publish","type":"page","link":"https:\/\/semmelweis.hu\/oralbiologia\/oktatas\/kurzusok\/","title":{"rendered":"Kurzusok"},"content":{"rendered":"<p><strong>Dr. Varga G\u00e1bor \u00f6n\u00e1ll\u00f3an meghirdetett, akkredit\u00e1lt kurzusai:<\/strong><\/p>\n<ul>\n<li>DI2506_1M Modern fogorvostudom\u00e1nyi kutat\u00e1sok kih\u00edv\u00e1sai \u2013 interakt\u00edv kurzus<\/li>\n<li>DI2506A_1A Challenges in modern dental research \u2013 interactive course<\/li>\n<li>DI2505_1M Modern fogorvostudom\u00e1nyi kutat\u00e1sok \u2013 m\u00f3dszertani kurzus<\/li>\n<li>DI25052A_1A Modern research methods in dentistry \u2013 methodological course<\/li>\n<li>FOSVOBT069_1M Fogorvostudom\u00e1nyi kutat\u00e1s alapjai<\/li>\n<li>Emellett a \u201eGroup Leader\u201d a Transzl\u00e1ci\u00f3s Medicina K\u00f6zpont \u00e1ltal vezetett klinikai PhD program \u201eDentistry\u201d csoportj\u00e1ban, mind az 1., mind a 2. \u00e9vfolyamban<\/li>\n<\/ul>\n","protected":false},"excerpt":{"rendered":"<p>Dr. Varga G\u00e1bor \u00f6n\u00e1ll\u00f3an meghirdetett, akkredit\u00e1lt kurzusai: DI2506_1M Modern fogorvostudom\u00e1nyi kutat\u00e1sok kih\u00edv\u00e1sai \u2013 interakt\u00edv kurzus DI2506A_1A Challenges in modern dental research \u2013 interactive course DI2505_1M Modern fogorvostudom\u00e1nyi kutat\u00e1sok \u2013 m\u00f3dszertani kurzus DI25052A_1A Modern research methods in dentistry \u2013 methodological course FOSVOBT069_1M Fogorvostudom\u00e1nyi kutat\u00e1s alapjai Emellett a \u201eGroup Leader\u201d a Transzl\u00e1ci\u00f3s Medicina K\u00f6zpont \u00e1ltal vezetett klinikai &hellip;<\/p>\n","protected":false},"author":102212,"featured_media":0,"parent":28,"menu_order":1,"comment_status":"closed","ping_status":"closed","template":"","meta":{"_acf_changed":false,"footnotes":""},"categories":[],"tags":[],"class_list":["post-2857","page","type-page","status-publish","hentry"],"acf":[],"_links":{"self":[{"href":"https:\/\/semmelweis.hu\/oralbiologia\/wp-json\/wp\/v2\/pages\/2857","targetHints":{"allow":["GET"]}}],"collection":[{"href":"https:\/\/semmelweis.hu\/oralbiologia\/wp-json\/wp\/v2\/pages"}],"about":[{"href":"https:\/\/semmelweis.hu\/oralbiologia\/wp-json\/wp\/v2\/types\/page"}],"author":[{"embeddable":true,"href":"https:\/\/semmelweis.hu\/oralbiologia\/wp-json\/wp\/v2\/users\/102212"}],"replies":[{"embeddable":true,"href":"https:\/\/semmelweis.hu\/oralbiologia\/wp-json\/wp\/v2\/comments?post=2857"}],"version-history":[{"count":2,"href":"https:\/\/semmelweis.hu\/oralbiologia\/wp-json\/wp\/v2\/pages\/2857\/revisions"}],"predecessor-version":[{"id":3039,"href":"https:\/\/semmelweis.hu\/oralbiologia\/wp-json\/wp\/v2\/pages\/2857\/revisions\/3039"}],"up":[{"embeddable":true,"href":"https:\/\/semmelweis.hu\/oralbiologia\/wp-json\/wp\/v2\/pages\/28"}],"wp:attachment":[{"href":"https:\/\/semmelweis.hu\/oralbiologia\/wp-json\/wp\/v2\/media?parent=2857"}],"wp:term":[{"taxonomy":"category","embeddable":true,"href":"https:\/\/semmelweis.hu\/oralbiologia\/wp-json\/wp\/v2\/categories?post=2857"},{"taxonomy":"post_tag","embeddable":true,"href":"https:\/\/semmelweis.hu\/oralbiologia\/wp-json\/wp\/v2\/tags?post=2857"}],"curies":[{"name":"wp","href":"https:\/\/api.w.org\/{rel}","templated":true}]}}