{"id":2817,"date":"2023-04-24T10:50:26","date_gmt":"2023-04-24T08:50:26","guid":{"rendered":"https:\/\/semmelweis.hu\/oralbiologia\/?page_id=2817"},"modified":"2023-05-30T11:07:13","modified_gmt":"2023-05-30T09:07:13","slug":"kutatasi-temak","status":"publish","type":"page","link":"https:\/\/semmelweis.hu\/oralbiologia\/kutatas\/kutatasi-temak\/","title":{"rendered":"Kutat\u00e1si t\u00e9m\u00e1k"},"content":{"rendered":"<ul>\n<li>Epitheli\u00e1lis eredet\u0171 sz\u00f6vetek, \u00edgy els\u0151sorban a ny\u00e1lmirigyek, a fogzom\u00e1nc, a hasny\u00e1lmirigy fejl\u0151d\u00e9s\u00e9t \u00e9s m\u0171k\u00f6d\u00e9s\u00e9t szab\u00e1lyoz\u00f3 mechanizmusok molekul\u00e1ris szint\u0171 tanulm\u00e1nyoz\u00e1sa.<\/li>\n<li>Emberi fogsz\u00f6vetekb\u0151l sz\u00e1rmaz\u00f3 \u0151ssejtek vizsg\u00e1lata odontog\u00e9n, osteog\u00e9n \u00e9s neurog\u00e9n ir\u00e1ny\u00fa alkalmaz\u00e1sa sz\u00f6veti regener\u00e1ci\u00f3s rendszerekben<\/li>\n<li>A ny\u00e1ldiagnosztika alkalmaz\u00e1si lehet\u0151s\u00e9geit kutatja COVID-19<br \/>\nbetegs\u00e9g azonos\u00edt\u00e1s\u00e1ra.<\/li>\n<li>Molecular ion transport mechanism of dental enamel formation<\/li>\n<li>Bicarbonate as a Possible Agent for the Modulation of Inflammatory Responses<\/li>\n<li>A magyarorsz\u00e1gi feln\u0151tt ciszt\u00e1s fibr\u00f3zisban szenved\u0151 betegek sz\u00e1j\u00fcregi eg\u00e9szs\u00e9g\u00e9nek felm\u00e9r\u00e9se<\/li>\n<li>A hipert\u00f3ni\u00e1s bikarbon\u00e1t vizsg\u00e1lata, mint \u00faj ter\u00e1pi\u00e1s lehet\u0151s\u00e9g t\u00fcd\u0151gyullad\u00e1s k\u00eds\u00e9rletes \u00e1llatmodellj\u00e9ben<\/li>\n<li>Modulation of SARS-CoV-2 entry into induced neuronal cells \u2013 a model for understanding infection mechanisms and preventing neurological complications of COVID-19<\/li>\n<li>Pathogen detection in saliva from patient with colorectal carcinoma and\/or periodontitis<\/li>\n<li>Purinerg kalcium szignaliz\u00e1ci\u00f3 a csig\u00e1ban \u00e9s a fogakban a fejl\u0151d\u00e9s sor\u00e1n \u00e9s kifejlett \u00e1llapotban<\/li>\n<li>A hagyom\u00e1nyos kismolekul\u00e1j\u00fa gy\u00f3gyszerek \u00e9s az \u00fajabb immuno farmakonok hall\u00e1sra, hall\u00e1sk\u00e1rosod\u00e1sokra \u00e9s a periodontitisre gyakorolt hat\u00e1sainak \u00e9s mell\u00e9khat\u00e1sainak vizsg\u00e1lata<\/li>\n<\/ul>\n","protected":false},"excerpt":{"rendered":"<p>Epitheli\u00e1lis eredet\u0171 sz\u00f6vetek, \u00edgy els\u0151sorban a ny\u00e1lmirigyek, a fogzom\u00e1nc, a hasny\u00e1lmirigy fejl\u0151d\u00e9s\u00e9t \u00e9s m\u0171k\u00f6d\u00e9s\u00e9t szab\u00e1lyoz\u00f3 mechanizmusok molekul\u00e1ris szint\u0171 tanulm\u00e1nyoz\u00e1sa. Emberi fogsz\u00f6vetekb\u0151l sz\u00e1rmaz\u00f3 \u0151ssejtek vizsg\u00e1lata odontog\u00e9n, osteog\u00e9n \u00e9s neurog\u00e9n ir\u00e1ny\u00fa alkalmaz\u00e1sa sz\u00f6veti regener\u00e1ci\u00f3s rendszerekben A ny\u00e1ldiagnosztika alkalmaz\u00e1si lehet\u0151s\u00e9geit kutatja COVID-19 betegs\u00e9g azonos\u00edt\u00e1s\u00e1ra. Molecular ion transport mechanism of dental enamel formation Bicarbonate as a Possible Agent for &hellip;<\/p>\n","protected":false},"author":109,"featured_media":0,"parent":41,"menu_order":1,"comment_status":"closed","ping_status":"closed","template":"","meta":{"_acf_changed":false,"footnotes":""},"categories":[],"tags":[],"class_list":["post-2817","page","type-page","status-publish","hentry"],"acf":[],"_links":{"self":[{"href":"https:\/\/semmelweis.hu\/oralbiologia\/wp-json\/wp\/v2\/pages\/2817","targetHints":{"allow":["GET"]}}],"collection":[{"href":"https:\/\/semmelweis.hu\/oralbiologia\/wp-json\/wp\/v2\/pages"}],"about":[{"href":"https:\/\/semmelweis.hu\/oralbiologia\/wp-json\/wp\/v2\/types\/page"}],"author":[{"embeddable":true,"href":"https:\/\/semmelweis.hu\/oralbiologia\/wp-json\/wp\/v2\/users\/109"}],"replies":[{"embeddable":true,"href":"https:\/\/semmelweis.hu\/oralbiologia\/wp-json\/wp\/v2\/comments?post=2817"}],"version-history":[{"count":5,"href":"https:\/\/semmelweis.hu\/oralbiologia\/wp-json\/wp\/v2\/pages\/2817\/revisions"}],"predecessor-version":[{"id":3113,"href":"https:\/\/semmelweis.hu\/oralbiologia\/wp-json\/wp\/v2\/pages\/2817\/revisions\/3113"}],"up":[{"embeddable":true,"href":"https:\/\/semmelweis.hu\/oralbiologia\/wp-json\/wp\/v2\/pages\/41"}],"wp:attachment":[{"href":"https:\/\/semmelweis.hu\/oralbiologia\/wp-json\/wp\/v2\/media?parent=2817"}],"wp:term":[{"taxonomy":"category","embeddable":true,"href":"https:\/\/semmelweis.hu\/oralbiologia\/wp-json\/wp\/v2\/categories?post=2817"},{"taxonomy":"post_tag","embeddable":true,"href":"https:\/\/semmelweis.hu\/oralbiologia\/wp-json\/wp\/v2\/tags?post=2817"}],"curies":[{"name":"wp","href":"https:\/\/api.w.org\/{rel}","templated":true}]}}