{"id":28,"date":"2012-09-20T07:22:20","date_gmt":"2012-09-20T05:22:20","guid":{"rendered":"http:\/\/semmelweis-egyetem.hu\/oralbiologia\/?page_id=28"},"modified":"2023-05-30T15:55:20","modified_gmt":"2023-05-30T13:55:20","slug":"oktatas","status":"publish","type":"page","link":"https:\/\/semmelweis.hu\/oralbiologia\/oktatas\/","title":{"rendered":"Oktat\u00e1s"},"content":{"rendered":"<p style=\"text-align: left;\">Tansz\u00e9k\u00fcnk k\u00e9t \u2013 egyenk\u00e9nt 1-1 szemeszteres &#8211; tant\u00e1rgyat oktat: a Fogorvostudom\u00e1nyi Kar III. \u00e9vfolyam\u00e1n <a href=\"https:\/\/semmelweis.hu\/oralbiologia\/oktatas\/patofiziologia\/\">az \u00c1ltal\u00e1nos \u00e9s Or\u00e1lis Patofiziol\u00f3gi\u00e1t<\/a> \u00e9s az <a href=\"https:\/\/semmelweis.hu\/oralbiologia\/oktatas\/oralbiologia\/\">Or\u00e1lis Biol\u00f3gi\u00e1t<\/a>. A fogorvostan hallgat\u00f3k sz\u00e1m\u00e1ra speci\u00e1lisan kialak\u00edtott \u00c1ltal\u00e1nos \u00e9s Or\u00e1lis Patofiziol\u00f3gia \u2013 a tan\u00e9v \u0151szi szemeszter\u00e9ben &#8211; \u00e9s az Or\u00e1lis Biol\u00f3gia \u2013 a\u00a0 tavaszi szemeszterben &#8211; egyar\u00e1nt preklinikai t\u00e1rgyak.<\/p>\n<div class=\"keretes w-100\">\n<ul>\n<li><a href=\"https:\/\/semmelweis.hu\/oralbiologia\/oktatas\/oralbiologia\/\">Or\u00e1lbiol\u00f3gia<\/a><\/li>\n<li><a href=\"https:\/\/semmelweis.hu\/oralbiologia\/oktatas\/patofiziologia\/\">Patofiziol\u00f3gia<\/a><\/li>\n<li><a href=\"https:\/\/semmelweis.hu\/oralbiologia\/oktatas\/kurzusok\/\">Kurzusok<\/a><\/li>\n<li><a href=\"https:\/\/semmelweis.hu\/oralbiologia\/oktatas\/meghirdetett-tdk-temak\/\">Meghirdetett TDK-t\u00e9m\u00e1k<\/a><\/li>\n<li><a href=\"https:\/\/semmelweis.hu\/oralbiologia\/oktatas\/szakdolgozat-temak\/\">Szakdolgozat t\u00e9m\u00e1k<\/a><\/li>\n<li><a href=\"https:\/\/semmelweis.hu\/oralbiologia\/oktatas\/demonstratori-palyazat\/\">Demonstr\u00e1tori p\u00e1ly\u00e1zat<\/a><\/li>\n<\/ul>\n<\/div>\n<p style=\"text-align: left;\">Kurzusainkon az oktat\u00e1si anyagok a Moodle elektronikus fel\u00fcleten kereszt\u00fcl el\u00e9rhet\u0151k magyar, angol \u00e9s n\u00e9met nyelven egyar\u00e1nt.<\/p>\n<p style=\"text-align: left;\">Mindezek mellett jelenleg a Tansz\u00e9k t\u00f6bb k\u00fcl\u00f6nb\u00f6z\u0151 2-3 kreditpont \u00e9rt\u00e9k\u0171 szabadon v\u00e1laszthat\u00f3 kurzust tart fogorvostan-hallgat\u00f3k \u00e9s<a href=\"https:\/\/semmelweis.hu\/oralbiologia\/kutatas\/phd-temak\/\"> PhD hallgat\u00f3k sz\u00e1m\u00e1ra<\/a>, angol nyelven is.<\/p>\n<p style=\"text-align: left;\">A 2023\/2024-es tan\u00e9vt\u0151l ind\u00edtjuk \u00faj kurzusunkat &#8211; a Parodontol\u00f3giai Klinika vezet\u0151 oktat\u00f3ival, valamint a t\u00e9mater\u00fcletek szak\u00e9rt\u0151ivel egy\u00fcttm\u0171k\u00f6dve &#8211; Kr\u00f3nikus fog\u00e1gybetegs\u00e9g \u00e9s sziszt\u00e9m\u00e1s megbeteged\u00e9sek c\u00edmmel. A kurzus c\u00e9lja a fog\u00e1gybetegs\u00e9g \u00e9s sz\u00e1mos, n\u00e9pbetegs\u00e9gnek sz\u00e1m\u00edt\u00f3 sziszt\u00e9m\u00e1s megbeteged\u00e9s (pl. kardiovaszkul\u00e1ris betegs\u00e9gek, metabolikus zavarok, kognit\u00edv diszfunkci\u00f3k \u00e9s em\u00e9szt\u0151rendszervi tumorok) k\u00f6z\u00f6tti \u00f6sszef\u00fcgg\u00e9sek k\u00f3r\u00e9lettani, mikrobiol\u00f3giai \u00e9s n\u00e9peg\u00e9szs\u00e9g\u00fcgyi vonatkoz\u00e1sainak \u201eup-to-date\u201d bemutat\u00e1sa. Oktat\u00e1si tev\u00e9kenys\u00e9g\u00fcnkkel hozz\u00e1 szeretn\u00e9nk j\u00e1rulni a fogorvostanhallgat\u00f3k klinikai szeml\u00e9let\u00e9nek form\u00e1l\u00e1s\u00e1hoz, ismereteket szolg\u00e1ltatni arra vonatkoz\u00f3an is, hogy mi\u00e9rt elengedhetetlen a k\u00fcl\u00f6nb\u00f6z\u0151 szakir\u00e1nyokban tev\u00e9kenyked\u0151 orvosok szoros egy\u00fcttm\u0171k\u00f6d\u00e9se a gy\u00f3gy\u00edt\u00f3, prevent\u00edv tev\u00e9kenys\u00e9g\u00fck sor\u00e1n. \u00daj kurzusunk, amelyet az \u00c1OK hallgat\u00f3inak is meghirdet\u00fcnk, rem\u00e9nyeink szerint a hallgat\u00f3k \u00e9s a karok k\u00f6z\u00f6tti jobb kommunik\u00e1ci\u00f3t \u00e9s szorosabb egy\u00fcttm\u0171k\u00f6d\u00e9st is el\u0151seg\u00edti.<\/p>\n","protected":false},"excerpt":{"rendered":"<p>Tansz\u00e9k\u00fcnk k\u00e9t \u2013 egyenk\u00e9nt 1-1 szemeszteres &#8211; tant\u00e1rgyat oktat: a Fogorvostudom\u00e1nyi Kar III. \u00e9vfolyam\u00e1n <a href=\"https:\/\/semmelweis.hu\/oralbiologia\/oktatas\/patofiziologia\/\">az \u00c1ltal\u00e1nos \u00e9s Or\u00e1lis Patofiziol\u00f3gi\u00e1t<\/a> \u00e9s az <a href=\"https:\/\/semmelweis.hu\/oralbiologia\/oktatas\/oralbiologia\/\">Or\u00e1lis Biol\u00f3gi\u00e1t<\/a> . A fogorvostan hallgat\u00f3k sz\u00e1m\u00e1ra speci\u00e1lisan kialak\u00edtott \u00c1ltal\u00e1nos \u00e9s Or\u00e1lis Patofiziol\u00f3gia \u2013 a tan\u00e9v \u0151szi szemeszter\u00e9ben &#8211; \u00e9s az Or\u00e1lis Biol\u00f3gia \u2013 a\u00a0 tavaszi szemeszterben &#8211; egyar\u00e1nt preklinikai t\u00e1rgyak. <a href=\"https:\/\/semmelweis.hu\/oralbiologia\/oktatas\/oralbiologia\/\">Or\u00e1lbiol\u00f3gia<\/a> <a href=\"https:\/\/semmelweis.hu\/oralbiologia\/oktatas\/patofiziologia\/\">Patofiziol\u00f3gia<\/a> <a href=\"https:\/\/semmelweis.hu\/oralbiologia\/oktatas\/kurzusok\/\">Kurzusok<\/a> <a href=\"https:\/\/semmelweis.hu\/oralbiologia\/oktatas\/meghirdetett-tdk-temak\/\">Meghirdetett TDK-t\u00e9m\u00e1k<\/a> <a href=\"https:\/\/semmelweis.hu\/oralbiologia\/oktatas\/szakdolgozat-temak\/\">Szakdolgozat t\u00e9m\u00e1k<\/a> <a href=\"https:\/\/semmelweis.hu\/oralbiologia\/oktatas\/demonstratori-palyazat\/\">Demonstr\u00e1tori p\u00e1ly\u00e1zat<\/a> Kurzusainkon az oktat\u00e1si anyagok a Moodle elektronikus fel\u00fcleten kereszt\u00fcl el\u00e9rhet\u0151k &hellip;<\/p>\n","protected":false},"author":12,"featured_media":0,"parent":0,"menu_order":3,"comment_status":"open","ping_status":"closed","template":"","meta":{"_acf_changed":false,"footnotes":""},"categories":[],"tags":[],"class_list":["post-28","page","type-page","status-publish","hentry"],"acf":[],"_links":{"self":[{"href":"https:\/\/semmelweis.hu\/oralbiologia\/wp-json\/wp\/v2\/pages\/28","targetHints":{"allow":["GET"]}}],"collection":[{"href":"https:\/\/semmelweis.hu\/oralbiologia\/wp-json\/wp\/v2\/pages"}],"about":[{"href":"https:\/\/semmelweis.hu\/oralbiologia\/wp-json\/wp\/v2\/types\/page"}],"author":[{"embeddable":true,"href":"https:\/\/semmelweis.hu\/oralbiologia\/wp-json\/wp\/v2\/users\/12"}],"replies":[{"embeddable":true,"href":"https:\/\/semmelweis.hu\/oralbiologia\/wp-json\/wp\/v2\/comments?post=28"}],"version-history":[{"count":5,"href":"https:\/\/semmelweis.hu\/oralbiologia\/wp-json\/wp\/v2\/pages\/28\/revisions"}],"predecessor-version":[{"id":3090,"href":"https:\/\/semmelweis.hu\/oralbiologia\/wp-json\/wp\/v2\/pages\/28\/revisions\/3090"}],"wp:attachment":[{"href":"https:\/\/semmelweis.hu\/oralbiologia\/wp-json\/wp\/v2\/media?parent=28"}],"wp:term":[{"taxonomy":"category","embeddable":true,"href":"https:\/\/semmelweis.hu\/oralbiologia\/wp-json\/wp\/v2\/categories?post=28"},{"taxonomy":"post_tag","embeddable":true,"href":"https:\/\/semmelweis.hu\/oralbiologia\/wp-json\/wp\/v2\/tags?post=28"}],"curies":[{"name":"wp","href":"https:\/\/api.w.org\/{rel}","templated":true}]}}