{"id":2713,"date":"2021-05-27T13:32:58","date_gmt":"2021-05-27T11:32:58","guid":{"rendered":"https:\/\/semmelweis.hu\/oralbiologia\/?page_id=2713"},"modified":"2024-12-16T13:22:02","modified_gmt":"2024-12-16T12:22:02","slug":"demonstratori-palyazat","status":"publish","type":"page","link":"https:\/\/semmelweis.hu\/oralbiologia\/oktatas\/demonstratori-palyazat\/","title":{"rendered":"Demonstr\u00e1tori p\u00e1ly\u00e1zat"},"content":{"rendered":"<p><a href=\"https:\/\/semmelweis.hu\/oralbiologia\/files\/2024\/12\/2021_22_Demonstratori_palyazat_Oralbiologiai-Tanszek-1.pdf\">Demonstr\u00e1tori p\u00e1ly\u00e1zat 2021\/2022<\/a><\/p>\n","protected":false},"excerpt":{"rendered":"<p><a href=\"https:\/\/semmelweis.hu\/oralbiologia\/files\/2024\/12\/2021_22_Demonstratori_palyazat_Oralbiologiai-Tanszek-1.pdf\">Demonstr\u00e1tori p\u00e1ly\u00e1zat 2021\/2022<\/a><\/p>\n","protected":false},"author":109,"featured_media":0,"parent":28,"menu_order":5,"comment_status":"closed","ping_status":"closed","template":"","meta":{"_acf_changed":false,"footnotes":""},"categories":[],"tags":[],"class_list":["post-2713","page","type-page","status-publish","hentry"],"acf":[],"_links":{"self":[{"href":"https:\/\/semmelweis.hu\/oralbiologia\/wp-json\/wp\/v2\/pages\/2713","targetHints":{"allow":["GET"]}}],"collection":[{"href":"https:\/\/semmelweis.hu\/oralbiologia\/wp-json\/wp\/v2\/pages"}],"about":[{"href":"https:\/\/semmelweis.hu\/oralbiologia\/wp-json\/wp\/v2\/types\/page"}],"author":[{"embeddable":true,"href":"https:\/\/semmelweis.hu\/oralbiologia\/wp-json\/wp\/v2\/users\/109"}],"replies":[{"embeddable":true,"href":"https:\/\/semmelweis.hu\/oralbiologia\/wp-json\/wp\/v2\/comments?post=2713"}],"version-history":[{"count":4,"href":"https:\/\/semmelweis.hu\/oralbiologia\/wp-json\/wp\/v2\/pages\/2713\/revisions"}],"predecessor-version":[{"id":3245,"href":"https:\/\/semmelweis.hu\/oralbiologia\/wp-json\/wp\/v2\/pages\/2713\/revisions\/3245"}],"up":[{"embeddable":true,"href":"https:\/\/semmelweis.hu\/oralbiologia\/wp-json\/wp\/v2\/pages\/28"}],"wp:attachment":[{"href":"https:\/\/semmelweis.hu\/oralbiologia\/wp-json\/wp\/v2\/media?parent=2713"}],"wp:term":[{"taxonomy":"category","embeddable":true,"href":"https:\/\/semmelweis.hu\/oralbiologia\/wp-json\/wp\/v2\/categories?post=2713"},{"taxonomy":"post_tag","embeddable":true,"href":"https:\/\/semmelweis.hu\/oralbiologia\/wp-json\/wp\/v2\/tags?post=2713"}],"curies":[{"name":"wp","href":"https:\/\/api.w.org\/{rel}","templated":true}]}}