{"id":10,"date":"2012-02-04T15:15:04","date_gmt":"2012-02-04T15:15:04","guid":{"rendered":"http:\/\/semmelweis-egyetem.hu\/oralbiologia\/?page_id=10"},"modified":"2023-05-30T10:01:44","modified_gmt":"2023-05-30T08:01:44","slug":"phd-temak","status":"publish","type":"page","link":"https:\/\/semmelweis.hu\/oralbiologia\/kutatas\/phd-temak\/","title":{"rendered":"PhD-t\u00e9m\u00e1k"},"content":{"rendered":"<p><strong>Az Or\u00e1lbiol\u00f3giai Tansz\u00e9k \u00e1ltal meghirdetett PhD-t\u00e9m\u00e1k:<\/strong><\/p>\n<ul style=\"list-style-type: circle\">\n<li>Elektrolit \u00e9s v\u00edztranszport folyamatok in vitro vizsg\u00e1lata k\u00fcl\u00f6nb\u00f6z\u0151 epitheli\u00e1lis sejteken<\/li>\n<li>Fogeredet\u0171 \u0151ssejtek vizsg\u00e1lata, biom\u00e9rn\u00f6ki alkalmaz\u00e1sok<\/li>\n<li>G\u00e9npolimorfizmusok sz\u00e1j\u00fcregi k\u00f3rk\u00e9pekben<\/li>\n<li>Ir\u00e1ny\u00edtott sz\u00f6vetregener\u00e1ci\u00f3 monitoroz\u00e1sa<\/li>\n<li>Emberi eredet\u0171 ny\u00e1lmirigy sejtek oszt\u00f3d\u00e1s\u00e1nak \u00e9s differenci\u00e1l\u00f3d\u00e1s\u00e1nak vizsg\u00e1lata<\/li>\n<li>Az epiderm\u00e1lis n\u00f6veked\u00e9si faktor (EGF) szerep\u00e9nek vizsg\u00e1lata a ny\u00e1lmirigy hipertr\u00f3fi\u00e1ban \u00e9s apopt\u00f3zisban.<\/li>\n<li>Idegrendszeri \u00e9s \u00e9rz\u00e9kszervi (hall\u00e1s) sejtk\u00e1rosod\u00e1sok mechanizmusai, lehets\u00e9ges farmakol\u00f3giai t\u00e1mad\u00e1spontok<\/li>\n<\/ul>\n","protected":false},"excerpt":{"rendered":"<p>Az Or\u00e1lbiol\u00f3giai Tansz\u00e9k \u00e1ltal meghirdetett PhD-t\u00e9m\u00e1k: Elektrolit \u00e9s v\u00edztranszport folyamatok in vitro vizsg\u00e1lata k\u00fcl\u00f6nb\u00f6z\u0151 epitheli\u00e1lis sejteken Fogeredet\u0171 \u0151ssejtek vizsg\u00e1lata, biom\u00e9rn\u00f6ki alkalmaz\u00e1sok G\u00e9npolimorfizmusok sz\u00e1j\u00fcregi k\u00f3rk\u00e9pekben Ir\u00e1ny\u00edtott sz\u00f6vetregener\u00e1ci\u00f3 monitoroz\u00e1sa Emberi eredet\u0171 ny\u00e1lmirigy sejtek oszt\u00f3d\u00e1s\u00e1nak \u00e9s differenci\u00e1l\u00f3d\u00e1s\u00e1nak vizsg\u00e1lata Az epiderm\u00e1lis n\u00f6veked\u00e9si faktor (EGF) szerep\u00e9nek vizsg\u00e1lata a ny\u00e1lmirigy hipertr\u00f3fi\u00e1ban \u00e9s apopt\u00f3zisban. Idegrendszeri \u00e9s \u00e9rz\u00e9kszervi (hall\u00e1s) sejtk\u00e1rosod\u00e1sok mechanizmusai, lehets\u00e9ges farmakol\u00f3giai &hellip;<\/p>\n","protected":false},"author":109,"featured_media":0,"parent":41,"menu_order":1,"comment_status":"open","ping_status":"open","template":"","meta":{"_acf_changed":false,"footnotes":""},"categories":[],"tags":[],"class_list":["post-10","page","type-page","status-publish","hentry"],"acf":[],"_links":{"self":[{"href":"https:\/\/semmelweis.hu\/oralbiologia\/wp-json\/wp\/v2\/pages\/10","targetHints":{"allow":["GET"]}}],"collection":[{"href":"https:\/\/semmelweis.hu\/oralbiologia\/wp-json\/wp\/v2\/pages"}],"about":[{"href":"https:\/\/semmelweis.hu\/oralbiologia\/wp-json\/wp\/v2\/types\/page"}],"author":[{"embeddable":true,"href":"https:\/\/semmelweis.hu\/oralbiologia\/wp-json\/wp\/v2\/users\/109"}],"replies":[{"embeddable":true,"href":"https:\/\/semmelweis.hu\/oralbiologia\/wp-json\/wp\/v2\/comments?post=10"}],"version-history":[{"count":6,"href":"https:\/\/semmelweis.hu\/oralbiologia\/wp-json\/wp\/v2\/pages\/10\/revisions"}],"predecessor-version":[{"id":3028,"href":"https:\/\/semmelweis.hu\/oralbiologia\/wp-json\/wp\/v2\/pages\/10\/revisions\/3028"}],"up":[{"embeddable":true,"href":"https:\/\/semmelweis.hu\/oralbiologia\/wp-json\/wp\/v2\/pages\/41"}],"wp:attachment":[{"href":"https:\/\/semmelweis.hu\/oralbiologia\/wp-json\/wp\/v2\/media?parent=10"}],"wp:term":[{"taxonomy":"category","embeddable":true,"href":"https:\/\/semmelweis.hu\/oralbiologia\/wp-json\/wp\/v2\/categories?post=10"},{"taxonomy":"post_tag","embeddable":true,"href":"https:\/\/semmelweis.hu\/oralbiologia\/wp-json\/wp\/v2\/tags?post=10"}],"curies":[{"name":"wp","href":"https:\/\/api.w.org\/{rel}","templated":true}]}}