{"id":9,"date":"2020-01-22T14:18:27","date_gmt":"2020-01-22T13:18:27","guid":{"rendered":"http:\/\/semmelweis.hu\/onkologiai-tanszek\/?page_id=9"},"modified":"2025-12-15T14:21:03","modified_gmt":"2025-12-15T13:21:03","slug":"elerhetoseg","status":"publish","type":"page","link":"https:\/\/semmelweis.hu\/onkologiai-tanszek\/elerhetoseg\/","title":{"rendered":"El\u00e9rhet\u0151s\u00e9g"},"content":{"rendered":"<div class=\"keretes w-100\">\n<h5>C\u00edm: Budapest, R\u00e1th Gy\u00f6rgy u. 7-9, 1122<\/h5>\n<\/div>\n<h2>Tansz\u00e9kvezet\u0151<\/h2>\n<p><strong>Prof. Dr. Dank Magdolna<\/strong><br \/>\nTelefonsz\u00e1m: +36-1-224-8600 \/ 2102<br \/>\nE-mail: <a href=\"mailto:dank.magdolna@semmelweis.hu\">dank.magdolna@semmelweis.hu<\/a>\u00a0<\/p>\n<h2>Titk\u00e1rs\u00e1g:<\/h2>\n<p><strong>\u00c1bel M\u00f3nika<\/strong><br \/>\nTel.: +36-1-224-8772<br \/>\nE-mail: <a href=\"mailto:oktatas@oncol.hu\">oktatas@oncol.hu<\/a><\/p>\n<p><strong>Utasi Melani<br \/>\n<\/strong>Tel.: + 36-1-224-8690<br \/>\nE-mail: <a href=\"mailto:oktatas@oncol.hu\">oktatas@oncol.hu<\/a><\/p>\n<h2>Tanulm\u00e1nyi felel\u0151s\u00f6k:<\/h2>\n<p style=\"margin: 0cm 0cm 0.0001pt;text-align: left\"><strong>Magyar \u00e9s angol tanulm\u00e1nyi felel\u0151s: Dr. M\u00e9sz\u00e1ros Norbert, PhD, egyetemi adjunktus<\/strong><\/p>\n<p>Tel.: +36-1-224-8600\/3710<br \/>\nE-mail: <a href=\"mailto:meszaros.n@oncol.hu\">meszaros.n@oncol.hu<\/a><\/p>\n<p><strong>N\u00e9met tanulm\u00e1nyi felel\u0151s: Dr. K\u00fcronya Zs\u00f3fia Judit, egyetemi adjunktus<\/strong><br \/>\nTel.: +36-1-224-8600\/3601<br \/>\nE-mail: <a href=\"mailto:kuronya.zsofia@oncol.hu\">kuronya.zsofia@oncol.hu<\/a><\/p>\n\n<!-- iframe plugin v.4.9 wordpress.org\/plugins\/iframe\/ -->\n<iframe loading=\"lazy\" src=\"https:\/\/www.google.com\/maps\/embed?pb=!1m14!1m8!1m3!1d1368.8011647111866!2d19.021808!3d47.499938!3m2!1i1024!2i768!4f13.1!3m3!1m2!1s0x0%3A0x46e2b9408738bdf8!2zT3JzesOhZ29zIE9ua29sw7NnaWFpIEludMOpemV0!5e1!3m2!1shu!2shu!4v1579698783514!5m2!1shu!2shu\" width=\"100%\" height=\"350\" scrolling=\"yes\" class=\"iframe-class\" frameborder=\"0\"><\/iframe>\n\n","protected":false},"excerpt":{"rendered":"<p>C\u00edm: Budapest, R\u00e1th Gy\u00f6rgy u. 7-9, 1122 Tansz\u00e9kvezet\u0151 Prof. Dr. Dank Magdolna Telefonsz\u00e1m: +36-1-224-8600 \/ 2102 E-mail: <a href=\"mailto:dank.magdolna@semmelweis.hu\">dank.magdolna@semmelweis.hu<\/a> \u00a0 Titk\u00e1rs\u00e1g: \u00c1bel M\u00f3nika Tel.: +36-1-224-8772 E-mail: <a href=\"mailto:oktatas@oncol.hu\">oktatas@oncol.hu<\/a> Utasi Melani Tel.: + 36-1-224-8690 E-mail: <a href=\"mailto:oktatas@oncol.hu\">oktatas@oncol.hu<\/a> Tanulm\u00e1nyi felel\u0151s\u00f6k: Magyar \u00e9s angol tanulm\u00e1nyi felel\u0151s: Dr. M\u00e9sz\u00e1ros Norbert, PhD, egyetemi adjunktus Tel.: +36-1-224-8600\/3710 E-mail: <a href=\"mailto:meszaros.n@oncol.hu\">meszaros.n@oncol.hu<\/a> N\u00e9met tanulm\u00e1nyi felel\u0151s: Dr. K\u00fcronya Zs\u00f3fia Judit, egyetemi adjunktus &hellip;<\/p>\n","protected":false},"author":12,"featured_media":0,"parent":0,"menu_order":5,"comment_status":"closed","ping_status":"closed","template":"","meta":{"_acf_changed":false,"footnotes":""},"categories":[],"tags":[],"class_list":["post-9","page","type-page","status-publish","hentry"],"acf":[],"_links":{"self":[{"href":"https:\/\/semmelweis.hu\/onkologiai-tanszek\/wp-json\/wp\/v2\/pages\/9","targetHints":{"allow":["GET"]}}],"collection":[{"href":"https:\/\/semmelweis.hu\/onkologiai-tanszek\/wp-json\/wp\/v2\/pages"}],"about":[{"href":"https:\/\/semmelweis.hu\/onkologiai-tanszek\/wp-json\/wp\/v2\/types\/page"}],"author":[{"embeddable":true,"href":"https:\/\/semmelweis.hu\/onkologiai-tanszek\/wp-json\/wp\/v2\/users\/12"}],"replies":[{"embeddable":true,"href":"https:\/\/semmelweis.hu\/onkologiai-tanszek\/wp-json\/wp\/v2\/comments?post=9"}],"version-history":[{"count":12,"href":"https:\/\/semmelweis.hu\/onkologiai-tanszek\/wp-json\/wp\/v2\/pages\/9\/revisions"}],"predecessor-version":[{"id":443,"href":"https:\/\/semmelweis.hu\/onkologiai-tanszek\/wp-json\/wp\/v2\/pages\/9\/revisions\/443"}],"wp:attachment":[{"href":"https:\/\/semmelweis.hu\/onkologiai-tanszek\/wp-json\/wp\/v2\/media?parent=9"}],"wp:term":[{"taxonomy":"category","embeddable":true,"href":"https:\/\/semmelweis.hu\/onkologiai-tanszek\/wp-json\/wp\/v2\/categories?post=9"},{"taxonomy":"post_tag","embeddable":true,"href":"https:\/\/semmelweis.hu\/onkologiai-tanszek\/wp-json\/wp\/v2\/tags?post=9"}],"curies":[{"name":"wp","href":"https:\/\/api.w.org\/{rel}","templated":true}]}}