{"id":5,"date":"2020-01-22T14:17:48","date_gmt":"2020-01-22T13:17:48","guid":{"rendered":"http:\/\/semmelweis.hu\/onkologiai-tanszek\/?page_id=5"},"modified":"2026-01-21T19:04:46","modified_gmt":"2026-01-21T18:04:46","slug":"a-tanszekrol","status":"publish","type":"page","link":"https:\/\/semmelweis.hu\/onkologiai-tanszek\/a-tanszekrol\/","title":{"rendered":"A Tansz\u00e9kr\u0151l"},"content":{"rendered":"<p style=\"text-align: justify\">A Semmelweis Egyetemen 2014. j\u00fanius 1-j\u00e9n megalakult \u00f6n\u00e1ll\u00f3 Onkol\u00f3giai Tansz\u00e9k megteremtette az onkol\u00f3gia gradu\u00e1lis oktat\u00e1s\u00e1nak kereteit. A korai id\u0151szak egyik legfontosabb eredm\u00e9nye a gradu\u00e1lis oktat\u00e1s bevezet\u00e9se volt: a 2015\/2016-os tan\u00e9vben az \u00c1OK V. \u00e9vfolyam sz\u00e1m\u00e1ra 20 \u00f3r\u00e1ban (6 \u00f3ra tantermi el\u0151ad\u00e1s + 14 \u00f3ra gyakorlat) indult el az <strong>Onkol\u00f3gia<\/strong>\u00a0tant\u00e1rgy, amely \u00e1tfog\u00f3 alapoz\u00e1st ny\u00fajtott epidemiol\u00f3giai, etiol\u00f3giai, sz\u0171r\u00e9si, diagnosztikai \u00e9s ter\u00e1pi\u00e1s t\u00e9m\u00e1kban.<\/p>\n<h4 style=\"text-align: justify\"><strong>Szervezeti \u00e1talakul\u00e1s (2025)<\/strong><\/h4>\n<p style=\"text-align: justify\">2025-t\u0151l az egykori Onkol\u00f3giai Tansz\u00e9k k\u00e9t \u00f6n\u00e1ll\u00f3 egys\u00e9gre v\u00e1lt sz\u00e9t: a <strong>Klinikai Onkol\u00f3giai Tansz\u00e9kre<\/strong>\u00a0\u00e9s a <a href=\"https:\/\/semmelweis.hu\/sugarterapia\/\"><strong>Sug\u00e1rter\u00e1pia Tansz\u00e9kre<\/strong><\/a>. A Klinikai Onkol\u00f3giai Tansz\u00e9k vezet\u00e9s\u00e9re <strong>Prof. Dr. Dank Magdolna<\/strong>\u00a0kapott megb\u00edz\u00e1st. Tansz\u00e9k\u00fcnk a szolid daganatok korszer\u0171, multidiszciplin\u00e1ris \u00e9s szem\u00e9lyre szabott \u2013 els\u0151sorban gy\u00f3gyszeres \u2013 onkol\u00f3giai ell\u00e1t\u00e1s\u00e1nak elm\u00e9leti \u00e9s gyakorlati k\u00e9rd\u00e9seire f\u00f3kusz\u00e1l, szoros egy\u00fcttm\u0171k\u00f6d\u00e9sben az Orsz\u00e1gos Onkol\u00f3giai Int\u00e9zettel \u00e9s az egyetem klinik\u00e1ival.<\/p>\n<div class=\"keretes w-100\">\n<h4 style=\"text-align: justify\"><strong>K\u00fcldet\u00e9s\u00fcnk<\/strong><\/h4>\n<p style=\"text-align: justify\"><em>C\u00e9lunk, hogy hallgat\u00f3ink naprak\u00e9sz, bizony\u00edt\u00e9kokon alapul\u00f3 tud\u00e1st szerezzenek a daganatos betegs\u00e9gek felismer\u00e9s\u00e9r\u0151l, st\u00e1dium-meg\u00e1llap\u00edt\u00e1s\u00e1r\u00f3l, a korszer\u0171 sziszt\u00e9m\u00e1s ter\u00e1pi\u00e1k (kemoter\u00e1pia, c\u00e9lzott kezel\u00e9s, immunter\u00e1pia) indik\u00e1ci\u00f3ir\u00f3l \u00e9s mell\u00e9khat\u00e1s-menedzsmentj\u00e9r\u0151l, a prec\u00edzi\u00f3s medicina elveir\u0151l, valamint az onkoteam-m\u0171k\u00f6d\u00e9sr\u0151l. Kiemelt figyelmet ford\u00edtunk a betegk\u00f6zpont\u00fa szeml\u00e9letre, a rehabilit\u00e1ci\u00f3ra \u00e9s a hossz\u00fa t\u00e1v\u00fa gondoz\u00e1sra.<\/em><\/p>\n<\/div>\n<h4 style=\"text-align: justify\"><strong>Oktat\u00e1s<\/strong><\/h4>\n<p style=\"text-align: justify\">A Klinikai Onkol\u00f3giai Tansz\u00e9k az <strong>\u00f6t\u00f6d\u00e9ves orvostanhallgat\u00f3kat<\/strong>\u00a0oktatja <strong>k\u00e9thetes, blokkos\u00edtott<\/strong>\u00a0form\u00e1ban, <strong>14 tantermi el\u0151ad\u00e1s<\/strong>\u00a0\u00e9s <strong>42 \u00f3ra gyakorlat<\/strong>\u00a0keret\u00e9ben. A tematik\u00e1ban helyet kapnak:<\/p>\n<ul style=\"text-align: justify\" data-end=\"2062\" data-start=\"1694\">\n<li>a daganatok epidemiol\u00f3gi\u00e1ja \u00e9s megel\u0151z\u00e9se, a korai felismer\u00e9s \u00e9s sz\u0171r\u00e9s;<\/li>\n<li>a diagnosztika alapjai (patol\u00f3gia, k\u00e9palkot\u00e1s, molekul\u00e1ris diagnosztika);<\/li>\n<li>a komplex ter\u00e1pi\u00e1s strat\u00e9gi\u00e1k \u00e9s ir\u00e1nyelvek;<\/li>\n<li>a mell\u00e9khat\u00e1sok megel\u0151z\u00e9se \u00e9s kezel\u00e9se, t\u00e1mogat\u00e1s a mindennapi klinikai d\u00f6nt\u00e9shozatalban;<\/li>\n<li>onkoteam-szerepek, klinikai kommunik\u00e1ci\u00f3 \u00e9s esettanulm\u00e1ny-alap\u00fa gondolkod\u00e1s.<\/li>\n<\/ul>\n<p style=\"text-align: justify\">A gyakorlatok sor\u00e1n val\u00f3s klinikai helyzeteken kereszt\u00fcl fejlesztj\u00fck a d\u00f6nt\u00e9shozatali k\u00e9szs\u00e9geket, k\u00fcl\u00f6n hangs\u00falyt helyezve az ir\u00e1nyelveken alapul\u00f3 ell\u00e1t\u00e1sra \u00e9s a betegbiztons\u00e1gra.<br \/>\n<a href=\"https:\/\/semmelweis.hu\/onkologiai-tanszek\/oktatas\/\">B\u0151vebben \u2192<\/a><\/p>\n<h4 style=\"text-align: justify\"><strong>Kutat\u00e1s \u00e9s egy\u00fcttm\u0171k\u00f6d\u00e9sek<\/strong><\/h4>\n<p style=\"text-align: justify\">Munkat\u00e1rsaink az onkol\u00f3gia sz\u00e1mos ter\u00fclet\u00e9n folytatnak klinikai \u00e9s transzl\u00e1ci\u00f3s kutat\u00e1sokat: prospekt\u00edv \u00e9s retrospekt\u00edv tanulm\u00e1nyokat, ter\u00e1pi\u00e1s eredm\u00e9nyek \u00e9s toxicit\u00e1s vizsg\u00e1lat\u00e1t, biomarker-kutat\u00e1sokat \u00e9s prec\u00edzi\u00f3s onkol\u00f3giai projekteket, valamint \u00e9letmin\u0151s\u00e9g-felm\u00e9r\u00e9seket. Elk\u00f6telezettek vagyunk a hazai \u00e9s nemzetk\u00f6zi egy\u00fcttm\u0171k\u00f6d\u00e9sek, tov\u00e1bb\u00e1 a rezidens- \u00e9s PhD-k\u00e9pz\u00e9s t\u00e1mogat\u00e1sa mellett.<br \/>\n<a href=\"https:\/\/semmelweis.hu\/onkologiai-tanszek\/kutatas\/\">B\u0151vebben \u2192<\/a><\/p>\n<h4 style=\"text-align: justify\"><strong>Elk\u00f6telez\u0151d\u00e9s a min\u0151s\u00e9g mellett<\/strong><\/h4>\n<p style=\"text-align: justify\">Tansz\u00e9k\u00fcnk c\u00e9lja, hogy a j\u00f6v\u0151 orvosait olyan korszer\u0171 tud\u00e1ssal \u00e9s szeml\u00e9lettel l\u00e1ssa el, amely azonnal hasznos\u00edthat\u00f3 a betegell\u00e1t\u00e1sban, \u00e9s megalapozza a tov\u00e1bbi szakmai fejl\u0151d\u00e9st \u2013 mindezt magas sz\u00ednvonal\u00fa oktat\u00e1si k\u00f6rnyezetben, er\u0151s klinikai h\u00e1tt\u00e9rrel \u00e9s kiterjedt szakmai h\u00e1l\u00f3zattal.<\/p>\n<p style=\"text-align: justify\">V\u00e1rjuk az \u00e9rdekl\u0151d\u0151 hallgat\u00f3kat \u00e9s leend\u0151 egy\u00fcttm\u0171k\u00f6d\u0151 partnereinket a <strong>Klinikai Onkol\u00f3giai Tansz\u00e9ken<\/strong>!<\/p>\n<p><a href=\"https:\/\/semmelweis.hu\/onkologiai-tanszek\/files\/2025\/08\/ooi_ep_03_w5-scaled-1.jpg\"><img loading=\"lazy\" decoding=\"async\" class=\"aligncenter size-full wp-image-340\" src=\"https:\/\/semmelweis.hu\/onkologiai-tanszek\/files\/2025\/08\/ooi_ep_03_w5-scaled-1.jpg\" alt=\"\" width=\"800\" height=\"667\" srcset=\"https:\/\/semmelweis.hu\/onkologiai-tanszek\/files\/2025\/08\/ooi_ep_03_w5-scaled-1.jpg 800w, https:\/\/semmelweis.hu\/onkologiai-tanszek\/files\/2025\/08\/ooi_ep_03_w5-scaled-1-400x334.jpg 400w, https:\/\/semmelweis.hu\/onkologiai-tanszek\/files\/2025\/08\/ooi_ep_03_w5-scaled-1-768x640.jpg 768w, https:\/\/semmelweis.hu\/onkologiai-tanszek\/files\/2025\/08\/ooi_ep_03_w5-scaled-1-753x628.jpg 753w\" sizes=\"auto, (max-width: 800px) 100vw, 800px\" \/><\/a><\/p>\n","protected":false},"excerpt":{"rendered":"<p>A Semmelweis Egyetemen 2014. j\u00fanius 1-j\u00e9n megalakult \u00f6n\u00e1ll\u00f3 Onkol\u00f3giai Tansz\u00e9k megteremtette az onkol\u00f3gia gradu\u00e1lis oktat\u00e1s\u00e1nak kereteit. A korai id\u0151szak egyik legfontosabb eredm\u00e9nye a gradu\u00e1lis oktat\u00e1s bevezet\u00e9se volt: a 2015\/2016-os tan\u00e9vben az \u00c1OK V. \u00e9vfolyam sz\u00e1m\u00e1ra 20 \u00f3r\u00e1ban (6 \u00f3ra tantermi el\u0151ad\u00e1s + 14 \u00f3ra gyakorlat) indult el az Onkol\u00f3gia\u00a0tant\u00e1rgy, amely \u00e1tfog\u00f3 alapoz\u00e1st ny\u00fajtott epidemiol\u00f3giai, etiol\u00f3giai, &hellip;<\/p>\n","protected":false},"author":12,"featured_media":340,"parent":0,"menu_order":0,"comment_status":"closed","ping_status":"closed","template":"","meta":{"_acf_changed":false,"footnotes":""},"categories":[],"tags":[],"class_list":["post-5","page","type-page","status-publish","has-post-thumbnail","hentry"],"acf":[],"_links":{"self":[{"href":"https:\/\/semmelweis.hu\/onkologiai-tanszek\/wp-json\/wp\/v2\/pages\/5","targetHints":{"allow":["GET"]}}],"collection":[{"href":"https:\/\/semmelweis.hu\/onkologiai-tanszek\/wp-json\/wp\/v2\/pages"}],"about":[{"href":"https:\/\/semmelweis.hu\/onkologiai-tanszek\/wp-json\/wp\/v2\/types\/page"}],"author":[{"embeddable":true,"href":"https:\/\/semmelweis.hu\/onkologiai-tanszek\/wp-json\/wp\/v2\/users\/12"}],"replies":[{"embeddable":true,"href":"https:\/\/semmelweis.hu\/onkologiai-tanszek\/wp-json\/wp\/v2\/comments?post=5"}],"version-history":[{"count":12,"href":"https:\/\/semmelweis.hu\/onkologiai-tanszek\/wp-json\/wp\/v2\/pages\/5\/revisions"}],"predecessor-version":[{"id":439,"href":"https:\/\/semmelweis.hu\/onkologiai-tanszek\/wp-json\/wp\/v2\/pages\/5\/revisions\/439"}],"wp:featuredmedia":[{"embeddable":true,"href":"https:\/\/semmelweis.hu\/onkologiai-tanszek\/wp-json\/wp\/v2\/media\/340"}],"wp:attachment":[{"href":"https:\/\/semmelweis.hu\/onkologiai-tanszek\/wp-json\/wp\/v2\/media?parent=5"}],"wp:term":[{"taxonomy":"category","embeddable":true,"href":"https:\/\/semmelweis.hu\/onkologiai-tanszek\/wp-json\/wp\/v2\/categories?post=5"},{"taxonomy":"post_tag","embeddable":true,"href":"https:\/\/semmelweis.hu\/onkologiai-tanszek\/wp-json\/wp\/v2\/tags?post=5"}],"curies":[{"name":"wp","href":"https:\/\/api.w.org\/{rel}","templated":true}]}}