{"id":389,"date":"2025-12-13T13:41:13","date_gmt":"2025-12-13T12:41:13","guid":{"rendered":"https:\/\/semmelweis.hu\/onkologiai-tanszek\/?page_id=389"},"modified":"2026-01-21T19:05:19","modified_gmt":"2026-01-21T18:05:19","slug":"education","status":"publish","type":"page","link":"https:\/\/semmelweis.hu\/onkologiai-tanszek\/en\/education\/","title":{"rendered":"Oncology"},"content":{"rendered":"<div class=\"responsive-tabs\">\n<h2 class=\"tabtitle\">About the Course<\/h2>\n<div class=\"tabcontent\">\n\n<h4><strong>About the Course: Oncology<\/strong><\/h4>\n<p style=\"text-align: justify\">Oncology has been taught as a fully independent, semester-long subject for 5th-year students of the Faculty of Medicine since the 2018\/2019 academic year. The increased number of contact hours (14 hours of classroom lectures and 42 hours of practical training) allows students to familiarize themselves with the principles of complex oncological treatment for major solid tumors, in addition to acquiring basic knowledge of general oncology.<br \/>\nThe curriculum primarily focuses on the pharmacotherapy and radiotherapy of tumors; diagnostic algorithms and surgical treatment of specific tumors are addressed only to the extent necessary for a comprehensive and synthesizing understanding of the multidisciplinary diagnostic and therapeutic principles of oncological patient care.<\/p>\n<h5>Block Schedule and Timetable (Excel):<\/h5>\n<p><a href=\"https:\/\/semmelweis.hu\/onkologiai-tanszek\/files\/2025\/08\/blokkbeosztas_2025-2026.xlsx\">Download Block Schedule for the 2025\/2026 Academic Year in Excel format<\/a><br \/>\n<a href=\"https:\/\/semmelweis.hu\/onkologiai-tanszek\/files\/2025\/08\/orarend_2025-2026.xlsx\">Download Timetable in Excel format<\/a><\/p>\n<h5>Course Requirements<\/h5>\n<p>Click <a href=\"https:\/\/semmelweis.hu\/onkologiai-tanszek\/files\/2025\/12\/Kovetelmenyrendszer_2025-2026_ENG.pdf\">here<\/a>\u00a0to download the full requirements for the Oncology course in PDF format.<\/p>\n<h5>Study Materials<\/h5>\n<p style=\"text-align: justify\">Preparation for the exam is supported by lecture and practical materials, which are available for download in electronic format from the Department&#8217;s website. Additionally, a comprehensive set of 150 worked-out questions is available to students, accessible via the Moodle system.<\/p>\n<h5>Undergraduate Research (TDK) and Thesis Work<\/h5>\n<p>The Department offers opportunities to participate in Scientific Students&#8217; Association (TDK) activities and thesis work.<\/p>\n<p>For details, please click on the &#8222;TDK and Thesis Topics&#8221; menu item at the top of the page.<\/p>\n<h5>Useful Information<\/h5>\n<p>We have gathered useful information regarding the Institute, such as directions to the lecture hall and the locations of nearby shops and cafeterias, to help you navigate our Institute more easily. <a href=\"https:\/\/semmelweis.hu\/onkologiai-tanszek\/education\/useful-information-for-students\/\">Read more&#8230;<\/a><\/p>\n\n<\/div><h2 class=\"tabtitle\">Time table<\/h2>\n<div class=\"tabcontent\">\n\n<h4><strong>Time Table \u2013 Oncology and Reconstructive plastic surgery<\/strong><\/h4>\n<p><strong>BLOCK WEEK 1<\/strong><\/p>\n<table style=\"width: 100%;height: 931px\" width=\"100%\">\n<tbody>\n<tr style=\"height: 53px\">\n<td style=\"width: 20%;height: 53px\">\n<p>MONDAY<\/p>\n<\/td>\n<td style=\"width: 20%;height: 53px\">\n<p>TUESDAY<\/p>\n<\/td>\n<td style=\"width: 20%;height: 53px\">\n<p>WEDNESDAY<\/p>\n<\/td>\n<td style=\"width: 20%\">\n<p>THURSDAY<\/p>\n<\/td>\n<td style=\"width: 20%;height: 53px\">\n<p>FRIDAY<\/p>\n<\/td>\n<\/tr>\n<tr style=\"height: 83px\">\n<td style=\"width: 15.9147%;height: 83px\" width=\"215\">08:00 &#8211; 08:45: Presentation 1.<br \/>\nProf. Dr. Magdolna Dank<\/td>\n<td style=\"width: 15.0719%;height: 83px\">\n<p>08:00 &#8211; 08:45: Presentation 7.<br \/>\nDr.\u00a0<span style=\"font-family: inherit;font-size: inherit\">G\u00e1bor <\/span><span style=\"font-family: inherit;font-size: inherit\">Rubovszky<\/span><\/p>\n<\/td>\n<td style=\"width: 18.9886%;height: 83px\" rowspan=\"2\">\n<p>08:00 &#8211; 09:30: Practical (2&#215;45 min)<br \/>\nImaging diagnostics I. (mammography and ultrasound)<\/p>\n<\/td>\n<td style=\"width: 15.2702%\" rowspan=\"11\">\n<p>&nbsp;<\/p>\n<p>FREE DAY<\/p>\n<p>&nbsp;<\/p>\n<p>&nbsp;<\/p>\n<p>&nbsp;<\/p>\n<p>&nbsp;<\/p>\n<p>&nbsp;<\/p>\n<p>&nbsp;<\/p>\n<\/td>\n<td style=\"width: 14.229%;height: 83px\">\n<p>08:00 &#8211; 08:45: Presentation 9.<br \/>\nProf. Dr. Csaba Polg\u00e1r \/ Dr. P\u00e9ter \u00c1goston<\/p>\n<\/td>\n<\/tr>\n<tr style=\"height: 113px\">\n<td style=\"width: 15.9147%;height: 113px\">\n<p>08:45 &#8211; 09:30: Presentation 2.<br \/>\nDr. \u00c1d\u00e1m Domonkos T\u00e1rnoki \/ Dr. D\u00e1vid L\u00e1szl\u00f3 T\u00e1rnoki<\/p>\n<\/td>\n<td style=\"width: 15.0719%;height: 113px\">\n<p>08:45 &#8211; 09:30: Presentation 8.<br \/>\nDr. Orsolya Doh\u00e1n<\/p>\n<\/td>\n<td style=\"width: 14.229%;height: 113px\" rowspan=\"2\">\n<p>08:45-10:15: Practical (2&#215;45 min)<br \/>\nTumor radiotherapy I: Treatment planning<\/p>\n<\/td>\n<\/tr>\n<tr style=\"height: 83px\">\n<td style=\"width: 15.9147%;height: 83px\">\n<p>09:30 &#8211; 10:00:<br \/>\nBREAK<\/p>\n<\/td>\n<td style=\"width: 15.0719%;height: 83px\">\n<p>09:30 &#8211; 10:00:<br \/>\nBREAK<\/p>\n<\/td>\n<td style=\"width: 18.9886%;height: 83px\">\n<p>09:30 &#8211; 10:00:<br \/>\nBREAK<\/p>\n<\/td>\n<\/tr>\n<tr style=\"height: 111px\">\n<td style=\"width: 15.9147%;height: 111px\">\n<p>10:00 &#8211; 10:45: Presentation 3.<br \/>\nDr. J\u00e1nos Sz\u0151ke \/ Dr. Levente Kuthi \/ Dr. L\u00e1szl\u00f3 B\u00e1thory-F\u00fcl\u00f6p \/ Dr. Erika T\u00f3th<\/p>\n<\/td>\n<td style=\"width: 15.0719%;height: 194px\" rowspan=\"2\">\n<p>10:00 &#8211; 11:30: Practical (2&#215;45 min)<br \/>\nOncology in practice \u2013 outpatient clinic with real patients (small group experience)<\/p>\n<\/td>\n<td style=\"width: 18.9886%;height: 194px\" rowspan=\"2\">\n<p>10:00 &#8211; 11:30: Practical (2&#215;45 min)<br \/>\nImaging diagnostics 2. ( MRI and PET-CT)<\/p>\n<\/td>\n<td style=\"width: 14.229%;height: 194px\">10:15-10:45:<br \/>\nBREAK<\/td>\n<\/tr>\n<tr style=\"height: 83px\">\n<td style=\"width: 15.9147%;height: 83px\">\n<p>10:45 &#8211; 11:30: Presentation 4.<br \/>\nDr.\u00a0<span style=\"font-family: inherit;font-size: inherit\">Tam\u00e1s <\/span><span style=\"font-family: inherit;font-size: inherit\">Mersich \/ Dr. D\u00e1niel Hor\u00e1nyi<\/span><\/p>\n<\/td>\n<td style=\"width: 14.229%;height: 83px\" rowspan=\"2\">10:45 &#8211; 12:15: Practical (2&#215;45 min)<br \/>\nTumor radiotherapy II: External beam radiotherapy<\/td>\n<\/tr>\n<tr style=\"height: 83px\">\n<td style=\"width: 15.9147%;height: 83px\">\n<p>11:30 &#8211; 12:30:<br \/>\nLUNCH BREAK<\/p>\n<\/td>\n<td style=\"width: 15.0719%;height: 83px\">\n<p>11:30 &#8211; 12:30:<br \/>\nLUNCH BREAK<\/p>\n<\/td>\n<td style=\"width: 18.9886%;height: 83px\">\n<p>11:30 &#8211; 12:30:<br \/>\nLUNCH BREAK<\/p>\n<\/td>\n<\/tr>\n<tr style=\"height: 83px\">\n<td style=\"width: 15.9147%;height: 83px\">\n<p>12:30 &#8211; 13:15: Presentation 5.<br \/>\nDr. D\u00e1niel Hor\u00e1nyi<\/p>\n<\/td>\n<td style=\"width: 15.0719%;height: 166px\" rowspan=\"2\">\n<p>12:30 &#8211; 14:00: Practical (2&#215;45 min)<br \/>\nFirst encounter with the oncology patient, bedside practice<\/p>\n<\/td>\n<td style=\"height: 166px;width: 18.9886%\">\n<p>12:30 &#8211; 13:15: El\u0151ad\u00e1s 10.<br \/>\nDr. P\u00e9ter Kov\u00e1cs<\/p>\n<\/td>\n<td style=\"width: 14.229%;height: 53px\">12:15 &#8211; 13:15:<br \/>\nLUNCH BREAK<\/td>\n<\/tr>\n<tr style=\"height: 83px\">\n<td style=\"width: 15.9147%;height: 83px\">\n<p>13:15 &#8211; 14:00: Presentation 6.<br \/>\nDr. habil. Erika Hitre<\/p>\n<\/td>\n<td style=\"width: 18.9886%\">\n<p>13:15 &#8211; 14:00: Practical <br \/>\nPsycho-oncology<\/p>\n<\/td>\n<td style=\"width: 14.229%;height: 103px\" rowspan=\"2\">13:15 &#8211; 14:45: Practical (2&#215;45 min)<br \/>\nTumor radiotherapy III: Brachytherapy<\/td>\n<\/tr>\n<tr style=\"height: 53px\">\n<td style=\"width: 15.9147%;height: 53px\">\n<p>14:00 &#8211; 14:30:<br \/>\nBREAK<\/p>\n<\/td>\n<td style=\"width: 15.0719%;height: 53px\">\n<p>14:00 &#8211; 14:30:<br \/>\nBREAK<\/p>\n<\/td>\n<td style=\"width: 18.9886%;height: 53px\">\n<p>14:00-14:30:<br \/>\nBREAK<\/p>\n<\/td>\n<\/tr>\n<tr style=\"height: 103px\">\n<td style=\"width: 15.9147%;height: 103px\" rowspan=\"2\">\n<p>14:30 &#8211; 16:00: Practical (2&#215;45 min)<br \/>\nCytological, histological, molecular pathology<\/p>\n<p>&nbsp;<\/p>\n<\/td>\n<td style=\"width: 15.0719%;height: 103px\">\n<p>14:30 &#8211; 15:15: Presentation 13.<br \/>\nDr.\u00a0<span style=\"font-family: inherit;font-size: inherit\">Orsolya <\/span><span style=\"font-family: inherit;font-size: inherit\">Kord\u00e1n\u00e9 Horv\u00e1th \/ Dr. Vill\u0151 S\u00fcller-Torma<\/span><\/p>\n<\/td>\n<td style=\"width: 18.9886%;height: 103px\">\n<p>14:30 &#8211; 15:15: Practical <br \/>\nPsycho-oncology<\/p>\n<\/td>\n<td style=\"width: 14.229%;height: 103px\">14:45 &#8211; 15:15:<br \/>\nBREAK<\/td>\n<\/tr>\n<tr>\n<td style=\"width: 15.0719%\">\n<p>15:15 &#8211; 16:00: Practical <br \/>\nThe role of early palliative care in oncology<br \/>\nDr. Orsolya Kord\u00e1n\u00e9 Horv\u00e1th \/ Dr. Vill\u0151 S\u00fcller-Torma<\/p>\n<\/td>\n<td style=\"width: 18.9886%\">\n<p>15:15 &#8211; 16:00: Consultation<br \/>\nDr. Norbert M\u00e9sz\u00e1ros<\/p>\n<\/td>\n<td style=\"width: 14.229%\">\n<p>15:15 &#8211; 16:00: Written test<br \/>\nProf. Dr. Tibor Major<\/p>\n<p>&nbsp;<\/p>\n<\/td>\n<\/tr>\n<\/tbody>\n<\/table>\n<p>&nbsp;<\/p>\n<p><strong>BLOCK WEEK 2.<\/strong><\/p>\n<table style=\"width: 100%;height: 807px\" width=\"100%\">\n<tbody>\n<tr style=\"height: 53px\">\n<td style=\"width: 20%;height: 53px\" width=\"208\">\n<p>MONDAY<\/p>\n<\/td>\n<td style=\"width: 20%;height: 53px\">\n<p>TUESDAY<\/p>\n<\/td>\n<td style=\"width: 20%;height: 53px\">\n<p>WEDNESDAY<\/p>\n<\/td>\n<td style=\"width: 20%;height: 53px\">\n<p>THURSDAY<\/p>\n<\/td>\n<td style=\"width: 20%;height: 53px\" width=\"217\">\n<p>FRIDAY<\/p>\n<\/td>\n<\/tr>\n<tr style=\"height: 83px\">\n<td style=\"width: 20%;height: 83px\" width=\"208\">\n<p>08:00 &#8211; 8:45: Presentation 11.<br \/>\nDr.\u00a0<span style=\"font-family: inherit;font-size: inherit\">Norbert <\/span><span style=\"font-family: inherit;font-size: inherit\">M\u00e9sz\u00e1ros<\/span><\/p>\n<\/td>\n<td style=\"width: 19.3059%;height: 83px\">\n<p>08:00 &#8211; 08:45: El\u0151ad\u00e1s 14.<br \/>\nDr. \u00c1d\u00e1m Domonkos T\u00e1rnoki \/ Dr. D\u00e1vid L\u00e1szl\u00f3 T\u00e1rnoki<\/p>\n<\/td>\n<td style=\"width: 20.6941%;height: 196px\" rowspan=\"2\">\n<p>08:00 &#8211; 09:30: Practical (2&#215;45 min)<br \/>\nKnowledge reinforcement<\/p>\n<\/td>\n<td style=\"width: 20%;height: 754px\" rowspan=\"8\">\n<p>FREE DAY<\/p>\n<\/td>\n<td style=\"width: 20%;height: 754px\" rowspan=\"8\" width=\"217\">\n<p>EXAM DAY<\/p>\n<\/td>\n<\/tr>\n<tr style=\"height: 113px\">\n<td style=\"width: 20%;height: 113px\" width=\"208\">\n<p>08:45 &#8211; 09:30: Presentation 12.<br \/>\nDr.\u00a0<span style=\"font-family: inherit;font-size: inherit\">Gy\u00f6ngyv\u00e9r <\/span><span style=\"font-family: inherit;font-size: inherit\">Szentm\u00e1rtoni<\/span><\/p>\n<\/td>\n<td style=\"width: 19.3059%;height: 113px\">\n<p>08:45 &#8211; 09:30: Gyakorlat<br \/>\nSystemic treatment from a pharmacist\u2019s perspective<br \/>\nDr. \u00c1kos Juh\u00e1sz \/ Dr. Zolt\u00e1n Diszt\u00f3s<\/p>\n<\/td>\n<\/tr>\n<tr style=\"height: 83px\">\n<td style=\"width: 20%;height: 83px\" width=\"208\">\n<p>09:30 &#8211; 10:00:<br \/>\nBREAK<\/p>\n<\/td>\n<td style=\"width: 19.3059%;height: 83px\">\n<p>09:30 &#8211; 10:00:<br \/>\nBREAK<\/p>\n<\/td>\n<td style=\"width: 20.6941%;height: 83px\">\n<p>09:30 &#8211; 10:00:<br \/>\nBREAK<\/p>\n<\/td>\n<\/tr>\n<tr style=\"height: 113px\">\n<td style=\"width: 20%;height: 113px\" width=\"208\">\n<p>10:00 &#8211; 11:30: Practical (2&#215;45 min)<br \/>\nOncological surgery<\/p>\n<\/td>\n<td style=\"width: 19.3059%;height: 113px\">\n<p>10:00 &#8211; 11:30: Gyakorlat (2&#215;45 min)<br \/>\nCATO<br \/>\nDr. Zolt\u00e1n Diszt\u00f3s \/ Dr. \u00c1kos Juh\u00e1sz<\/p>\n<\/td>\n<td style=\"width: 20.6941%;height: 113px\">\n<p>10:00 &#8211; 11:30: Practical (2&#215;45 min)<br \/>\nKnowledge reinforcement<\/p>\n<\/td>\n<\/tr>\n<tr style=\"height: 83px\">\n<td style=\"width: 20%;height: 83px\" width=\"208\">\n<p>11:30 &#8211; 12:30:<br \/>\nLUNCH BREAK<\/p>\n<\/td>\n<td style=\"width: 19.3059%;height: 83px\">\n<p>11:30 &#8211; 12:30:<br \/>\nLUNCH BREAK<\/p>\n<\/td>\n<td style=\"width: 20.6941%;height: 83px\">\n<p>11:30 &#8211; 12:30:<br \/>\nLUNCH BREAK<\/p>\n<\/td>\n<\/tr>\n<tr style=\"height: 83px\">\n<td style=\"width: 20%;height: 83px\" width=\"208\">\n<p>12:30 &#8211; 14:00: Practical (2&#215;45 min)<br \/>\nOncological surgery<\/p>\n<\/td>\n<td style=\"width: 19.3059%;height: 83px\">\n<p>12:30 &#8211; 14:00: Practical (2&#215;45 min)<br \/>\nKnowledge reinforcement<\/p>\n<\/td>\n<td style=\"width: 20.6941%;height: 83px\">\n<p>12:30 &#8211; 14:00: Practical (2&#215;45 min)<br \/>\nKnowledge reinforcement<\/p>\n<\/td>\n<\/tr>\n<tr style=\"height: 83px\">\n<td style=\"width: 20%;height: 83px\">\n<p>14:00 &#8211; 14:30:<br \/>\nBREAK<\/p>\n<\/td>\n<td style=\"width: 19.3059%;height: 83px\">\n<p>14:00 &#8211; 14:30:<br \/>\nBREAK<\/p>\n<\/td>\n<td style=\"width: 20.6941%;height: 83px\">\n<p>14:00 &#8211; 14:30:<br \/>\nBREAK<\/p>\n<\/td>\n<\/tr>\n<tr style=\"height: 113px\">\n<td style=\"width: 20%;height: 113px\">\n<p>14:30 &#8211; 16:00: Practical (2&#215;45 min)<br \/>\nOnco-team<\/p>\n<\/td>\n<td style=\"width: 19.3059%;height: 113px\">\n<p>14:30 &#8211; 16:00: Practical (2&#215;45 min)<br \/>\nKnowledge reinforcement<\/p>\n<\/td>\n<td style=\"width: 20.6941%;height: 113px\">\n<p>14:30 &#8211; 16:00: Practical (2&#215;45 min)<br \/>\nKnowledge reinforcement<\/p>\n<\/td>\n<\/tr>\n<\/tbody>\n<\/table>\n<h4>\u00a0<\/h4>\n\n<\/div><h2 class=\"tabtitle\">Presentations<\/h2>\n<div class=\"tabcontent\">\n\n<h4><strong>Presentations<\/strong><\/h4>\n<p><strong>Block day 1:<br \/>\n<\/strong>1. Etiology and epidemiology of tumors, methods of prevention and screening (45 min \u2013 Prof. Dr.\u00a0<span style=\"font-size: 1rem\">Magdolna <\/span><span style=\"font-size: 1rem\">Dank)<br \/>\n<\/span>2. Imaging diagnostics of tumors (45 min \u2013 Dr. \u00c1d\u00e1m Domonkos T\u00e1rnoki \/ Dr. D\u00e1vid L\u00e1szl\u00f3 T\u00e1rnoki)<br \/>\n3. Histological and molecular pathological diagnosis of tumors (45 min \u2013 Dr. Erika T\u00f3th \/ Dr. J\u00e1nos Sz\u0151ke)<br \/>\n4. Basics of oncological surgery. Surgical considerations in tumor board discussions (45 min \u2013 Dr. Tam\u00e1s Mersich)<br \/>\n5. Oncological surgical reconstruction, palliation, and interventions in the era of technological advancement (45 min \u2013 Dr. D\u00e1niel Hor\u00e1nyi)<br \/>\n6. Clinical drug trials and experimental oncological therapies (45 min \u2013 Dr. habil. Erika Hitre)<\/p>\n<p><strong>Block day 2:<br \/>\n<\/strong>7. Chemotherapy, biological, and endocrine treatments (45 min \u2013 Dr. G\u00e1bor Rubovszky \/ Dr. Zs\u00f3fia K\u00fcronya)<br \/>\n8. Immunological treatments in oncology (45 min \u2013 Dr. Orsolya Doh\u00e1n \/ Dr. Zs\u00f3fia K\u00fcronya)<\/p>\n<p><strong>Block day 3:<br \/>\n<\/strong>9. Principles of radiotherapy and radiochemotherapy in the treatment of tumors (45 min \u2013 Prof. Dr. Csaba Polg\u00e1r \/ Dr. P\u00e9ter \u00c1goston)<\/p>\n<p><strong>Block day 4: <br \/>\n<\/strong>10. Clinical psycho-oncology (45 min \u2013 Dr. P\u00e9ter Kov\u00e1cs)<\/p>\n<p><strong>Block day 5:<br \/>\n<\/strong>11. Artificial intelligence in oncology (45 min \u2013 Dr. Norbert M\u00e9sz\u00e1ros)<br \/>\n12. Oncological emergencies (45 min \u2013 Dr. Gy\u00f6ngyv\u00e9r Szentm\u00e1rtoni \/ Prof. Dr. Magdolna Dank)<\/p>\n<p><strong style=\"font-size: 1rem\">Block day 6:<br \/>\n<\/strong>13. Rehabilitation and follow-up in oncology (45 min \u2013 Dr. Orsolya Kord\u00e1n\u00e9 Horv\u00e1th)<br \/>\n14. Theranostic therapies (45 min \u2013 Dr. \u00c1d\u00e1m Domonkos T\u00e1rnoki \/ Dr. D\u00e1vid L\u00e1szl\u00f3 T\u00e1rnoki)<\/p>\n\n<\/div><h2 class=\"tabtitle\">Exam requirements<\/h2>\n<div class=\"tabcontent\">\n\n<h4><strong>Examination Requirements<\/strong><\/h4>\n<p style=\"text-align: justify\">Preparation for the examination is supported by a comprehensive set of 150 detailed questions, covering the modern and practically relevant knowledge base of the Clinical Oncology subject. The questions were compiled by the course lecturers based on the curriculum, highlighting key topics and competencies essential for mastering the subject and developing a complex oncological perspective. Students can access these questions in the form of mini-tests at the end of classroom lectures, as well as through the Moodle system.<\/p>\n<hr \/>\n<h5>Grading Method and Scale:<\/h5>\n<p>Above 90%: excellent (5); 80-89%: good (4); 70-79%: average (3); 60-69%: satisfactory (2); below 60%: fail (1).<\/p>\n<h5>Exam Registration Method:<\/h5>\n<p>Exam registration is conducted exclusively via the NEPTUN Unified Education System, in accordance with the regulations set forth in the Study and Examination Regulations (TVSZ).<\/p>\n<h5>Opportunities to Retake the Exam:<\/h5>\n<p>According to the Study and Examination Regulations.<\/p>\n<h5>Printed, electronic, and online notes, textbooks, study aids, and literature available for mastering the curriculum:<\/h5>\n<p style=\"text-align: justify\">Preparation for the exam is supported by lecture and practical materials, which can be downloaded in electronic format from the Department\u2019s website. Additionally, a comprehensive set of 150 detailed questions is available to students via the Moodle system<span style=\"font-size: 1rem\">.<\/span><\/p>\n<p>Curriculum: The following chapters of the university lecture notes &#8222;Oncology and Radiotherapy&#8221; (Ed.: Csaba Polg\u00e1r):<\/p>\n<ul>\n<li>Chapter I: General Oncology and Radiotherapy<\/li>\n<li>Chapter II\/11: Oncological Emergencies, Supportive Care, Oncological Rehabilitation, and Follow-up\n<ul>\n<li><em>Available in Hungarian, English, and German as electronic notes<\/em><\/li>\n<li><em>Available in Hungarian in printed edition (Semmelweis Publisher, Budapest, 2018)<\/em><\/li>\n<\/ul>\n<\/li>\n<\/ul>\n<p style=\"text-align: justify\"><strong>Recommended Literature:<\/strong> <em>Az onkol<\/em><em>\u00f3gia alapjai<\/em> [Basics of Oncology] (Ed.: Mikl\u00f3s K\u00e1sler), university textbook (2nd edition, Medicina Publishing Ltd., Budapest, 2018)<\/p>\n<\/div><\/div>\n","protected":false},"excerpt":{"rendered":"<p>About the Course: Oncology Oncology has been taught as a fully independent, semester-long subject for 5th-year students of the Faculty of Medicine since the 2018\/2019 academic year. The increased number of contact hours (14 hours of classroom lectures and 42 hours of practical training) allows students to familiarize themselves with the principles of complex oncological &hellip;<\/p>\n","protected":false},"author":102054,"featured_media":0,"parent":0,"menu_order":0,"comment_status":"closed","ping_status":"closed","template":"template-fullwidth.php","meta":{"_acf_changed":false,"footnotes":""},"categories":[],"tags":[],"class_list":["post-389","page","type-page","status-publish","hentry"],"acf":[],"_links":{"self":[{"href":"https:\/\/semmelweis.hu\/onkologiai-tanszek\/wp-json\/wp\/v2\/pages\/389","targetHints":{"allow":["GET"]}}],"collection":[{"href":"https:\/\/semmelweis.hu\/onkologiai-tanszek\/wp-json\/wp\/v2\/pages"}],"about":[{"href":"https:\/\/semmelweis.hu\/onkologiai-tanszek\/wp-json\/wp\/v2\/types\/page"}],"author":[{"embeddable":true,"href":"https:\/\/semmelweis.hu\/onkologiai-tanszek\/wp-json\/wp\/v2\/users\/102054"}],"replies":[{"embeddable":true,"href":"https:\/\/semmelweis.hu\/onkologiai-tanszek\/wp-json\/wp\/v2\/comments?post=389"}],"version-history":[{"count":10,"href":"https:\/\/semmelweis.hu\/onkologiai-tanszek\/wp-json\/wp\/v2\/pages\/389\/revisions"}],"predecessor-version":[{"id":428,"href":"https:\/\/semmelweis.hu\/onkologiai-tanszek\/wp-json\/wp\/v2\/pages\/389\/revisions\/428"}],"wp:attachment":[{"href":"https:\/\/semmelweis.hu\/onkologiai-tanszek\/wp-json\/wp\/v2\/media?parent=389"}],"wp:term":[{"taxonomy":"category","embeddable":true,"href":"https:\/\/semmelweis.hu\/onkologiai-tanszek\/wp-json\/wp\/v2\/categories?post=389"},{"taxonomy":"post_tag","embeddable":true,"href":"https:\/\/semmelweis.hu\/onkologiai-tanszek\/wp-json\/wp\/v2\/tags?post=389"}],"curies":[{"name":"wp","href":"https:\/\/api.w.org\/{rel}","templated":true}]}}