{"id":301,"date":"2025-09-03T21:09:24","date_gmt":"2025-09-03T19:09:24","guid":{"rendered":"https:\/\/semmelweis.hu\/onkologiai-tanszek\/?page_id=301"},"modified":"2025-10-06T13:26:14","modified_gmt":"2025-10-06T11:26:14","slug":"tdk-es-szakdolgozati-cimek","status":"publish","type":"page","link":"https:\/\/semmelweis.hu\/onkologiai-tanszek\/oktatas\/tdk-es-szakdolgozati-cimek\/","title":{"rendered":"TDK- \u00e9s szakdolgozati c\u00edmek"},"content":{"rendered":"<h3>Kedves Hallgat\u00f3k!<\/h3>\n<p style=\"text-align: justify\">Al\u00e1bb olvashat\u00f3ak Tansz\u00e9k\u00fcnk <span style=\"font-size: 1rem\">oktat\u00f3inak<\/span><span style=\"font-size: 1rem\">\u00e9s az Orsz\u00e1gos Onkol\u00f3giai Int\u00e9zet t\u00e1rs-kutat\u00f3inak a 2025\/2026 tan\u00e9vre meghirdetett <\/span><strong style=\"font-size: 1rem\">TDK- \u00e9s szakdolgozati t\u00e9m\u00e1<\/strong><span style=\"font-size: 1rem\">i. Amennyiben valamelyik t\u00e9ma felkeltette az \u00e9rdekl\u0151d\u00e9s\u00fcket, <\/span><em style=\"font-size: 1rem\"><strong>kattintsanak<\/strong><\/em><span style=\"font-size: 1rem\">az adott oktat\u00f3 nev\u00e9re <\/span><em style=\"font-size: 1rem\"><strong>az el\u00e9rhet\u0151s\u00e9gek megtekint\u00e9s\u00e9hez<\/strong><\/em><span style=\"font-size: 1rem\">.<\/span><\/p>\n<p>&nbsp;<\/p>\n<div class=\"lead\"><strong>T\u00e9mac\u00edmek:<\/strong><\/div>\n<ul>\n<li>Sarcopenias obesitas tumoros betegeken (<a href=\"https:\/\/semmelweis.hu\/telefonkonyv?emp_id=20735\">Prof. Dr. Dank Magdolna Ph.D.<\/a>)<\/li>\n<li>Heredaganat \u00e9s szarcoidosis egy\u00fcttes el\u0151fordul\u00e1sa (<a href=\"https:\/\/semmelweis.hu\/telefonkonyv?emp_id=25557\">Dr. Bir\u00f3 Krisztina Ph.D.<\/a>)<\/li>\n<li>Heredaganatok neoadjuv\u00e1ns kezel\u00e9se (<a href=\"mailto:geczi.lajos@oncol.hu\">Dr. G\u00e9czi Lajos Ph.D.<\/a>)<\/li>\n<li>Adenoid cysticus carcinoma \u00a0prognosztikai \u00e9s predikt\u00edv faktorai, kezel\u00e9se (<a href=\"https:\/\/semmelweis.hu\/telefonkonyv?emp_id=25545\">Dr. Hitre Erika Ph.D., med.habil.<\/a>\u00a0\u00e9s <a href=\"mailto:pinter.tamas@oncol.hu\">Dr. Pint\u00e9r Tam\u00e1s Ph.D.<\/a>)<\/li>\n<li>Urogenitalis tumorok immunter\u00e1pi\u00e1ja (<a href=\"https:\/\/semmelweis.hu\/telefonkonyv?emp_id=25553\">Dr. Horv\u00e1th Orsolya Ph.D.<\/a>)<\/li>\n<li>Akt\u00edv onkol\u00f3gia kezel\u00e9s \u00e9s palliat\u00edv ell\u00e1t\u00e1s integr\u00e1ci\u00f3ja (<a href=\"https:\/\/semmelweis.hu\/telefonkonyv?emp_id=25553\">Dr. Horv\u00e1th Orsolya Ph.D.<\/a>)<\/li>\n<li>Negyven \u00e9ves kor alatti eml\u0151r\u00e1kos betegek retrospekt\u00edv vizsg\u00e1lata (<a href=\"mailto:huszar.orsolya@oncol.hu\">Dr. Husz\u00e1r Orsolya Ph.D.<\/a>)<\/li>\n<li>A here sex cord-stroma daganatainak a klinikopatol\u00f3gi\u00e1ja (<a href=\"mailto:kuthi.levente@oncol.hu\">Dr. Kuthi Levente Ph.D.<\/a>)<\/li>\n<li>Vesedaganatok klinikopatol\u00f3gi\u00e1ja (<a href=\"mailto:kuthi.levente@oncol.hu\">Dr. Kuthi Levente Ph.D.<\/a>)<\/li>\n<li>Prosztatar\u00e1kok molekul\u00e1ris genetikai elt\u00e9r\u00e9sei (<a href=\"mailto:kuthi.levente@oncol.hu\">Dr. Kuthi Levente Ph.D.<\/a>)<\/li>\n<li>Lymphoproliferat\u00edv betegs\u00e9gek klinikuma, prognosztikai faktorok (<a href=\"mailto:masszi.andras@oncol.hu\">Dr. Masszi Andr\u00e1s Ph.D.<\/a>)<\/li>\n<li>Primer csontlymphoma (<a href=\"mailto:masszi.andras@oncol.hu\">Dr. Masszi Andr\u00e1s Ph.D.<\/a>, <a href=\"mailto:schneider.tamas@oncol.hu\">Dr. Schneider Tam\u00e1s Ph.D.<\/a>, \u00e9s <a href=\"mailto:varnai.balint@oncol.hu\">Dr. V\u00e1rnai B\u00e1lint<\/a>)<\/li>\n<li>Minim\u00e1lisan invaz\u00edv seb\u00e9szet szerepe a komplex onkol\u00f3giai kezel\u00e9si tervben (<a href=\"https:\/\/semmelweis.hu\/telefonkonyv?emp_id=25541\">Dr. Mersich Tam\u00e1s Ph.D.<\/a>)\n<ul>\n<li>\u00a0Laparoscopos \u00e9s robot-assziszt\u00e1lt gyomorr\u00e1k seb\u00e9szet (<a href=\"https:\/\/semmelweis.hu\/telefonkonyv?emp_id=25541\">Dr. Mersich Tam\u00e1s Ph.D.<\/a>)<\/li>\n<li>Laparoscopos m\u00e1jseb\u00e9szet (<a href=\"https:\/\/semmelweis.hu\/telefonkonyv?emp_id=25559\">Dr. Wettstein D\u00e1niel<\/a>)<\/li>\n<li>Laparoscopos rectumreszekci\u00f3k (<a href=\"mailto:polk.nandor@oncol.hu\">Dr. Polk N\u00e1ndor<\/a>)<\/li>\n<\/ul>\n<\/li>\n<li>\u00daj technik\u00e1k a minim\u00e1lisan invaz\u00edv daganatseb\u00e9szetben (<a href=\"https:\/\/semmelweis.hu\/telefonkonyv?emp_id=25541\">Dr. Mersich Tam\u00e1s Ph.D.<\/a><span style=\"font-size: 1rem\">)<\/span>\n<ul>\n<li>Robot-assziszt\u00e1lt m\u00e1jm\u0171t\u00e9tek (<a href=\"https:\/\/semmelweis.hu\/telefonkonyv?emp_id=25541\">Dr. Mersich Tam\u00e1s Ph.D.<\/a> \u00e9s <a href=\"https:\/\/semmelweis.hu\/telefonkonyv?emp_id=25559\">Dr. Wettstein D\u00e1niel<\/a>)<\/li>\n<li>Robot-assziszt\u00e1lt nyel\u0151cs\u0151m\u0171t\u00e9tek (<a href=\"mailto:duboczki.zsolt@oncol.hu\">Dr. Dub\u00f3czki Zsolt<\/a>)<\/li>\n<\/ul>\n<\/li>\n<li>Seb\u00e9szi radikalit\u00e1s hat\u00e1ra a komplex onkol\u00f3giai kezel\u00e9sben (<a href=\"https:\/\/semmelweis.hu\/telefonkonyv?emp_id=25541\">Dr. Mersich Tam\u00e1s Ph.D.<\/a>)\n<ul>\n<li>ELAPRE technika a rectumseb\u00e9szetben (<a href=\"mailto:nagy.gergely@oncol.hu\">Dr. Nagy Gergely<\/a>)<\/li>\n<li>Radikalis pancreas m\u0171t\u00e9tek (<a href=\"mailto:duboczki.zsolt@oncol.hu\">Dr. Dub\u00f3czki Zsolt<\/a>)<\/li>\n<li>HIPEC kezel\u00e9s \u00e9s eredm\u00e9nyei (<a href=\"mailto:nagy.gergely@oncol.hu\">Dr. Nagy Gergely<\/a>)<\/li>\n<li>Multiviscer\u00e1lis reszekci\u00f3k a retroperitonealis sarcom\u00e1k kezel\u00e9s\u00e9ben (<a href=\"mailto:kovacs.tibor@oncol.hu\">Dr. Kov\u00e1cs Tibor Ph.D.<\/a>)<\/li>\n<\/ul>\n<\/li>\n<li>Hat\u00e9konys\u00e1gn\u00f6vel\u00e9s az onkol\u00f3giai seb\u00e9szetben (<a href=\"https:\/\/semmelweis.hu\/telefonkonyv?emp_id=25541\">Dr. Mersich Tam\u00e1s Ph.D.<\/a>)\n<ul>\n<li>Perioperat\u00edv felk\u00e9sz\u00edt\u00e9s kiterjedt radikalit\u00e1s\u00fa onkol\u00f3giai m\u0171t\u00e9tek sor\u00e1n (<a href=\"mailto:kovacs.tibor@oncol.hu\">Dr. Kov\u00e1cs Tibor Ph.D.<\/a>)<\/li>\n<li>Pszicho-neuro-immunol\u00f3giai faktorok \u00e9s m\u0171t\u00e9ti morbidit\u00e1s (<a href=\"https:\/\/semmelweis.hu\/telefonkonyv?emp_id=25541\">Dr. Mersich Tam\u00e1s Ph.D.<\/a>)<\/li>\n<li>Betegeduk\u00e1ci\u00f3 \u00e9s seb\u00e9szi kimenetel (<a href=\"mailto:dr.olah.gergely@oncol.hu\">Dr. Ol\u00e1h Gergely<\/a>)<\/li>\n<li>\u00daj technol\u00f3gi\u00e1k kritikai \u00e9rt\u00e9kel\u00e9se (<a href=\"https:\/\/semmelweis.hu\/telefonkonyv?emp_id=25541\">Dr. Mersich Tam\u00e1s Ph.D.<\/a>)<\/li>\n<\/ul>\n<\/li>\n<li>CDK 4\/6 inhibitorok hat\u00e9konys\u00e1g\u00e1nak vizsg\u00e1lata metasztatikus eml\u0151r\u00e1kban real world adatok alapj\u00e1n (<a href=\"mailto:pinter.tamas@oncol.hu\">Dr. Pint\u00e9r Tam\u00e1s Ph.D.<\/a>)<\/li>\n<li>Gasztrointesztin\u00e1lis daganatok korszer\u0171 ter\u00e1pi\u00e1j\u00e1nak, predikt\u00edv \u00e9s prognosztikai markereinek vizsg\u00e1lata (<a href=\"mailto:pinter.tamas@oncol.hu\">Dr. Pint\u00e9r Tam\u00e1s Ph.D.<\/a>)<\/li>\n<li>Eml\u0151daganatok korszer\u0171 ter\u00e1pi\u00e1j\u00e1nak, predikt\u00edv \u00e9s prognosztikai markereinek vizsg\u00e1lata (<a href=\"mailto:szekely.borbala@oncol.hu\">Dr. Sz\u00e9kely Borb\u00e1la Ph.D.<\/a>)<\/li>\n<li>Eml\u0151daganatok lok\u00e1lis recidiv\u00e1j\u00e1nak kezel\u00e9se (<a href=\"https:\/\/semmelweis.hu\/telefonkonyv?emp_id=25555\">Dr. T\u00e1rnoki \u00c1d\u00e1m Domonkos Ph.D., med.habil.<\/a>\u00a0\u00e9s <a href=\"https:\/\/semmelweis.hu\/telefonkonyv?emp_id=25556\">Dr. T\u00e1rnoki D\u00e1vid L\u00e1szl\u00f3 Ph.D., med.habil.<\/a>)<\/li>\n<li>Tumorok radiomikai elemz\u00e9se, radiogenomika (<a href=\"https:\/\/semmelweis.hu\/telefonkonyv?emp_id=25555\">Dr. T\u00e1rnoki \u00c1d\u00e1m Domonkos Ph.D., med.habil.<\/a> \u00e9s <a href=\"https:\/\/semmelweis.hu\/telefonkonyv?emp_id=25556\">Dr. T\u00e1rnoki D\u00e1vid L\u00e1szl\u00f3 Ph.D., med.habil.<\/a>)<\/li>\n<li>Colorect\u00e1lis daganatok radiomikai vizsg\u00e1lata (<a href=\"https:\/\/semmelweis.hu\/telefonkonyv?emp_id=25555\">Dr. T\u00e1rnoki \u00c1d\u00e1m Domonkos Ph.D., med.habil.<\/a> \u00e9s <a href=\"https:\/\/semmelweis.hu\/telefonkonyv?emp_id=25556\">Dr. T\u00e1rnoki D\u00e1vid L\u00e1szl\u00f3 Ph.D., med.habil.<\/a>)<\/li>\n<li>CDK 4\/6 inhibitorokkal szembeni primer rezisztenciamecganizmus vizsg\u00e1lata sz\u00f6vettani metszetekben (<a href=\"mailto:tovari.jozsef@oncol.hu\">Dr. T\u00f3v\u00e1ri J\u00f3zsef Ph.D.<\/a> \u00e9s <a href=\"mailto:klement.gyorgy@oncol.hu\">Dr. Kl\u00e9ment Gy\u00f6rgy<\/a>)<\/li>\n<li>N\u0151gy\u00f3gy\u00e1szati \u00f6r\u00f6kletes rosszindulat\u00fa daganatot okoz\u00f3 k\u00f3rk\u00e9pek \u2013 sz\u0171r\u00e9s, nyomon k\u00f6vet\u00e9s, kialakul\u00e1s megel\u0151z\u00e9se, genetikai tan\u00e1csad\u00e1s \u2013 kih\u00edv\u00e1sok \u00e9s lehet\u0151s\u00e9gek (<a href=\"mailto:horanyi.daniel@oncol.hu\">Dr. Hor\u00e1nyi D\u00e1niel Ph.D.<\/a>)<\/li>\n<li>Preoperat\u00edv gyullad\u00e1sos param\u00e9terek prognosztikai jelent\u0151s\u00e9ge endometriumr\u00e1kban \u2013 retrospekt\u00edv elemz\u00e9s (<a href=\"mailto:horanyi.daniel@oncol.hu\">Dr. Hor\u00e1nyi D\u00e1niel Ph.D.<\/a>)<\/li>\n<li>Genetikai profilalkot\u00e1s a n\u0151gy\u00f3gy\u00e1szati onkol\u00f3gi\u00e1ban (<a href=\"mailto:horanyi.daniel@oncol.hu\">Dr. Hor\u00e1nyi D\u00e1niel Ph.D.<\/a>)<\/li>\n<li>Homol\u00f3g rekombin\u00e1ci\u00f3s hi\u00e1ny(HRD) jelent\u0151s\u00e9ge petef\u00e9szekr\u00e1kokban- PARP inhibitorok szerebe (<a href=\"mailto:horanyi.daniel@oncol.hu\">Dr. Hor\u00e1nyi D\u00e1niel Ph.D.<\/a>)<\/li>\n<\/ul>\n","protected":false},"excerpt":{"rendered":"<p>Kedves Hallgat\u00f3k! Al\u00e1bb olvashat\u00f3ak Tansz\u00e9k\u00fcnk oktat\u00f3inak\u00e9s az Orsz\u00e1gos Onkol\u00f3giai Int\u00e9zet t\u00e1rs-kutat\u00f3inak a 2025\/2026 tan\u00e9vre meghirdetett TDK- \u00e9s szakdolgozati t\u00e9m\u00e1i. Amennyiben valamelyik t\u00e9ma felkeltette az \u00e9rdekl\u0151d\u00e9s\u00fcket, kattintsanakaz adott oktat\u00f3 nev\u00e9re az el\u00e9rhet\u0151s\u00e9gek megtekint\u00e9s\u00e9hez. &nbsp; T\u00e9mac\u00edmek: Sarcopenias obesitas tumoros betegeken ( <a href=\"https:\/\/semmelweis.hu\/telefonkonyv?emp_id=20735\">Prof. Dr. Dank Magdolna Ph.D.<\/a> ) Heredaganat \u00e9s szarcoidosis egy\u00fcttes el\u0151fordul\u00e1sa ( <a href=\"https:\/\/semmelweis.hu\/telefonkonyv?emp_id=25557\">Dr. Bir\u00f3 Krisztina Ph.D.<\/a> ) Heredaganatok neoadjuv\u00e1ns kezel\u00e9se ( <a href=\"mailto:geczi.lajos@oncol.hu\">Dr. G\u00e9czi Lajos Ph.D.<\/a> ) Adenoid cysticus carcinoma &hellip;<\/p>\n","protected":false},"author":102054,"featured_media":0,"parent":19,"menu_order":2,"comment_status":"closed","ping_status":"closed","template":"","meta":{"_acf_changed":false,"footnotes":""},"categories":[],"tags":[],"class_list":["post-301","page","type-page","status-publish","hentry"],"acf":[],"_links":{"self":[{"href":"https:\/\/semmelweis.hu\/onkologiai-tanszek\/wp-json\/wp\/v2\/pages\/301","targetHints":{"allow":["GET"]}}],"collection":[{"href":"https:\/\/semmelweis.hu\/onkologiai-tanszek\/wp-json\/wp\/v2\/pages"}],"about":[{"href":"https:\/\/semmelweis.hu\/onkologiai-tanszek\/wp-json\/wp\/v2\/types\/page"}],"author":[{"embeddable":true,"href":"https:\/\/semmelweis.hu\/onkologiai-tanszek\/wp-json\/wp\/v2\/users\/102054"}],"replies":[{"embeddable":true,"href":"https:\/\/semmelweis.hu\/onkologiai-tanszek\/wp-json\/wp\/v2\/comments?post=301"}],"version-history":[{"count":10,"href":"https:\/\/semmelweis.hu\/onkologiai-tanszek\/wp-json\/wp\/v2\/pages\/301\/revisions"}],"predecessor-version":[{"id":383,"href":"https:\/\/semmelweis.hu\/onkologiai-tanszek\/wp-json\/wp\/v2\/pages\/301\/revisions\/383"}],"up":[{"embeddable":true,"href":"https:\/\/semmelweis.hu\/onkologiai-tanszek\/wp-json\/wp\/v2\/pages\/19"}],"wp:attachment":[{"href":"https:\/\/semmelweis.hu\/onkologiai-tanszek\/wp-json\/wp\/v2\/media?parent=301"}],"wp:term":[{"taxonomy":"category","embeddable":true,"href":"https:\/\/semmelweis.hu\/onkologiai-tanszek\/wp-json\/wp\/v2\/categories?post=301"},{"taxonomy":"post_tag","embeddable":true,"href":"https:\/\/semmelweis.hu\/onkologiai-tanszek\/wp-json\/wp\/v2\/tags?post=301"}],"curies":[{"name":"wp","href":"https:\/\/api.w.org\/{rel}","templated":true}]}}