{"id":297,"date":"2025-08-22T16:12:31","date_gmt":"2025-08-22T14:12:31","guid":{"rendered":"https:\/\/semmelweis.hu\/onkologiai-tanszek\/?page_id=297"},"modified":"2026-03-09T09:03:22","modified_gmt":"2026-03-09T08:03:22","slug":"kutatas","status":"publish","type":"page","link":"https:\/\/semmelweis.hu\/onkologiai-tanszek\/kutatas\/","title":{"rendered":"Kutat\u00e1s"},"content":{"rendered":"<div class=\"keretes w-100\">\n<p style=\"text-align: justify\">Az onkol\u00f3gia megbeteged\u00e9sek sz\u00e1ma vil\u00e1gszerte jelent\u0151s n\u00f6veked\u00e9st mutat. Vil\u00e1gszerte k\u00f6zel 20 milli\u00f3, haz\u00e1nkban pedig k\u00f6z\u00fcl 100.000 \u00fajonnan felfedezett rosszindulat\u00fa daganatos esetet regisztr\u00e1lnak \u00e9vente, \u00e9s t\u00f6bb mint 10 milli\u00f3an halnak meg a betegs\u00e9gben. A rosszindulat\u00fa daganatok t\u00f6bb mint 200 k\u00fcl\u00f6nb\u00f6z\u0151 betegs\u00e9g gy\u0171jt\u0151neve. A daganatos betegs\u00e9gek diagnosztik\u00e1ja \u00e9s ter\u00e1pi\u00e1ja a nemzetk\u00f6zi orvostudom\u00e1ny egyik leggyorsabban fejl\u0151d\u0151 ter\u00fclete. Mindezen t\u00e9nyez\u0151k miatt rendk\u00edv\u00fcl fontos, a Tansz\u00e9ken a betegell\u00e1t\u00e1s \u00e9s oktat\u00e1s mellett az akt\u00edv kutat\u00f3munka is.<\/p>\n<\/div>\n<p style=\"text-align: justify\">Multidiszciplin\u00e1ris kutat\u00e1st v\u00e9gz\u0151 munkacsoportunk \u2013 ahol az orvoskoll\u00e9g\u00e1k mellett alkalmazott biostatisztikus, biol\u00f3gus, koordin\u00e1tor, vegy\u00e9sz \u00e9s tov\u00e1bbi egy\u00e9b szakemberek is helyet foglalnak \u2013 feladatai k\u00f6z\u00e9 tartozik az Orsz\u00e1gos Onkol\u00f3giai Int\u00e9zetben \u00e9s a Semmelweis Egyetemen foly\u00f3 kutat\u00e1sok \u00f6sszefog\u00e1sa. Kutat\u00f3ink sz\u00e1mos TDK-, szakdolgoz\u00f3- \u00e9s Ph.D. hallgat\u00f3t seg\u00edtik.<\/p>\n<h5>A Tansz\u00e9k munkat\u00e1rsainak tudom\u00e1nyos publik\u00e1ci\u00f3i:<\/h5>\n<ul>\n<li>Panczel I, Herold M, Borbenyi E, Horanyi D, Novak Z, Dank M, Szasz AM, Herold Z.<br \/>\n<strong>Survival Difference in Advanced-Stage Cervical and Ovarian Cancer Patients Treated with Concomitant Modulated Electro-Hyperthermia in Comparison to Classic Treatment Modalities: Results of a Pilot Study and Meta-Analysis.<\/strong><br \/>\n<em><strong>Med. Sci.<\/strong><\/em> <em>2026<\/em>, <em><strong>14<\/strong><\/em>(1):105; DOI: <a href=\"https:\/\/doi.org\/10.3390\/medsci14010105\">10.3390\/medsci14010105<\/a><\/li>\n<li>Madarasz B, Balazs MA, Palfi E, Konczos J, Toth A, Szentmartoni Gy, Herold Z, Dank M. <br \/>\n<strong>Ultra-processed foods and dietary habits of oncology patients: Risk factor or survival strategy.<\/strong> <br \/>\n<em><strong>World. J. Clin. Oncol.<\/strong><\/em> <em>2025<\/em>, <em><strong>16<\/strong><\/em>(12):111372; DOI: <a href=\"https:\/\/doi.org\/10.5306\/wjco.v16.i12.111372\">10.5306\/wjco.v16.i12.111372<\/a><\/li>\n<li>Herold Z, Herold M, Szentm\u00e1rtoni Gy, Sz\u00e1lasy R, Lohinszky J, Somogyi A, Sz\u00e1sz AM, Dank M. <br \/>\n<strong>Are Calculated Immune Markers with or Without Comorbidities Good Predictors of Colorectal Cancer Survival? The Results of a Longitudinal Study.<\/strong> <br \/>\n<em><strong>Med. Sci.<\/strong><\/em> <em>2025<\/em>, <em><strong>13<\/strong><\/em>(3):108; DOI: <a href=\"https:\/\/doi.org\/10.3390\/medsci13030108\">10.3390\/medsci13030108<\/a><\/li>\n<\/ul>\n","protected":false},"excerpt":{"rendered":"<p>Az onkol\u00f3gia megbeteged\u00e9sek sz\u00e1ma vil\u00e1gszerte jelent\u0151s n\u00f6veked\u00e9st mutat. Vil\u00e1gszerte k\u00f6zel 20 milli\u00f3, haz\u00e1nkban pedig k\u00f6z\u00fcl 100.000 \u00fajonnan felfedezett rosszindulat\u00fa daganatos esetet regisztr\u00e1lnak \u00e9vente, \u00e9s t\u00f6bb mint 10 milli\u00f3an halnak meg a betegs\u00e9gben. A rosszindulat\u00fa daganatok t\u00f6bb mint 200 k\u00fcl\u00f6nb\u00f6z\u0151 betegs\u00e9g gy\u0171jt\u0151neve. A daganatos betegs\u00e9gek diagnosztik\u00e1ja \u00e9s ter\u00e1pi\u00e1ja a nemzetk\u00f6zi orvostudom\u00e1ny egyik leggyorsabban fejl\u0151d\u0151 ter\u00fclete. Mindezen &hellip;<\/p>\n","protected":false},"author":102054,"featured_media":0,"parent":0,"menu_order":4,"comment_status":"closed","ping_status":"closed","template":"","meta":{"_acf_changed":false,"footnotes":""},"categories":[],"tags":[],"class_list":["post-297","page","type-page","status-publish","hentry"],"acf":[],"_links":{"self":[{"href":"https:\/\/semmelweis.hu\/onkologiai-tanszek\/wp-json\/wp\/v2\/pages\/297","targetHints":{"allow":["GET"]}}],"collection":[{"href":"https:\/\/semmelweis.hu\/onkologiai-tanszek\/wp-json\/wp\/v2\/pages"}],"about":[{"href":"https:\/\/semmelweis.hu\/onkologiai-tanszek\/wp-json\/wp\/v2\/types\/page"}],"author":[{"embeddable":true,"href":"https:\/\/semmelweis.hu\/onkologiai-tanszek\/wp-json\/wp\/v2\/users\/102054"}],"replies":[{"embeddable":true,"href":"https:\/\/semmelweis.hu\/onkologiai-tanszek\/wp-json\/wp\/v2\/comments?post=297"}],"version-history":[{"count":10,"href":"https:\/\/semmelweis.hu\/onkologiai-tanszek\/wp-json\/wp\/v2\/pages\/297\/revisions"}],"predecessor-version":[{"id":471,"href":"https:\/\/semmelweis.hu\/onkologiai-tanszek\/wp-json\/wp\/v2\/pages\/297\/revisions\/471"}],"wp:attachment":[{"href":"https:\/\/semmelweis.hu\/onkologiai-tanszek\/wp-json\/wp\/v2\/media?parent=297"}],"wp:term":[{"taxonomy":"category","embeddable":true,"href":"https:\/\/semmelweis.hu\/onkologiai-tanszek\/wp-json\/wp\/v2\/categories?post=297"},{"taxonomy":"post_tag","embeddable":true,"href":"https:\/\/semmelweis.hu\/onkologiai-tanszek\/wp-json\/wp\/v2\/tags?post=297"}],"curies":[{"name":"wp","href":"https:\/\/api.w.org\/{rel}","templated":true}]}}