{"id":988,"date":"2016-11-10T19:27:20","date_gmt":"2016-11-10T18:27:20","guid":{"rendered":"http:\/\/semmelweis.hu\/onkologiai-kozpont\/?page_id=988"},"modified":"2023-07-10T19:58:28","modified_gmt":"2023-07-10T17:58:28","slug":"lymphoedema-kezelese","status":"publish","type":"page","link":"https:\/\/semmelweis.hu\/onkologiai-kozpont\/betegellatas\/komplex-onkologiai-rehabilitacio\/lymphoedema-kezelese\/","title":{"rendered":"Nyirokmassz\u00e1zs"},"content":{"rendered":"<p style=\"text-align: justify\">Daganatos betegek eset\u00e9ben a m\u0171t\u00e9ti beavatkoz\u00e1s, vagy ak\u00e1r maga a betegs\u00e9g t\u00f6bbnyire a nyirokrendszer k\u00f6zvetlen vagy k\u00f6zvetett \u00e9rintetts\u00e9g\u00e9t is jelenti, ez\u00e9rt az ebbe a betegs\u00e9gcsoportba tartoz\u00f3k egyben potenci\u00e1lis kock\u00e1zati csoportba sorolhat\u00f3k a nyirok\u00f6d\u00e9ma (limphoedema \u2013 limpf\u00f6d\u00e9ma) kialakul\u00e1sa szempontj\u00e1b\u00f3l. P\u00e9ld\u00e1ul az eml\u0151r\u00e1k eset\u00e9n a gy\u00f3gy\u00edt\u00e1s egyik legf\u0151bb eszk\u00f6ze a m\u0171t\u00e9t, amely sor\u00e1n az orvos elt\u00e1vol\u00edtja a daganatot bizonyos mennyis\u00e9g\u0171 k\u00f6rnyez\u0151 \u00e9p eml\u0151sz\u00f6vettel egy\u00fctt, illetve adott esetben a m\u0171t\u00e9tet kiterjesztik a h\u00f3nalji ter\u00fclet nyirokcsom\u00f3inak elt\u00e1vol\u00edt\u00e1s\u00e1val is. A beavatkoz\u00e1s ut\u00e1n \u00f6d\u00e9m\u00e1s lehet nemcsak a kar, hanem a mell, a mellkas, a h\u00e1t \u00e9s a h\u00f3nalj alatti ter\u00fclet is. Ilyenkor a gy\u00f3gyszeres v\u00edzhajt\u00e1s nem seg\u00edt. A kellemetlen t\u00fcneten speci\u00e1lis kezel\u00e9sekkel lehet jav\u00edtani, ennek h\u00e1rom eleme a manu\u00e1lis nyirokdren\u00e1zs (ld. al\u00e1bb), a kieg\u00e9sz\u00edt\u0151 kompresszi\u00f3s ter\u00e1pia \u00e9s a speci\u00e1lis gy\u00f3gytorna.<\/p>\n<p style=\"text-align: justify\">A nyirokkering\u00e9s zavara a teherb\u00edr\u00e1s, a munkak\u00e9pess\u00e9g elveszt\u00e9s\u00e9hez, rossz k\u00f6z\u00e9rzethez \u00e9s ak\u00e1r tart\u00f3s eg\u00e9szs\u00e9gk\u00e1rosod\u00e1shoz vezethet, ez\u00e9rt ezeket a t\u00fcneteket nem szabad elhanyagolni. Minden beteget szem\u00e9lyre szabottan kell ell\u00e1tni. Egy kezel\u00e9si peri\u00f3dus \u00e1ltal\u00e1ban k\u00e9t h\u00e9tig tart, a ter\u00e1pia naponta 1 \u00f3r\u00e1t vesz ig\u00e9nybe. El\u0151sz\u00f6r is egy 25-30 percig tart\u00f3 manu\u00e1lis nyirokdren\u00e1zs sor\u00e1n speci\u00e1lis massz\u00e1zstechnik\u00e1val az ebben j\u00e1rtas gy\u00f3gytorn\u00e1sz eltereli a felesleges folyad\u00e9kot az \u00e9p oldal fel\u00e9. Ha megindult a nyirokelfoly\u00e1s, felpuhult az \u00e9rintett ter\u00fclet, akkor k\u00f6vetkezhet a g\u00e9pi kompresszi\u00f3. Ennek sor\u00e1n egy t\u00f6bb kamr\u00e1s, leveg\u0151vel felf\u00fav\u00f3d\u00f3 mandzsetta tereli a pang\u00f3 folyad\u00e9kot alulr\u00f3l felfel\u00e9, a h\u00f3nalj ir\u00e1ny\u00e1ba. A g\u00e9pi kezel\u00e9s szint\u00e9n k\u00f6r\u00fclbel\u00fcl f\u00e9l \u00f3r\u00e1t vesz ig\u00e9nybe. De a g\u00e9pi kompresszi\u00f3 nem minden esetben aj\u00e1nlott.<\/p>\n<p style=\"text-align: justify\">Annak \u00e9rdek\u00e9ben, hogy a nyirokpang\u00e1s ne t\u00e9rjen vissza, a betegek kompresszi\u00f3s k\u00f6t\u00e9st kapnak a karjukra, mely napk\u00f6zben azt\u00e1n folyamatosan a betegen is marad. Ebben a k\u00f6t\u00e9sben a betegnek a gy\u00f3gytorn\u00e1sz ir\u00e1ny\u00edt\u00e1s\u00e1val speci\u00e1lis, egy\u00e9nre szabott gy\u00f3gytorn\u00e1t kell v\u00e9gezni, ez jav\u00edtja az izmok pumpafunkci\u00f3j\u00e1t, mely tov\u00e1bb serkenti a nyirokkering\u00e9st. A p\u00e1ciensek naponta tal\u00e1lkoznak a gy\u00f3gytorn\u00e1sszal, \u00e9s megbesz\u00e9lik az aktu\u00e1lis teend\u0151ket. A k\u00e9thetes peri\u00f3dust k\u00f6vet\u0151en jelent\u0151s javul\u00e1s \u00e9rhet\u0151 el. A nyirok\u00f6d\u00e9ma kezel\u00e9snek, mint minden orvosi beavatkoz\u00e1snak is megvannak a maga ellenjavallatai. Ellenjavallatot jelenthet p\u00e9ld\u00e1ul a s\u00falyos kering\u00e9si probl\u00e9m\u00e1kkal j\u00e1r\u00f3 sz\u00edvbetegs\u00e9g fenn\u00e1ll\u00e1sa is. Mindezek vonatkoznak az als\u00f3 v\u00e9gtagot \u00e9rint\u0151 \u00f6d\u00e9ma kezel\u00e9s\u00e9re is. A nyirokdren\u00e1zs, mint speci\u00e1lis kezel\u00e9s minden esetben orvosi javaslatra kezdhet\u0151 el, \u00e9s csak rendszeres, folyamatos orvosi ellen\u0151rz\u00e9s mellett v\u00e9gezhet\u0151, ugyanis a beteg \u00e1llapota nagym\u00e9rt\u00e9kben befoly\u00e1solja a kezel\u00e9s indokolts\u00e1g\u00e1t.<\/p>\n<p style=\"text-align: justify\">A nyirokmassz\u00e1zs sz\u00fcks\u00e9gess\u00e9g\u00e9t minden esetben a kezel\u0151orvossal egyet\u00e9rt\u00e9sben a komplex onkol\u00f3giai rehabilit\u00e1ci\u00f3ban r\u00e9sztvev\u0151 koll\u00e9g\u00e1k (mozg\u00e1sszervi rehabilit\u00e1ci\u00f3s szakorvos, gy\u00f3gytorn\u00e1sz, fizioterapeuta, gy\u00f3gymassz\u0151r) hat\u00e1rozz\u00e1k meg. A nyirokmassz\u00e1zs sz\u00fcks\u00e9gess\u00e9g\u00e9nek elb\u00edr\u00e1l\u00e1s\u00e1ban seg\u00edts\u00e9get ny\u00fajt int\u00e9zet\u00fcnk mozg\u00e1sszervi rehabilit\u00e1ci\u00f3s szakorvos koll\u00e9g\u00e1ja. A konkr\u00e9t kezel\u00e9si id\u0151pontot az orvosi vizit alkalm\u00e1val egyeztetj\u00fck p\u00e1cienseinkkel. <strong>Amennyiben a kezel\u0151orvos nem javasolja, nem szabad nyirokmassz\u00e1zst alkalmazni.<\/strong> Fontos tudni, hogy nyirokmassz\u00e1zs ig\u00e9nybe vehet\u0151 az ilyen szolg\u00e1ltat\u00e1st ny\u00fajt\u00f3 ter\u00fcletileg illet\u00e9kes eg\u00e9szs\u00e9g\u00fcgyi ell\u00e1t\u00f3helyen is megfelel\u0151 orvosi javaslattal.<\/p>\n<p style=\"text-align: justify\">Int\u00e9zet\u00fcnkben <strong>a fenti kezel\u00e9seket sajnos csak a Semmelweis Egyetem, Belgy\u00f3gy\u00e1szati \u00e9s Onkol\u00f3giai Klinika, Onkol\u00f3giai Profilon kezelt betegek vehetik ig\u00e9nybe<\/strong>, ezzel kapcsolatban k\u00e9rj\u00fck a nem int\u00e9zeti betegek sz\u00edves meg\u00e9rt\u00e9s\u00e9t, azonban ilyen esetekben javasoljuk, hogy minden esetben konzult\u00e1ljanak saj\u00e1t onkol\u00f3gus kezel\u0151- vagy gondoz\u00f3 orvosukkal, valamint a ter\u00fcletileg illet\u00e9kes akt\u00edv onkol\u00f3giai ell\u00e1t\u00e1st ny\u00fajt\u00f3 int\u00e9zettel az adott ell\u00e1t\u00e1si ter\u00fcleten el\u00e9rhet\u0151 lehet\u0151s\u00e9gekr\u0151l! Tov\u00e1bb\u00e1, minden esetben k\u00e9rhetik h\u00e1ziorvosuk seg\u00edts\u00e9g\u00e9t a rehabilit\u00e1ci\u00f3val kapcsolatos lehet\u0151s\u00e9gekr\u0151l.<\/p>\n","protected":false},"excerpt":{"rendered":"<p>Daganatos betegek eset\u00e9ben a m\u0171t\u00e9ti beavatkoz\u00e1s, vagy ak\u00e1r maga a betegs\u00e9g t\u00f6bbnyire a nyirokrendszer k\u00f6zvetlen vagy k\u00f6zvetett \u00e9rintetts\u00e9g\u00e9t is jelenti, ez\u00e9rt az ebbe a betegs\u00e9gcsoportba tartoz\u00f3k egyben potenci\u00e1lis kock\u00e1zati csoportba sorolhat\u00f3k a nyirok\u00f6d\u00e9ma (limphoedema \u2013 limpf\u00f6d\u00e9ma) kialakul\u00e1sa szempontj\u00e1b\u00f3l. P\u00e9ld\u00e1ul az eml\u0151r\u00e1k eset\u00e9n a gy\u00f3gy\u00edt\u00e1s egyik legf\u0151bb eszk\u00f6ze a m\u0171t\u00e9t, amely sor\u00e1n az orvos elt\u00e1vol\u00edtja a &hellip;<\/p>\n","protected":false},"author":101105,"featured_media":0,"parent":3032,"menu_order":2,"comment_status":"closed","ping_status":"closed","template":"","meta":{"_acf_changed":false,"footnotes":""},"categories":[],"tags":[],"class_list":["post-988","page","type-page","status-publish","hentry"],"acf":[],"_links":{"self":[{"href":"https:\/\/semmelweis.hu\/onkologiai-kozpont\/wp-json\/wp\/v2\/pages\/988","targetHints":{"allow":["GET"]}}],"collection":[{"href":"https:\/\/semmelweis.hu\/onkologiai-kozpont\/wp-json\/wp\/v2\/pages"}],"about":[{"href":"https:\/\/semmelweis.hu\/onkologiai-kozpont\/wp-json\/wp\/v2\/types\/page"}],"author":[{"embeddable":true,"href":"https:\/\/semmelweis.hu\/onkologiai-kozpont\/wp-json\/wp\/v2\/users\/101105"}],"replies":[{"embeddable":true,"href":"https:\/\/semmelweis.hu\/onkologiai-kozpont\/wp-json\/wp\/v2\/comments?post=988"}],"version-history":[{"count":10,"href":"https:\/\/semmelweis.hu\/onkologiai-kozpont\/wp-json\/wp\/v2\/pages\/988\/revisions"}],"predecessor-version":[{"id":3194,"href":"https:\/\/semmelweis.hu\/onkologiai-kozpont\/wp-json\/wp\/v2\/pages\/988\/revisions\/3194"}],"up":[{"embeddable":true,"href":"https:\/\/semmelweis.hu\/onkologiai-kozpont\/wp-json\/wp\/v2\/pages\/3032"}],"wp:attachment":[{"href":"https:\/\/semmelweis.hu\/onkologiai-kozpont\/wp-json\/wp\/v2\/media?parent=988"}],"wp:term":[{"taxonomy":"category","embeddable":true,"href":"https:\/\/semmelweis.hu\/onkologiai-kozpont\/wp-json\/wp\/v2\/categories?post=988"},{"taxonomy":"post_tag","embeddable":true,"href":"https:\/\/semmelweis.hu\/onkologiai-kozpont\/wp-json\/wp\/v2\/tags?post=988"}],"curies":[{"name":"wp","href":"https:\/\/api.w.org\/{rel}","templated":true}]}}