{"id":986,"date":"2016-11-10T19:26:24","date_gmt":"2016-11-10T18:26:24","guid":{"rendered":"http:\/\/semmelweis.hu\/onkologiai-kozpont\/?page_id=986"},"modified":"2023-07-10T19:58:04","modified_gmt":"2023-07-10T17:58:04","slug":"gyogymasszazs","status":"publish","type":"page","link":"https:\/\/semmelweis.hu\/onkologiai-kozpont\/betegellatas\/komplex-onkologiai-rehabilitacio\/gyogymasszazs\/","title":{"rendered":"Gy\u00f3gymassz\u00e1zs"},"content":{"rendered":"<p style=\"text-align: justify\">A massz\u00e1zs a test fel\u00fclet\u00e9n meghat\u00e1rozott kezel\u00e9si c\u00e9llal alkalmazott mechanikus inger, melyre a szervezet v\u00e1laszreakci\u00f3ja a fizikai gy\u00f3gyhat\u00e1s. A massz\u00e1zs hat\u00e1sai r\u00e9szben k\u00f6zvetve, r\u00e9szben k\u00f6zvetlen\u00fcl hatnak j\u00f3t\u00e9konyan az emberi szervezetre p\u00e9ld\u00e1ul az izomt\u00f3nusra \u00e9s az idegrendszerre. A massz\u00e1zs ellaz\u00edtja az izmokat \u00e9s megnyugtatja az idegrendszert, ami p\u00e9ld\u00e1ul nyugodt, tehermentes \u00e9jszak\u00e1t biztos\u00edthat vagy jav\u00edthatja a napi fizikai aktivit\u00e1st. A massz\u00e1zs k\u00f6zvetlen hat\u00e1sak\u00e9nt cs\u00f6kkenti az izomfesz\u00fcl\u00e9st \u00edgy az izmok rugalmass\u00e1ga \u00e9s teljes\u00edt\u0151k\u00e9pess\u00e9ge javul, \u00e1ltal\u00e1nos f\u00e1jdalomcsillap\u00edt\u00f3 hat\u00e1ssal is rendelkezik. <strong>Nem tilos, de nem is minden esetben aj\u00e1nlott a gy\u00f3gymassz\u00e1zs onkol\u00f3giai betegek sz\u00e1m\u00e1ra.<\/strong><\/p>\n<p style=\"text-align: justify\">Miut\u00e1n egy massz\u00e1zs nemcsak helyi kezel\u00e9snek tekinthet\u0151, hanem \u00e1ltal\u00e1nosan is van hat\u00e1sa, ez\u00e9rt ha egy teljes, m\u00e9ly test- massz\u00e1zs ellenjavallt is egy onkol\u00f3giai betegn\u00e9l, egy sz\u0171k ter\u00fcletre koncentr\u00e1l\u00f3 beavatkoz\u00e1ssal is tudunk a beteg szervezet\u00e9re, az idegrendszer\u00e9re, a ked\u00e9ly\u00e1llapot\u00e1ra pozit\u00edv hat\u00e1st kifejteni \u00e9s mindenkin\u00e9l meg lehet tal\u00e1lni azt a kezel\u00e9si m\u00f3dot, amely \u00f6sszeegyeztethet\u0151 a beteg aktu\u00e1lis \u00e1llapot\u00e1val \u00e9s onkol\u00f3giai kezel\u00e9s\u00e9vel. Ez a meg\u00e1llap\u00edt\u00e1s ugyan\u00fagy igaz a j\u00f3 \u00e1llapotban l\u00e9v\u0151, a gy\u00f3gyul\u00e1s \u00fatj\u00e1ra l\u00e9p\u0151 p\u00e1ciensekre, mint a hospice ell\u00e1t\u00e1sban gondozott v\u00e9gst\u00e1dium\u00fa betegekre, ut\u00f3bbi esetben ugyanis m\u00e1r nem a hosszabb t\u00e1v\u00fa kil\u00e1t\u00e1sokon van a f\u00f3kusz, hanem mindig az \u00e9ppen aznapi \u00e9letmin\u0151s\u00e9g jav\u00edt\u00e1sa a c\u00e9l, amihez fontos eszk\u00f6z lehet a megfelel\u0151en alkalmazott gy\u00f3gymassz\u00e1zs is.<\/p>\n<p style=\"text-align: justify\"><strong>A gy\u00f3gymassz\u00e1zs sz\u00fcks\u00e9gess\u00e9g\u00e9t minden esetben a kezel\u0151orvossal egyet\u00e9rt\u00e9sben a komplex onkol\u00f3giai rehabilit\u00e1ci\u00f3ban r\u00e9sztvev\u0151 koll\u00e9g\u00e1k<\/strong> (mozg\u00e1sszervi rehabilit\u00e1ci\u00f3s szakorvos, gy\u00f3gytorn\u00e1sz, fizioterapeuta, gy\u00f3gymassz\u0151r) <strong>hat\u00e1rozz\u00e1k meg<\/strong>, amelyet az \u00d6n kezel\u0151orvosa javasol \u00e9s az ezzel kapcsolatos lehet\u0151s\u00e9geket ismerteti a beteggel. A gy\u00f3gymassz\u00e1zs sz\u00fcks\u00e9gess\u00e9g\u00e9nek elb\u00edr\u00e1l\u00e1s\u00e1ban seg\u00edts\u00e9get ny\u00fajt int\u00e9zet\u00fcnk mozg\u00e1sszervi rehabilit\u00e1ci\u00f3s szakorvos koll\u00e9g\u00e1ja. A konkr\u00e9t kezel\u00e9si id\u0151pontot az orvosi vizit alkalm\u00e1val egyeztetj\u00fck p\u00e1cienseinkkel. <strong>Amennyiben a kezel\u0151orvos nem javasolja, nem szabad a gy\u00f3gymassz\u00e1zst alkalmazni.<\/strong> Fontos tudni, hogy gy\u00f3gymassz\u00e1zs ig\u00e9nybe vehet\u0151 az ilyen szolg\u00e1ltat\u00e1st ny\u00fajt\u00f3 ter\u00fcletileg illet\u00e9kes eg\u00e9szs\u00e9g\u00fcgyi ell\u00e1t\u00f3helyen is megfelel\u0151 orvosi javaslattal.<\/p>\n<h4><strong>Ki veheti ig\u00e9nybe a gy\u00f3gymassz\u00e1zs kezel\u00e9seket?<\/strong><\/h4>\n<p style=\"text-align: justify\">Int\u00e9zet\u00fcnkben <strong>a fenti kezel\u00e9seket sajnos csak a Semmelweis Egyetem, Belgy\u00f3gy\u00e1szati \u00e9s Onkol\u00f3giai Klinika, Onkol\u00f3giai Profilon kezelt betegek vehetik ig\u00e9nybe<\/strong>, ezzel kapcsolatban k\u00e9rj\u00fck a nem int\u00e9zeti betegek sz\u00edves meg\u00e9rt\u00e9s\u00e9t, azonban ilyen esetekben javasoljuk, hogy minden esetben konzult\u00e1ljanak saj\u00e1t onkol\u00f3gus kezel\u0151- vagy gondoz\u00f3 orvosukkal, valamint a ter\u00fcletileg illet\u00e9kes akt\u00edv onkol\u00f3giai ell\u00e1t\u00e1st ny\u00fajt\u00f3 int\u00e9zettel az adott ell\u00e1t\u00e1si ter\u00fcleten el\u00e9rhet\u0151 lehet\u0151s\u00e9gekr\u0151l! Tov\u00e1bb\u00e1, minden esetben k\u00e9rhetik h\u00e1ziorvosuk seg\u00edts\u00e9g\u00e9t a rehabilit\u00e1ci\u00f3val kapcsolatos lehet\u0151s\u00e9gekr\u0151l.<\/p>\n","protected":false},"excerpt":{"rendered":"<p>A massz\u00e1zs a test fel\u00fclet\u00e9n meghat\u00e1rozott kezel\u00e9si c\u00e9llal alkalmazott mechanikus inger, melyre a szervezet v\u00e1laszreakci\u00f3ja a fizikai gy\u00f3gyhat\u00e1s. A massz\u00e1zs hat\u00e1sai r\u00e9szben k\u00f6zvetve, r\u00e9szben k\u00f6zvetlen\u00fcl hatnak j\u00f3t\u00e9konyan az emberi szervezetre p\u00e9ld\u00e1ul az izomt\u00f3nusra \u00e9s az idegrendszerre. A massz\u00e1zs ellaz\u00edtja az izmokat \u00e9s megnyugtatja az idegrendszert, ami p\u00e9ld\u00e1ul nyugodt, tehermentes \u00e9jszak\u00e1t biztos\u00edthat vagy jav\u00edthatja a napi &hellip;<\/p>\n","protected":false},"author":101105,"featured_media":0,"parent":3032,"menu_order":1,"comment_status":"closed","ping_status":"closed","template":"","meta":{"_acf_changed":false,"footnotes":""},"categories":[],"tags":[],"class_list":["post-986","page","type-page","status-publish","hentry"],"acf":[],"_links":{"self":[{"href":"https:\/\/semmelweis.hu\/onkologiai-kozpont\/wp-json\/wp\/v2\/pages\/986","targetHints":{"allow":["GET"]}}],"collection":[{"href":"https:\/\/semmelweis.hu\/onkologiai-kozpont\/wp-json\/wp\/v2\/pages"}],"about":[{"href":"https:\/\/semmelweis.hu\/onkologiai-kozpont\/wp-json\/wp\/v2\/types\/page"}],"author":[{"embeddable":true,"href":"https:\/\/semmelweis.hu\/onkologiai-kozpont\/wp-json\/wp\/v2\/users\/101105"}],"replies":[{"embeddable":true,"href":"https:\/\/semmelweis.hu\/onkologiai-kozpont\/wp-json\/wp\/v2\/comments?post=986"}],"version-history":[{"count":11,"href":"https:\/\/semmelweis.hu\/onkologiai-kozpont\/wp-json\/wp\/v2\/pages\/986\/revisions"}],"predecessor-version":[{"id":3193,"href":"https:\/\/semmelweis.hu\/onkologiai-kozpont\/wp-json\/wp\/v2\/pages\/986\/revisions\/3193"}],"up":[{"embeddable":true,"href":"https:\/\/semmelweis.hu\/onkologiai-kozpont\/wp-json\/wp\/v2\/pages\/3032"}],"wp:attachment":[{"href":"https:\/\/semmelweis.hu\/onkologiai-kozpont\/wp-json\/wp\/v2\/media?parent=986"}],"wp:term":[{"taxonomy":"category","embeddable":true,"href":"https:\/\/semmelweis.hu\/onkologiai-kozpont\/wp-json\/wp\/v2\/categories?post=986"},{"taxonomy":"post_tag","embeddable":true,"href":"https:\/\/semmelweis.hu\/onkologiai-kozpont\/wp-json\/wp\/v2\/tags?post=986"}],"curies":[{"name":"wp","href":"https:\/\/api.w.org\/{rel}","templated":true}]}}