{"id":984,"date":"2016-11-10T19:24:59","date_gmt":"2016-11-10T18:24:59","guid":{"rendered":"http:\/\/semmelweis.hu\/onkologiai-kozpont\/?page_id=984"},"modified":"2023-07-10T19:57:44","modified_gmt":"2023-07-10T17:57:44","slug":"gyogytorna","status":"publish","type":"page","link":"https:\/\/semmelweis.hu\/onkologiai-kozpont\/betegellatas\/komplex-onkologiai-rehabilitacio\/gyogytorna\/","title":{"rendered":"Gy\u00f3gytorna"},"content":{"rendered":"<p style=\"text-align: justify\">A daganatos betegekn\u00e9l alkalmazott gy\u00f3gytorna az \u00fan. <strong>komplex onkol\u00f3giai rehabilit\u00e1ci\u00f3<\/strong> szerves r\u00e9sze, amelynek kedvez\u0151 \u00e9lettani, lelki \u00e9s \u00e9letmin\u0151s\u00e9get jav\u00edt\u00f3 hat\u00e1sai vannak. A modern onkol\u00f3gia \u00fagynevezett komplex, multidiszciplin\u00e1ris (t\u00f6bb orvosi t\u00e1rsszakma \u00e9s hat\u00e1rter\u00fcleti tudom\u00e1ny r\u00e9szv\u00e9tele) megk\u00f6zel\u00edt\u00e9s\u00e9nek elengedhetetlen r\u00e9sze a mozg\u00e1sszervi rehabilit\u00e1ci\u00f3 \u00e9s mozg\u00e1ster\u00e1pia.<\/p>\n<p style=\"text-align: justify\"><strong>A gy\u00f3gytorna sz\u00fcks\u00e9gess\u00e9g\u00e9t minden esetben a kezel\u0151orvossal egyet\u00e9rt\u00e9sben a komplex onkol\u00f3giai rehabilit\u00e1ci\u00f3ban r\u00e9sztvev\u0151 koll\u00e9g\u00e1k<\/strong> (mozg\u00e1sszervi rehabilit\u00e1ci\u00f3s szakorvos, gy\u00f3gytorn\u00e1sz, fizioterapeuta, gy\u00f3gymassz\u0151r) <strong>hat\u00e1rozz\u00e1k meg.<\/strong> A gy\u00f3gytorna sz\u00fcks\u00e9gess\u00e9g\u00e9nek elb\u00edr\u00e1l\u00e1s\u00e1ban seg\u00edts\u00e9get ny\u00fajt int\u00e9zet\u00fcnk mozg\u00e1sszervi rehabilit\u00e1ci\u00f3s szakorvos koll\u00e9g\u00e1ja. A konkr\u00e9t kezel\u00e9si id\u0151pontot az orvosi vizit alkalm\u00e1val egyeztetj\u00fck p\u00e1cienseinkkel. Amennyiben a kezel\u0151orvos nem javasolja, nem szabad a gy\u00f3gytorn\u00e1t alkalmazni. Fontos tudni, hogy gy\u00f3gytorna ig\u00e9nybe vehet\u0151 az ilyen szolg\u00e1ltat\u00e1st ny\u00fajt\u00f3 ter\u00fcletileg illet\u00e9kes eg\u00e9szs\u00e9g\u00fcgyi ell\u00e1t\u00f3helyen is megfelel\u0151 orvosi javaslattal.<\/p>\n<h4><strong>Mikor javasolt a gy\u00f3gytorna?<\/strong><\/h4>\n<p style=\"text-align: justify\">Az onkol\u00f3giai mozg\u00e1ster\u00e1pi\u00e1nak a betegs\u00e9g b\u00e1rmely st\u00e1dium\u00e1ban l\u00e9tjogosults\u00e1ga van, amely a legt\u00f6bb esetben egy\u00e9nre szabottan, re\u00e1lis c\u00e9lkit\u0171z\u00e9ssel megtervezett gyakorlatsor. A tervezett kezel\u00e9s figyelembe veszi a beteg aktu\u00e1lis (fizikai, lelki, szoci\u00e1lis) \u00e1llapot\u00e1t, a felmer\u00fcl\u0151 beavatkoz\u00e1sokat (kemo-, sug\u00e1rter\u00e1pia, egy\u00e9b daganatellenes kezel\u00e9sek), a beteg onkol\u00f3giai \u00e1llapot\u00e1t (st\u00e1tusz\u00e1t), a t\u00e1rsbetegs\u00e9geket (magasv\u00e9rnyom\u00e1s, depresszi\u00f3, sz\u00edvbetegs\u00e9gek, stb.), a csal\u00e1di \u00e9s szoci\u00e1lis h\u00e1tteret (csal\u00e1dtagok egy\u00fcttm\u0171k\u00f6d\u00e9se), a mozg\u00e1st akad\u00e1lyoz\u00f3 t\u00e9nyez\u0151ket \u00e9s az aktivit\u00e1shoz sz\u00fcks\u00e9ges el\u00e9rhet\u0151 seg\u00e9deszk\u00f6z\u00f6ket. A mozg\u00e1sszervi rehabilit\u00e1ci\u00f3 minden esetben megfelel\u0151 orvosi \u00e9s eg\u00e9szs\u00e9g\u00fcgyi szakember fel\u00fcgyelete mellett val\u00f3s\u00edthat\u00f3 meg.<\/p>\n<p style=\"text-align: justify\">Az \u00e1ltal\u00e1nos gy\u00f3gytorna legf\u0151bb jellemz\u0151je, hogy a beteget testi-lelki (pszichoszomatikus) egys\u00e9gnek tekinti, seg\u00edts\u00e9get ny\u00fajt az izmok letapad\u00e1sa, az izomg\u00f6rcs\u00f6k kialakul\u00e1s\u00e1nak megel\u0151z\u00e9s\u00e9ben, az izmok gyeng\u00fcl\u00e9se \u00e9s azok sz\u00f6v\u0151dm\u00e9nyeinek, valamint a v\u00e9dekez\u0151-, k\u00e9nyszer testtart\u00e1s kialakul\u00e1s\u00e1nak megel\u0151z\u00e9s\u00e9ben, illetve helyre\u00e1ll\u00edt\u00e1s\u00e1ban.<\/p>\n<h4><strong>Ki \u00e9s hol veheti ig\u00e9nybe a gy\u00f3gytorna kezel\u00e9seket?<\/strong><\/h4>\n<p style=\"text-align: justify\">Int\u00e9zet\u00fcnkben <strong>a gy\u00f3gytorna kezel\u00e9seket sajnos csak a Semmelweis Egyetem, Belgy\u00f3gy\u00e1szati \u00e9s Onkol\u00f3giai Klinika, Onkol\u00f3giai Profilon kezelt betegek vehetik ig\u00e9nybe<\/strong>. Ezzel kapcsolatban k\u00e9rj\u00fck a nem int\u00e9zeti betegek sz\u00edves meg\u00e9rt\u00e9s\u00e9t, azonban ilyen esetekben javasoljuk, hogy minden esetben konzult\u00e1ljanak saj\u00e1t onkol\u00f3gus kezel\u0151- vagy gondoz\u00f3 orvosukkal, valamint a ter\u00fcletileg illet\u00e9kes akt\u00edv onkol\u00f3giai ell\u00e1t\u00e1st ny\u00fajt\u00f3 int\u00e9zettel az adott ell\u00e1t\u00e1si ter\u00fcleten el\u00e9rhet\u0151 lehet\u0151s\u00e9gekr\u0151l! Tov\u00e1bb\u00e1, minden esetben k\u00e9rhetik h\u00e1ziorvosuk seg\u00edts\u00e9g\u00e9t a rehabilit\u00e1ci\u00f3val kapcsolatos lehet\u0151s\u00e9gekr\u0151l.<\/p>\n","protected":false},"excerpt":{"rendered":"<p>A daganatos betegekn\u00e9l alkalmazott gy\u00f3gytorna az \u00fan. komplex onkol\u00f3giai rehabilit\u00e1ci\u00f3 szerves r\u00e9sze, amelynek kedvez\u0151 \u00e9lettani, lelki \u00e9s \u00e9letmin\u0151s\u00e9get jav\u00edt\u00f3 hat\u00e1sai vannak. A modern onkol\u00f3gia \u00fagynevezett komplex, multidiszciplin\u00e1ris (t\u00f6bb orvosi t\u00e1rsszakma \u00e9s hat\u00e1rter\u00fcleti tudom\u00e1ny r\u00e9szv\u00e9tele) megk\u00f6zel\u00edt\u00e9s\u00e9nek elengedhetetlen r\u00e9sze a mozg\u00e1sszervi rehabilit\u00e1ci\u00f3 \u00e9s mozg\u00e1ster\u00e1pia. A gy\u00f3gytorna sz\u00fcks\u00e9gess\u00e9g\u00e9t minden esetben a kezel\u0151orvossal egyet\u00e9rt\u00e9sben a komplex onkol\u00f3giai rehabilit\u00e1ci\u00f3ban r\u00e9sztvev\u0151 &hellip;<\/p>\n","protected":false},"author":101105,"featured_media":0,"parent":3032,"menu_order":0,"comment_status":"closed","ping_status":"closed","template":"","meta":{"_acf_changed":false,"footnotes":""},"categories":[],"tags":[],"class_list":["post-984","page","type-page","status-publish","hentry"],"acf":[],"_links":{"self":[{"href":"https:\/\/semmelweis.hu\/onkologiai-kozpont\/wp-json\/wp\/v2\/pages\/984","targetHints":{"allow":["GET"]}}],"collection":[{"href":"https:\/\/semmelweis.hu\/onkologiai-kozpont\/wp-json\/wp\/v2\/pages"}],"about":[{"href":"https:\/\/semmelweis.hu\/onkologiai-kozpont\/wp-json\/wp\/v2\/types\/page"}],"author":[{"embeddable":true,"href":"https:\/\/semmelweis.hu\/onkologiai-kozpont\/wp-json\/wp\/v2\/users\/101105"}],"replies":[{"embeddable":true,"href":"https:\/\/semmelweis.hu\/onkologiai-kozpont\/wp-json\/wp\/v2\/comments?post=984"}],"version-history":[{"count":11,"href":"https:\/\/semmelweis.hu\/onkologiai-kozpont\/wp-json\/wp\/v2\/pages\/984\/revisions"}],"predecessor-version":[{"id":3192,"href":"https:\/\/semmelweis.hu\/onkologiai-kozpont\/wp-json\/wp\/v2\/pages\/984\/revisions\/3192"}],"up":[{"embeddable":true,"href":"https:\/\/semmelweis.hu\/onkologiai-kozpont\/wp-json\/wp\/v2\/pages\/3032"}],"wp:attachment":[{"href":"https:\/\/semmelweis.hu\/onkologiai-kozpont\/wp-json\/wp\/v2\/media?parent=984"}],"wp:term":[{"taxonomy":"category","embeddable":true,"href":"https:\/\/semmelweis.hu\/onkologiai-kozpont\/wp-json\/wp\/v2\/categories?post=984"},{"taxonomy":"post_tag","embeddable":true,"href":"https:\/\/semmelweis.hu\/onkologiai-kozpont\/wp-json\/wp\/v2\/tags?post=984"}],"curies":[{"name":"wp","href":"https:\/\/api.w.org\/{rel}","templated":true}]}}