{"id":9,"date":"2016-02-17T10:26:37","date_gmt":"2016-02-17T09:26:37","guid":{"rendered":"http:\/\/semmelweis.hu\/onkologiai-kozpont\/?page_id=9"},"modified":"2023-11-01T10:16:46","modified_gmt":"2023-11-01T09:16:46","slug":"elerhetoseg","status":"publish","type":"page","link":"https:\/\/semmelweis.hu\/onkologiai-kozpont\/elerhetoseg\/","title":{"rendered":"El\u00e9rhet\u0151s\u00e9g"},"content":{"rendered":"<p><strong>C\u00edm: <\/strong>Profilunk k\u00e9t telephelyen m\u0171k\u00f6dik:<\/p>\n<ul>\n<li><strong>1082 Budapest, Baross utca 23-25.<\/strong>\n<ul>\n<li>K\u00faraszer\u0171 ell\u00e1t\u00e1s<\/li>\n<li>Onkol\u00f3giai gondoz\u00f3<\/li>\n<li>Dietetika<\/li>\n<li>Mozg\u00e1sszervi rehabilit\u00e1ci\u00f3, gy\u00f3gytorna<\/li>\n<li>Onkopszichol\u00f3giai Ambulancia<\/li>\n<\/ul>\n<\/li>\n<li><strong><span style=\"text-align: justify\">1085 Budapest, St\u00e1hly u. 7-9. (SE Szent R\u00f3kus Klinikai T\u00f6mb)<\/span><\/strong>\n<ul>\n<li>Hospice Oszt\u00e1ly<\/li>\n<\/ul>\n<\/li>\n<\/ul>\n<p>K\u00e9rj\u00fck tisztelt betegeinket, hogy a kezel\u00e9ssel, ell\u00e1t\u00e1ssal kapcsolatban az al\u00e1bbi telefonsz\u00e1mon \u00e9rdekl\u0151djenek.<\/p>\n<p><strong>Postac\u00edm:<\/strong> <span class=\"col2\">1085 Budapest, \u00dcll\u0151i \u00fat 26. ; 1428 Budapest, Pf.2.<br \/>\n<\/span><strong>Telefon:<\/strong> <a href=\"tel:+36208251000\"><span class=\"col2\">+36 20 825 1000<\/span><\/a> (8-12 \u00f3ra k\u00f6z\u00f6tt)<\/p>\n<p>&nbsp;<\/p>\n<p style=\"text-align: justify\"><em>Az oldalon tal\u00e1lhat\u00f3 el\u00e9rhet\u0151s\u00e9gi adatok nem haszn\u00e1lhat\u00f3k fel az 1995. \u00e9vi CXIX. t\u00f6rv\u00e9ny szerinti kutat\u00e1s \u00e9s k\u00f6zvetlen \u00fczletszerz\u00e9s c\u00e9lj\u00e1ra.<\/em><\/p>\n","protected":false},"excerpt":{"rendered":"<p>C\u00edm: Profilunk k\u00e9t telephelyen m\u0171k\u00f6dik: 1082 Budapest, Baross utca 23-25. K\u00faraszer\u0171 ell\u00e1t\u00e1s Onkol\u00f3giai gondoz\u00f3 Dietetika Mozg\u00e1sszervi rehabilit\u00e1ci\u00f3, gy\u00f3gytorna Onkopszichol\u00f3giai Ambulancia 1085 Budapest, St\u00e1hly u. 7-9. (SE Szent R\u00f3kus Klinikai T\u00f6mb) Hospice Oszt\u00e1ly K\u00e9rj\u00fck tisztelt betegeinket, hogy a kezel\u00e9ssel, ell\u00e1t\u00e1ssal kapcsolatban az al\u00e1bbi telefonsz\u00e1mon \u00e9rdekl\u0151djenek. Postac\u00edm: 1085 Budapest, \u00dcll\u0151i \u00fat 26. ; 1428 Budapest, Pf.2. Telefon: &hellip;<\/p>\n","protected":false},"author":12,"featured_media":0,"parent":0,"menu_order":0,"comment_status":"closed","ping_status":"closed","template":"","meta":{"_acf_changed":false,"footnotes":""},"categories":[],"tags":[],"class_list":["post-9","page","type-page","status-publish","hentry"],"acf":[],"_links":{"self":[{"href":"https:\/\/semmelweis.hu\/onkologiai-kozpont\/wp-json\/wp\/v2\/pages\/9","targetHints":{"allow":["GET"]}}],"collection":[{"href":"https:\/\/semmelweis.hu\/onkologiai-kozpont\/wp-json\/wp\/v2\/pages"}],"about":[{"href":"https:\/\/semmelweis.hu\/onkologiai-kozpont\/wp-json\/wp\/v2\/types\/page"}],"author":[{"embeddable":true,"href":"https:\/\/semmelweis.hu\/onkologiai-kozpont\/wp-json\/wp\/v2\/users\/12"}],"replies":[{"embeddable":true,"href":"https:\/\/semmelweis.hu\/onkologiai-kozpont\/wp-json\/wp\/v2\/comments?post=9"}],"version-history":[{"count":12,"href":"https:\/\/semmelweis.hu\/onkologiai-kozpont\/wp-json\/wp\/v2\/pages\/9\/revisions"}],"predecessor-version":[{"id":3290,"href":"https:\/\/semmelweis.hu\/onkologiai-kozpont\/wp-json\/wp\/v2\/pages\/9\/revisions\/3290"}],"wp:attachment":[{"href":"https:\/\/semmelweis.hu\/onkologiai-kozpont\/wp-json\/wp\/v2\/media?parent=9"}],"wp:term":[{"taxonomy":"category","embeddable":true,"href":"https:\/\/semmelweis.hu\/onkologiai-kozpont\/wp-json\/wp\/v2\/categories?post=9"},{"taxonomy":"post_tag","embeddable":true,"href":"https:\/\/semmelweis.hu\/onkologiai-kozpont\/wp-json\/wp\/v2\/tags?post=9"}],"curies":[{"name":"wp","href":"https:\/\/api.w.org\/{rel}","templated":true}]}}