{"id":76,"date":"2016-02-29T21:11:26","date_gmt":"2016-02-29T20:11:26","guid":{"rendered":"http:\/\/semmelweis.hu\/onkologiai-kozpont\/?page_id=76"},"modified":"2023-07-10T19:55:49","modified_gmt":"2023-07-10T17:55:49","slug":"kuraszeru-ellatas","status":"publish","type":"page","link":"https:\/\/semmelweis.hu\/onkologiai-kozpont\/betegellatas\/kuraszeru-ellatas\/","title":{"rendered":"K\u00faraszer\u0171 ell\u00e1t\u00e1s"},"content":{"rendered":"<p style=\"text-align: justify\"><strong>A k\u00faraszer\u0171 ell\u00e1t\u00e1s a kezel\u00e9sek ambul\u00e1ns (j\u00e1r\u00f3beteg ell\u00e1t\u00e1s keretei k\u00f6z\u00f6tt) ell\u00e1t\u00e1snak min\u0151s\u00fcl\u0151 form\u00e1ja. <\/strong><\/p>\n<div class=\"keretes w-100\">\n<p>A kezel\u0151 orvos \u00e1ltal el\u0151\u00edrt vizsg\u00e1latokra beutal\u00f3k\u00e9rt \u00e9s id\u0151pont\u00e9rt Profilunk adminisztr\u00e1ci\u00f3j\u00e1n, a betegfelv\u00e9teli pultn\u00e1l kell jelentkezni. Tov\u00e1bbi inform\u00e1ci\u00f3\u00e9rt az id\u0151pont k\u00e9r\u00e9ssel, valamint a vizsg\u00e1latokkal \u00e9s azokra t\u00f6rt\u00e9n\u0151 beutal\u00e1ssal kapcsolatban kattintson az al\u00e1bbi men\u00fcpontra: <a href=\"https:\/\/semmelweis.hu\/onkologiai-kozpont\/betegellatas\/idopontkeres\/\">Beteg el\u0151jegyz\u00e9s \u2192<\/a><\/p>\n<\/div>\n<h4><strong>Mi\u00e9rt hasznos a k\u00faraszer\u0171 ell\u00e1t\u00e1s?<\/strong><\/h4>\n<p style=\"text-align: justify\">A daganatos betegs\u00e9gek jelent\u0151s r\u00e9sz\u00e9n\u00e9l a k\u00f3rh\u00e1zi bennfekv\u00e9ssel biztos\u00edtott kezel\u00e9sek a j\u00e1r\u00f3betegk\u00e9nt adhat\u00f3 kezel\u00e9sek ir\u00e1ny\u00e1ba mozdultak el vil\u00e1gszerte. A k\u00f3rh\u00e1zi felv\u00e9tel elker\u00fcl\u00e9s\u00e9vel cs\u00f6kkenthet\u0151 a rem\u00e9nytelens\u00e9g \u00e9s kiszolg\u00e1ltatotts\u00e1g \u00e9rz\u00e9se, hiszen a beteg a kezel\u00e9s megad\u00e1sa ut\u00e1n otthoni k\u00f6r\u00fclm\u00e9nyek k\u00f6z\u00f6tt, a szeret\u0151 csal\u00e1d k\u00f6r\u00e9ben t\u00f6ltheti a kezel\u00e9sek ut\u00e1ni \u00e9s k\u00f6z\u00f6tti id\u0151szakot. A korszer\u0171 h\u00e1ny\u00e1scsillap\u00edt\u00f3 \u00e9s kieg\u00e9sz\u00edt\u0151 otthoni gy\u00f3gyszerel\u00e9s seg\u00edts\u00e9g\u00e9vel a kor\u00e1bban f\u00e9lelmetesnek \u00e9s sz\u00f6rny\u0171nek tartott onkol\u00f3giai kezel\u00e9sekkel \u00f6sszef\u00fcgg\u0151 mell\u00e9khat\u00e1sokat igen nagym\u00e9rt\u00e9kben lehet m\u00e1r cs\u00f6kkenteni, azonban a k\u00f6ztudatba bev\u00e9s\u0151d\u00f6tt r\u00e9gi, negat\u00edv tapasztalatok \u00e9s sztereot\u00edpi\u00e1k csak igen nehezen v\u00e1ltoztathat\u00f3ak meg.<\/p>\n<h4><strong>Hogyan m\u0171k\u00f6dik PROFILUNK k\u00faraszer\u0171 ell\u00e1t\u00e1sa?<\/strong><\/h4>\n<p style=\"text-align: justify\">K\u00faraszer\u0171 r\u00e9szleg\u00fcnk 15-20 kezel\u0151 sz\u00e9kkel \u00e9s ehhez csatoltan 2 fektet\u0151 \u00e1ggyal, valamint betegv\u00e1r\u00f3val \u00e9s orvosi vizsg\u00e1l\u00f3 helyis\u00e9gekkel t\u00e1mogatja a mindennapi onkol\u00f3giai betegell\u00e1t\u00e1st.<\/p>\n<p style=\"text-align: justify\">A kezel\u00e9sre \u00e9rkez\u0151 betegeknek <strong>a betegfelv\u00e9teli pultn\u00e1l kell jelezni, hogy meg\u00e9rkeztek<\/strong>. R\u00f6vid adategyeztet\u00e9s ut\u00e1n, amennyiben sz\u00fcks\u00e9ges elir\u00e1ny\u00edtj\u00e1k a beteget a kezel\u00e9s el\u0151tti v\u00e9rv\u00e9telre, amennyiben a beteg rendelkezik friss laborat\u00f3riumi eredm\u00e9nyekkel \u00e9s v\u00e9rk\u00e9p vizsg\u00e1lattal, akkor k\u00f6zvetlen\u00fcl a beteg kezel\u0151orvos\u00e1hoz vagy az \u00e9ppen szolg\u00e1latot teljes\u00edt\u0151 oszt\u00e1lyos orvoshoz k\u00fcldik a beteget. Fontos, hogy <strong>amennyiben az orvos m\u00e1sk\u00e9pp nem rendeli, a kezel\u00e9sek el\u0151tt javasolt egy \u00e9tkez\u00e9st elfogyasztani, valamint a megfelel\u0151 mennyis\u00e9g\u0171 folyad\u00e9k fogyaszt\u00e1sra is oda kell figyelni.<\/strong> Az onkol\u00f3giai kezel\u00e9sek el\u0151tt ker\u00fclni kell a t\u00falzottan zs\u00edros \u00e9s neh\u00e9z \u00e9telek fogyaszt\u00e1s\u00e1t. Tov\u00e1bb\u00e1 a betegeknek javasolt az esetleges megn\u00f6vekedett v\u00e1rakoz\u00e1si id\u0151re val\u00f3 tekintettel kis mennyis\u00e9g\u0171 folyad\u00e9kot \u00e9s \u00e9lelmet magukkal hozni.<\/p>\n<p style=\"text-align: justify\">Az <strong>orvosi konzult\u00e1ci\u00f3 sor\u00e1n<\/strong> a beteget kik\u00e9rdezik aktu\u00e1lis panaszair\u00f3l, eg\u00e9szs\u00e9gi \u00e1llapot\u00e1r\u00f3l \u00e9s t\u00e1j\u00e9koztatj\u00e1k a kezel\u00e9sr\u0151l, vagy tov\u00e1bbi sz\u00fcks\u00e9ges vizsg\u00e1latokr\u00f3l \u00e9s beavatkoz\u00e1sokr\u00f3l. A laborat\u00f3riumi eredm\u00e9nyek \u00e9s a betegvizsg\u00e1lat alapj\u00e1n a kezel\u0151orvos d\u00f6nt\u00e9se \u00e9s el\u0151\u00edr\u00e1sa alapj\u00e1n k\u00e9sz\u00edtik \u00f6ssze a kemoter\u00e1pi\u00e1s vagy egy\u00e9b, m\u00e1s daganatellenes k\u00e9sz\u00edtm\u00e9nyek (c\u00e9lzott, szem\u00e9lyre szabott onkol\u00f3giai kezel\u00e9si form\u00e1k, mint p\u00e9ld\u00e1ul a biol\u00f3giai kezel\u00e9s vagy az immunter\u00e1pia, stb.) gy\u00f3gyszereit a megfelel\u0151 form\u00e1ban (mint p\u00e9ld\u00e1ul inf\u00fazi\u00f3 vagy injekci\u00f3. Az inf\u00fazi\u00f3s kezel\u00e9sek a meghat\u00e1rozott szakmai ir\u00e1nyelvek szerinti gy\u00f3gyszeres el\u0151k\u00e9sz\u00edt\u00e9st (premedicatio) k\u00f6vet\u0151en <strong>szigor\u00fa n\u0151v\u00e9ri \u00e9s orvosi fel\u00fcgyelet alatt zajlanak<\/strong>, ez az\u00e9rt is fontos mert az inf\u00fazi\u00f3s kezel\u00e9sek sor\u00e1n fell\u00e9p\u0151 esetleges mell\u00e9khat\u00e1sok \u00e9s nemk\u00edv\u00e1natos esem\u00e9nyek azonnali orvosi beavatkoz\u00e1st ig\u00e9nyelhetnek. A kezel\u00e9st k\u00f6vet\u0151en a beteg megkapja a kezel\u00e9sr\u0151l a z\u00e1r\u00f3dokument\u00e1ci\u00f3t, amely tartalmazza az otthoni kieg\u00e9sz\u00edt\u0151 gy\u00f3gyszeres ter\u00e1pi\u00e1ra vonatkoz\u00f3 orvosi \u00e9s egy\u00e9b utas\u00edt\u00e1sokat, valamint a k\u00f6vetkez\u0151 kezel\u00e9s id\u0151pontj\u00e1t, tov\u00e1bb\u00e1 az esetleges soron k\u00f6vetkez\u0151 vizsg\u00e1latok \u00e9s beavatkoz\u00e1sok hely\u00e9t \u00e9s idej\u00e9t.<\/p>\n<h4><strong>K\u00e9rdezzen b\u00e1tran!<\/strong><\/h4>\n<p style=\"text-align: justify\">Amennyiben a betegnek a kezel\u00e9ssel \u00e9s az ell\u00e1t\u00e1ssal kapcsolatban b\u00e1rmilyen k\u00e9rd\u00e9se mer\u00fcl fel, azt b\u00e1rmikor van lehet\u0151s\u00e9ge feltenni kezel\u0151orvos\u00e1nak vagy az eg\u00e9szs\u00e9g\u00fcgyi szakszem\u00e9lyzet b\u00e1rmelyik tagj\u00e1nak, k\u00e9szs\u00e9ggel fognak seg\u00edteni k\u00e9rd\u00e9seik megv\u00e1laszol\u00e1s\u00e1ban. Minden \u00faj vagy els\u0151 kezel\u00e9st megel\u0151z\u0151en mag\u00e1r\u00f3l a kezel\u00e9sr\u0151l, \u00e9s annak v\u00e1rhat\u00f3 mell\u00e9khat\u00e1sair\u00f3l a betegek r\u00e9szletes \u00edr\u00e1sbeli \u00e9s sz\u00f3beli felvil\u00e1gos\u00edt\u00e1st kapnak az orvost\u00f3l, \u00e9s term\u00e9szetesen a betegek feltehetik k\u00e9rd\u00e9seiket.<\/p>\n<h4><strong>Injekci\u00f3s kezel\u00e9sek<\/strong><\/h4>\n<p style=\"text-align: justify\">Az onkol\u00f3giai kezel\u00e9sek sor\u00e1n bizonyos kezel\u00e9sek r\u00e9szek\u00e9nt bizonyos id\u0151k\u00f6z\u00f6nk\u00e9nt injekci\u00f3k megad\u00e1s\u00e1ra lehet sz\u00fcks\u00e9g, amelyet minden esetben a kezel\u0151orvos \u00edr el\u0151. Ilyen esetekben el\u0151fordul, hogy az injekci\u00f3 bead\u00e1s\u00e1t megel\u0151z\u0151en &#8211; amennyiben a beteg nem panaszos &#8211; az orvosi konzult\u00e1ci\u00f3 elmarad. Azonban ilyenkor is minden esetben be kell jelentkezni a betegfelv\u00e9teli pultn\u00e1l, majd ut\u00e1na jelentkezni kell a n\u0151v\u00e9rpultn\u00e1l az injekci\u00f3 bead\u00e1s\u00e1ra az el\u0151zetes orvosi dokument\u00e1ci\u00f3val (utols\u00f3 orvosi \u00e9rtes\u00edt\u0151 vagy z\u00e1r\u00f3jelent\u00e9ssel). Term\u00e9szetesen ilyen esetekben is van lehet\u0151s\u00e9g orvosi konzult\u00e1ci\u00f3ra, amennyiben a beteg jelzi azt, valamint k\u00e9rd\u00e9seit tov\u00e1bbra is k\u00e9szs\u00e9ggel v\u00e1laszolj\u00e1k meg az eg\u00e9szs\u00e9g\u00fcgyi szakszem\u00e9lyzet tagjai.<\/p>\n<p style=\"text-align: justify\">\u00a0<\/p>\n","protected":false},"excerpt":{"rendered":"<p>A k\u00faraszer\u0171 ell\u00e1t\u00e1s a kezel\u00e9sek ambul\u00e1ns (j\u00e1r\u00f3beteg ell\u00e1t\u00e1s keretei k\u00f6z\u00f6tt) ell\u00e1t\u00e1snak min\u0151s\u00fcl\u0151 form\u00e1ja. A kezel\u0151 orvos \u00e1ltal el\u0151\u00edrt vizsg\u00e1latokra beutal\u00f3k\u00e9rt \u00e9s id\u0151pont\u00e9rt Profilunk adminisztr\u00e1ci\u00f3j\u00e1n, a betegfelv\u00e9teli pultn\u00e1l kell jelentkezni. Tov\u00e1bbi inform\u00e1ci\u00f3\u00e9rt az id\u0151pont k\u00e9r\u00e9ssel, valamint a vizsg\u00e1latokkal \u00e9s azokra t\u00f6rt\u00e9n\u0151 beutal\u00e1ssal kapcsolatban kattintson az al\u00e1bbi men\u00fcpontra: <a href=\"https:\/\/semmelweis.hu\/onkologiai-kozpont\/betegellatas\/idopontkeres\/\">Beteg el\u0151jegyz\u00e9s \u2192<\/a> Mi\u00e9rt hasznos a k\u00faraszer\u0171 ell\u00e1t\u00e1s? A daganatos betegs\u00e9gek jelent\u0151s &hellip;<\/p>\n","protected":false},"author":101105,"featured_media":0,"parent":11,"menu_order":1,"comment_status":"closed","ping_status":"closed","template":"","meta":{"_acf_changed":false,"footnotes":""},"categories":[],"tags":[],"class_list":["post-76","page","type-page","status-publish","hentry"],"acf":[],"_links":{"self":[{"href":"https:\/\/semmelweis.hu\/onkologiai-kozpont\/wp-json\/wp\/v2\/pages\/76","targetHints":{"allow":["GET"]}}],"collection":[{"href":"https:\/\/semmelweis.hu\/onkologiai-kozpont\/wp-json\/wp\/v2\/pages"}],"about":[{"href":"https:\/\/semmelweis.hu\/onkologiai-kozpont\/wp-json\/wp\/v2\/types\/page"}],"author":[{"embeddable":true,"href":"https:\/\/semmelweis.hu\/onkologiai-kozpont\/wp-json\/wp\/v2\/users\/101105"}],"replies":[{"embeddable":true,"href":"https:\/\/semmelweis.hu\/onkologiai-kozpont\/wp-json\/wp\/v2\/comments?post=76"}],"version-history":[{"count":11,"href":"https:\/\/semmelweis.hu\/onkologiai-kozpont\/wp-json\/wp\/v2\/pages\/76\/revisions"}],"predecessor-version":[{"id":3191,"href":"https:\/\/semmelweis.hu\/onkologiai-kozpont\/wp-json\/wp\/v2\/pages\/76\/revisions\/3191"}],"up":[{"embeddable":true,"href":"https:\/\/semmelweis.hu\/onkologiai-kozpont\/wp-json\/wp\/v2\/pages\/11"}],"wp:attachment":[{"href":"https:\/\/semmelweis.hu\/onkologiai-kozpont\/wp-json\/wp\/v2\/media?parent=76"}],"wp:term":[{"taxonomy":"category","embeddable":true,"href":"https:\/\/semmelweis.hu\/onkologiai-kozpont\/wp-json\/wp\/v2\/categories?post=76"},{"taxonomy":"post_tag","embeddable":true,"href":"https:\/\/semmelweis.hu\/onkologiai-kozpont\/wp-json\/wp\/v2\/tags?post=76"}],"curies":[{"name":"wp","href":"https:\/\/api.w.org\/{rel}","templated":true}]}}