{"id":5,"date":"2016-02-17T10:19:59","date_gmt":"2016-02-17T09:19:59","guid":{"rendered":"http:\/\/semmelweis.hu\/onkologiai-kozpont\/?page_id=5"},"modified":"2023-09-20T21:05:42","modified_gmt":"2023-09-20T19:05:42","slug":"magunkrol","status":"publish","type":"page","link":"https:\/\/semmelweis.hu\/onkologiai-kozpont\/magunkrol\/","title":{"rendered":"Bemutatkoz\u00e1s"},"content":{"rendered":"<p style=\"text-align: justify\">Az Onkol\u00f3giai Profil az \u00fagynevezett szolid daganatos betegek gy\u00f3gyszeres ell\u00e1t\u00e1s\u00e1val foglalkozik. El\u00e9rhet\u0151ek a legkorszer\u0171bb biol\u00f3giai gy\u00f3gyszerekkel kieg\u00e9sz\u00edtett hagyom\u00e1nyos kemoter\u00e1pi\u00e1s kezel\u00e9sek, a klinikai vizsg\u00e1latok keret\u00e9ben pedig a daganatter\u00e1pi\u00e1ban bevezet\u00e9s alatt \u00e1ll\u00f3 \u00faj vizsg\u00e1lati k\u00e9sz\u00edtm\u00e9nyek is rendelkez\u00e9sre \u00e1llnak bizonyos betegs\u00e9gek eset\u00e9n.<\/p>\n<p style=\"text-align: justify\"><a href=\"https:\/\/semmelweis.hu\/onkologiai-kozpont\/betegellatas\/kuraszeru-ellatas\/\">K\u00faraszer\u0171 ell\u00e1t\u00e1sra szakosodott r\u00e9szleg\u00fcnk<\/a> 15-20 kezel\u0151 sz\u00e9kkel \u00e9s k\u00e9t \u00e1ggyal, valamint betegv\u00e1r\u00f3val \u00e9s vil\u00e1gos orvosi vizsg\u00e1l\u00f3 helyis\u00e9ggel rendelkezik. Heti rendszeress\u00e9ggel Onkol\u00f3giai Szakbizotts\u00e1g (\u00fan. Onkoteam) m\u0171k\u00f6dik.<\/p>\n<p style=\"text-align: justify\">A daganatos betegs\u00e9gen \u00e1tesett p\u00e1ciensek sz\u00e1m\u00e1ra k\u00fcl\u00f6n\u00f6sen fontosak a rendszeres onkol\u00f3giai kontroll- \u00e9s ut\u00e1nk\u00f6vet\u0151 vizsg\u00e1latok, ezt a c\u00e9lt szolg\u00e1lja az \u00fan. <a href=\"https:\/\/semmelweis.hu\/onkologiai-kozpont\/onkologia-gondozo\/\">Onkol\u00f3gia Gondoz\u00f3<\/a> r\u00e9szleg\u00fcnk.\u00a0Int\u00e9zet\u00fcnkben komplex onkol\u00f3giai rehabilit\u00e1ci\u00f3 keretein bel\u00fcl el\u00e9rhet\u0151 az <a href=\"https:\/\/semmelweis.hu\/onkologiai-kozpont\/betegellatas\/komplex-onkologiai-rehabilitacio\/pszichologiai-szakambulanca\/\">onkopszichol\u00f3giai<\/a>, <a href=\"https:\/\/semmelweis.hu\/onkologiai-kozpont\/betegellatas\/komplex-onkologiai-rehabilitacio\/mozgasszervi-rehabilitacio\/\">mozg\u00e1sszervi rehabilit\u00e1ci\u00f3s<\/a> \u00e9s <a href=\"https:\/\/semmelweis.hu\/onkologiai-kozpont\/betegellatas\/komplex-onkologiai-rehabilitacio\/taplalas-terapia-dietetika\/\">t\u00e1pl\u00e1l\u00e1s-ter\u00e1piai<\/a> tan\u00e1csad\u00e1s.<\/p>\n<p style=\"text-align: justify\">Az Onkol\u00f3giai Profilon sz\u00e1mos, kutat\u00f3ink \u00e1ltal szervezett, illetve \u00fan. szponzor\u00e1lt <a href=\"https:\/\/semmelweis.hu\/onkologiai-kozpont\/kutatas\/klinikai-vizsgalatok\/\">klinikai gy\u00f3gyszervizsg\u00e1lat<\/a> is folyik, mely a forgalomba ker\u00fcl\u00e9st megel\u0151z\u0151 \u00faj hat\u00f3anyagok vizsg\u00e1lat\u00e1t jelenti. Mind emellett az Onkol\u00f3giai Profil orvosai \u00e9s kutat\u00f3i \u00e1ltal vezetett kutat\u00e1si t\u00e9m\u00e1khoz is lehet kapcsol\u00f3dni a <a href=\"https:\/\/semmelweis.hu\/onkologiai-kozpont\/oktatas\/meghirdetett-phd-temak\/\">PhD iskola keret\u00e9ben<\/a> (t\u00e9mak\u00f6r\u00f6k: <a href=\"https:\/\/doktori.hu\/index.php?menuid=192&amp;lang=HU&amp;sz_ID=8445\" target=\"_blank\" rel=\"noopener\">Predikt\u00edv \u00e9s prognosztikus faktorok szolid tumorokban<\/a>; <a href=\"https:\/\/doktori.hu\/index.php?menuid=192&amp;lang=HU&amp;sz_ID=13889\" target=\"_blank\" rel=\"noopener\">Biomarkerek szolid daganatokban<\/a>; Konvencion\u00e1lis \u00e9s konkomitt\u00e1ns kezel\u00e9sek az onkol\u00f3giai gyakorlatban, <a href=\"https:\/\/doktori.hu\/index.php?menuid=192&amp;lang=HU&amp;sz_ID=23456\" target=\"_blank\" rel=\"noopener\">Neuroendokrin tumormarkerek vizsg\u00e1lata nem-neuroendokrin tumorokban<\/a>, <a href=\"https:\/\/doktori.hu\/index.php?menuid=192&amp;lang=HU&amp;sz_ID=28007\" target=\"_blank\" rel=\"noopener\">Tumorbiol\u00f3gia, sejtbiol\u00f3gia<\/a>).<\/p>\n<p style=\"text-align: justify\">Prof. Dr. Dank Magdolna egyetemi tan\u00e1r, a Profil vezet\u0151je mindig fontosnak tartotta, hogy a betegek saj\u00e1t tapasztalataikon alapul\u00f3 hiteles tan\u00e1csokkal seg\u00edts\u00e9k egym\u00e1st a betegs\u00e9g lek\u00fczd\u00e9s\u00e9ben, ez\u00e9rt Int\u00e9zet\u00fcnk sz\u00e1mos beteg- \u00e9s civilszervezettel \u00e1ll kapcsolatban.<\/p>\n","protected":false},"excerpt":{"rendered":"<p>Az Onkol\u00f3giai Profil az \u00fagynevezett szolid daganatos betegek gy\u00f3gyszeres ell\u00e1t\u00e1s\u00e1val foglalkozik. El\u00e9rhet\u0151ek a legkorszer\u0171bb biol\u00f3giai gy\u00f3gyszerekkel kieg\u00e9sz\u00edtett hagyom\u00e1nyos kemoter\u00e1pi\u00e1s kezel\u00e9sek, a klinikai vizsg\u00e1latok keret\u00e9ben pedig a daganatter\u00e1pi\u00e1ban bevezet\u00e9s alatt \u00e1ll\u00f3 \u00faj vizsg\u00e1lati k\u00e9sz\u00edtm\u00e9nyek is rendelkez\u00e9sre \u00e1llnak bizonyos betegs\u00e9gek eset\u00e9n. <a href=\"https:\/\/semmelweis.hu\/onkologiai-kozpont\/betegellatas\/kuraszeru-ellatas\/\">K\u00faraszer\u0171 ell\u00e1t\u00e1sra szakosodott r\u00e9szleg\u00fcnk<\/a> 15-20 kezel\u0151 sz\u00e9kkel \u00e9s k\u00e9t \u00e1ggyal, valamint betegv\u00e1r\u00f3val \u00e9s vil\u00e1gos orvosi vizsg\u00e1l\u00f3 helyis\u00e9ggel rendelkezik. Heti rendszeress\u00e9ggel &hellip;<\/p>\n","protected":false},"author":12,"featured_media":3270,"parent":0,"menu_order":0,"comment_status":"closed","ping_status":"closed","template":"","meta":{"_acf_changed":false,"footnotes":""},"categories":[],"tags":[],"class_list":["post-5","page","type-page","status-publish","has-post-thumbnail","hentry"],"acf":[],"_links":{"self":[{"href":"https:\/\/semmelweis.hu\/onkologiai-kozpont\/wp-json\/wp\/v2\/pages\/5","targetHints":{"allow":["GET"]}}],"collection":[{"href":"https:\/\/semmelweis.hu\/onkologiai-kozpont\/wp-json\/wp\/v2\/pages"}],"about":[{"href":"https:\/\/semmelweis.hu\/onkologiai-kozpont\/wp-json\/wp\/v2\/types\/page"}],"author":[{"embeddable":true,"href":"https:\/\/semmelweis.hu\/onkologiai-kozpont\/wp-json\/wp\/v2\/users\/12"}],"replies":[{"embeddable":true,"href":"https:\/\/semmelweis.hu\/onkologiai-kozpont\/wp-json\/wp\/v2\/comments?post=5"}],"version-history":[{"count":13,"href":"https:\/\/semmelweis.hu\/onkologiai-kozpont\/wp-json\/wp\/v2\/pages\/5\/revisions"}],"predecessor-version":[{"id":3189,"href":"https:\/\/semmelweis.hu\/onkologiai-kozpont\/wp-json\/wp\/v2\/pages\/5\/revisions\/3189"}],"wp:featuredmedia":[{"embeddable":true,"href":"https:\/\/semmelweis.hu\/onkologiai-kozpont\/wp-json\/wp\/v2\/media\/3270"}],"wp:attachment":[{"href":"https:\/\/semmelweis.hu\/onkologiai-kozpont\/wp-json\/wp\/v2\/media?parent=5"}],"wp:term":[{"taxonomy":"category","embeddable":true,"href":"https:\/\/semmelweis.hu\/onkologiai-kozpont\/wp-json\/wp\/v2\/categories?post=5"},{"taxonomy":"post_tag","embeddable":true,"href":"https:\/\/semmelweis.hu\/onkologiai-kozpont\/wp-json\/wp\/v2\/tags?post=5"}],"curies":[{"name":"wp","href":"https:\/\/api.w.org\/{rel}","templated":true}]}}