{"id":484,"date":"2016-03-31T15:40:44","date_gmt":"2016-03-31T13:40:44","guid":{"rendered":"http:\/\/semmelweis.hu\/onkologiai-kozpont\/?page_id=484"},"modified":"2025-07-11T11:32:55","modified_gmt":"2025-07-11T09:32:55","slug":"meghirdetett-tdk-temak","status":"publish","type":"page","link":"https:\/\/semmelweis.hu\/onkologiai-kozpont\/oktatas-2\/meghirdetett-tdk-temak\/","title":{"rendered":"TDK- \u00e9s rektori p\u00e1lyamunka c\u00edmek"},"content":{"rendered":"<p><span style=\"font-size: 14pt\"><a href=\"https:\/\/semmelweis.hu\/telefonkonyv\/?emp_id=20735\">Prof. Dr. Dank Magdolna<\/a><\/span><\/p>\n<ul>\n<li>Immunter\u00e1pi\u00e1k az onkol\u00f3gi\u00e1ban<\/li>\n<li>HER-2 pozit\u00edv eml\u0151r\u00e1k gy\u00f3gyszeres kezel\u00e9s\u00e9nek lehet\u0151s\u00e9gei<\/li>\n<li>A hepatocellul\u00e1ris karcin\u00f3ma korszer\u0171 ter\u00e1pi\u00e1ja<\/li>\n<li>Sarcopenias obesitas tumoros betegeken<\/li>\n<\/ul>\n<p><span style=\"font-size: 14pt\"><a href=\"https:\/\/semmelweis.hu\/telefonkonyv\/?emp_id=11553\">Dr. Szentm\u00e1rtoni Gy\u00f6ngyv\u00e9r<\/a><\/span><\/p>\n<ul>\n<li>Eml\u0151r\u00e1k primer sziszt\u00e9m\u00e1s kezel\u00e9se<\/li>\n<li>Predikt\u00edv \u00e9s prognosztikus markerek eml\u0151r\u00e1kban<\/li>\n<\/ul>\n<p><span style=\"font-size: 14pt\"><a href=\"https:\/\/semmelweis.hu\/telefonkonyv\/?emp_id=14177\">Dr. Sz\u00e1sz A. Marcell<\/a><\/span><\/p>\n<ul>\n<li>Biomarkerek szolid daganatokban<\/li>\n<\/ul>\n<p><span style=\"font-size: 14pt\"><a href=\"https:\/\/semmelweis.hu\/telefonkonyv\/?emp_id=14182\">Dr. Garay Tam\u00e1s<\/a><\/span><\/p>\n<ul>\n<li>Szolid tumorok preklinikai modelljei<\/li>\n<\/ul>\n<p><span style=\"font-size: 14pt\"><a href=\"https:\/\/semmelweis.hu\/telefonkonyv\/?emp_id=19256\">Dr. Herold Zolt\u00e1n<\/a><\/span><\/p>\n<ul>\n<li>Neuroendokrin \u00e9s endokrin tumormarkerek kapcsolata szolid tumorokkal<\/li>\n<li>Laborat\u00f3riumi \u00e9s klinikopatol\u00f3giai param\u00e9terek id\u0151beli v\u00e1ltoz\u00e1sainak elemz\u00e9se szolid tumorokban<\/li>\n<\/ul>\n","protected":false},"excerpt":{"rendered":"<p><a href=\"https:\/\/semmelweis.hu\/telefonkonyv\/?emp_id=20735\">Prof. Dr. Dank Magdolna<\/a><\/p>\n<p>Immunter\u00e1pi\u00e1k az onkol\u00f3gi\u00e1ban<br \/>\nHER-2 pozit\u00edv eml\u0151r\u00e1k gy\u00f3gyszeres kezel\u00e9s\u00e9nek lehet\u0151s\u00e9gei<br \/>\nA hepatocellul\u00e1ris karcin\u00f3ma korszer\u0171 ter\u00e1pi\u00e1ja<br \/>\nSarcopenias obesitas tumoros betegeken<\/p>\n<p><a href=\"https:\/\/semmelweis.hu\/telefonkonyv\/?emp_id=11553\">Dr. Szentm\u00e1rtoni Gy\u00f6ngyv\u00e9r<\/a><\/p>\n<p>Eml\u0151r\u00e1k primer sziszt\u00e9m\u00e1s kezel\u00e9se<br \/>\nPredikt\u00edv \u00e9s prognosztikus markerek eml\u0151r\u00e1kban<\/p>\n<p><a href=\"https:\/\/semmelweis.hu\/telefonkonyv\/?emp_id=14177\">Dr. Sz\u00e1sz A. Marcell<\/a><\/p>\n<p>Biomarkerek szolid daganatokban<\/p>\n<p><a href=\"https:\/\/semmelweis.hu\/telefonkonyv\/?emp_id=14182\">Dr. Garay Tam\u00e1s<\/a><\/p>\n<p>Szolid tumorok preklinikai modelljei<\/p>\n<p><a href=\"https:\/\/semmelweis.hu\/telefonkonyv\/?emp_id=19256\">Dr. Herold Zolt\u00e1n<\/a><\/p>\n<p>Neuroendokrin \u00e9s endokrin tumormarkerek kapcsolata szolid tumorokkal<br \/>\nLaborat\u00f3riumi \u00e9s klinikopatol\u00f3giai param\u00e9terek id\u0151beli v\u00e1ltoz\u00e1sainak elemz\u00e9se szolid tumorokban<\/p>\n","protected":false},"author":101105,"featured_media":0,"parent":3010,"menu_order":3,"comment_status":"closed","ping_status":"closed","template":"","meta":{"_acf_changed":false,"footnotes":""},"categories":[],"tags":[],"class_list":["post-484","page","type-page","status-publish","hentry"],"acf":[],"_links":{"self":[{"href":"https:\/\/semmelweis.hu\/onkologiai-kozpont\/wp-json\/wp\/v2\/pages\/484","targetHints":{"allow":["GET"]}}],"collection":[{"href":"https:\/\/semmelweis.hu\/onkologiai-kozpont\/wp-json\/wp\/v2\/pages"}],"about":[{"href":"https:\/\/semmelweis.hu\/onkologiai-kozpont\/wp-json\/wp\/v2\/types\/page"}],"author":[{"embeddable":true,"href":"https:\/\/semmelweis.hu\/onkologiai-kozpont\/wp-json\/wp\/v2\/users\/101105"}],"replies":[{"embeddable":true,"href":"https:\/\/semmelweis.hu\/onkologiai-kozpont\/wp-json\/wp\/v2\/comments?post=484"}],"version-history":[{"count":12,"href":"https:\/\/semmelweis.hu\/onkologiai-kozpont\/wp-json\/wp\/v2\/pages\/484\/revisions"}],"predecessor-version":[{"id":3455,"href":"https:\/\/semmelweis.hu\/onkologiai-kozpont\/wp-json\/wp\/v2\/pages\/484\/revisions\/3455"}],"up":[{"embeddable":true,"href":"https:\/\/semmelweis.hu\/onkologiai-kozpont\/wp-json\/wp\/v2\/pages\/3010"}],"wp:attachment":[{"href":"https:\/\/semmelweis.hu\/onkologiai-kozpont\/wp-json\/wp\/v2\/media?parent=484"}],"wp:term":[{"taxonomy":"category","embeddable":true,"href":"https:\/\/semmelweis.hu\/onkologiai-kozpont\/wp-json\/wp\/v2\/categories?post=484"},{"taxonomy":"post_tag","embeddable":true,"href":"https:\/\/semmelweis.hu\/onkologiai-kozpont\/wp-json\/wp\/v2\/tags?post=484"}],"curies":[{"name":"wp","href":"https:\/\/api.w.org\/{rel}","templated":true}]}}