{"id":482,"date":"2016-03-31T15:38:05","date_gmt":"2016-03-31T13:38:05","guid":{"rendered":"http:\/\/semmelweis.hu\/onkologiai-kozpont\/?page_id=482"},"modified":"2024-03-21T12:45:22","modified_gmt":"2024-03-21T11:45:22","slug":"hallgatoink-eredmenyei","status":"publish","type":"page","link":"https:\/\/semmelweis.hu\/onkologiai-kozpont\/oktatas-2\/hallgatoink-eredmenyei\/","title":{"rendered":"Hallgat\u00f3ink eredm\u00e9nyei"},"content":{"rendered":"<p><a href=\"https:\/\/otdk.hu\/\">OTDK<\/a><\/p>\n<ul>\n<li>II. helyez\u00e9s\n<ul>\n<li>2013: T\u0151k\u00e9s T\u00edmea<\/li>\n<\/ul>\n<\/li>\n<li>R\u00e9szv\u00e9tel\n<ul>\n<li>2015\n<ul>\n<li>M\u00fchl Dorottya<\/li>\n<li>Buday Zs\u00f3fia<\/li>\n<\/ul>\n<\/li>\n<\/ul>\n<\/li>\n<\/ul>\n<p><a href=\"https:\/\/semmelweis.hu\/tdk\/\">SE \u00c1OK, kari TDK konferencia<\/a><\/p>\n<ul>\n<li>I. helyez\u00e9s\n<ul>\n<li>2014: M\u00fchl Dorottya<\/li>\n<li>2012: T\u0151k\u00e9s T\u00edmea<\/li>\n<\/ul>\n<\/li>\n<li>II. helyez\u00e9s\n<ul>\n<li>2023: P\u00f6lh\u00f6\u0161ov\u00e1 Annam\u00e1ria<\/li>\n<li>2014: Buday Zs\u00f3fia<\/li>\n<li>2012: Molnosi Zs\u00f3fia<\/li>\n<li>2011: T\u0151k\u00e9s T\u00edmea<\/li>\n<\/ul>\n<\/li>\n<li>III. helyez\u00e9s\n<ul>\n<li>2007: Sz\u00e9kely Borb\u00e1la<\/li>\n<\/ul>\n<\/li>\n<\/ul>\n<p><a href=\"https:\/\/itk.ppke.hu\/tdk\/\">PPKE ITK, kari TDK konferencia<\/a><\/p>\n<ul>\n<li>I. helyez\u00e9s\n<ul>\n<li>2022: Moln\u00e1r Zs\u00f3fia<\/li>\n<\/ul>\n<\/li>\n<\/ul>\n<p><a href=\"https:\/\/semmelweis.hu\/szakkollegium\/\">Kor\u00e1nyi Frigyes Tudom\u00e1nyos F\u00f3rum<\/a><\/p>\n<ul>\n<li>I. helyez\u00e9s\n<ul>\n<li>2012: T\u0151k\u00e9s T\u00edmea<\/li>\n<li>2011: Molnosi Zs\u00f3fia<\/li>\n<\/ul>\n<\/li>\n<li>II. helyez\u00e9s\n<ul>\n<li>2007: Sz\u00e9kely Borb\u00e1la<\/li>\n<\/ul>\n<\/li>\n<li>III. helyez\u00e9s\n<ul>\n<li>2014: M\u00fchl Dorottya<\/li>\n<\/ul>\n<\/li>\n<\/ul>\n<p><a href=\"https:\/\/semmelweis.hu\/tdk\/palyazatok\/rektori-palyazat\/\">SE Rektori p\u00e1lyamunka<\/a><\/p>\n<ul>\n<li>I. helyezett p\u00e1lyamunka\n<ul>\n<li>2007: Sz\u00e9kely Borb\u00e1la<\/li>\n<\/ul>\n<\/li>\n<li>II. helyezett p\u00e1lyamunk\u00e1k\n<ul>\n<li>2012: T\u0151k\u00e9s T\u00edmea<\/li>\n<li>2011: Molnosi Zs\u00f3fia<\/li>\n<\/ul>\n<\/li>\n<li>III. helyezett p\u00e1lyamunk\u00e1k\n<ul>\n<li>2015: M\u00fchl Dorottya<\/li>\n<li>2007: R\u00e1cz Bernadett<\/li>\n<\/ul>\n<\/li>\n<li>Rektori d\u00edcs\u00e9retben r\u00e9szes\u00fclt p\u00e1lyamunk\u00e1k\n<ul>\n<li>2020: Borony\u00e1k Evelin<\/li>\n<li>2015: Buday Zs\u00f3fia<\/li>\n<li>2012: Dobra M\u00f3nika<\/li>\n<\/ul>\n<\/li>\n<\/ul>\n<p><a href=\"https:\/\/hu.wikipedia.org\/wiki\/Krompecher_\u00d6d\u00f6n#Krompecher-p\u00e1ly\u00e1zat\">Krompecher \u00d6d\u00f6n P\u00e1ly\u00e1zat<\/a><\/p>\n<ul>\n<li>III. helyez\u00e9s\n<ul>\n<li>2007: Sz\u00e9kely Borb\u00e1la<\/li>\n<\/ul>\n<\/li>\n<\/ul>\n<p>Ambassador Nancy G. Brinker Award<\/p>\n<ul>\n<li>2013: T\u0151k\u00e9s T\u00edmea<\/li>\n<li>2010: Sz\u00e9kely Borb\u00e1la<\/li>\n<\/ul>\n<p>Tov\u00e1bb\u00e1 hallgat\u00f3ink r\u00e9szt vettek rangos hazai \u00e9s nemzetk\u00f6zi kongresszusokon, mint a <a href=\"http:\/\/oncology.hu\/\">MOT<\/a> , <a href=\"https:\/\/mkot.hu\/\">MKOT<\/a> , <a href=\"http:\/\/www.nmc.dote.hu\/mont\/\">MONT<\/a> , \u00e9s a <a href=\"https:\/\/kmcongress.com\/pcp2012.php\">2nd Pannonia Congress of Pathology<\/a>.<\/p>\n","protected":false},"excerpt":{"rendered":"<p><a href=\"https:\/\/otdk.hu\/\">OTDK<\/a> II. helyez\u00e9s 2013: T\u0151k\u00e9s T\u00edmea R\u00e9szv\u00e9tel 2015 M\u00fchl Dorottya Buday Zs\u00f3fia <a href=\"https:\/\/semmelweis.hu\/tdk\/\">SE \u00c1OK, kari TDK konferencia<\/a> I. helyez\u00e9s 2014: M\u00fchl Dorottya 2012: T\u0151k\u00e9s T\u00edmea II. helyez\u00e9s 2023: P\u00f6lh\u00f6\u0161ov\u00e1 Annam\u00e1ria 2014: Buday Zs\u00f3fia 2012: Molnosi Zs\u00f3fia 2011: T\u0151k\u00e9s T\u00edmea III. helyez\u00e9s 2007: Sz\u00e9kely Borb\u00e1la <a href=\"https:\/\/itk.ppke.hu\/tdk\/\">PPKE ITK, kari TDK konferencia<\/a> I. helyez\u00e9s 2022: Moln\u00e1r Zs\u00f3fia <a href=\"https:\/\/semmelweis.hu\/szakkollegium\/\">Kor\u00e1nyi Frigyes Tudom\u00e1nyos F\u00f3rum<\/a> I. helyez\u00e9s 2012: T\u0151k\u00e9s T\u00edmea 2011: Molnosi Zs\u00f3fia II. helyez\u00e9s 2007: Sz\u00e9kely &hellip;<\/p>\n","protected":false},"author":101105,"featured_media":0,"parent":3010,"menu_order":5,"comment_status":"closed","ping_status":"closed","template":"","meta":{"_acf_changed":false,"footnotes":""},"categories":[],"tags":[],"class_list":["post-482","page","type-page","status-publish","hentry"],"acf":[],"_links":{"self":[{"href":"https:\/\/semmelweis.hu\/onkologiai-kozpont\/wp-json\/wp\/v2\/pages\/482","targetHints":{"allow":["GET"]}}],"collection":[{"href":"https:\/\/semmelweis.hu\/onkologiai-kozpont\/wp-json\/wp\/v2\/pages"}],"about":[{"href":"https:\/\/semmelweis.hu\/onkologiai-kozpont\/wp-json\/wp\/v2\/types\/page"}],"author":[{"embeddable":true,"href":"https:\/\/semmelweis.hu\/onkologiai-kozpont\/wp-json\/wp\/v2\/users\/101105"}],"replies":[{"embeddable":true,"href":"https:\/\/semmelweis.hu\/onkologiai-kozpont\/wp-json\/wp\/v2\/comments?post=482"}],"version-history":[{"count":10,"href":"https:\/\/semmelweis.hu\/onkologiai-kozpont\/wp-json\/wp\/v2\/pages\/482\/revisions"}],"predecessor-version":[{"id":3341,"href":"https:\/\/semmelweis.hu\/onkologiai-kozpont\/wp-json\/wp\/v2\/pages\/482\/revisions\/3341"}],"up":[{"embeddable":true,"href":"https:\/\/semmelweis.hu\/onkologiai-kozpont\/wp-json\/wp\/v2\/pages\/3010"}],"wp:attachment":[{"href":"https:\/\/semmelweis.hu\/onkologiai-kozpont\/wp-json\/wp\/v2\/media?parent=482"}],"wp:term":[{"taxonomy":"category","embeddable":true,"href":"https:\/\/semmelweis.hu\/onkologiai-kozpont\/wp-json\/wp\/v2\/categories?post=482"},{"taxonomy":"post_tag","embeddable":true,"href":"https:\/\/semmelweis.hu\/onkologiai-kozpont\/wp-json\/wp\/v2\/tags?post=482"}],"curies":[{"name":"wp","href":"https:\/\/api.w.org\/{rel}","templated":true}]}}