{"id":467,"date":"2016-03-23T10:48:39","date_gmt":"2016-03-23T09:48:39","guid":{"rendered":"http:\/\/semmelweis.hu\/onkologiai-kozpont\/?page_id=467"},"modified":"2023-07-10T19:52:43","modified_gmt":"2023-07-10T17:52:43","slug":"onkologiai-kozpont-tortenete","status":"publish","type":"page","link":"https:\/\/semmelweis.hu\/onkologiai-kozpont\/magunkrol\/onkologiai-kozpont-tortenete\/","title":{"rendered":"Az Onkol\u00f3giai Profil t\u00f6rt\u00e9nete"},"content":{"rendered":"<p style=\"text-align: justify\">A Belgy\u00f3gy\u00e1szati \u00e9s Onkol\u00f3giai Klinika Onkol\u00f3giai Profilj\u00e1nak k\u00f6zvetlen jogel\u0151dje az \u00f6n\u00e1ll\u00f3 Onkol\u00f3giai K\u00f6zpont volt, ami viszont sok-sok \u00e9vre visszany\u00fal\u00f3 el\u0151t\u00f6rt\u00e9nettel rendelkezett. Az akkor \u00f6n\u00e1ll\u00f3 int\u00e9zm\u00e9ny el\u0151dje az 1947-ben megalakult Radiol\u00f3giai Klinika \u00e9gisze alatt j\u00f6tt l\u00e9tre, amelynek \u00e9l\u00e9n a 60-as \u00e9vekben Dr. Zseb\u0151k Zolt\u00e1n Klinikaigazgat\u00f3 \u00e1llt. K\u00f6zpontja a Semmelweis Egyetem \u00dcll\u0151i \u00fat 26. sz\u00e1m alatti \u00e9p\u00fcletben volt, azonban t\u00f6bb kihelyezett r\u00e9szlegen folyt a betegell\u00e1t\u00e1s. Az egyik ilyen r\u00e9szleg az I. sz. Seb\u00e9szeti Klinika jelenleg \u00dcll\u0151i \u00fat 78. sz\u00e1m alatt tal\u00e1lhat\u00f3 \u00e9p\u00fclet\u00e9ben volt, amelyet k\u00e9s\u0151bb helyezt\u00e9k \u00e1t az akkori k\u00f6zponti \u00e9p\u00fcletben tal\u00e1lhat\u00f3 Radiol\u00f3giai Klinik\u00e1hoz.<\/p>\n<p style=\"text-align: justify\">Zseb\u0151k Professzor \u00dar nagy figyelmet ford\u00edtott az onkol\u00f3giai betegs\u00e9gek felismer\u00e9s\u00e9re, illetve kezel\u00e9s\u00e9re. Ez\u00e9rt hozott l\u00e9tre 1958-ban egy mammogr\u00e1fi\u00e1s \u00e1llom\u00e1st, majd 1963-ban egy 20 \u00e1gyas fekv\u0151beteg oszt\u00e1lyt, Dr. Gottwald Gizella \u00e9s Dr. Szakolczai Istv\u00e1n vezet\u00e9s\u00e9vel. Ezen fekv\u0151beteg oszt\u00e1ly el\u0151dje az 1959-ben az I. sz\u00e1m\u00fa Seb\u00e9szeti Klinik\u00e1n l\u00e9trej\u00f6tt Izot\u00f3p Oszt\u00e1ly, amely ezut\u00e1n a Radiol\u00f3giai Klinika r\u00e9szek\u00e9nt folytatta m\u0171k\u00f6d\u00e9s\u00e9t. Az oszt\u00e1ly k\u00e9s\u0151bb kemoter\u00e1pi\u00e1s kezel\u00e9seket folytat\u00f3 akt\u00edv fekv\u0151beteg-ell\u00e1t\u00f3 oszt\u00e1lly\u00e1 alakult. T\u00edz \u00e9vvel k\u00e9s\u0151bb 1973-ban, a sug\u00e1rter\u00e1pi\u00e1s kezel\u00e9sek elind\u00edt\u00e1s\u00e1val egyidej\u0171leg kib\u0151v\u00edtett\u00e9k az oszt\u00e1lyt, \u00e9s egy 37 \u00e1gyas komplex fekv\u0151beteg oszt\u00e1ly j\u00f6tt l\u00e9tre.<\/p>\n<p style=\"text-align: justify\">A 2000-es \u00e9vek elej\u00e9t\u0151l <a href=\"http:\/\/www.socrad.hu\/upload\/radiologia\/magazine\/2005_05_316.pdf\">Dr. Mak\u00f3 Ern\u0151<\/a> vette \u00e1t a Klinika vezet\u00e9s\u00e9t. Az \u0151 nev\u00e9hez f\u0171z\u0151dik, hogy a Radiol\u00f3giai Klinika fenn\u00e1ll\u00e1s\u00e1nak 50. \u00e9vfordul\u00f3j\u00e1t \u00faj n\u00e9vvel \u00fcnnepelhette, \u00e9s l\u00e9tre j\u00f6hetett a Radiol\u00f3giai \u00e9s Onkoter\u00e1pi\u00e1s Klinika. Innent\u0151l fogva m\u0171k\u00f6d\u00f6tt a Klinika keretein bel\u00fcl az Onkol\u00f3giai Profil, amelynek vezet\u0151je 1993-t\u00f3l Dr. Dank Magdolna volt.<\/p>\n<p style=\"text-align: justify\">Az Onkol\u00f3giai Profil 2013 m\u00e1rcius 1-vel az I. sz\u00e1m\u00fa Belgy\u00f3gy\u00e1szati Klinika r\u00e9szek\u00e9nt m\u0171k\u00f6d\u00f6tt, majd 2016 janu\u00e1r 1.-vel Dr. Dank Magdolna habilit\u00e1lt egyetemi docens vezet\u00e9s\u00e9vel megalakult a Semmelweis Egyetem Onkol\u00f3giai K\u00f6zpontja, melyet 2016. j\u00falius 1.-t\u0151l kinevezett igazgat\u00f3k\u00e9nt vezette. Az Onkol\u00f3giai K\u00f6zpont 2020. janu\u00e1r 1-t\u0151l a <a href=\"https:\/\/semmelweis.hu\/belonko\/\">Belgy\u00f3gy\u00e1szati \u00e9s Onkol\u00f3giai Klinika<\/a> r\u00e9szek\u00e9nt, mint Onkol\u00f3giai Profil folytatja munk\u00e1j\u00e1t Prof. Dr. Dank Magdolna egyetemi tan\u00e1r, klinikaigazgat\u00f3-helyettes szakmai ir\u00e1ny\u00edt\u00e1s\u00e1val.<\/p>\n","protected":false},"excerpt":{"rendered":"<p>A Belgy\u00f3gy\u00e1szati \u00e9s Onkol\u00f3giai Klinika Onkol\u00f3giai Profilj\u00e1nak k\u00f6zvetlen jogel\u0151dje az \u00f6n\u00e1ll\u00f3 Onkol\u00f3giai K\u00f6zpont volt, ami viszont sok-sok \u00e9vre visszany\u00fal\u00f3 el\u0151t\u00f6rt\u00e9nettel rendelkezett. Az akkor \u00f6n\u00e1ll\u00f3 int\u00e9zm\u00e9ny el\u0151dje az 1947-ben megalakult Radiol\u00f3giai Klinika \u00e9gisze alatt j\u00f6tt l\u00e9tre, amelynek \u00e9l\u00e9n a 60-as \u00e9vekben Dr. Zseb\u0151k Zolt\u00e1n Klinikaigazgat\u00f3 \u00e1llt. K\u00f6zpontja a Semmelweis Egyetem \u00dcll\u0151i \u00fat 26. sz\u00e1m alatti \u00e9p\u00fcletben &hellip;<\/p>\n","protected":false},"author":101105,"featured_media":0,"parent":5,"menu_order":1,"comment_status":"closed","ping_status":"closed","template":"","meta":{"_acf_changed":false,"footnotes":""},"categories":[],"tags":[],"class_list":["post-467","page","type-page","status-publish","hentry"],"acf":[],"_links":{"self":[{"href":"https:\/\/semmelweis.hu\/onkologiai-kozpont\/wp-json\/wp\/v2\/pages\/467","targetHints":{"allow":["GET"]}}],"collection":[{"href":"https:\/\/semmelweis.hu\/onkologiai-kozpont\/wp-json\/wp\/v2\/pages"}],"about":[{"href":"https:\/\/semmelweis.hu\/onkologiai-kozpont\/wp-json\/wp\/v2\/types\/page"}],"author":[{"embeddable":true,"href":"https:\/\/semmelweis.hu\/onkologiai-kozpont\/wp-json\/wp\/v2\/users\/101105"}],"replies":[{"embeddable":true,"href":"https:\/\/semmelweis.hu\/onkologiai-kozpont\/wp-json\/wp\/v2\/comments?post=467"}],"version-history":[{"count":12,"href":"https:\/\/semmelweis.hu\/onkologiai-kozpont\/wp-json\/wp\/v2\/pages\/467\/revisions"}],"predecessor-version":[{"id":3190,"href":"https:\/\/semmelweis.hu\/onkologiai-kozpont\/wp-json\/wp\/v2\/pages\/467\/revisions\/3190"}],"up":[{"embeddable":true,"href":"https:\/\/semmelweis.hu\/onkologiai-kozpont\/wp-json\/wp\/v2\/pages\/5"}],"wp:attachment":[{"href":"https:\/\/semmelweis.hu\/onkologiai-kozpont\/wp-json\/wp\/v2\/media?parent=467"}],"wp:term":[{"taxonomy":"category","embeddable":true,"href":"https:\/\/semmelweis.hu\/onkologiai-kozpont\/wp-json\/wp\/v2\/categories?post=467"},{"taxonomy":"post_tag","embeddable":true,"href":"https:\/\/semmelweis.hu\/onkologiai-kozpont\/wp-json\/wp\/v2\/tags?post=467"}],"curies":[{"name":"wp","href":"https:\/\/api.w.org\/{rel}","templated":true}]}}