{"id":40,"date":"2016-02-23T12:28:04","date_gmt":"2016-02-23T11:28:04","guid":{"rendered":"http:\/\/semmelweis.hu\/onkologiai-kozpont\/?page_id=40"},"modified":"2025-09-18T11:37:28","modified_gmt":"2025-09-18T09:37:28","slug":"idopontkeres","status":"publish","type":"page","link":"https:\/\/semmelweis.hu\/onkologiai-kozpont\/betegellatas\/idopontkeres\/","title":{"rendered":"Betegel\u0151jegyz\u00e9s"},"content":{"rendered":"<h5 style=\"text-align: justify\">A kezel\u00e9ssel, ell\u00e1t\u00e1ssal kapcsolatban az al\u00e1bbi el\u00e9rhet\u0151s\u00e9geinken lehet \u00e9rdekl\u0151dni.\u00a0<\/h5>\n<div class=\"keretes w-100\">\n<h4 style=\"text-align: justify\"><strong>Betegfelv\u00e9tel \u00e9s el\u0151jegyz\u00e9s el\u00e9rhet\u0151s\u00e9gei:<\/strong><\/h4>\n<ul style=\"list-style-type: square\">\n<li>K\u00f6zponti telefonsz\u00e1m (8-12 \u00f3ra k\u00f6z\u00f6tt): <a href=\"tel:+36208251000\">+36 20 825 1000<\/a><\/li>\n<li>Gondozott betegek r\u00e9sz\u00e9re\n<ul>\n<li style=\"list-style-type: none\">\n<ul style=\"list-style-type: square\">\n<li>Telefonsz\u00e1m: <a href=\"tel:+36208251756\">+36 20 825 8397<\/a><\/li>\n<li>E-mail: <a href=\"mailto:oncoinfose@semmelweis.hu\" target=\"_blank\" rel=\"noopener\">oncoinfose@semmelweis.hu<\/a>\u00a0c\u00edmen.<\/li>\n<\/ul>\n<\/li>\n<\/ul>\n<\/li>\n<li>Szem\u00e9lyesen:\n<ul>\n<li style=\"list-style-type: none\">\n<ul style=\"list-style-type: square\">\n<li>1082 Budapest, Baross utca 23 \u2013 25., 2. emelet<\/li>\n<li>Kedden \u00e9s cs\u00fct\u00f6rt\u00f6k\u00f6n: 8-10 \u00f3ra k\u00f6z\u00f6tt<\/li>\n<\/ul>\n<\/li>\n<\/ul>\n<\/li>\n<li>Igazolt rosszindulat\u00fa daganat diagn\u00f3zis\u00e1val h\u00e1ziorvosi vagy egy\u00e9b szakorvosi beutal\u00f3val az al\u00e1bbi e-mail c\u00edmeken:\n<ul>\n<li style=\"list-style-type: none\">\n<ul style=\"list-style-type: square\">\n<li><a href=\"mailto:acs.krisztina-marta@semmelweis.hu\">acs.krisztina-marta@semmelweis.hu<\/a><\/li>\n<li><a href=\"mailto:szentpeteri.almos@semmelweis.hu\">szentpeteri.almos@semmelweis.hu<\/a><\/li>\n<\/ul>\n<\/li>\n<\/ul>\n<\/li>\n<\/ul>\n<p style=\"text-align: justify\">K\u00e9rj\u00fck, minden esetben adja meg nev\u00e9t, sz\u00fclet\u00e9si idej\u00e9t, TAJ sz\u00e1m\u00e1t, kezel\u0151orvos\u00e1t (amennyiben van m\u00e1r), az id\u0151pont k\u00e9r\u00e9s ok\u00e1t.<\/p>\n<p style=\"text-align: justify\">Amennyiben kezel\u0151orvosa \u00e1ltal el\u0151\u00edrt vizsg\u00e1latra szeretne id\u0151pontot \u00e9s beutal\u00f3t k\u00e9rni, k\u00e9rj\u00fck, adja meg melyik h\u00f3napra \u00e9s milyen vizsg\u00e1latot k\u00e9r. A fenti el\u00e9rhet\u0151s\u00e9geken vizsg\u00e1lati lelet ut\u00e1n is \u00e9rdekl\u0151dhet.<\/p>\n<\/div>\n<h4><strong>Tov\u00e1bbi inform\u00e1ci\u00f3k:<\/strong><\/h4>\n<ul>\n<li><a href=\"https:\/\/semmelweis.hu\/onkologiai-kozpont\/betegellatas\/kuraszeru-ellatas\/\">K\u00faraszer\u0171 ell\u00e1t\u00e1s<\/a><\/li>\n<li><a href=\"https:\/\/semmelweis.hu\/onkologiai-kozpont\/betegellatas\/onkologia-gondozo\/\">Onkol\u00f3gia gondoz\u00e1s \u00e9s hossz\u00fat\u00e1v\u00fa onkol\u00f3giai ut\u00e1nk\u00f6vet\u00e9s<\/a><\/li>\n<li><a href=\"https:\/\/semmelweis.hu\/onkologiai-kozpont\/betegellatas\/hospice\/\">Hospice ell\u00e1t\u00e1s<\/a><\/li>\n<li><strong>Komplex Onkol\u00f3giai Rehabilit\u00e1ci\u00f3<\/strong>\n<ul>\n<li><a href=\"https:\/\/semmelweis.hu\/onkologiai-kozpont\/betegellatas\/komplex-onkologiai-rehabilitacio\/gyogytorna\/\">Gy\u00f3gytorna<\/a><\/li>\n<li><a href=\"https:\/\/semmelweis.hu\/onkologiai-kozpont\/betegellatas\/komplex-onkologiai-rehabilitacio\/gyogymasszazs\/\">Gy\u00f3gymassz\u00e1zs<\/a><\/li>\n<li><a href=\"https:\/\/semmelweis.hu\/onkologiai-kozpont\/betegellatas\/komplex-onkologiai-rehabilitacio\/mozgasszervi-rehabilitacio\/\">Mozg\u00e1sszervi rehabilit\u00e1ci\u00f3<\/a><\/li>\n<li><a href=\"https:\/\/semmelweis.hu\/onkologiai-kozpont\/betegellatas\/komplex-onkologiai-rehabilitacio\/lymphoedema-kezelese\/\">Nyirokmassz\u00e1zs<\/a><\/li>\n<li><a href=\"https:\/\/semmelweis.hu\/onkologiai-kozpont\/betegellatas\/komplex-onkologiai-rehabilitacio\/pszichologiai-szakambulanca\/\">Onkopszichol\u00f3giai ambulancia<\/a><\/li>\n<li><a href=\"https:\/\/semmelweis.hu\/onkologiai-kozpont\/betegellatas\/komplex-onkologiai-rehabilitacio\/taplalas-terapia-dietetika\/\">T\u00e1pl\u00e1l\u00e1s-ter\u00e1pia (dietetika)<\/a><\/li>\n<\/ul>\n<\/li>\n<li><strong>Betegt\u00e1j\u00e9koztat\u00f3k<\/strong>\n<ul>\n<li><a href=\"https:\/\/semmelweis.hu\/onkologiai-kozpont\/betegellatas\/betegtajekoztatok\/daganatkezelesben-alkalmazott-hatoanyagok-lehetseges-mellekhatasai\/\">Dagnatellenes gy\u00f3gyszeres kezel\u00e9sek<\/a><\/li>\n<li><a href=\"https:\/\/semmelweis.hu\/onkologiai-kozpont\/betegellatas\/betegtajekoztatok\/intervencios-radiologiai-beavatkozasok-daganatos-betegsegekben\/\">Intervenci\u00f3s Radiol\u00f3giai beavatkoz\u00e1sok daganatos betegs\u00e9gekben<\/a><\/li>\n<\/ul>\n<\/li>\n<\/ul>\n<p style=\"text-align: justify\"><em>Az oldalon tal\u00e1lhat\u00f3 el\u00e9rhet\u0151s\u00e9gi adatok nem haszn\u00e1lhat\u00f3k fel az 1995. \u00e9vi CXIX. t\u00f6rv\u00e9ny szerinti kutat\u00e1s \u00e9s k\u00f6zvetlen \u00fczletszerz\u00e9s c\u00e9lj\u00e1ra.<\/em><\/p>\n","protected":false},"excerpt":{"rendered":"<p>A kezel\u00e9ssel, ell\u00e1t\u00e1ssal kapcsolatban az al\u00e1bbi el\u00e9rhet\u0151s\u00e9geinken lehet \u00e9rdekl\u0151dni.\u00a0 Betegfelv\u00e9tel \u00e9s el\u0151jegyz\u00e9s el\u00e9rhet\u0151s\u00e9gei: K\u00f6zponti telefonsz\u00e1m (8-12 \u00f3ra k\u00f6z\u00f6tt): <a href=\"tel:+36208251000\">+36 20 825 1000<\/a> Gondozott betegek r\u00e9sz\u00e9re Telefonsz\u00e1m: <a href=\"tel:+36208251756\">+36 20 825 8397<\/a> E-mail: <a href=\"mailto:oncoinfose@semmelweis.hu\" target=\"_blank\" rel=\"noopener\">oncoinfose@semmelweis.hu<\/a> \u00a0c\u00edmen. Szem\u00e9lyesen: 1082 Budapest, Baross utca 23 \u2013 25., 2. emelet Kedden \u00e9s cs\u00fct\u00f6rt\u00f6k\u00f6n: 8-10 \u00f3ra k\u00f6z\u00f6tt Igazolt rosszindulat\u00fa daganat diagn\u00f3zis\u00e1val h\u00e1ziorvosi vagy egy\u00e9b szakorvosi beutal\u00f3val az al\u00e1bbi e-mail c\u00edmeken: <a href=\"mailto:acs.krisztina-marta@semmelweis.hu\">acs.krisztina-marta@semmelweis.hu<\/a> <a href=\"mailto:szentpeteri.almos@semmelweis.hu\">szentpeteri.almos@semmelweis.hu<\/a> K\u00e9rj\u00fck, minden &hellip;<\/p>\n","protected":false},"author":12,"featured_media":0,"parent":11,"menu_order":0,"comment_status":"closed","ping_status":"closed","template":"","meta":{"_acf_changed":false,"footnotes":""},"categories":[],"tags":[],"class_list":["post-40","page","type-page","status-publish","hentry"],"acf":[],"_links":{"self":[{"href":"https:\/\/semmelweis.hu\/onkologiai-kozpont\/wp-json\/wp\/v2\/pages\/40","targetHints":{"allow":["GET"]}}],"collection":[{"href":"https:\/\/semmelweis.hu\/onkologiai-kozpont\/wp-json\/wp\/v2\/pages"}],"about":[{"href":"https:\/\/semmelweis.hu\/onkologiai-kozpont\/wp-json\/wp\/v2\/types\/page"}],"author":[{"embeddable":true,"href":"https:\/\/semmelweis.hu\/onkologiai-kozpont\/wp-json\/wp\/v2\/users\/12"}],"replies":[{"embeddable":true,"href":"https:\/\/semmelweis.hu\/onkologiai-kozpont\/wp-json\/wp\/v2\/comments?post=40"}],"version-history":[{"count":12,"href":"https:\/\/semmelweis.hu\/onkologiai-kozpont\/wp-json\/wp\/v2\/pages\/40\/revisions"}],"predecessor-version":[{"id":3477,"href":"https:\/\/semmelweis.hu\/onkologiai-kozpont\/wp-json\/wp\/v2\/pages\/40\/revisions\/3477"}],"up":[{"embeddable":true,"href":"https:\/\/semmelweis.hu\/onkologiai-kozpont\/wp-json\/wp\/v2\/pages\/11"}],"wp:attachment":[{"href":"https:\/\/semmelweis.hu\/onkologiai-kozpont\/wp-json\/wp\/v2\/media?parent=40"}],"wp:term":[{"taxonomy":"category","embeddable":true,"href":"https:\/\/semmelweis.hu\/onkologiai-kozpont\/wp-json\/wp\/v2\/categories?post=40"},{"taxonomy":"post_tag","embeddable":true,"href":"https:\/\/semmelweis.hu\/onkologiai-kozpont\/wp-json\/wp\/v2\/tags?post=40"}],"curies":[{"name":"wp","href":"https:\/\/api.w.org\/{rel}","templated":true}]}}