{"id":36,"date":"2016-02-23T12:20:49","date_gmt":"2016-02-23T11:20:49","guid":{"rendered":"http:\/\/semmelweis.hu\/onkologiai-kozpont\/?page_id=36"},"modified":"2024-04-16T12:48:19","modified_gmt":"2024-04-16T10:48:19","slug":"pink-bolero-egyesulet","status":"publish","type":"page","link":"https:\/\/semmelweis.hu\/onkologiai-kozpont\/betegellatas\/betegszervezetek\/pink-bolero-egyesulet\/","title":{"rendered":"Pink Bolero Egyes\u00fclet"},"content":{"rendered":"<p style=\"text-align: justify\"><img loading=\"lazy\" decoding=\"async\" class=\"alignright wp-image-34 size-medium\" src=\"https:\/\/semmelweis.hu\/onkologiai-kozpont\/files\/2016\/02\/IMG_4213-300x177.jpg\" alt=\"IMG_4213\" width=\"300\" height=\"177\" srcset=\"https:\/\/semmelweis.hu\/onkologiai-kozpont\/files\/2016\/02\/IMG_4213-300x177.jpg 300w, https:\/\/semmelweis.hu\/onkologiai-kozpont\/files\/2016\/02\/IMG_4213-768x454.jpg 768w, https:\/\/semmelweis.hu\/onkologiai-kozpont\/files\/2016\/02\/IMG_4213-1024x605.jpg 1024w, https:\/\/semmelweis.hu\/onkologiai-kozpont\/files\/2016\/02\/IMG_4213-508x300.jpg 508w, https:\/\/semmelweis.hu\/onkologiai-kozpont\/files\/2016\/02\/IMG_4213.jpg 1207w\" sizes=\"auto, (max-width: 300px) 100vw, 300px\" \/>Dr. Dank Magdolna egyetemi tan\u00e1r r\u00e9gi \u00e1lma v\u00e1lt val\u00f3ra 2012. okt\u00f3ber 31- \u00e9n, a Pink Bolero Egyes\u00fclet megalakul\u00e1sakor. Mindig fontosnak tartotta, hogy a betegek saj\u00e1t tapasztalataikon alapul\u00f3 hiteles tan\u00e1csokkal seg\u00edts\u00e9k egym\u00e1st a betegs\u00e9g lek\u00fczd\u00e9s\u00e9ben. Tudta, hogy az orvosok v\u00e1ll\u00e1r\u00f3l is komoly terhet vehet le egy j\u00f3 szakmai h\u00e1tt\u00e9rrel rendelkez\u0151 csoport.<\/p>\n<p style=\"text-align: justify\">K\u00e9tszeresen \u00e9rintett r\u00e9gi beteg\u00e9ben partnerre tal\u00e1lt a tervezget\u00e9shez. Pataki Aranka 16 \u00e9ves t\u00fcnetmentes m\u00falttal, sok tapasztalattal \u00e9s pszichol\u00f3gus asszisztensi k\u00e9pzetts\u00e9ggel lelkesen l\u00e1tott munk\u00e1hoz.<\/p>\n<p style=\"text-align: justify\">Fontos szerep jutott a harmadik alap\u00edt\u00f3nak, D\u00e9sfalvi Judit pszichol\u00f3gusnak, aki a Semmelweis Egyetem Onkol\u00f3giai K\u00f6zpont pszichol\u00f3gusa \u00e9s az Egyes\u00fcleten k\u00edv\u00fcl is sokat seg\u00edt az \u00e9rintett h\u00f6lgyeknek. Sz\u00fcks\u00e9g szerint egy\u00e9nileg foglalkozik a betegekkel, hogy t\u00e1mogassa \u0151ket a betegs\u00e9ggel val\u00f3 megk\u00fczd\u00e9sben.<\/p>\n<p style=\"text-align: justify\">Igyeksz\u00fcnk egyes\u00fclet\u00fcnk minden tagj\u00e1t legjobb tud\u00e1sunk szerint seg\u00edteni \u00e9s tan\u00e1csokkal ell\u00e1tni a hossz\u00fa kezel\u00e9sek sor\u00e1n. A folyamatos kapcsolattart\u00e1s biztons\u00e1g\u00e9rzetet ny\u00fajt sz\u00e1mukra, hiszen minden k\u00e9rd\u00e9ssel b\u00e1rmikor telefonon is fordulhatnak hozz\u00e1nk.<\/p>\n<p><span style=\"color: #339966;font-size: 14pt\"><span style=\"color: #000000\">\u201e<\/span><strong>Gy\u00f3gyul\u00e1som k\u00f6nyve<\/strong><span style=\"color: #000000\">\u201d<\/span><\/span><\/p>\n<p style=\"text-align: justify\"><a href=\"https:\/\/semmelweis.hu\/onkologiai-kozpont\/files\/2023\/10\/gyogyulasom_konyve.pdf\">Teljes k\u00f6nyv let\u00f6lt\u00e9se PDF form\u00e1tumban<\/a><\/p>\n<p style=\"text-align: justify\">Az Egyes\u00fclet egy olyan kiadv\u00e1nyt szeretne a betegek kez\u00e9be adni, amely a megfelel\u0151 \u00e9s szakmailag al\u00e1t\u00e1masztott inform\u00e1ci\u00f3k, tan\u00e1csok, v\u00e9lem\u00e9nyek ment\u00e9n vil\u00e1gosan \u00e9rtelmezhet\u0151. T\u00f6rekedt\u00fcnk arra, hogy az olvas\u00f3 sz\u00e1m\u00e1ra olyan t\u00e1j\u00e9koztat\u00e1st ny\u00fajtsunk, amelynek seg\u00edts\u00e9g\u00e9vel azonnal azonos\u00edthat\u00f3v\u00e1 v\u00e1lik az adott panasz, ez\u00e1ltal az egy\u00e9n fel tudja azt ismerni \u00e9s k\u00e9pes megfelel\u0151en \u00e9rtelmezni. K\u00f6nyv\u00fcnk azonnali megold\u00e1st adhat, ezzel seg\u00edtve a beteget a k\u00fcl\u00f6nf\u00e9le mell\u00e9khat\u00e1sok k\u00f6nnyebb visel\u00e9s\u00e9ben, a t\u00fcnetek azonnali enyh\u00edt\u00e9s\u00e9ben. C\u00e9lunk ezzel a kiadv\u00e1nnyal, hogy a megfelel\u0151 ismeretekkel t\u00e1mogassuk, seg\u00edts\u00fck az \u00e9rintett betegeket \u00e9s nem utols\u00f3 sorban a hozz\u00e1tartoz\u00f3kat.<\/p>\n<p style=\"text-align: justify\">A k\u00f6nyv az interneten b\u00e1rki sz\u00e1m\u00e1ra <a href=\"https:\/\/www.gyogyulasomkonyve.hu\/\">ingyenesen el\u00e9rhet\u0151<\/a>, onnan t\u00e9m\u00e1k szerint \u00e9s oldalank\u00e9nt is kinyomtathat\u00f3, az egy\u00e9nt \u00e9rint\u0151 probl\u00e9m\u00e1k szerint \u00f6sszerakhat\u00f3\/szerkeszthet\u0151, vagyis \u201esaj\u00e1t k\u00f6nyv\u201d k\u00e9sz\u00edthet\u0151.<\/p>\n<p style=\"text-align: justify\">K\u00f6sz\u00f6netet szeretn\u00e9nk mondani a k\u00f6nyv meg\u00edr\u00e1s\u00e1ban r\u00e9sztvev\u0151 munkat\u00e1rsaknak, akik id\u0151t, energi\u00e1t nem sajn\u00e1lva, tud\u00e1suk legjav\u00e1t adva vettek r\u00e9szt a k\u00f6z\u00f6s munk\u00e1ban. N\u00e9lk\u00fcl\u00fck nem siker\u00fclt volna megval\u00f3s\u00edtani a kiadv\u00e1nyt!<\/p>\n<p style=\"text-align: justify\">A kiadv\u00e1nyt az Emberi Er\u0151forr\u00e1sok Miniszt\u00e9riuma t\u00e1mogatta (p\u00e1ly\u00e1zati azonos\u00edt\u00f3sz\u00e1m: NEA-UN-18-SZ-1087; iktat\u00f3sz\u00e1m: NEACTO\/215\/2018).<\/p>\n","protected":false},"excerpt":{"rendered":"<p>Dr. Dank Magdolna egyetemi tan\u00e1r r\u00e9gi \u00e1lma v\u00e1lt val\u00f3ra 2012. okt\u00f3ber 31- \u00e9n, a Pink Bolero Egyes\u00fclet megalakul\u00e1sakor. Mindig fontosnak tartotta, hogy a betegek saj\u00e1t tapasztalataikon alapul\u00f3 hiteles tan\u00e1csokkal seg\u00edts\u00e9k egym\u00e1st a betegs\u00e9g lek\u00fczd\u00e9s\u00e9ben. Tudta, hogy az orvosok v\u00e1ll\u00e1r\u00f3l is komoly terhet vehet le egy j\u00f3 szakmai h\u00e1tt\u00e9rrel rendelkez\u0151 csoport. K\u00e9tszeresen \u00e9rintett r\u00e9gi beteg\u00e9ben partnerre &hellip;<\/p>\n","protected":false},"author":12,"featured_media":0,"parent":3064,"menu_order":0,"comment_status":"closed","ping_status":"closed","template":"","meta":{"_acf_changed":false,"footnotes":""},"categories":[],"tags":[],"class_list":["post-36","page","type-page","status-publish","hentry"],"acf":[],"_links":{"self":[{"href":"https:\/\/semmelweis.hu\/onkologiai-kozpont\/wp-json\/wp\/v2\/pages\/36","targetHints":{"allow":["GET"]}}],"collection":[{"href":"https:\/\/semmelweis.hu\/onkologiai-kozpont\/wp-json\/wp\/v2\/pages"}],"about":[{"href":"https:\/\/semmelweis.hu\/onkologiai-kozpont\/wp-json\/wp\/v2\/types\/page"}],"author":[{"embeddable":true,"href":"https:\/\/semmelweis.hu\/onkologiai-kozpont\/wp-json\/wp\/v2\/users\/12"}],"replies":[{"embeddable":true,"href":"https:\/\/semmelweis.hu\/onkologiai-kozpont\/wp-json\/wp\/v2\/comments?post=36"}],"version-history":[{"count":11,"href":"https:\/\/semmelweis.hu\/onkologiai-kozpont\/wp-json\/wp\/v2\/pages\/36\/revisions"}],"predecessor-version":[{"id":3345,"href":"https:\/\/semmelweis.hu\/onkologiai-kozpont\/wp-json\/wp\/v2\/pages\/36\/revisions\/3345"}],"up":[{"embeddable":true,"href":"https:\/\/semmelweis.hu\/onkologiai-kozpont\/wp-json\/wp\/v2\/pages\/3064"}],"wp:attachment":[{"href":"https:\/\/semmelweis.hu\/onkologiai-kozpont\/wp-json\/wp\/v2\/media?parent=36"}],"wp:term":[{"taxonomy":"category","embeddable":true,"href":"https:\/\/semmelweis.hu\/onkologiai-kozpont\/wp-json\/wp\/v2\/categories?post=36"},{"taxonomy":"post_tag","embeddable":true,"href":"https:\/\/semmelweis.hu\/onkologiai-kozpont\/wp-json\/wp\/v2\/tags?post=36"}],"curies":[{"name":"wp","href":"https:\/\/api.w.org\/{rel}","templated":true}]}}