{"id":3165,"date":"2023-06-20T16:06:43","date_gmt":"2023-06-20T14:06:43","guid":{"rendered":"https:\/\/semmelweis.hu\/onkologiai-kozpont\/?page_id=3165"},"modified":"2024-11-14T13:15:59","modified_gmt":"2024-11-14T12:15:59","slug":"neohterma","status":"publish","type":"page","link":"https:\/\/semmelweis.hu\/onkologiai-kozpont\/neohterma\/","title":{"rendered":"Jelentkez\u00e9s NeoHTerMa vizsg\u00e1latba"},"content":{"rendered":"<p style=\"text-align: center\">Kedves \u00c9rdekl\u0151d\u0151!<\/p>\n<p style=\"text-align: center\">\u00a0<\/p>\n<p style=\"text-align: center\">A NeoHTerMa klinikai vizsg\u00e1latba t\u00f6rt\u00e9n\u0151 jelentkez\u00e9s lez\u00e1rult.<\/p>\n<p style=\"text-align: center\">Sz\u00edves meg\u00e9rt\u00e9s\u00e9t k\u00f6sz\u00f6nj\u00fck!<\/p>\n<p style=\"text-align: center\">\u00a0<\/p>\n<p style=\"text-align: center\">A vizsg\u00e1lat szervez\u0151i<\/p>\n","protected":false},"excerpt":{"rendered":"<p>Kedves \u00c9rdekl\u0151d\u0151!<br \/>\n\u00a0<br \/>\nA NeoHTerMa klinikai vizsg\u00e1latba t\u00f6rt\u00e9n\u0151 jelentkez\u00e9s lez\u00e1rult.<br \/>\nSz\u00edves meg\u00e9rt\u00e9s\u00e9t k\u00f6sz\u00f6nj\u00fck!<br \/>\n\u00a0<br \/>\nA vizsg\u00e1lat szervez\u0151i<\/p>\n","protected":false},"author":102054,"featured_media":0,"parent":0,"menu_order":0,"comment_status":"closed","ping_status":"closed","template":"","meta":{"_acf_changed":false,"footnotes":""},"categories":[],"tags":[],"class_list":["post-3165","page","type-page","status-publish","hentry"],"acf":[],"_links":{"self":[{"href":"https:\/\/semmelweis.hu\/onkologiai-kozpont\/wp-json\/wp\/v2\/pages\/3165","targetHints":{"allow":["GET"]}}],"collection":[{"href":"https:\/\/semmelweis.hu\/onkologiai-kozpont\/wp-json\/wp\/v2\/pages"}],"about":[{"href":"https:\/\/semmelweis.hu\/onkologiai-kozpont\/wp-json\/wp\/v2\/types\/page"}],"author":[{"embeddable":true,"href":"https:\/\/semmelweis.hu\/onkologiai-kozpont\/wp-json\/wp\/v2\/users\/102054"}],"replies":[{"embeddable":true,"href":"https:\/\/semmelweis.hu\/onkologiai-kozpont\/wp-json\/wp\/v2\/comments?post=3165"}],"version-history":[{"count":7,"href":"https:\/\/semmelweis.hu\/onkologiai-kozpont\/wp-json\/wp\/v2\/pages\/3165\/revisions"}],"predecessor-version":[{"id":3384,"href":"https:\/\/semmelweis.hu\/onkologiai-kozpont\/wp-json\/wp\/v2\/pages\/3165\/revisions\/3384"}],"wp:attachment":[{"href":"https:\/\/semmelweis.hu\/onkologiai-kozpont\/wp-json\/wp\/v2\/media?parent=3165"}],"wp:term":[{"taxonomy":"category","embeddable":true,"href":"https:\/\/semmelweis.hu\/onkologiai-kozpont\/wp-json\/wp\/v2\/categories?post=3165"},{"taxonomy":"post_tag","embeddable":true,"href":"https:\/\/semmelweis.hu\/onkologiai-kozpont\/wp-json\/wp\/v2\/tags?post=3165"}],"curies":[{"name":"wp","href":"https:\/\/api.w.org\/{rel}","templated":true}]}}