{"id":3064,"date":"2023-06-07T15:04:57","date_gmt":"2023-06-07T13:04:57","guid":{"rendered":"https:\/\/semmelweis.hu\/onkologiai-kozpont\/?page_id=3064"},"modified":"2023-06-07T15:05:25","modified_gmt":"2023-06-07T13:05:25","slug":"betegszervezetek","status":"publish","type":"page","link":"https:\/\/semmelweis.hu\/onkologiai-kozpont\/betegellatas\/betegszervezetek\/","title":{"rendered":"Betegszervezetek"},"content":{"rendered":"<p style=\"text-align: justify\">Int\u00e9zet\u00fcnk sz\u00e1mos betegszervezettel \u00e1ll kapcsolatban, \u00edgy p\u00e9ld\u00e1ul:<\/p>\n<ul style=\"text-align: justify\">\n<li><a href=\"http:\/\/egeszseghid.hu\/\">Eg\u00e9szs\u00e9g H\u00eddja \u00d6sszefog\u00e1s a Mellr\u00e1k Ellen<\/a><\/li>\n<li><a href=\"https:\/\/semmelweis.hu\/onkologiai-kozpont\/betegellatas\/pink-bolero-egyesulet\/\">Pink Bolero \u00d6nseg\u00edt\u0151 Egyes\u00fclet<\/a><\/li>\n<li><a href=\"https:\/\/www.mellrakinfo.hu\/\">Mellr\u00e1kinf\u00f3 Egyes\u00fclet<\/a><\/li>\n<\/ul>\n<p style=\"text-align: justify\">Sz\u00e1mos tan\u00e1cs, \u00e9s aj\u00e1nl\u00e1s el\u00e9rhet\u0151 az orvosi seg\u00edts\u00e9gen t\u00falment\u0151en betegeket seg\u00edt\u0151 civil szervezetek honlapj\u00e1n, \u00edgy t\u00f6bbek k\u00f6z\u00f6tt:<\/p>\n<ul style=\"text-align: justify\">\n<li><a href=\"http:\/\/malyvavirag.hu\">M\u00e1lyvavir\u00e1g Alap\u00edtv\u00e1ny<\/a><\/li>\n<li><a href=\"http:\/\/rakszovetseg.hu\">R\u00e1kbetegek Orsz\u00e1gos Szervezete<\/a><\/li>\n<li><a href=\"https:\/\/rakliga.hu\">Magyar R\u00e1kellenes Liga<\/a><\/li>\n<\/ul>\n<p style=\"text-align: justify\">Mindig k\u00f6r\u00fcltekint\u0151en t\u00e1j\u00e9koz\u00f3djon az internetes weboldalak \u00e9s forr\u00e1sok olvas\u00e1sakor, csak hiteles inform\u00e1ci\u00f3forr\u00e1sokb\u00f3l t\u00e1j\u00e9koz\u00f3djon!<\/p>\n","protected":false},"excerpt":{"rendered":"<p>Int\u00e9zet\u00fcnk sz\u00e1mos betegszervezettel \u00e1ll kapcsolatban, \u00edgy p\u00e9ld\u00e1ul:<\/p>\n<p><a href=\"http:\/\/egeszseghid.hu\/\">Eg\u00e9szs\u00e9g H\u00eddja \u00d6sszefog\u00e1s a Mellr\u00e1k Ellen<\/a><br \/>\n<a href=\"https:\/\/semmelweis.hu\/onkologiai-kozpont\/betegellatas\/pink-bolero-egyesulet\/\">Pink Bolero \u00d6nseg\u00edt\u0151 Egyes\u00fclet<\/a><br \/>\n<a href=\"https:\/\/www.mellrakinfo.hu\/\">Mellr\u00e1kinf\u00f3 Egyes\u00fclet<\/a><\/p>\n<p>Sz\u00e1mos tan\u00e1cs, \u00e9s aj\u00e1nl\u00e1s el\u00e9rhet\u0151 az orvosi seg\u00edts\u00e9gen t\u00falment\u0151en betegeket seg\u00edt\u0151 civil szervezetek honlapj\u00e1n, \u00edgy t\u00f6bbek k\u00f6z\u00f6tt:<\/p>\n<p><a href=\"http:\/\/malyvavirag.hu\">M\u00e1lyvavir\u00e1g Alap\u00edtv\u00e1ny<\/a><br \/>\n<a href=\"http:\/\/rakszovetseg.hu\">R\u00e1kbetegek Orsz\u00e1gos Szervezete<\/a><br \/>\n<a href=\"https:\/\/rakliga.hu\">Magyar R\u00e1kellenes Liga<\/a><\/p>\n<p>Mindig k\u00f6r\u00fcltekint\u0151en t\u00e1j\u00e9koz\u00f3djon az internetes weboldalak \u00e9s forr\u00e1sok olvas\u00e1sakor, csak hiteles inform\u00e1ci\u00f3forr\u00e1sokb\u00f3l t\u00e1j\u00e9koz\u00f3djon!<\/p>\n","protected":false},"author":102054,"featured_media":0,"parent":11,"menu_order":8,"comment_status":"closed","ping_status":"closed","template":"","meta":{"_acf_changed":false,"footnotes":""},"categories":[],"tags":[],"class_list":["post-3064","page","type-page","status-publish","hentry"],"acf":[],"_links":{"self":[{"href":"https:\/\/semmelweis.hu\/onkologiai-kozpont\/wp-json\/wp\/v2\/pages\/3064","targetHints":{"allow":["GET"]}}],"collection":[{"href":"https:\/\/semmelweis.hu\/onkologiai-kozpont\/wp-json\/wp\/v2\/pages"}],"about":[{"href":"https:\/\/semmelweis.hu\/onkologiai-kozpont\/wp-json\/wp\/v2\/types\/page"}],"author":[{"embeddable":true,"href":"https:\/\/semmelweis.hu\/onkologiai-kozpont\/wp-json\/wp\/v2\/users\/102054"}],"replies":[{"embeddable":true,"href":"https:\/\/semmelweis.hu\/onkologiai-kozpont\/wp-json\/wp\/v2\/comments?post=3064"}],"version-history":[{"count":1,"href":"https:\/\/semmelweis.hu\/onkologiai-kozpont\/wp-json\/wp\/v2\/pages\/3064\/revisions"}],"predecessor-version":[{"id":3065,"href":"https:\/\/semmelweis.hu\/onkologiai-kozpont\/wp-json\/wp\/v2\/pages\/3064\/revisions\/3065"}],"up":[{"embeddable":true,"href":"https:\/\/semmelweis.hu\/onkologiai-kozpont\/wp-json\/wp\/v2\/pages\/11"}],"wp:attachment":[{"href":"https:\/\/semmelweis.hu\/onkologiai-kozpont\/wp-json\/wp\/v2\/media?parent=3064"}],"wp:term":[{"taxonomy":"category","embeddable":true,"href":"https:\/\/semmelweis.hu\/onkologiai-kozpont\/wp-json\/wp\/v2\/categories?post=3064"},{"taxonomy":"post_tag","embeddable":true,"href":"https:\/\/semmelweis.hu\/onkologiai-kozpont\/wp-json\/wp\/v2\/tags?post=3064"}],"curies":[{"name":"wp","href":"https:\/\/api.w.org\/{rel}","templated":true}]}}