{"id":2904,"date":"2023-06-05T16:47:39","date_gmt":"2023-06-05T14:47:39","guid":{"rendered":"https:\/\/semmelweis.hu\/onkologiai-kozpont\/?page_id=2904"},"modified":"2025-02-07T12:28:13","modified_gmt":"2025-02-07T11:28:13","slug":"hospice","status":"publish","type":"page","link":"https:\/\/semmelweis.hu\/onkologiai-kozpont\/betegellatas\/hospice\/","title":{"rendered":"Hospice ell\u00e1t\u00e1s"},"content":{"rendered":"<h4 style=\"text-align: justify\"><strong>Mit jelent a hospice ell\u00e1t\u00e1s?<\/strong><\/h4>\n<p style=\"text-align: justify\">A hospice egy k\u00fcl\u00f6n profillal, multidiszciplin\u00e1ris teammel m\u0171k\u00f6d\u0151 ell\u00e1t\u00e1s, amely els\u0151sorban a min\u0151s\u00e9gre \u00f6sszpontos\u00edt, nem pedig az \u00e9lettartamra. <strong>Legf\u0151bb c\u00e9lunk a hum\u00e1nus \u00e9s egy\u00fctt \u00e9rz\u0151 gondoskod\u00e1s a gy\u00f3gy\u00edthatatlan betegs\u00e9g utols\u00f3 szakasz\u00e1ban l\u00e9v\u0151 emberekr\u0151l, a lehet\u0151 legteljesebben, legjobb \u00e9letmin\u0151s\u00e9gben \u00e9s a lehet\u0151 legk\u00e9nyelmesebben.<\/strong><\/p>\n<p style=\"text-align: justify\">A hospice filoz\u00f3fia a hal\u00e1lt az \u00e9let v\u00e9gs\u0151 szakaszak\u00e9nt fogadja el: meger\u0151s\u00edti az \u00e9letet, de sem siettetni, sem elod\u00e1zni nem k\u00edv\u00e1nja a hal\u00e1lt. A hospice ell\u00e1t\u00e1s ink\u00e1bb az embert kezeli, mint a betegs\u00e9get, a t\u00fcnetek kezel\u00e9s\u00e9n dolgozunk azon, hogy a beteg szem\u00e9ly utols\u00f3 id\u0151szak\u00e1t m\u00e9lt\u00f3s\u00e1ggal \u00e9s szeretteivel k\u00f6r\u00fclv\u00e9ve t\u00f6lthesse. Csal\u00e1dk\u00f6zpont\u00fa, hiszen benne van a p\u00e1ciens is \u00e9s a csal\u00e1d is a d\u00f6nt\u00e9sek meghozatal\u00e1ban.<\/p>\n<p style=\"text-align: justify\">A hospice ell\u00e1t\u00e1st akkor veszik ig\u00e9nybe a p\u00e1ciensek, ha m\u00e1r nem tud seg\u00edteni az akt\u00edv, gy\u00f3gy\u00edt\u00f3 kezel\u00e9s, \u00e9s a betegek v\u00e1rhat\u00f3an k\u00f6r\u00fclbel\u00fcl 6-12 h\u00f3napig vagy kevesebb ideig \u00e9lnek, \u00e1m a betegs\u00e9g a szok\u00e1sos lefoly\u00e1s\u00e1t mutatja. <strong>A hospice szupport\u00edv vagy palliat\u00edv ell\u00e1t\u00e1st ny\u00fajt<\/strong>, amely a betegs\u00e9ggel \u00f6sszef\u00fcgg\u0151 kezel\u00e9st seg\u00edti el\u0151, de nem gy\u00f3gy\u00edtja meg a betegs\u00e9get. <strong>F\u0151 c\u00e9lja az \u00e9letmin\u0151s\u00e9g jav\u00edt\u00e1sa.<\/strong><\/p>\n<p style=\"text-align: justify\">Az int\u00e9zm\u00e9nyi hospice-fekv\u0151betegell\u00e1t\u00e1st olyan betegek vehetik ig\u00e9nybe, akik eset\u00e9ben az otthoni hospice-ell\u00e1t\u00e1s nem megoldott, vagy ezt a csal\u00e1d, illetve a beteg ig\u00e9nyli. A hozz\u00e1tartoz\u00f3k, a szerettei \u00e9s kezel\u0151orvosa k\u00f6z\u00f6sen d\u00f6ntik el, hogy mikor kezdj\u00e9k meg a hospice ell\u00e1t\u00e1st.<\/p>\n<p style=\"text-align: justify\">A hospice egyik neh\u00e9zs\u00e9ge az, hogy a beteg beutal\u00e1s\u00e1t gyakran nem kezdik el el\u00e9g hamar. N\u00e9ha az orvos, a beteg vagy a csal\u00e1dtag ellen\u00e1ll a hospice-nak, mert \u00fagy gondolja, hogy a beker\u00fcl\u00e9s azt jelenti, hogy a beteg \u201efeladja\u201d a gy\u00f3gyul\u00e1sba vetett hitet, \u00e9s m\u00e1r nincs rem\u00e9ny. Ez \u00edgy nem igaz. Ha a kell\u0151 f\u00e1jdalomcsillap\u00edt\u00e1s hat\u00e1s\u00e1ra a beteg \u00e9letmin\u0151s\u00e9ge javul, a p\u00e1ciens jobban \u00e9rzi mag\u00e1t, elhagyhatja a hospice-t, visszaker\u00fclhet otthon\u00e1ba, csal\u00e1dj\u00e1hoz. A hospice rem\u00e9nye a min\u0151s\u00e9gi \u00e9let rem\u00e9nye, minden napb\u00f3l a legjobbat kihozva az el\u0151rehaladott betegs\u00e9g utols\u00f3 szakasz\u00e1ban.<\/p>\n<h4 style=\"text-align: justify\"><strong>Mit ny\u00fajt a hospice ell\u00e1t\u00e1s?<\/strong><\/h4>\n<p style=\"text-align: justify\">Minden hospice-nak biztos\u00edtania kell bizonyos szolg\u00e1ltat\u00e1sokat, de \u00e1ltal\u00e1ban elt\u00e9r\u0151 megk\u00f6zel\u00edt\u00e9st alkalmaznak a szolg\u00e1ltat\u00e1s, a szem\u00e9lyzeti mint\u00e1k \u00e9s a k\u00edn\u00e1lt t\u00e1mogat\u00e1si szolg\u00e1ltat\u00e1sok tekintet\u00e9ben. Szakorvosok, szakn\u0151v\u00e9rek, gy\u00f3gytorn\u00e1szok \u00e9s pszichol\u00f3gus szakemberek seg\u00edtik a hospice-ban elhelyezett p\u00e1cienseket.<\/p>\n<h4 style=\"text-align: justify\"><strong>F\u00e1jdalom \u00e9s t\u00fcnetkezel\u00e9s<\/strong><\/h4>\n<p style=\"text-align: justify\">A f\u00e1jdalom \u00e9s a t\u00fcnetek kontroll\u00e1l\u00e1s\u00e1nak c\u00e9lja, hogy a hospice-ban \u00e1polt beteg k\u00e9nyelmesen \u00e9rezze mag\u00e1t, mik\u00f6zben lehet\u0151v\u00e9 teszi, hogy ir\u00e1ny\u00edtsa \u00e9s harm\u00f3ni\u00e1ban, b\u00e9kess\u00e9gben t\u00f6ltse az \u00e9let\u00e9t. Ez azt jelenti, hogy a kellemetlen \u00e9rz\u00e9s, a f\u00e1jdalom maxim\u00e1lisan uralhat\u00f3 legyen. A legfontosabb c\u00e9l teh\u00e1t, hogy a beteg lehet\u0151leg mentes legyen a f\u00e1jdalomt\u00f3l \u00e9s a b\u00e1nt\u00f3 t\u00fcnetekt\u0151l, de m\u00e9gis legyen el\u00e9g \u00e9ber ahhoz, hogy \u00e9lvezze a k\u00f6r\u00fcl\u00f6tte l\u00e9v\u0151 emberek t\u00e1rsas\u00e1g\u00e1t \u00e9s fontos d\u00f6nt\u00e9seket legyen k\u00e9pes hozni.<\/p>\n<p style=\"text-align: justify\">Mivel az emberek k\u00fcl\u00f6nb\u00f6znek spiritu\u00e1lis sz\u00fcks\u00e9gleteikben \u00e9s vall\u00e1si meggy\u0151z\u0151d\u00e9s\u00fckben, a lelki gondoz\u00e1st \u00fagy alak\u00edtja ki a hospice szellemis\u00e9ge, hogy megfeleljen a p\u00e1ciens egyedi ig\u00e9nyeinek. Ez mag\u00e1ban foglalhatja azt is, hogy p\u00e9ld\u00e1ul a pszichol\u00f3gus szakemberek seg\u00edtik meg\u00e9rteni azt, hogy mit jelent az \u00e9let v\u00e9ge, a hal\u00e1l, seg\u00edt a b\u00facs\u00faban, vagy egy bizonyos vall\u00e1si szertart\u00e1s vagy ritu\u00e1l\u00e9 elv\u00e9gz\u00e9s\u00e9ben.<\/p>\n<h4 style=\"text-align: justify\"><strong>K\u00e9relem Beny\u00fajt\u00e1sa Hospice ell\u00e1t\u00e1sra<\/strong><\/h4>\n<p style=\"text-align: justify\">A k\u00e9relmek lead\u00e1sa email-ben vagy szem\u00e9lyesen lehets\u00e9ges.<\/p>\n<ul>\n<li>Szem\u00e9lyesen: h\u00e9tf\u0151t\u0151l p\u00e9ntekig 8:00 &#8211; 15:30 k\u00f6z\u00f6tt a Hospice oszt\u00e1ly orvosi szob\u00e1j\u00e1ban.<\/li>\n<li>Email-ben: <a href=\"mailto:se.hospice@semmelweis.hu\">se.hospice@semmelweis.hu<\/a><\/li>\n<\/ul>\n<p>K\u00e9relemhez sz\u00fcks\u00e9ges, beny\u00fajtand\u00f3 dokumentumok:<\/p>\n<ul>\n<li><a href=\"https:\/\/semmelweis.hu\/onkologiai-kozpont\/files\/2023\/12\/Hospice_Betegfelveteli_kerelem.pdf\">Betegfelv\u00e9teli k\u00e9relem<\/a><\/li>\n<li><a href=\"https:\/\/semmelweis.hu\/onkologiai-kozpont\/files\/2025\/02\/hospice_beleegyezo_nyilatkozat.pdf\">Hospice ell\u00e1t\u00e1sba beleegyez\u0151 nyilatkozat<\/a><\/li>\n<li><a href=\"https:\/\/semmelweis.hu\/onkologiai-kozpont\/files\/2023\/12\/Hospice_Orvosi_szakvelemenyek_fejleces.pdf\">Orvosi szakv\u00e9lem\u00e9ny<\/a><\/li>\n<li>H\u00e1ziorvosi beutal\u00f3<\/li>\n<\/ul>\n<h4 style=\"text-align: justify\"><strong>A Hospice oszt\u00e1lyon dolgoz\u00f3 szekembereink<\/strong><\/h4>\n<ul>\n<li style=\"text-align: justify\">Dr. Vas M\u00e1ria, oszt\u00e1lyvezet\u0151 f\u0151orvos<\/li>\n<li style=\"text-align: justify\">Dr. D\u00e9sfalvi Judit, szakpszichol\u00f3gus<\/li>\n<li>Medgyesi Nikolett, f\u0151n\u0151v\u00e9r, diplom\u00e1s \u00e1pol\u00f3<\/li>\n<li>Antstedter J\u00e1nosn\u00e9, szak\u00e1pol\u00f3<\/li>\n<li style=\"text-align: justify\">B\u00f6jte Roz\u00e1lia, gy\u00f3gytorn\u00e1sz<\/li>\n<li>Budah\u00e1zi \u00c9va, szak\u00e1pol\u00f3<\/li>\n<li>Jakab Katalin, hospice \u00e1pol\u00f3<\/li>\n<li>Kassay Bernadett, seg\u00e9d\u00e1pol\u00f3<\/li>\n<li>Katona Enik\u0151, szak\u00e1pol\u00f3<\/li>\n<li style=\"text-align: justify\">Makkai M\u00e1ria, szak\u00e1pol\u00f3<\/li>\n<li>Mihala Andr\u00e1sn\u00e9, szak\u00e1pol\u00f3<\/li>\n<li>Muharin\u00e9 Haj\u00f3si Rita, szak\u00e1pol\u00f3<\/li>\n<li style=\"text-align: justify\">Petrovics Korn\u00e9lia, szak\u00e1pol\u00f3<\/li>\n<\/ul>\n<div class=\"keretes w-100\">\n<p style=\"text-align: justify\"><strong>Tov\u00e1bbi inform\u00e1ci\u00f3k\u00e9rt keress\u00e9k\u00a0<\/strong><strong style=\"font-size: 1rem\">bizalommal <\/strong><strong style=\"font-size: 1rem\">Hospice oszt\u00e1lyunkat.<\/strong><\/p>\n<p>C\u00edm: 1085 Budapest, Gyulai P\u00e1l utca 2. (SE R\u00f3kus Kh. T\u00f6mb)<\/p>\n<p>Telefon: <a href=\"tel:+36208258800\">+36 20 825 8800<\/a>, ell\u00e1t\u00e1ssal kapcsolatos felvil\u00e1gos\u00edt\u00e1s h\u00e9tf\u0151t\u0151l p\u00e9ntekig 8:00 &#8211; 14:00 \u00f3ra k\u00f6z\u00f6tt.<\/p>\n<p>&nbsp;<\/p>\n<p><span style=\"font-size: 1rem\">Tov\u00e1bbi inform\u00e1ci\u00f3k (munkaid\u0151ben):<\/span><\/p>\n<ul>\n<li><span style=\"font-size: 1rem\">Medgyesi Nikolett (oszt\u00e1lyvezet\u0151 f\u0151n\u0151v\u00e9r): <a href=\"tel:+36206632204\">+36 20 663 2204<\/a><\/span><\/li>\n<li>Dr. Vass M\u00e1ria (oszt\u00e1lyvezet\u0151 f\u0151orvos): <a href=\"tel:+360300164954\">+36 30 016 4954<\/a><\/li>\n<li>Dr. D\u00e9sfalvi Judit (vezet\u0151 klinikai szakpszichol\u00f3gus): <a href=\"tel:+36208250617\">+36 20 825 0617<\/a><\/li>\n<\/ul>\n<\/div>\n<p style=\"text-align: justify\"><em>Az oldalon tal\u00e1lhat\u00f3 el\u00e9rhet\u0151s\u00e9gi adatok nem haszn\u00e1lhat\u00f3k fel az 1995. \u00e9vi CXIX. t\u00f6rv\u00e9ny szerinti kutat\u00e1s \u00e9s k\u00f6zvetlen \u00fczletszerz\u00e9s c\u00e9lj\u00e1ra.<\/em><\/p>\n","protected":false},"excerpt":{"rendered":"<p>Mit jelent a hospice ell\u00e1t\u00e1s? A hospice egy k\u00fcl\u00f6n profillal, multidiszciplin\u00e1ris teammel m\u0171k\u00f6d\u0151 ell\u00e1t\u00e1s, amely els\u0151sorban a min\u0151s\u00e9gre \u00f6sszpontos\u00edt, nem pedig az \u00e9lettartamra. Legf\u0151bb c\u00e9lunk a hum\u00e1nus \u00e9s egy\u00fctt \u00e9rz\u0151 gondoskod\u00e1s a gy\u00f3gy\u00edthatatlan betegs\u00e9g utols\u00f3 szakasz\u00e1ban l\u00e9v\u0151 emberekr\u0151l, a lehet\u0151 legteljesebben, legjobb \u00e9letmin\u0151s\u00e9gben \u00e9s a lehet\u0151 legk\u00e9nyelmesebben. A hospice filoz\u00f3fia a hal\u00e1lt az \u00e9let v\u00e9gs\u0151 &hellip;<\/p>\n","protected":false},"author":102054,"featured_media":0,"parent":11,"menu_order":4,"comment_status":"closed","ping_status":"closed","template":"","meta":{"_acf_changed":false,"footnotes":""},"categories":[],"tags":[],"class_list":["post-2904","page","type-page","status-publish","hentry"],"acf":[],"_links":{"self":[{"href":"https:\/\/semmelweis.hu\/onkologiai-kozpont\/wp-json\/wp\/v2\/pages\/2904","targetHints":{"allow":["GET"]}}],"collection":[{"href":"https:\/\/semmelweis.hu\/onkologiai-kozpont\/wp-json\/wp\/v2\/pages"}],"about":[{"href":"https:\/\/semmelweis.hu\/onkologiai-kozpont\/wp-json\/wp\/v2\/types\/page"}],"author":[{"embeddable":true,"href":"https:\/\/semmelweis.hu\/onkologiai-kozpont\/wp-json\/wp\/v2\/users\/102054"}],"replies":[{"embeddable":true,"href":"https:\/\/semmelweis.hu\/onkologiai-kozpont\/wp-json\/wp\/v2\/comments?post=2904"}],"version-history":[{"count":11,"href":"https:\/\/semmelweis.hu\/onkologiai-kozpont\/wp-json\/wp\/v2\/pages\/2904\/revisions"}],"predecessor-version":[{"id":3393,"href":"https:\/\/semmelweis.hu\/onkologiai-kozpont\/wp-json\/wp\/v2\/pages\/2904\/revisions\/3393"}],"up":[{"embeddable":true,"href":"https:\/\/semmelweis.hu\/onkologiai-kozpont\/wp-json\/wp\/v2\/pages\/11"}],"wp:attachment":[{"href":"https:\/\/semmelweis.hu\/onkologiai-kozpont\/wp-json\/wp\/v2\/media?parent=2904"}],"wp:term":[{"taxonomy":"category","embeddable":true,"href":"https:\/\/semmelweis.hu\/onkologiai-kozpont\/wp-json\/wp\/v2\/categories?post=2904"},{"taxonomy":"post_tag","embeddable":true,"href":"https:\/\/semmelweis.hu\/onkologiai-kozpont\/wp-json\/wp\/v2\/tags?post=2904"}],"curies":[{"name":"wp","href":"https:\/\/api.w.org\/{rel}","templated":true}]}}