{"id":2877,"date":"2023-06-05T14:01:24","date_gmt":"2023-06-05T12:01:24","guid":{"rendered":"https:\/\/semmelweis.hu\/onkologiai-kozpont\/?page_id=2877"},"modified":"2023-06-07T16:27:35","modified_gmt":"2023-06-07T14:27:35","slug":"klinikai-vizsgalatok","status":"publish","type":"page","link":"https:\/\/semmelweis.hu\/onkologiai-kozpont\/kutatas-2\/klinikai-vizsgalatok\/","title":{"rendered":"Klinikai vizsg\u00e1latok"},"content":{"rendered":"<p><span style=\"font-size: 14pt\"><strong>Kutat\u00f3ink \u00e1ltal szervezett randomiz\u00e1lt klinikai \u00e9s akad\u00e9mia vizgs\u00e1latok<\/strong><\/span><\/p>\n<ul>\n<li><em><strong>NeoHTerMa<\/strong><\/em>\n<ul>\n<li style=\"text-align: justify\">Vizsg\u00e1lat c\u00edme: Prospekt\u00edv, randomiz\u00e1lt klinikai vizsg\u00e1lat konkomitt\u00e1ns modul\u00e1lt elektrohyperthermia hozz\u00e1adott \u00e9rt\u00e9k\u00e9nek felm\u00e9r\u00e9s\u00e9re neoadjuv\u00e1ns kemoter\u00e1pi\u00e1s kezel\u00e9sben r\u00e9szes\u00fcl\u0151 eml\u0151tumoros betegek eset\u00e9ben &#8211; klinikai kutat\u00f3 \u00e1ltal kezdem\u00e9nyezett vizsg\u00e1lat<\/li>\n<li>OGY\u00c9I enged\u00e9ly sz\u00e1m: OGY\u00c9I\/246-6\/2022<\/li>\n<li>Klinikai vizsg\u00e1lati azonos\u00edt\u00f3: <a href=\"https:\/\/beta.clinicaltrials.gov\/study\/NCT05889390\" target=\"_blank\" rel=\"noopener\">NCT05889390<\/a><\/li>\n<li style=\"text-align: justify\">A vizsg\u00e1lat c\u00e9lja megvizsg\u00e1lni, hogy a 2 cm-n\u00e9l nagyobb \u00e9s\/vagy axill\u00e1ris nyirokcsom\u00f3\u00e1tt\u00e9ttel rendelkez\u0151 HER2-neg eml\u0151tumorok, melyek az \u00f6sztrog\u00e9n \u00e9s\/vagy hormonreceptor pozit\u00edv, \u00e9s a tripla-negat\u00edv (TNBC) eml\u0151tumorok eset\u00e9n a neoadjuv\u00e1ns kezel\u00e9sk\u00e9nt alkalmazott heti paclitaxel [wTAX (TNBC betegekn\u00e9l carboplatinnal kieg\u00e9sz\u00edtve)] + AC prtokoll mellett az Oncotherm EHY-2030 k\u00e9sz\u00fcl\u00e9kkel alkalmazott konkomitt\u00e1ns modul\u00e1lt elektrohypertermia (mEHT) ter\u00e1pia jelent\u0151sen jav\u00edtja-e a betegs\u00e9g klinikai kimenetel\u00e9t \u00e9s az optim\u00e1lis seb\u00e9szeti st\u00e1tusz el\u00e9r\u00e9s\u00e9t, az \u00f6nmag\u00e1ban alkalmazott kemoter\u00e1pi\u00e1val \u00f6sszehasonl\u00edtva.<\/li>\n<li style=\"text-align: justify\">A vizsg\u00e1latba bevon\u00e1sra ker\u00fcl\u0151 betegek olyan standard ell\u00e1t\u00e1sban r\u00e9szes\u00fclhetnek, amit a kezel\u0151orvos egy\u00e9bk\u00e9nt is el\u0151\u00edrna. Ha a vizsg\u00e1lt orvostechnikai eszk\u00f6z hat\u00e1soss\u00e1g\u00e1t a klinikai eredm\u00e9nyek is al\u00e1t\u00e1masztj\u00e1k majd, akkor a vizsg\u00e1lat r\u00e9sztvev\u0151i fogj\u00e1k els\u0151k\u00e9nt el\u0151ny\u00e9t \u00e9lvezni a betegs\u00e9g\u00fck egy \u00fajfajta kezel\u00e9si m\u00f3dj\u00e1nak. A v\u00e1rhat\u00f3an minim\u00e1lis toxicit\u00e1st, valamint az egy\u00e9b tumorok vizsg\u00e1latakor jelentett hat\u00e1soss\u00e1got figyelembe v\u00e9ve az Oncotherm EHY-2030 k\u00e9sz\u00fcl\u00e9kkel alkalmazott mEHT ter\u00e1pia lehets\u00e9ges el\u0151nyei kell\u0151 m\u00e9rt\u00e9kben ellens\u00falyozz\u00e1k az azzal j\u00e1r\u00f3 kock\u00e1zatokat.<\/li>\n<\/ul>\n<\/li>\n<\/ul>\n<p>&nbsp;<\/p>\n<ul>\n<li style=\"text-align: justify\">A szubkut\u00e1n \u00e9s intrav\u00e9n\u00e1s pertuzumab-trastuzumab kezel\u00e9s \u00e9rt\u00e9k-alap\u00fa \u00f6sszehasonl\u00edt\u00f3 eg\u00e9szs\u00e9ggazdas\u00e1gtani vizsg\u00e1lata beteg-k\u00f6zpont\u00fa m\u00e9r\u0151eszk\u00f6z\u00f6k alkalmaz\u00e1s\u00e1val HER2+ \u00e1tt\u00e9tes eml\u0151r\u00e1kkal \u00e9l\u0151 betegeken.<\/li>\n<\/ul>\n<p>&nbsp;<\/p>\n<p><strong><span style=\"font-size: 14pt\">Szponzr\u00e1lt klinikai vizsg\u00e1latok<\/span><\/strong><\/p>\n<p style=\"text-align: justify\">Az elm\u00falt \u00e9vek sor\u00e1n az Onkol\u00f3giai R\u00e9szleg munkat\u00e1rsai sz\u00e1mos klinikai gy\u00f3gyszervizsg\u00e1lat lebonyol\u00edt\u00e1s\u00e1ban r\u00e9szt vettek. A teljess\u00e9g ig\u00e9nye n\u00e9lk\u00fcl: Aphinty, Rainbow, BIG, Herbio, Expand, TIDE, CIRG, BIG FEMTA, GATE. NuTide, HALO, LUCY, PEARL, Avastin, BeiGene.<\/p>\n","protected":false},"excerpt":{"rendered":"<p>Kutat\u00f3ink \u00e1ltal szervezett randomiz\u00e1lt klinikai \u00e9s akad\u00e9mia vizgs\u00e1latok NeoHTerMa Vizsg\u00e1lat c\u00edme: Prospekt\u00edv, randomiz\u00e1lt klinikai vizsg\u00e1lat konkomitt\u00e1ns modul\u00e1lt elektrohyperthermia hozz\u00e1adott \u00e9rt\u00e9k\u00e9nek felm\u00e9r\u00e9s\u00e9re neoadjuv\u00e1ns kemoter\u00e1pi\u00e1s kezel\u00e9sben r\u00e9szes\u00fcl\u0151 eml\u0151tumoros betegek eset\u00e9ben &#8211; klinikai kutat\u00f3 \u00e1ltal kezdem\u00e9nyezett vizsg\u00e1lat OGY\u00c9I enged\u00e9ly sz\u00e1m: OGY\u00c9I\/246-6\/2022 Klinikai vizsg\u00e1lati azonos\u00edt\u00f3: <a href=\"https:\/\/beta.clinicaltrials.gov\/study\/NCT05889390\" target=\"_blank\" rel=\"noopener\">NCT05889390<\/a> A vizsg\u00e1lat c\u00e9lja megvizsg\u00e1lni, hogy a 2 cm-n\u00e9l nagyobb \u00e9s\/vagy axill\u00e1ris nyirokcsom\u00f3\u00e1tt\u00e9ttel rendelkez\u0151 HER2-neg &hellip;<\/p>\n","protected":false},"author":102054,"featured_media":0,"parent":3014,"menu_order":4,"comment_status":"closed","ping_status":"closed","template":"","meta":{"_acf_changed":false,"footnotes":""},"categories":[],"tags":[],"class_list":["post-2877","page","type-page","status-publish","hentry"],"acf":[],"_links":{"self":[{"href":"https:\/\/semmelweis.hu\/onkologiai-kozpont\/wp-json\/wp\/v2\/pages\/2877","targetHints":{"allow":["GET"]}}],"collection":[{"href":"https:\/\/semmelweis.hu\/onkologiai-kozpont\/wp-json\/wp\/v2\/pages"}],"about":[{"href":"https:\/\/semmelweis.hu\/onkologiai-kozpont\/wp-json\/wp\/v2\/types\/page"}],"author":[{"embeddable":true,"href":"https:\/\/semmelweis.hu\/onkologiai-kozpont\/wp-json\/wp\/v2\/users\/102054"}],"replies":[{"embeddable":true,"href":"https:\/\/semmelweis.hu\/onkologiai-kozpont\/wp-json\/wp\/v2\/comments?post=2877"}],"version-history":[{"count":10,"href":"https:\/\/semmelweis.hu\/onkologiai-kozpont\/wp-json\/wp\/v2\/pages\/2877\/revisions"}],"predecessor-version":[{"id":3102,"href":"https:\/\/semmelweis.hu\/onkologiai-kozpont\/wp-json\/wp\/v2\/pages\/2877\/revisions\/3102"}],"up":[{"embeddable":true,"href":"https:\/\/semmelweis.hu\/onkologiai-kozpont\/wp-json\/wp\/v2\/pages\/3014"}],"wp:attachment":[{"href":"https:\/\/semmelweis.hu\/onkologiai-kozpont\/wp-json\/wp\/v2\/media?parent=2877"}],"wp:term":[{"taxonomy":"category","embeddable":true,"href":"https:\/\/semmelweis.hu\/onkologiai-kozpont\/wp-json\/wp\/v2\/categories?post=2877"},{"taxonomy":"post_tag","embeddable":true,"href":"https:\/\/semmelweis.hu\/onkologiai-kozpont\/wp-json\/wp\/v2\/tags?post=2877"}],"curies":[{"name":"wp","href":"https:\/\/api.w.org\/{rel}","templated":true}]}}